{"id":3433,"date":"2025-04-30T10:21:51","date_gmt":"2025-04-30T10:21:51","guid":{"rendered":"https:\/\/stem-eshop.gr\/?page_id=3433"},"modified":"2025-07-21T20:00:14","modified_gmt":"2025-07-21T17:00:14","slug":"brands","status":"publish","type":"page","link":"https:\/\/stem-eshop.gr\/hu\/brands\/","title":{"rendered":"M\u00e1rk\u00e1k"},"content":{"rendered":"<div data-elementor-type=\"wp-page\" data-elementor-id=\"3433\" class=\"elementor elementor-3433\" data-elementor-post-type=\"page\">\n\t\t\t\t<div class=\"elementor-element elementor-element-739cb21 e-flex e-con-boxed e-con e-parent\" data-id=\"739cb21\" data-element_type=\"container\" data-e-type=\"container\">\n\t\t\t\t\t<div class=\"e-con-inner\">\n\t\t\t\t<div class=\"elementor-element elementor-element-0439afc elementor-widget elementor-widget-heading\" data-id=\"0439afc\" data-element_type=\"widget\" data-e-type=\"widget\" data-widget_type=\"heading.default\">\n\t\t\t\t<div class=\"elementor-widget-container\">\n\t\t\t\t\t<h2 class=\"elementor-heading-title elementor-size-default\">\u0394\u03b5\u03af\u03c4\u03b5 \u03cc\u03bb\u03b5\u03c2 \u03c4\u03b9\u03c2 \u03bc\u03ac\u03c1\u03ba\u03b5\u03c2<\/h2>\t\t\t\t<\/div>\n\t\t\t\t<\/div>\n\t\t\t\t\t<\/div>\n\t\t\t\t<\/div>\n\t\t<div class=\"elementor-element elementor-element-8d96f22 e-flex e-con-boxed e-con e-parent\" data-id=\"8d96f22\" data-element_type=\"container\" data-e-type=\"container\">\n\t\t\t\t\t<div class=\"e-con-inner\">\n\t\t\t\t<div class=\"elementor-element elementor-element-58932b1 elementor-widget elementor-widget-shortcode\" data-id=\"58932b1\" data-element_type=\"widget\" data-e-type=\"widget\" data-widget_type=\"shortcode.default\">\n\t\t\t\t<div class=\"elementor-widget-container\">\n\t\t\t\t\t\t\t<div class=\"elementor-shortcode\"><div class=\"brand-grid\" style=\"display:flex;flex-wrap:wrap;gap:20px;\"><div style=\"width:150px;text-align:center;\"><a href=\"https:\/\/stem-eshop.gr\/hu\/marka\/4m\/\"><img decoding=\"async\" src=\"https:\/\/stem-eshop.gr\/wp-content\/uploads\/2025\/07\/4m-logo.jpg\" alt=\"4M\" style=\"max-width:100%;height:auto;\" \/><\/a><br><a href=\"https:\/\/stem-eshop.gr\/hu\/marka\/4m\/\"><strong>4M<\/strong><\/a><\/div><div style=\"width:150px;text-align:center;\"><a href=\"https:\/\/stem-eshop.gr\/hu\/marka\/5050\/\"><img decoding=\"async\" src=\"https:\/\/stem-eshop.gr\/wp-content\/uploads\/2025\/04\/5050-logo.png\" alt=\"50\/50 Game Toys\" style=\"max-width:100%;height:auto;\" \/><\/a><br><a href=\"https:\/\/stem-eshop.gr\/hu\/marka\/5050\/\"><strong>50\/50 J\u00e1t\u00e9kok<\/strong><\/a><\/div><div style=\"width:150px;text-align:center;\"><a href=\"https:\/\/stem-eshop.gr\/hu\/marka\/akros\/\"><img decoding=\"async\" src=\"https:\/\/stem-eshop.gr\/wp-content\/uploads\/2025\/04\/akros-logo.jpg\" alt=\"Akros Educational\" style=\"max-width:100%;height:auto;\" \/><\/a><br><a href=\"https:\/\/stem-eshop.gr\/hu\/marka\/akros\/\"><strong>Akros Oktat\u00e1si<\/strong><\/a><\/div><div style=\"width:150px;text-align:center;\"><a href=\"https:\/\/stem-eshop.gr\/hu\/marka\/as\/\"><img decoding=\"async\" src=\"https:\/\/stem-eshop.gr\/wp-content\/uploads\/2025\/04\/as-logo.png\" alt=\"AS\" style=\"max-width:100%;height:auto;\" \/><\/a><br><a href=\"https:\/\/stem-eshop.gr\/hu\/marka\/as\/\"><strong>MINT<\/strong><\/a><\/div><div style=\"width:150px;text-align:center;\"><a href=\"https:\/\/stem-eshop.gr\/hu\/marka\/bookstars\/\"><img decoding=\"async\" src=\"https:\/\/stem-eshop.gr\/wp-content\/uploads\/2025\/04\/bookstars-logo.png\" alt=\"Bookstars\" style=\"max-width:100%;height:auto;\" \/><\/a><br><a href=\"https:\/\/stem-eshop.gr\/hu\/marka\/bookstars\/\"><strong>K\u00f6nyvszt\u00e1rok<\/strong><\/a><\/div><div style=\"width:150px;text-align:center;\"><a href=\"https:\/\/stem-eshop.gr\/hu\/marka\/brainbox\/\"><img decoding=\"async\" src=\"https:\/\/stem-eshop.gr\/wp-content\/uploads\/2025\/04\/brainbox-logo.jpg\" alt=\"Brainbox\" style=\"max-width:100%;height:auto;\" \/><\/a><br><a href=\"https:\/\/stem-eshop.gr\/hu\/marka\/brainbox\/\"><strong>Agydoboz<\/strong><\/a><\/div><div style=\"width:150px;text-align:center;\"><a href=\"https:\/\/stem-eshop.gr\/hu\/marka\/clementoni\/\"><img decoding=\"async\" src=\"https:\/\/stem-eshop.gr\/wp-content\/uploads\/2025\/04\/clementoni-logo.png\" alt=\"Clementoni\" style=\"max-width:100%;height:auto;\" \/><\/a><br><a href=\"https:\/\/stem-eshop.gr\/hu\/marka\/clementoni\/\"><strong>Clementoni<\/strong><\/a><\/div><div style=\"width:150px;text-align:center;\"><a href=\"https:\/\/stem-eshop.gr\/hu\/marka\/engino\/\"><img decoding=\"async\" src=\"https:\/\/stem-eshop.gr\/wp-content\/uploads\/2025\/04\/engino-brand.jpg\" alt=\"Engino\" style=\"max-width:100%;height:auto;\" \/><\/a><br><a href=\"https:\/\/stem-eshop.gr\/hu\/marka\/engino\/\"><strong>Motor<\/strong><\/a><\/div><div style=\"width:150px;text-align:center;\"><a href=\"https:\/\/stem-eshop.gr\/hu\/marka\/funduino\/\"><img decoding=\"async\" src=\"https:\/\/stem-eshop.gr\/wp-content\/uploads\/2025\/04\/funduino-logo.jpg\" alt=\"Funduino\" style=\"max-width:100%;height:auto;\" \/><\/a><br><a href=\"https:\/\/stem-eshop.gr\/hu\/marka\/funduino\/\"><strong>Funduino<\/strong><\/a><\/div><div style=\"width:150px;text-align:center;\"><a href=\"https:\/\/stem-eshop.gr\/hu\/marka\/gigo\/\"><img decoding=\"async\" src=\"https:\/\/stem-eshop.gr\/wp-content\/uploads\/2025\/04\/gigo-logo.png\" alt=\"Gigo\" style=\"max-width:100%;height:auto;\" \/><\/a><br><a href=\"https:\/\/stem-eshop.gr\/hu\/marka\/gigo\/\"><strong>Gigo<\/strong><\/a><\/div><div style=\"width:150px;text-align:center;\"><a href=\"https:\/\/stem-eshop.gr\/hu\/marka\/lego\/\"><img decoding=\"async\" src=\"https:\/\/stem-eshop.gr\/wp-content\/uploads\/2025\/04\/lego-logo.png\" alt=\"Lego\" style=\"max-width:100%;height:auto;\" \/><\/a><br><a href=\"https:\/\/stem-eshop.gr\/hu\/marka\/lego\/\"><strong>Lego<\/strong><\/a><\/div><div style=\"width:150px;text-align:center;\"><a href=\"https:\/\/stem-eshop.gr\/hu\/marka\/makerzoid\/\"><img decoding=\"async\" src=\"https:\/\/stem-eshop.gr\/wp-content\/uploads\/2025\/04\/makerzoid-logo.jpg\" alt=\"Makerzoid\" style=\"max-width:100%;height:auto;\" \/><\/a><br><a href=\"https:\/\/stem-eshop.gr\/hu\/marka\/makerzoid\/\"><strong>Makerzoid<\/strong><\/a><\/div><div style=\"width:150px;text-align:center;\"><a href=\"https:\/\/stem-eshop.gr\/hu\/marka\/ngs\/\"><img decoding=\"async\" src=\"https:\/\/stem-eshop.gr\/wp-content\/uploads\/2025\/04\/ngs-logocat.png\" alt=\"NGS\" style=\"max-width:100%;height:auto;\" \/><\/a><br><a href=\"https:\/\/stem-eshop.gr\/hu\/marka\/ngs\/\"><strong>NGS<\/strong><\/a><\/div><div style=\"width:150px;text-align:center;\"><a href=\"https:\/\/stem-eshop.gr\/hu\/marka\/disigma\/\"><img decoding=\"async\" src=\"https:\/\/stem-eshop.gr\/wp-content\/uploads\/2025\/04\/sigma.jpg\" alt=\"\u0395\u039a\u0394\u039f\u03a3\u0395\u0399\u03a3 \u0394\u0399\u03a3\u0399\u0393\u039c\u0391\" style=\"max-width:100%;height:auto;\" \/><\/a><br><a href=\"https:\/\/stem-eshop.gr\/hu\/marka\/disigma\/\"><strong>DISIGMA KIAD\u00d3K<\/strong><\/a><\/div><div style=\"width:150px;text-align:center;\"><a href=\"https:\/\/stem-eshop.gr\/hu\/marka\/papasotiriou\/\"><img decoding=\"async\" src=\"https:\/\/stem-eshop.gr\/wp-content\/uploads\/2025\/04\/papasoti.jpg\" alt=\"\u0395\u03ba\u03b4\u03cc\u03c3\u03b5\u03b9\u03c2 \u03a0\u03b1\u03c0\u03b1\u03c3\u03c9\u03c4\u03b7\u03c1\u03af\u03bf\u03c5\" style=\"max-width:100%;height:auto;\" \/><\/a><br><a href=\"https:\/\/stem-eshop.gr\/hu\/marka\/papasotiriou\/\"><strong>Papasotiriou Kiadv\u00e1nyok<\/strong><\/a><\/div><div style=\"width:150px;text-align:center;\"><a href=\"https:\/\/stem-eshop.gr\/hu\/marka\/tziola\/\"><img decoding=\"async\" src=\"https:\/\/stem-eshop.gr\/wp-content\/uploads\/2025\/04\/tziola-logo.png\" alt=\"\u0395\u03ba\u03b4\u03cc\u03c3\u03b5\u03b9\u03c2 \u03a4\u03b6\u03b9\u03cc\u03bb\u03b1\" style=\"max-width:100%;height:auto;\" \/><\/a><br><a href=\"https:\/\/stem-eshop.gr\/hu\/marka\/tziola\/\"><strong>Tziola Publications<\/strong><\/a><\/div><div style=\"width:150px;text-align:center;\"><a href=\"https:\/\/stem-eshop.gr\/hu\/marka\/ellinoekdotiki\/\"><img decoding=\"async\" src=\"https:\/\/stem-eshop.gr\/wp-content\/uploads\/2025\/04\/ellinoekdotiki-logo.png\" alt=\"\u0395\u039b\u039b\u0397\u039d\u039f\u0395\u039a\u0394\u039f\u03a4\u0399\u039a\u0397\" style=\"max-width:100%;height:auto;\" \/><\/a><br><a href=\"https:\/\/stem-eshop.gr\/hu\/marka\/ellinoekdotiki\/\"><strong>G\u00f6r\u00f6g Kiad\u00f3<\/strong><\/a><\/div><div style=\"width:150px;text-align:center;\"><a href=\"https:\/\/stem-eshop.gr\/hu\/marka\/eksipnoulis\/\"><img decoding=\"async\" src=\"https:\/\/stem-eshop.gr\/wp-content\/uploads\/2025\/04\/eksipnoulis-logo.png\" alt=\"\u0395\u03be\u03c5\u03c0\u03bd\u03bf\u03cd\u03bb\u03b7\u03c2\" style=\"max-width:100%;height:auto;\" \/><\/a><br><a href=\"https:\/\/stem-eshop.gr\/hu\/marka\/eksipnoulis\/\"><strong>Okos<\/strong><\/a><\/div><div style=\"width:150px;text-align:center;\"><a href=\"https:\/\/stem-eshop.gr\/hu\/marka\/kritiki\/\"><img decoding=\"async\" src=\"https:\/\/stem-eshop.gr\/wp-content\/uploads\/2025\/04\/kritiki-logo.png\" alt=\"\u039a\u03a1\u0399\u03a4\u0399\u039a\u0397\" style=\"max-width:100%;height:auto;\" \/><\/a><br><a href=\"https:\/\/stem-eshop.gr\/hu\/marka\/kritiki\/\"><strong>V\u00c9LEM\u00c9NY<\/strong><\/a><\/div><div style=\"width:150px;text-align:center;\"><a href=\"https:\/\/stem-eshop.gr\/hu\/marka\/mathenw\/\"><img decoding=\"async\" src=\"https:\/\/stem-eshop.gr\/wp-content\/uploads\/2025\/04\/mathenw-logo.png\" alt=\"\u039c\u03b1\u03b8\u03b1\u03af\u03bd\u03c9 \u03ba\u03b1\u03b9 \u0394\u03b7\u03bc\u03b9\u03bf\u03c5\u03c1\u03b3\u03ce\" style=\"max-width:100%;height:auto;\" \/><\/a><br><a href=\"https:\/\/stem-eshop.gr\/hu\/marka\/mathenw\/\"><strong>Tanulok \u00e9s alkotok<\/strong><\/a><\/div><div style=\"width:150px;text-align:center;\"><a href=\"https:\/\/stem-eshop.gr\/hu\/marka\/metaixmio\/\"><img decoding=\"async\" src=\"https:\/\/stem-eshop.gr\/wp-content\/uploads\/2025\/04\/metaixmio-logo.jpg\" alt=\"\u039c\u03b5\u03c4\u03b1\u03af\u03c7\u03bc\u03b9\u03bf\" style=\"max-width:100%;height:auto;\" \/><\/a><br><a href=\"https:\/\/stem-eshop.gr\/hu\/marka\/metaixmio\/\"><strong>Hat\u00e1rvonal<\/strong><\/a><\/div><\/div><\/div>\n\t\t\t\t\t\t<\/div>\n\t\t\t\t<\/div>\n\t\t\t\t\t<\/div>\n\t\t\t\t<\/div>\n\t\t\t\t<\/div>","protected":false},"excerpt":{"rendered":"<p>\u0394\u03b5\u03af\u03c4\u03b5 \u03cc\u03bb\u03b5\u03c2 \u03c4\u03b9\u03c2 \u03bc\u03ac\u03c1\u03ba\u03b5\u03c2<\/p>","protected":false},"author":1,"featured_media":0,"parent":0,"menu_order":0,"comment_status":"closed","ping_status":"closed","template":"","meta":{"site-sidebar-layout":"default","site-content-layout":"","ast-site-content-layout":"default","site-content-style":"default","site-sidebar-style":"default","ast-global-header-display":"","ast-banner-title-visibility":"","ast-main-header-display":"","ast-hfb-above-header-display":"","ast-hfb-below-header-display":"","ast-hfb-mobile-header-display":"","site-post-title":"","ast-breadcrumbs-content":"","ast-featured-img":"","footer-sml-layout":"","ast-disable-related-posts":"","theme-transparent-header-meta":"","adv-header-id-meta":"","stick-header-meta":"","header-above-stick-meta":"","header-main-stick-meta":"","header-below-stick-meta":"","astra-migrate-meta-layouts":"default","ast-page-background-enabled":"default","ast-page-background-meta":{"desktop":{"background-color":"var(--ast-global-color-5)","background-image":"","background-repeat":"repeat","background-position":"center center","background-size":"auto","background-attachment":"scroll","background-type":"","background-media":"","overlay-type":"","overlay-color":"","overlay-opacity":"","overlay-gradient":""},"tablet":{"background-color":"","background-image":"","background-repeat":"repeat","background-position":"center center","background-size":"auto","background-attachment":"scroll","background-type":"","background-media":"","overlay-type":"","overlay-color":"","overlay-opacity":"","overlay-gradient":""},"mobile":{"background-color":"","background-image":"","background-repeat":"repeat","background-position":"center center","background-size":"auto","background-attachment":"scroll","background-type":"","background-media":"","overlay-type":"","overlay-color":"","overlay-opacity":"","overlay-gradient":""}},"ast-content-background-meta":{"desktop":{"background-color":"var(--ast-global-color-4)","background-image":"","background-repeat":"repeat","background-position":"center center","background-size":"auto","background-attachment":"scroll","background-type":"","background-media":"","overlay-type":"","overlay-color":"","overlay-opacity":"","overlay-gradient":""},"tablet":{"background-color":"var(--ast-global-color-4)","background-image":"","background-repeat":"repeat","background-position":"center center","background-size":"auto","background-attachment":"scroll","background-type":"","background-media":"","overlay-type":"","overlay-color":"","overlay-opacity":"","overlay-gradient":""},"mobile":{"background-color":"var(--ast-global-color-4)","background-image":"","background-repeat":"repeat","background-position":"center center","background-size":"auto","background-attachment":"scroll","background-type":"","background-media":"","overlay-type":"","overlay-color":"","overlay-opacity":"","overlay-gradient":""}},"footnotes":""},"class_list":["post-3433","page","type-page","status-publish","hentry"],"_links":{"self":[{"href":"https:\/\/stem-eshop.gr\/hu\/wp-json\/wp\/v2\/pages\/3433","targetHints":{"allow":["GET"]}}],"collection":[{"href":"https:\/\/stem-eshop.gr\/hu\/wp-json\/wp\/v2\/pages"}],"about":[{"href":"https:\/\/stem-eshop.gr\/hu\/wp-json\/wp\/v2\/types\/page"}],"author":[{"embeddable":true,"href":"https:\/\/stem-eshop.gr\/hu\/wp-json\/wp\/v2\/users\/1"}],"replies":[{"embeddable":true,"href":"https:\/\/stem-eshop.gr\/hu\/wp-json\/wp\/v2\/comments?post=3433"}],"version-history":[{"count":22,"href":"https:\/\/stem-eshop.gr\/hu\/wp-json\/wp\/v2\/pages\/3433\/revisions"}],"predecessor-version":[{"id":9903,"href":"https:\/\/stem-eshop.gr\/hu\/wp-json\/wp\/v2\/pages\/3433\/revisions\/9903"}],"wp:attachment":[{"href":"https:\/\/stem-eshop.gr\/hu\/wp-json\/wp\/v2\/media?parent=3433"}],"curies":[{"name":"wp","href":"https:\/\/api.w.org\/{rel}","templated":true}]}}