{"id":7556,"date":"2025-05-19T10:43:00","date_gmt":"2025-05-19T10:43:00","guid":{"rendered":"https:\/\/stem-eshop.gr\/product\/creative-builder-20-models-multimodel-set\/"},"modified":"2025-05-23T13:08:35","modified_gmt":"2025-05-23T10:08:35","slug":"creative-builder-20-models-multimodel-set","status":"publish","type":"product","link":"https:\/\/stem-eshop.gr\/hr\/proizvod\/creative-builder-20-models-multimodel-set\/","title":{"rendered":"KREATIVNI GRADITELJ 20 MODELA VI\u0160EMODELOVNI SET"},"content":{"rendered":"<p>Nova serija CREATIVE BUILDER \u2013 Multimodel najnovija je nadogradnja uspje\u0161ne linije INVENTOR 2017, koja predstavlja najbolje od ENGINO\u00ae-a: mogu\u0107nost brze i jednostavne izgradnje \u0161to ve\u0107eg broja modela! Koristi se klasi\u010dni sustav konstrukcije, \u0161to setove \u010dini prikladnima za djecu od 6 godina i vi\u0161e, pru\u017eaju\u0107i me\u0111ukorak izme\u0111u serija Qboidz i Mechanics. Razvijanje kreativnosti glavni je fokus ove serije, po\u010dev\u0161i od setova s 10 modela pa sve do setova sa 120 modela! Svi setovi s 30 i vi\u0161e modela uklju\u010duju novi ENGINO\u00ae motor s 2 brzine za pomicanje konstrukcija, od automobila do dizalica, dinosaura i helikoptera. Jedina granica je dje\u010dja ma\u0161ta!<\/p>","protected":false},"excerpt":{"rendered":"<p>Za uzrast od 6+ godina, ova igra\u010dka za konstrukciju s vi\u0161e modela podi\u0107i \u0107e kreativnost va\u0161eg djeteta na vi\u0161u razinu. Izvrstan modelni komplet za po\u010detnike koji \u017eele otkriti i zainteresirati se za STEM kroz kreativno konstruiranje.<\/p>","protected":false},"featured_media":8341,"comment_status":"open","ping_status":"closed","template":"","meta":{"site-sidebar-layout":"default","site-content-layout":"","ast-site-content-layout":"default","site-content-style":"default","site-sidebar-style":"default","ast-global-header-display":"","ast-banner-title-visibility":"","ast-main-header-display":"","ast-hfb-above-header-display":"","ast-hfb-below-header-display":"","ast-hfb-mobile-header-display":"","site-post-title":"","ast-breadcrumbs-content":"","ast-featured-img":"","footer-sml-layout":"","ast-disable-related-posts":"","theme-transparent-header-meta":"default","adv-header-id-meta":"","stick-header-meta":"","header-above-stick-meta":"","header-main-stick-meta":"","header-below-stick-meta":"","astra-migrate-meta-layouts":"set","ast-page-background-enabled":"default","ast-page-background-meta":{"desktop":{"background-color":"var(--ast-global-color-5)","background-image":"","background-repeat":"repeat","background-position":"center center","background-size":"auto","background-attachment":"scroll","background-type":"","background-media":"","overlay-type":"","overlay-color":"","overlay-opacity":"","overlay-gradient":""},"tablet":{"background-color":"","background-image":"","background-repeat":"repeat","background-position":"center center","background-size":"auto","background-attachment":"scroll","background-type":"","background-media":"","overlay-type":"","overlay-color":"","overlay-opacity":"","overlay-gradient":""},"mobile":{"background-color":"","background-image":"","background-repeat":"repeat","background-position":"center center","background-size":"auto","background-attachment":"scroll","background-type":"","background-media":"","overlay-type":"","overlay-color":"","overlay-opacity":"","overlay-gradient":""}},"ast-content-background-meta":{"desktop":{"background-color":"var(--ast-global-color-4)","background-image":"","background-repeat":"repeat","background-position":"center center","background-size":"auto","background-attachment":"scroll","background-type":"","background-media":"","overlay-type":"","overlay-color":"","overlay-opacity":"","overlay-gradient":""},"tablet":{"background-color":"var(--ast-global-color-4)","background-image":"","background-repeat":"repeat","background-position":"center center","background-size":"auto","background-attachment":"scroll","background-type":"","background-media":"","overlay-type":"","overlay-color":"","overlay-opacity":"","overlay-gradient":""},"mobile":{"background-color":"var(--ast-global-color-4)","background-image":"","background-repeat":"repeat","background-position":"center center","background-size":"auto","background-attachment":"scroll","background-type":"","background-media":"","overlay-type":"","overlay-color":"","overlay-opacity":"","overlay-gradient":""}}},"product_brand":[95],"product_cat":[126,43,39,29,32,57,30,59],"product_tag":[],"class_list":{"0":"post-7556","1":"product","2":"type-product","3":"status-publish","4":"has-post-thumbnail","6":"product_brand-engino","7":"product_cat-126","8":"product_cat-43","9":"product_cat-39","10":"product_cat-29","11":"product_cat-32","12":"product_cat-57","13":"product_cat--6-9-","14":"product_cat-59","15":"desktop-align-left","16":"tablet-align-left","17":"mobile-align-left","19":"first","20":"instock","21":"taxable","22":"shipping-taxable","23":"purchasable","24":"product-type-simple"},"_links":{"self":[{"href":"https:\/\/stem-eshop.gr\/hr\/wp-json\/wp\/v2\/product\/7556","targetHints":{"allow":["GET"]}}],"collection":[{"href":"https:\/\/stem-eshop.gr\/hr\/wp-json\/wp\/v2\/product"}],"about":[{"href":"https:\/\/stem-eshop.gr\/hr\/wp-json\/wp\/v2\/types\/product"}],"replies":[{"embeddable":true,"href":"https:\/\/stem-eshop.gr\/hr\/wp-json\/wp\/v2\/comments?post=7556"}],"wp:featuredmedia":[{"embeddable":true,"href":"https:\/\/stem-eshop.gr\/hr\/wp-json\/wp\/v2\/media\/8341"}],"wp:attachment":[{"href":"https:\/\/stem-eshop.gr\/hr\/wp-json\/wp\/v2\/media?parent=7556"}],"wp:term":[{"taxonomy":"product_brand","embeddable":true,"href":"https:\/\/stem-eshop.gr\/hr\/wp-json\/wp\/v2\/product_brand?post=7556"},{"taxonomy":"product_cat","embeddable":true,"href":"https:\/\/stem-eshop.gr\/hr\/wp-json\/wp\/v2\/product_cat?post=7556"},{"taxonomy":"product_tag","embeddable":true,"href":"https:\/\/stem-eshop.gr\/hr\/wp-json\/wp\/v2\/product_tag?post=7556"}],"curies":[{"name":"wp","href":"https:\/\/api.w.org\/{rel}","templated":true}]}}