{"id":7529,"date":"2025-05-19T10:42:07","date_gmt":"2025-05-19T10:42:07","guid":{"rendered":"https:\/\/stem-eshop.gr\/product\/%cf%83%ce%b5%cf%84-%ce%bb%ce%bf%cf%8d%ce%bd%ce%b1-%cf%80%ce%b1%cf%81%ce%ba-london-eye-%ce%ba%ce%b1%ce%b9-%cf%81%cf%8c%ce%b4%ce%b1-%ce%bb%ce%bf%cf%8d%ce%bd%ce%b1-%cf%80%ce%b1%cf%81%ce%ba\/"},"modified":"2025-05-22T21:13:30","modified_gmt":"2025-05-22T18:13:30","slug":"%cf%83%ce%b5%cf%84-%ce%bb%ce%bf%cf%8d%ce%bd%ce%b1-%cf%80%ce%b1%cf%81%ce%ba-london-eye-%ce%ba%ce%b1%ce%b9-%cf%81%cf%8c%ce%b4%ce%b1-%ce%bb%ce%bf%cf%8d%ce%bd%ce%b1-%cf%80%ce%b1%cf%81%ce%ba","status":"publish","type":"product","link":"https:\/\/stem-eshop.gr\/hr\/proizvod\/%cf%83%ce%b5%cf%84-%ce%bb%ce%bf%cf%8d%ce%bd%ce%b1-%cf%80%ce%b1%cf%81%ce%ba-london-eye-%ce%ba%ce%b1%ce%b9-%cf%81%cf%8c%ce%b4%ce%b1-%ce%bb%ce%bf%cf%8d%ce%bd%ce%b1-%cf%80%ce%b1%cf%81%ce%ba\/","title":{"rendered":"Set za zabavni park: Londonsko oko i kota\u010d za zabavni park"},"content":{"rendered":"<p>Osim toga, mo\u017eete eksperimentirati sa zup\u010danicima tako \u0161to \u0107ete sastaviti \u010detiri manja modela, uklju\u010duju\u0107i mjenja\u010d, eksperimentalnu dizalicu, vrtuljak i planetarij. Jednostavne upute za sastavljanje svih modela mogu se prona\u0107i na mre\u017ei ili u prilo\u017eenom priru\u010dniku. Priru\u010dnik pru\u017ea detaljna obja\u0161njenja razli\u010ditih znanstvenih principa i uklju\u010duje inovativne eksperimentalne aktivnosti za prakti\u010dno u\u010denje. Tu je i dio s kvizom za provjeru va\u0161eg novoste\u010denog znanja!<\/p>","protected":false},"excerpt":{"rendered":"<p>U zabavnim parkovima glavne atrakcije \u010desto su uzbudljive, brze vo\u017enje ili romanti\u010dni, sporo pokretni Ferris kota\u010di koji nude spektakularan pogled odozgo. Ovaj set uklju\u010duje motor s prijenosnikom za pogon \u010detiri velika modela ovih vo\u017enji: Ferris kota\u010da, Londonskog oka, vrtuljka i vo\u017enje s poja\u010dalom.<\/p>","protected":false},"featured_media":7530,"comment_status":"open","ping_status":"closed","template":"","meta":{"site-sidebar-layout":"default","site-content-layout":"","ast-site-content-layout":"default","site-content-style":"default","site-sidebar-style":"default","ast-global-header-display":"","ast-banner-title-visibility":"","ast-main-header-display":"","ast-hfb-above-header-display":"","ast-hfb-below-header-display":"","ast-hfb-mobile-header-display":"","site-post-title":"","ast-breadcrumbs-content":"","ast-featured-img":"","footer-sml-layout":"","ast-disable-related-posts":"","theme-transparent-header-meta":"default","adv-header-id-meta":"","stick-header-meta":"","header-above-stick-meta":"","header-main-stick-meta":"","header-below-stick-meta":"","astra-migrate-meta-layouts":"set","ast-page-background-enabled":"default","ast-page-background-meta":{"desktop":{"background-color":"var(--ast-global-color-5)","background-image":"","background-repeat":"repeat","background-position":"center center","background-size":"auto","background-attachment":"scroll","background-type":"","background-media":"","overlay-type":"","overlay-color":"","overlay-opacity":"","overlay-gradient":""},"tablet":{"background-color":"","background-image":"","background-repeat":"repeat","background-position":"center center","background-size":"auto","background-attachment":"scroll","background-type":"","background-media":"","overlay-type":"","overlay-color":"","overlay-opacity":"","overlay-gradient":""},"mobile":{"background-color":"","background-image":"","background-repeat":"repeat","background-position":"center center","background-size":"auto","background-attachment":"scroll","background-type":"","background-media":"","overlay-type":"","overlay-color":"","overlay-opacity":"","overlay-gradient":""}},"ast-content-background-meta":{"desktop":{"background-color":"var(--ast-global-color-4)","background-image":"","background-repeat":"repeat","background-position":"center center","background-size":"auto","background-attachment":"scroll","background-type":"","background-media":"","overlay-type":"","overlay-color":"","overlay-opacity":"","overlay-gradient":""},"tablet":{"background-color":"var(--ast-global-color-4)","background-image":"","background-repeat":"repeat","background-position":"center center","background-size":"auto","background-attachment":"scroll","background-type":"","background-media":"","overlay-type":"","overlay-color":"","overlay-opacity":"","overlay-gradient":""},"mobile":{"background-color":"var(--ast-global-color-4)","background-image":"","background-repeat":"repeat","background-position":"center center","background-size":"auto","background-attachment":"scroll","background-type":"","background-media":"","overlay-type":"","overlay-color":"","overlay-opacity":"","overlay-gradient":""}}},"product_brand":[95],"product_cat":[39,38,29,56,32,57,35,40,30,58],"product_tag":[],"class_list":{"0":"post-7529","1":"product","2":"type-product","3":"status-publish","4":"has-post-thumbnail","6":"product_brand-engino","7":"product_cat-39","8":"product_cat-38","9":"product_cat-29","10":"product_cat-56","11":"product_cat-32","12":"product_cat-57","13":"product_cat--10-12-","14":"product_cat--12-","15":"product_cat--6-9-","16":"product_cat-58","17":"desktop-align-left","18":"tablet-align-left","19":"mobile-align-left","21":"first","22":"instock","23":"taxable","24":"shipping-taxable","25":"purchasable","26":"product-type-simple"},"_links":{"self":[{"href":"https:\/\/stem-eshop.gr\/hr\/wp-json\/wp\/v2\/product\/7529","targetHints":{"allow":["GET"]}}],"collection":[{"href":"https:\/\/stem-eshop.gr\/hr\/wp-json\/wp\/v2\/product"}],"about":[{"href":"https:\/\/stem-eshop.gr\/hr\/wp-json\/wp\/v2\/types\/product"}],"replies":[{"embeddable":true,"href":"https:\/\/stem-eshop.gr\/hr\/wp-json\/wp\/v2\/comments?post=7529"}],"wp:featuredmedia":[{"embeddable":true,"href":"https:\/\/stem-eshop.gr\/hr\/wp-json\/wp\/v2\/media\/7530"}],"wp:attachment":[{"href":"https:\/\/stem-eshop.gr\/hr\/wp-json\/wp\/v2\/media?parent=7529"}],"wp:term":[{"taxonomy":"product_brand","embeddable":true,"href":"https:\/\/stem-eshop.gr\/hr\/wp-json\/wp\/v2\/product_brand?post=7529"},{"taxonomy":"product_cat","embeddable":true,"href":"https:\/\/stem-eshop.gr\/hr\/wp-json\/wp\/v2\/product_cat?post=7529"},{"taxonomy":"product_tag","embeddable":true,"href":"https:\/\/stem-eshop.gr\/hr\/wp-json\/wp\/v2\/product_tag?post=7529"}],"curies":[{"name":"wp","href":"https:\/\/api.w.org\/{rel}","templated":true}]}}