{"id":7498,"date":"2025-05-19T10:41:13","date_gmt":"2025-05-19T10:41:13","guid":{"rendered":"https:\/\/stem-eshop.gr\/product\/%ce%b1%ce%bd%ce%b1%ce%ba%ce%b1%ce%bb%cf%8d%cf%80%cf%84%ce%bf%ce%bd%cf%84%ce%b1%cf%82-%cf%84%ce%b9%cf%82-%ce%b1%cf%80%ce%bb%ce%ad%cf%82-%ce%bc%ce%b7%cf%87%ce%b1%ce%bd%ce%ad%cf%82-%ce%bc%ce%b7%cf%87\/"},"modified":"2025-05-22T21:13:30","modified_gmt":"2025-05-22T18:13:30","slug":"%ce%b1%ce%bd%ce%b1%ce%ba%ce%b1%ce%bb%cf%8d%cf%80%cf%84%ce%bf%ce%bd%cf%84%ce%b1%cf%82-%cf%84%ce%b9%cf%82-%ce%b1%cf%80%ce%bb%ce%ad%cf%82-%ce%bc%ce%b7%cf%87%ce%b1%ce%bd%ce%ad%cf%82-%ce%bc%ce%b7%cf%87","status":"publish","type":"product","link":"https:\/\/stem-eshop.gr\/hr\/proizvod\/%ce%b1%ce%bd%ce%b1%ce%ba%ce%b1%ce%bb%cf%8d%cf%80%cf%84%ce%bf%ce%bd%cf%84%ce%b1%cf%82-%cf%84%ce%b9%cf%82-%ce%b1%cf%80%ce%bb%ce%ad%cf%82-%ce%bc%ce%b7%cf%87%ce%b1%ce%bd%ce%ad%cf%82-%ce%bc%ce%b7%cf%87\/","title":{"rendered":"Otkrivanje jednostavnih strojeva - mehanizama koji umno\u017eavaju snagu!"},"content":{"rendered":"<p>Izgradite 60 funkcionalnih modela koji pokrivaju teme poluga, klinova, kota\u010da i osovina, vijaka, nagnutih ravnina, remenica, kao i naprednijih zup\u010danika i spojnica!<\/p>\n<p>Jednostavne upute za sastavljanje svih modela mogu se prona\u0107i na mre\u017ei ili u prilo\u017eenim priru\u010dnicima. Ovi sveobuhvatni priru\u010dnici pru\u017eaju detaljna obja\u0161njenja razli\u010ditih znanstvenih principa i uklju\u010duju inovativne eksperimentalne aktivnosti za prakti\u010dno u\u010denje. Dostupni su i kvizovi za svako poglavlje kako biste testirali svoje novoste\u010deno znanje!<\/p>","protected":false},"excerpt":{"rendered":"<p>Ovaj set je kombinacija osnovnih 5 setova iz serije \u201eOtkrivanje STEM-a\u201c i pokriva sve mehanizme jednostavnih strojeva. Ovi mehanizmi pru\u017eaju mehani\u010dku prednost i klju\u010dne su komponente u mnogim strojevima i ure\u0111ajima. Dizajnirani su za umno\u017eavanje ili smanjenje sile, pove\u0107anje ili smanjenje brzine i pretvaranje jedne vrste gibanja u drugu.\u00a0<\/p>","protected":false},"featured_media":7499,"comment_status":"open","ping_status":"closed","template":"","meta":{"site-sidebar-layout":"default","site-content-layout":"","ast-site-content-layout":"default","site-content-style":"default","site-sidebar-style":"default","ast-global-header-display":"","ast-banner-title-visibility":"","ast-main-header-display":"","ast-hfb-above-header-display":"","ast-hfb-below-header-display":"","ast-hfb-mobile-header-display":"","site-post-title":"","ast-breadcrumbs-content":"","ast-featured-img":"","footer-sml-layout":"","ast-disable-related-posts":"","theme-transparent-header-meta":"","adv-header-id-meta":"","stick-header-meta":"","header-above-stick-meta":"","header-main-stick-meta":"","header-below-stick-meta":"","astra-migrate-meta-layouts":"default","ast-page-background-enabled":"default","ast-page-background-meta":{"desktop":{"background-color":"var(--ast-global-color-5)","background-image":"","background-repeat":"repeat","background-position":"center center","background-size":"auto","background-attachment":"scroll","background-type":"","background-media":"","overlay-type":"","overlay-color":"","overlay-opacity":"","overlay-gradient":""},"tablet":{"background-color":"","background-image":"","background-repeat":"repeat","background-position":"center center","background-size":"auto","background-attachment":"scroll","background-type":"","background-media":"","overlay-type":"","overlay-color":"","overlay-opacity":"","overlay-gradient":""},"mobile":{"background-color":"","background-image":"","background-repeat":"repeat","background-position":"center center","background-size":"auto","background-attachment":"scroll","background-type":"","background-media":"","overlay-type":"","overlay-color":"","overlay-opacity":"","overlay-gradient":""}},"ast-content-background-meta":{"desktop":{"background-color":"var(--ast-global-color-4)","background-image":"","background-repeat":"repeat","background-position":"center center","background-size":"auto","background-attachment":"scroll","background-type":"","background-media":"","overlay-type":"","overlay-color":"","overlay-opacity":"","overlay-gradient":""},"tablet":{"background-color":"var(--ast-global-color-4)","background-image":"","background-repeat":"repeat","background-position":"center center","background-size":"auto","background-attachment":"scroll","background-type":"","background-media":"","overlay-type":"","overlay-color":"","overlay-opacity":"","overlay-gradient":""},"mobile":{"background-color":"var(--ast-global-color-4)","background-image":"","background-repeat":"repeat","background-position":"center center","background-size":"auto","background-attachment":"scroll","background-type":"","background-media":"","overlay-type":"","overlay-color":"","overlay-opacity":"","overlay-gradient":""}}},"product_brand":[95],"product_cat":[39,38,29,56,32,57,35,40,30,58],"product_tag":[],"class_list":{"0":"post-7498","1":"product","2":"type-product","3":"status-publish","4":"has-post-thumbnail","6":"product_brand-engino","7":"product_cat-39","8":"product_cat-38","9":"product_cat-29","10":"product_cat-56","11":"product_cat-32","12":"product_cat-57","13":"product_cat--10-12-","14":"product_cat--12-","15":"product_cat--6-9-","16":"product_cat-58","17":"desktop-align-left","18":"tablet-align-left","19":"mobile-align-left","21":"first","22":"instock","23":"taxable","24":"shipping-taxable","25":"purchasable","26":"product-type-simple"},"_links":{"self":[{"href":"https:\/\/stem-eshop.gr\/hr\/wp-json\/wp\/v2\/product\/7498","targetHints":{"allow":["GET"]}}],"collection":[{"href":"https:\/\/stem-eshop.gr\/hr\/wp-json\/wp\/v2\/product"}],"about":[{"href":"https:\/\/stem-eshop.gr\/hr\/wp-json\/wp\/v2\/types\/product"}],"replies":[{"embeddable":true,"href":"https:\/\/stem-eshop.gr\/hr\/wp-json\/wp\/v2\/comments?post=7498"}],"wp:featuredmedia":[{"embeddable":true,"href":"https:\/\/stem-eshop.gr\/hr\/wp-json\/wp\/v2\/media\/7499"}],"wp:attachment":[{"href":"https:\/\/stem-eshop.gr\/hr\/wp-json\/wp\/v2\/media?parent=7498"}],"wp:term":[{"taxonomy":"product_brand","embeddable":true,"href":"https:\/\/stem-eshop.gr\/hr\/wp-json\/wp\/v2\/product_brand?post=7498"},{"taxonomy":"product_cat","embeddable":true,"href":"https:\/\/stem-eshop.gr\/hr\/wp-json\/wp\/v2\/product_cat?post=7498"},{"taxonomy":"product_tag","embeddable":true,"href":"https:\/\/stem-eshop.gr\/hr\/wp-json\/wp\/v2\/product_tag?post=7498"}],"curies":[{"name":"wp","href":"https:\/\/api.w.org\/{rel}","templated":true}]}}