{"id":7433,"date":"2025-05-19T10:36:16","date_gmt":"2025-05-19T10:36:16","guid":{"rendered":"https:\/\/stem-eshop.gr\/product\/lego-technic-large-hub-for-spike-prime\/"},"modified":"2025-10-23T11:18:28","modified_gmt":"2025-10-23T08:18:28","slug":"lego-technic-large-hub-for-spike-prime","status":"publish","type":"product","link":"https:\/\/stem-eshop.gr\/hr\/proizvod\/lego-technic-large-hub-for-spike-prime\/","title":{"rendered":"LEGO\u00ae Technic\u2122 Veliko sredi\u0161te za SPIKE PRIME-a"},"content":{"rendered":"<p class=\"MsoNormal\" style=\"text-align: justify\">Zna\u010dajke:<\/p>\n<p>Programabilni kontroler: Veliki Hub ima \u0161est ulazno\/izlaznih priklju\u010daka za spajanje senzora i motora, \u0161to omogu\u0107uje razne funkcije i upravljanje.<\/p>\n<p>Zaslon: Ugra\u0111eni zaslon koji prikazuje informacije i poma\u017ee u\u010denicima u interakciji s njihovim programima.<\/p>\n<p>Prostor za pohranu: Uklju\u010duje punjivu litij-ionsku bateriju za dulju upotrebu i pouzdanost.<\/p>\n<p>Povezivost: Mogu\u0107nost povezivanja putem Bluetootha, USB-a i Wi-Fi-ja omogu\u0107uje jednostavnu integraciju s drugim ure\u0111ajima i pristup internetu za programiranje i a\u017euriranja.<\/p>\n<p>Obrazovna podr\u0161ka: Kompatibilno s programskim okru\u017eenjem LEGO\u00ae Education SPIKE\u2122 Prime, koje pru\u017ea grafi\u010dko programsko okru\u017eenje temeljeno na Scratchu, kao i podr\u0161ku za Python, pokrivaju\u0107i tako razli\u010dite razine u\u010denja.<\/p>","protected":false},"excerpt":{"rendered":"<p class=\"MsoNormal\" style=\"text-align: justify\">LEGO\u00ae Technic\u2122 Veliki Hub za SPIKE\u2122 Prime je sna\u017ean i fleksibilan programabilni kontroler koji \u010dini jezgru LEGO\u00ae Education SPIKE\u2122 Prime seta. Dizajniran da ponudi napredne mogu\u0107nosti programiranja i povezivanja, Veliki Hub je idealan za edukatore koji \u017eele podu\u010davati svoje u\u010denike STEM vje\u0161tinama kroz kreativne i interaktivne projekte.<\/p>","protected":false},"featured_media":7434,"comment_status":"open","ping_status":"closed","template":"","meta":{"site-sidebar-layout":"default","site-content-layout":"","ast-site-content-layout":"default","site-content-style":"default","site-sidebar-style":"default","ast-global-header-display":"","ast-banner-title-visibility":"","ast-main-header-display":"","ast-hfb-above-header-display":"","ast-hfb-below-header-display":"","ast-hfb-mobile-header-display":"","site-post-title":"","ast-breadcrumbs-content":"","ast-featured-img":"","footer-sml-layout":"","ast-disable-related-posts":"","theme-transparent-header-meta":"default","adv-header-id-meta":"","stick-header-meta":"","header-above-stick-meta":"","header-main-stick-meta":"","header-below-stick-meta":"","astra-migrate-meta-layouts":"set","ast-page-background-enabled":"default","ast-page-background-meta":{"desktop":{"background-color":"var(--ast-global-color-5)","background-image":"","background-repeat":"repeat","background-position":"center center","background-size":"auto","background-attachment":"scroll","background-type":"","background-media":"","overlay-type":"","overlay-color":"","overlay-opacity":"","overlay-gradient":""},"tablet":{"background-color":"","background-image":"","background-repeat":"repeat","background-position":"center center","background-size":"auto","background-attachment":"scroll","background-type":"","background-media":"","overlay-type":"","overlay-color":"","overlay-opacity":"","overlay-gradient":""},"mobile":{"background-color":"","background-image":"","background-repeat":"repeat","background-position":"center center","background-size":"auto","background-attachment":"scroll","background-type":"","background-media":"","overlay-type":"","overlay-color":"","overlay-opacity":"","overlay-gradient":""}},"ast-content-background-meta":{"desktop":{"background-color":"var(--ast-global-color-4)","background-image":"","background-repeat":"repeat","background-position":"center center","background-size":"auto","background-attachment":"scroll","background-type":"","background-media":"","overlay-type":"","overlay-color":"","overlay-opacity":"","overlay-gradient":""},"tablet":{"background-color":"var(--ast-global-color-4)","background-image":"","background-repeat":"repeat","background-position":"center center","background-size":"auto","background-attachment":"scroll","background-type":"","background-media":"","overlay-type":"","overlay-color":"","overlay-opacity":"","overlay-gradient":""},"mobile":{"background-color":"var(--ast-global-color-4)","background-image":"","background-repeat":"repeat","background-position":"center center","background-size":"auto","background-attachment":"scroll","background-type":"","background-media":"","overlay-type":"","overlay-color":"","overlay-opacity":"","overlay-gradient":""}}},"product_brand":[105],"product_cat":[33,29,56,57,35,40,34,28,59],"product_tag":[],"class_list":{"0":"post-7433","1":"product","2":"type-product","3":"status-publish","4":"has-post-thumbnail","6":"product_brand-lego","7":"product_cat-33","8":"product_cat-29","9":"product_cat-56","10":"product_cat-57","11":"product_cat--10-12-","12":"product_cat--12-","13":"product_cat-34","14":"product_cat-28","15":"product_cat-59","16":"desktop-align-left","17":"tablet-align-left","18":"mobile-align-left","20":"first","21":"instock","22":"taxable","23":"shipping-taxable","24":"purchasable","25":"product-type-simple"},"_links":{"self":[{"href":"https:\/\/stem-eshop.gr\/hr\/wp-json\/wp\/v2\/product\/7433","targetHints":{"allow":["GET"]}}],"collection":[{"href":"https:\/\/stem-eshop.gr\/hr\/wp-json\/wp\/v2\/product"}],"about":[{"href":"https:\/\/stem-eshop.gr\/hr\/wp-json\/wp\/v2\/types\/product"}],"replies":[{"embeddable":true,"href":"https:\/\/stem-eshop.gr\/hr\/wp-json\/wp\/v2\/comments?post=7433"}],"wp:featuredmedia":[{"embeddable":true,"href":"https:\/\/stem-eshop.gr\/hr\/wp-json\/wp\/v2\/media\/7434"}],"wp:attachment":[{"href":"https:\/\/stem-eshop.gr\/hr\/wp-json\/wp\/v2\/media?parent=7433"}],"wp:term":[{"taxonomy":"product_brand","embeddable":true,"href":"https:\/\/stem-eshop.gr\/hr\/wp-json\/wp\/v2\/product_brand?post=7433"},{"taxonomy":"product_cat","embeddable":true,"href":"https:\/\/stem-eshop.gr\/hr\/wp-json\/wp\/v2\/product_cat?post=7433"},{"taxonomy":"product_tag","embeddable":true,"href":"https:\/\/stem-eshop.gr\/hr\/wp-json\/wp\/v2\/product_tag?post=7433"}],"curies":[{"name":"wp","href":"https:\/\/api.w.org\/{rel}","templated":true}]}}