{"id":7364,"date":"2025-05-19T10:34:16","date_gmt":"2025-05-19T10:34:16","guid":{"rendered":"https:\/\/stem-eshop.gr\/product\/makerzoid-superbot-26-in-1-coding-robot-kit\/"},"modified":"2025-12-25T19:51:00","modified_gmt":"2025-12-25T16:51:00","slug":"makerzoid-superbot-26-in-1-coding-robot-kit","status":"publish","type":"product","link":"https:\/\/stem-eshop.gr\/hr\/proizvod\/makerzoid-superbot-26-in-1-coding-robot-kit\/","title":{"rendered":"Makerzoid SUPERBOT 26-u-1 komplet robota za kodiranje"},"content":{"rendered":"<p>Superbot ima vi\u0161e od 400 kockica, s preko 26 modela za izgradnju.<\/p>\n<p>Uglavnom su to razli\u010diti trka\u0107i automobili, kamioni, dizajnerski strojevi... itd.<\/p>\n<p>Ugra\u0111eni motor (baterije nisu uklju\u010dene) olak\u0161ava sastavljanje.<\/p>\n<p>Preporu\u010duje se programerima po\u010detnicima kao prvi korak.<\/p>\n<p>Superbot donosi djetetu beskrajnu zabavu u zajedni\u010dkom slaganju, igranju i borbi s modelima automobila.<\/p>\n<p>Pomo\u0107u BESPLATNE aplikacije MAKZERZOID iz App Storea i Google Playa, putem Bluetooth veze s pametnim ure\u0111ajima, djeca mogu jednostavno konstruirati modele iz odjeljka &quot;Izgradnja&quot;, a zatim mogu kontrolirati motoriziranog robota koji se kre\u0107e u svim smjerovima, \u0161to donosi toliko radosti.<\/p>\n<p>Dodatne prednosti Superbota<\/p>\n<p>Superbot dodaje malo znanja o kodiranju na jednostavan i lak na\u010din kako bi djeca bolje razumjela.<\/p>\n<p>Njegov osnovni dizajn tako\u0111er se temelji na znanju iz znanosti, tehnologije, in\u017eenjerstva, matematike i umjetnosti, \u0161to bi moglo pomo\u0107i djeci da razviju logi\u010dko razmi\u0161ljanje, ma\u0161tu, kreativnost i sposobnost rje\u0161avanja problema.<\/p>","protected":false},"excerpt":{"rendered":"<p>Superbot je stekao mnogo obo\u017eavatelja jer je baziran na cool modelima trka\u0107ih automobila i kamiona te jarkim bojama.<\/p>\n<p>Samo trebate povu\u0107i i ispustiti neke naredbe u odjeljak &quot;Kodiranje&quot;, a zatim ih premjestiti.<\/p>\n<p>Jednostavno, ali puno osnovnog znanja kodiranja!!!!<\/p>","protected":false},"featured_media":7365,"comment_status":"open","ping_status":"closed","template":"","meta":{"site-sidebar-layout":"default","site-content-layout":"","ast-site-content-layout":"default","site-content-style":"default","site-sidebar-style":"default","ast-global-header-display":"","ast-banner-title-visibility":"","ast-main-header-display":"","ast-hfb-above-header-display":"","ast-hfb-below-header-display":"","ast-hfb-mobile-header-display":"","site-post-title":"","ast-breadcrumbs-content":"","ast-featured-img":"","footer-sml-layout":"","ast-disable-related-posts":"","theme-transparent-header-meta":"default","adv-header-id-meta":"","stick-header-meta":"","header-above-stick-meta":"","header-main-stick-meta":"","header-below-stick-meta":"","astra-migrate-meta-layouts":"set","ast-page-background-enabled":"default","ast-page-background-meta":{"desktop":{"background-color":"var(--ast-global-color-5)","background-image":"","background-repeat":"repeat","background-position":"center center","background-size":"auto","background-attachment":"scroll","background-type":"","background-media":"","overlay-type":"","overlay-color":"","overlay-opacity":"","overlay-gradient":""},"tablet":{"background-color":"","background-image":"","background-repeat":"repeat","background-position":"center center","background-size":"auto","background-attachment":"scroll","background-type":"","background-media":"","overlay-type":"","overlay-color":"","overlay-opacity":"","overlay-gradient":""},"mobile":{"background-color":"","background-image":"","background-repeat":"repeat","background-position":"center center","background-size":"auto","background-attachment":"scroll","background-type":"","background-media":"","overlay-type":"","overlay-color":"","overlay-opacity":"","overlay-gradient":""}},"ast-content-background-meta":{"desktop":{"background-color":"var(--ast-global-color-4)","background-image":"","background-repeat":"repeat","background-position":"center center","background-size":"auto","background-attachment":"scroll","background-type":"","background-media":"","overlay-type":"","overlay-color":"","overlay-opacity":"","overlay-gradient":""},"tablet":{"background-color":"var(--ast-global-color-4)","background-image":"","background-repeat":"repeat","background-position":"center center","background-size":"auto","background-attachment":"scroll","background-type":"","background-media":"","overlay-type":"","overlay-color":"","overlay-opacity":"","overlay-gradient":""},"mobile":{"background-color":"var(--ast-global-color-4)","background-image":"","background-repeat":"repeat","background-position":"center center","background-size":"auto","background-attachment":"scroll","background-type":"","background-media":"","overlay-type":"","overlay-color":"","overlay-opacity":"","overlay-gradient":""}}},"product_brand":[106],"product_cat":[33,29,56,57,35,30,45,34,28,59],"product_tag":[],"class_list":{"0":"post-7364","1":"product","2":"type-product","3":"status-publish","4":"has-post-thumbnail","6":"product_brand-makerzoid","7":"product_cat-33","8":"product_cat-29","9":"product_cat-56","10":"product_cat-57","11":"product_cat--10-12-","12":"product_cat--6-9-","13":"product_cat-45","14":"product_cat-34","15":"product_cat-28","16":"product_cat-59","17":"desktop-align-left","18":"tablet-align-left","19":"mobile-align-left","21":"first","22":"instock","23":"taxable","24":"shipping-taxable","25":"purchasable","26":"product-type-simple"},"_links":{"self":[{"href":"https:\/\/stem-eshop.gr\/hr\/wp-json\/wp\/v2\/product\/7364","targetHints":{"allow":["GET"]}}],"collection":[{"href":"https:\/\/stem-eshop.gr\/hr\/wp-json\/wp\/v2\/product"}],"about":[{"href":"https:\/\/stem-eshop.gr\/hr\/wp-json\/wp\/v2\/types\/product"}],"replies":[{"embeddable":true,"href":"https:\/\/stem-eshop.gr\/hr\/wp-json\/wp\/v2\/comments?post=7364"}],"wp:featuredmedia":[{"embeddable":true,"href":"https:\/\/stem-eshop.gr\/hr\/wp-json\/wp\/v2\/media\/7365"}],"wp:attachment":[{"href":"https:\/\/stem-eshop.gr\/hr\/wp-json\/wp\/v2\/media?parent=7364"}],"wp:term":[{"taxonomy":"product_brand","embeddable":true,"href":"https:\/\/stem-eshop.gr\/hr\/wp-json\/wp\/v2\/product_brand?post=7364"},{"taxonomy":"product_cat","embeddable":true,"href":"https:\/\/stem-eshop.gr\/hr\/wp-json\/wp\/v2\/product_cat?post=7364"},{"taxonomy":"product_tag","embeddable":true,"href":"https:\/\/stem-eshop.gr\/hr\/wp-json\/wp\/v2\/product_tag?post=7364"}],"curies":[{"name":"wp","href":"https:\/\/api.w.org\/{rel}","templated":true}]}}