{"id":7334,"date":"2025-05-19T10:13:04","date_gmt":"2025-05-19T10:13:04","guid":{"rendered":"https:\/\/stem-eshop.gr\/product\/brainbox-%ce%bc%ce%b1%ce%b8%ce%b1%ce%b9%ce%bd%cf%89-%ce%b1%ce%b3%ce%b3%ce%bb%ce%b9%ce%ba%ce%b1-%ce%b5%cf%80%ce%b9%cf%84%cf%81%ce%b1%cf%80%ce%b5%ce%b6%ce%b9%ce%bf-%cf%80%ce%b1%ce%b9%cf%87%ce%bd%ce%b9\/"},"modified":"2025-07-01T22:28:38","modified_gmt":"2025-07-01T19:28:38","slug":"brainbox-%ce%bc%ce%b1%ce%b8%ce%b1%ce%b9%ce%bd%cf%89-%ce%b1%ce%b3%ce%b3%ce%bb%ce%b9%ce%ba%ce%b1-%ce%b5%cf%80%ce%b9%cf%84%cf%81%ce%b1%cf%80%ce%b5%ce%b6%ce%b9%ce%bf-%cf%80%ce%b1%ce%b9%cf%87%ce%bd%ce%b9","status":"publish","type":"product","link":"https:\/\/stem-eshop.gr\/hr\/proizvod\/brainbox-%ce%bc%ce%b1%ce%b8%ce%b1%ce%b9%ce%bd%cf%89-%ce%b1%ce%b3%ce%b3%ce%bb%ce%b9%ce%ba%ce%b1-%ce%b5%cf%80%ce%b9%cf%84%cf%81%ce%b1%cf%80%ce%b5%ce%b6%ce%b9%ce%bf-%cf%80%ce%b1%ce%b9%cf%87%ce%bd%ce%b9\/","title":{"rendered":"BrainBox: DRU\u0160TVENA IGRA ZA U\u010cENJE ENGLESKOG"},"content":{"rendered":"<p style=\"margin:0px 0px 10px;padding:0px;font-family:'Open Sans', sans-serif;font-size:15px;line-height:1.3;letter-spacing:0.7px;background-color:#ffffff\">Ovaj BrainBox je zabavan i vrijedan alat za u\u010denje. Sretno!<\/p>\n<p style=\"margin:0px 0px 10px;padding:0px;font-family:'Open Sans', sans-serif;font-size:15px;line-height:1.3;letter-spacing:0.7px;background-color:#ffffff\">Sadr\u017ee:<\/p>\n<p style=\"margin:0px 0px 10px;padding:0px;font-family:'Open Sans', sans-serif;font-size:15px;line-height:1.3;letter-spacing:0.7px;background-color:#ffffff\">55 karata<\/p>\n<p style=\"margin:0px 0px 10px;padding:0px;font-family:'Open Sans', sans-serif;font-size:15px;line-height:1.3;letter-spacing:0.7px;background-color:#ffffff\">1 kartica s pravilima<\/p>\n<p style=\"margin:0px 0px 10px;padding:0px;font-family:'Open Sans', sans-serif;font-size:15px;line-height:1.3;letter-spacing:0.7px;background-color:#ffffff\">1 pje\u0161\u010dani sat<\/p>\n<p style=\"margin:0px 0px 10px;padding:0px;font-family:'Open Sans', sans-serif;font-size:15px;line-height:1.3;letter-spacing:0.7px;background-color:#ffffff\">1 kockica<\/p>","protected":false},"excerpt":{"rendered":"<p style=\"margin:0px 0px 10px;padding:0px;font-family:'Open Sans', sans-serif;font-size:15px;line-height:1.3;letter-spacing:0.7px;background-color:#ffffff\">U\u010denje engleskog jezika je vrlo va\u017eno jer su strani jezici danas va\u017ean dio na\u0161ih \u017eivota.<\/p>\n<p style=\"margin:0px 0px 10px;padding:0px;font-family:'Open Sans', sans-serif;font-size:15px;line-height:1.3;letter-spacing:0.7px;background-color:#ffffff\">Ovaj BrainBox \u0107e pobolj\u0161ati dje\u010dje vje\u0161tine opa\u017eanja i pam\u0107enja, a istovremeno \u0107e razviti i njihov engleski vokabular. Svaka kartica prikazuje sliku s rije\u010dima na engleskom i gr\u010dkom jeziku. Stra\u017enja strana kartice ima dvije razine pitanja, jednu za po\u010detnike i jednu za one koji su sigurniji u sebe.<\/p>","protected":false},"featured_media":7335,"comment_status":"open","ping_status":"closed","template":"","meta":{"site-sidebar-layout":"default","site-content-layout":"","ast-site-content-layout":"default","site-content-style":"default","site-sidebar-style":"default","ast-global-header-display":"","ast-banner-title-visibility":"","ast-main-header-display":"","ast-hfb-above-header-display":"","ast-hfb-below-header-display":"","ast-hfb-mobile-header-display":"","site-post-title":"","ast-breadcrumbs-content":"","ast-featured-img":"","footer-sml-layout":"","ast-disable-related-posts":"","theme-transparent-header-meta":"","adv-header-id-meta":"","stick-header-meta":"","header-above-stick-meta":"","header-main-stick-meta":"","header-below-stick-meta":"","astra-migrate-meta-layouts":"default","ast-page-background-enabled":"default","ast-page-background-meta":{"desktop":{"background-color":"var(--ast-global-color-5)","background-image":"","background-repeat":"repeat","background-position":"center center","background-size":"auto","background-attachment":"scroll","background-type":"","background-media":"","overlay-type":"","overlay-color":"","overlay-opacity":"","overlay-gradient":""},"tablet":{"background-color":"","background-image":"","background-repeat":"repeat","background-position":"center center","background-size":"auto","background-attachment":"scroll","background-type":"","background-media":"","overlay-type":"","overlay-color":"","overlay-opacity":"","overlay-gradient":""},"mobile":{"background-color":"","background-image":"","background-repeat":"repeat","background-position":"center center","background-size":"auto","background-attachment":"scroll","background-type":"","background-media":"","overlay-type":"","overlay-color":"","overlay-opacity":"","overlay-gradient":""}},"ast-content-background-meta":{"desktop":{"background-color":"var(--ast-global-color-4)","background-image":"","background-repeat":"repeat","background-position":"center center","background-size":"auto","background-attachment":"scroll","background-type":"","background-media":"","overlay-type":"","overlay-color":"","overlay-opacity":"","overlay-gradient":""},"tablet":{"background-color":"var(--ast-global-color-4)","background-image":"","background-repeat":"repeat","background-position":"center center","background-size":"auto","background-attachment":"scroll","background-type":"","background-media":"","overlay-type":"","overlay-color":"","overlay-opacity":"","overlay-gradient":""},"mobile":{"background-color":"var(--ast-global-color-4)","background-image":"","background-repeat":"repeat","background-position":"center center","background-size":"auto","background-attachment":"scroll","background-type":"","background-media":"","overlay-type":"","overlay-color":"","overlay-opacity":"","overlay-gradient":""}}},"product_brand":[101],"product_cat":[126,42,52,38,47,35,40,30],"product_tag":[],"class_list":{"0":"post-7334","1":"product","2":"type-product","3":"status-publish","4":"has-post-thumbnail","6":"product_brand-brainbox","7":"product_cat-126","8":"product_cat-42","9":"product_cat-52","10":"product_cat-38","11":"product_cat-47","12":"product_cat--10-12-","13":"product_cat--12-","14":"product_cat--6-9-","15":"desktop-align-left","16":"tablet-align-left","17":"mobile-align-left","19":"first","20":"instock","21":"taxable","22":"shipping-taxable","23":"purchasable","24":"product-type-simple"},"_links":{"self":[{"href":"https:\/\/stem-eshop.gr\/hr\/wp-json\/wp\/v2\/product\/7334","targetHints":{"allow":["GET"]}}],"collection":[{"href":"https:\/\/stem-eshop.gr\/hr\/wp-json\/wp\/v2\/product"}],"about":[{"href":"https:\/\/stem-eshop.gr\/hr\/wp-json\/wp\/v2\/types\/product"}],"replies":[{"embeddable":true,"href":"https:\/\/stem-eshop.gr\/hr\/wp-json\/wp\/v2\/comments?post=7334"}],"wp:featuredmedia":[{"embeddable":true,"href":"https:\/\/stem-eshop.gr\/hr\/wp-json\/wp\/v2\/media\/7335"}],"wp:attachment":[{"href":"https:\/\/stem-eshop.gr\/hr\/wp-json\/wp\/v2\/media?parent=7334"}],"wp:term":[{"taxonomy":"product_brand","embeddable":true,"href":"https:\/\/stem-eshop.gr\/hr\/wp-json\/wp\/v2\/product_brand?post=7334"},{"taxonomy":"product_cat","embeddable":true,"href":"https:\/\/stem-eshop.gr\/hr\/wp-json\/wp\/v2\/product_cat?post=7334"},{"taxonomy":"product_tag","embeddable":true,"href":"https:\/\/stem-eshop.gr\/hr\/wp-json\/wp\/v2\/product_tag?post=7334"}],"curies":[{"name":"wp","href":"https:\/\/api.w.org\/{rel}","templated":true}]}}