{"id":7217,"date":"2025-05-19T09:55:11","date_gmt":"2025-05-19T09:55:11","guid":{"rendered":"https:\/\/stem-eshop.gr\/product\/%cf%80%cf%89%cf%82-%ce%bb%ce%b5%ce%b9%cf%84%ce%bf%cf%85%cf%81%ce%b3%ce%b5%ce%af-%ce%b7-%cf%85%ce%b4%cf%81%ce%b1%cf%85%ce%bb%ce%b9%ce%ba%ce%ae\/"},"modified":"2025-05-22T21:13:29","modified_gmt":"2025-05-22T18:13:29","slug":"%cf%80%cf%89%cf%82-%ce%bb%ce%b5%ce%b9%cf%84%ce%bf%cf%85%cf%81%ce%b3%ce%b5%ce%af-%ce%b7-%cf%85%ce%b4%cf%81%ce%b1%cf%85%ce%bb%ce%b9%ce%ba%ce%ae","status":"publish","type":"product","link":"https:\/\/stem-eshop.gr\/hr\/proizvod\/%cf%80%cf%89%cf%82-%ce%bb%ce%b5%ce%b9%cf%84%ce%bf%cf%85%cf%81%ce%b3%ce%b5%ce%af-%ce%b7-%cf%85%ce%b4%cf%81%ce%b1%cf%85%ce%bb%ce%b9%ce%ba%ce%ae\/","title":{"rendered":"Kako funkcionira hidraulika?"},"content":{"rendered":"<p>Kada zavr\u0161e svoje eksperimente, djeca mogu skinuti kape i uzeti svoje bojice kako bi ukrasila vlastite skinove koji se lijepe.<\/p>\n<p>\u0395\u03c0\u03b9\u03c0\u03bb\u03ad\u03bf\u03bd, \u03bf\u03b9 \u03bc\u03b9\u03ba\u03c1\u03bf\u03af \u03bc\u03b1\u03b8\u03b7\u03c4\u03ad\u03c2 \u03b8\u03b1 \u03bb\u03ac\u03b2\u03bf\u03c5\u03bd \u03ad\u03bd\u03b1 \u03ad\u03b3\u03c7\u03c1\u03c9\u03bc\u03bf \u03b2\u03b9\u03b2\u03bb\u03b9\u03b1\u03c1\u03ac\u03ba\u03b9 9 \u03c3\u03b5\u03bb\u03af\u03b4\u03c9\u03bd \u03c0\u03bf\u03c5 \u03c0\u03b5\u03c1\u03b9\u03bb\u03b1\u03bc\u03b2\u03ac\u03bd\u03b5\u03b9:<\/p>\n<p>\u039c\u03b9\u03ba\u03c1\u03bf\u03ca\u03c3\u03c4\u03bf\u03c1\u03af\u03b1 \u03c4\u03b7\u03c2 \u03c5\u03b4\u03c1\u03bf\u03bc\u03b7\u03c7\u03b1\u03bd\u03b9\u03ba\u03ae\u03c2 \u03bc\u03b5 \u03b5\u03bd\u03b4\u03b9\u03b1\u03c6\u03ad\u03c1\u03bf\u03bd\u03c4\u03b1 \u03c3\u03c4\u03bf\u03b9\u03c7\u03b5\u03af\u03b1<\/p>\n<p>\u0388\u03bd\u03b1 \u03b4\u03b9\u03b1\u03c3\u03ba\u03b5\u03b4\u03b1\u03c3\u03c4\u03b9\u03ba\u03cc STEM \u03c0\u03b5\u03af\u03c1\u03b1\u03bc\u03b1 \u03bc\u03b5 \u03ad\u03bd\u03b1\u03bd \u03c5\u03b4\u03c1\u03b1\u03c5\u03bb\u03b9\u03ba\u03cc \u03b3\u03b5\u03c1\u03b1\u03bd\u03cc<\/p>\n<p>\u03a4\u03b7 \u03b8\u03b5\u03c9\u03c1\u03af\u03b1 \u03c0\u03af\u03c3\u03c9 \u03b1\u03c0\u03cc \u03c4\u03bf\u03c5\u03c2 \u03bd\u03cc\u03bc\u03bf\u03c5\u03c2 \u03c4\u03bf\u03c5 Torricelli \u03ba\u03b1\u03b9 \u03c4\u03bf\u03c5 Pascal, \u03b5\u03cd\u03ba\u03bf\u03bb\u03b7 \u03c3\u03c4\u03b7\u03bd \u03ba\u03b1\u03c4\u03b1\u03bd\u03cc\u03b7\u03c3\u03b7<\/p>\n<p>Kviz za provjeru znanja o osnovnim STEM konceptima<\/p>\n<p>Jednostavne upute za gradnju<\/p>\n<p>Ispisive skinove za vje\u017ebanje dizajnerskih vje\u0161tina<\/p>\n<p>Trebate inspiraciju? Koristite na\u0161u interaktivnu 3D aplikaciju na ra\u010dunalu i gradite u virtualnoj stvarnosti!<\/p>\n<p>Enginove STEAM edukativne igra\u010dke su cjeloviti STEAM alati za u\u010denje, osmi\u0161ljeni kako bi pripremili mlade u\u010denike za cjelo\u017eivotno znanstveno otkrivanje. Za vi\u0161e informacija o na\u0161em obrazovnom sustavu kliknite ovdje.<\/p>\n<p>\u03a0\u03c1\u03bf\u03b5\u03b9\u03b4\u03bf\u03c0\u03bf\u03af\u03b7\u03c3\u03b7: \u03a4\u03bf \u03c0\u03c1\u03bf\u03ca\u03cc\u03bd \u03b1\u03c5\u03c4\u03cc \u03c0\u03b5\u03c1\u03b9\u03ad\u03c7\u03b5\u03b9 \u03bc\u03b9\u03ba\u03c1\u03ac \u03ba\u03bf\u03bc\u03bc\u03ac\u03c4\u03b9\u03b1 \u03c0\u03bf\u03c5 \u03bc\u03c0\u03bf\u03c1\u03b5\u03af \u03bd\u03b1 \u03ba\u03b1\u03c4\u03b1\u03c0\u03bf\u03b8\u03bf\u03cd\u03bd. \u0394\u03b5\u03bd \u03b5\u03af\u03bd\u03b1\u03b9 \u03ba\u03b1\u03c4\u03ac\u03bb\u03bb\u03b7\u03bb\u03bf \u03b3\u03b9\u03b1 \u03c0\u03b1\u03b9\u03b4\u03b9\u03ac \u03ba\u03ac\u03c4\u03c9 \u03c4\u03c9\u03bd 3 \u03b5\u03c4\u03ce\u03bd.<\/p>","protected":false},"excerpt":{"rendered":"<p>\u039f\u03b9 \u03bd\u03b5\u03b1\u03c1\u03bf\u03af \u03bc\u03b7\u03c7\u03b1\u03bd\u03b9\u03ba\u03bf\u03af \u03ba\u03ac\u03bd\u03bf\u03c5\u03bd \u03bc\u03b9\u03b1 \u03b2\u03b1\u03b8\u03b9\u03ac \u03b2\u03bf\u03c5\u03c4\u03b9\u03ac \u03c3\u03c4\u03bf\u03bd \u03ba\u03cc\u03c3\u03bc\u03bf \u03c4\u03b7\u03c2 \u03c5\u03b4\u03c1\u03bf\u03b4\u03c5\u03bd\u03b1\u03bc\u03b9\u03ba\u03ae\u03c2 \u03ba\u03b1\u03c4\u03b1\u03c3\u03ba\u03b5\u03c5\u03ac\u03b6\u03bf\u03bd\u03c4\u03b1\u03c2 \u03ba\u03b1\u03b9 \u03b5\u03be\u03bf\u03c0\u03bb\u03af\u03b6\u03bf\u03bd\u03c4\u03b1\u03c2 \u03c4\u03b7 \u03b4\u03b9\u03ba\u03ae \u03c4\u03bf\u03c5\u03c2 \u03c5\u03b4\u03c1\u03b1\u03c5\u03bb\u03b9\u03ba\u03ae \u03b4\u03b9\u03ac\u03c4\u03b1\u03be\u03b7 \u03bc\u03b5 \u03b1\u03c5\u03c4\u03cc \u03c4\u03bf \u03b4\u03b9\u03b1\u03b4\u03c1\u03b1\u03c3\u03c4\u03b9\u03ba\u03cc \u03c3\u03b5\u03c4 \u03ba\u03b1\u03c4\u03b1\u03c3\u03ba\u03b5\u03c5\u03ae\u03c2 STEAM.<\/p>","protected":false},"featured_media":7218,"comment_status":"open","ping_status":"closed","template":"","meta":{"site-sidebar-layout":"default","site-content-layout":"","ast-site-content-layout":"default","site-content-style":"default","site-sidebar-style":"default","ast-global-header-display":"","ast-banner-title-visibility":"","ast-main-header-display":"","ast-hfb-above-header-display":"","ast-hfb-below-header-display":"","ast-hfb-mobile-header-display":"","site-post-title":"","ast-breadcrumbs-content":"","ast-featured-img":"","footer-sml-layout":"","ast-disable-related-posts":"","theme-transparent-header-meta":"default","adv-header-id-meta":"","stick-header-meta":"","header-above-stick-meta":"","header-main-stick-meta":"","header-below-stick-meta":"","astra-migrate-meta-layouts":"set","ast-page-background-enabled":"default","ast-page-background-meta":{"desktop":{"background-color":"var(--ast-global-color-5)","background-image":"","background-repeat":"repeat","background-position":"center center","background-size":"auto","background-attachment":"scroll","background-type":"","background-media":"","overlay-type":"","overlay-color":"","overlay-opacity":"","overlay-gradient":""},"tablet":{"background-color":"","background-image":"","background-repeat":"repeat","background-position":"center center","background-size":"auto","background-attachment":"scroll","background-type":"","background-media":"","overlay-type":"","overlay-color":"","overlay-opacity":"","overlay-gradient":""},"mobile":{"background-color":"","background-image":"","background-repeat":"repeat","background-position":"center center","background-size":"auto","background-attachment":"scroll","background-type":"","background-media":"","overlay-type":"","overlay-color":"","overlay-opacity":"","overlay-gradient":""}},"ast-content-background-meta":{"desktop":{"background-color":"var(--ast-global-color-4)","background-image":"","background-repeat":"repeat","background-position":"center center","background-size":"auto","background-attachment":"scroll","background-type":"","background-media":"","overlay-type":"","overlay-color":"","overlay-opacity":"","overlay-gradient":""},"tablet":{"background-color":"var(--ast-global-color-4)","background-image":"","background-repeat":"repeat","background-position":"center center","background-size":"auto","background-attachment":"scroll","background-type":"","background-media":"","overlay-type":"","overlay-color":"","overlay-opacity":"","overlay-gradient":""},"mobile":{"background-color":"var(--ast-global-color-4)","background-image":"","background-repeat":"repeat","background-position":"center center","background-size":"auto","background-attachment":"scroll","background-type":"","background-media":"","overlay-type":"","overlay-color":"","overlay-opacity":"","overlay-gradient":""}}},"product_brand":[95],"product_cat":[44,39,38,56,32,57,35,30,58],"product_tag":[],"class_list":{"0":"post-7217","1":"product","2":"type-product","3":"status-publish","4":"has-post-thumbnail","6":"product_brand-engino","7":"product_cat-44","8":"product_cat-39","9":"product_cat-38","10":"product_cat-56","11":"product_cat-32","12":"product_cat-57","13":"product_cat--10-12-","14":"product_cat--6-9-","15":"product_cat-58","16":"desktop-align-left","17":"tablet-align-left","18":"mobile-align-left","20":"first","21":"instock","22":"taxable","23":"shipping-taxable","24":"purchasable","25":"product-type-simple"},"_links":{"self":[{"href":"https:\/\/stem-eshop.gr\/hr\/wp-json\/wp\/v2\/product\/7217","targetHints":{"allow":["GET"]}}],"collection":[{"href":"https:\/\/stem-eshop.gr\/hr\/wp-json\/wp\/v2\/product"}],"about":[{"href":"https:\/\/stem-eshop.gr\/hr\/wp-json\/wp\/v2\/types\/product"}],"replies":[{"embeddable":true,"href":"https:\/\/stem-eshop.gr\/hr\/wp-json\/wp\/v2\/comments?post=7217"}],"wp:featuredmedia":[{"embeddable":true,"href":"https:\/\/stem-eshop.gr\/hr\/wp-json\/wp\/v2\/media\/7218"}],"wp:attachment":[{"href":"https:\/\/stem-eshop.gr\/hr\/wp-json\/wp\/v2\/media?parent=7217"}],"wp:term":[{"taxonomy":"product_brand","embeddable":true,"href":"https:\/\/stem-eshop.gr\/hr\/wp-json\/wp\/v2\/product_brand?post=7217"},{"taxonomy":"product_cat","embeddable":true,"href":"https:\/\/stem-eshop.gr\/hr\/wp-json\/wp\/v2\/product_cat?post=7217"},{"taxonomy":"product_tag","embeddable":true,"href":"https:\/\/stem-eshop.gr\/hr\/wp-json\/wp\/v2\/product_tag?post=7217"}],"curies":[{"name":"wp","href":"https:\/\/api.w.org\/{rel}","templated":true}]}}