{"id":7119,"date":"2025-05-19T09:34:07","date_gmt":"2025-05-19T09:34:07","guid":{"rendered":"https:\/\/stem-eshop.gr\/product\/%ce%bc%ce%b1%ce%b8%ce%b1%ce%af%ce%bd%cf%89-%ce%ba%ce%b1%ce%b9-%ce%b4%ce%b7%ce%bc%ce%b9%ce%bf%cf%85%cf%81%ce%b3%cf%8e-robotics-%ce%b5%ce%ba%cf%80%ce%b1%ce%b9%ce%b4%ce%b5%cf%85%cf%84%ce%b9%ce%ba%cf%8c\/"},"modified":"2026-01-03T22:34:14","modified_gmt":"2026-01-03T19:34:14","slug":"%ce%bc%ce%b1%ce%b8%ce%b1%ce%af%ce%bd%cf%89-%ce%ba%ce%b1%ce%b9-%ce%b4%ce%b7%ce%bc%ce%b9%ce%bf%cf%85%cf%81%ce%b3%cf%8e-robotics-%ce%b5%ce%ba%cf%80%ce%b1%ce%b9%ce%b4%ce%b5%cf%85%cf%84%ce%b9%ce%ba%cf%8c","status":"publish","type":"product","link":"https:\/\/stem-eshop.gr\/hr\/proizvod\/%ce%bc%ce%b1%ce%b8%ce%b1%ce%af%ce%bd%cf%89-%ce%ba%ce%b1%ce%b9-%ce%b4%ce%b7%ce%bc%ce%b9%ce%bf%cf%85%cf%81%ce%b3%cf%8e-robotics-%ce%b5%ce%ba%cf%80%ce%b1%ce%b9%ce%b4%ce%b5%cf%85%cf%84%ce%b9%ce%ba%cf%8c\/","title":{"rendered":"U\u010dite i stvarajte robotiku - edukativna igra\u010dka za robotiku - laboratorij za robotiku - Robo Panda za vi\u0161e od 8 godina"},"content":{"rendered":"<p class=\"MsoNormal\">Rotacijski pokret omogu\u0107uje mu da se &quot;odbija&quot; od zidova promjenom smjera. Kroz igru dijete privla\u010di zabavna i istovremeno uzbudljiva dinamika igre, koja mu omogu\u0107uje da vidi djelovanje odre\u0111ene vrste motora. Nakon \u0161to ga sastavite, uvijek ga stavite na noge, lagano ga gurnite i gledajte kako se prevr\u0107e jednom, dvaput, triput, bezbroj puta!<\/p>\n<p class=\"MsoNormal\">Pogodno za kori\u0161tenje kod djece u dobi od 8 godina i vi\u0161e.<\/p>\n<p class=\"MsoNormal\">Proizvodi se u Italiji.<\/p>\n<p class=\"MsoNormal\">Serija U\u010di i stvaraj robotiku promi\u010de STEM (znanost, tehnologija, in\u017eenjerstvo, matematika) predmete kako bi razvila i potaknula dje\u010dje znanje u tim podru\u010djima. Provo\u0111enjem eksperimenata djeca pobolj\u0161avaju svoje vje\u0161tine i upoznaju se sa svijetom znanosti i tehnologije.<\/p>\n<p class=\"MsoNormal\">Serija igra\u010daka &quot;U\u010di i stvaraj&quot; vode\u0107a je u kategoriji znanstvenih igra\u010daka, pru\u017eaju\u0107i bogatu opremu, detaljne informacije i upute za provo\u0111enje impresivnih sigurnih eksperimenata i konstrukcija, daju\u0107i tako djeci priliku da u\u010de o znanosti. Rije\u010d je o inovativnoj seriji igra\u010daka s kojima \u0107e se djeca zabaviti provode\u0107i eksperimente, koriste\u0107i znanstvene alate, otkrivaju\u0107i fiziku, kemiju, astronomiju, biologiju, botaniku, kao i glavne znanstvene i prirodne pojave. Igra\u010dke &quot;U\u010di i stvaraj&quot; najkreativniji su, ugodniji i najsigurniji na\u010din za djecu da nau\u010de tajne znanosti!<\/p>","protected":false},"excerpt":{"rendered":"<p class=\"MsoNormal\">Njegov slatki izgled \u010dini ga simpati\u010dnim svima! Razigrani robotski panda koji se sastavlja, za neusporedivo iskustvo igranja. Robot visok 25 cm, koji reproducira pokrete pande sa smije\u0161nom spretno\u0161\u0107u koja ga karakterizira, \u010dine\u0107i da izgleda kao pravi! Motor omogu\u0107uje pandi da izvodi salta jedan za drugim u uzastopnim automatskim pokretima.<\/p>","protected":false},"featured_media":7120,"comment_status":"open","ping_status":"closed","template":"","meta":{"site-sidebar-layout":"default","site-content-layout":"","ast-site-content-layout":"default","site-content-style":"default","site-sidebar-style":"default","ast-global-header-display":"","ast-banner-title-visibility":"","ast-main-header-display":"","ast-hfb-above-header-display":"","ast-hfb-below-header-display":"","ast-hfb-mobile-header-display":"","site-post-title":"","ast-breadcrumbs-content":"","ast-featured-img":"","footer-sml-layout":"","ast-disable-related-posts":"","theme-transparent-header-meta":"default","adv-header-id-meta":"","stick-header-meta":"","header-above-stick-meta":"","header-main-stick-meta":"","header-below-stick-meta":"","astra-migrate-meta-layouts":"set","ast-page-background-enabled":"default","ast-page-background-meta":{"desktop":{"background-color":"var(--ast-global-color-5)","background-image":"","background-repeat":"repeat","background-position":"center center","background-size":"auto","background-attachment":"scroll","background-type":"","background-media":"","overlay-type":"","overlay-color":"","overlay-opacity":"","overlay-gradient":""},"tablet":{"background-color":"","background-image":"","background-repeat":"repeat","background-position":"center center","background-size":"auto","background-attachment":"scroll","background-type":"","background-media":"","overlay-type":"","overlay-color":"","overlay-opacity":"","overlay-gradient":""},"mobile":{"background-color":"","background-image":"","background-repeat":"repeat","background-position":"center center","background-size":"auto","background-attachment":"scroll","background-type":"","background-media":"","overlay-type":"","overlay-color":"","overlay-opacity":"","overlay-gradient":""}},"ast-content-background-meta":{"desktop":{"background-color":"var(--ast-global-color-4)","background-image":"","background-repeat":"repeat","background-position":"center center","background-size":"auto","background-attachment":"scroll","background-type":"","background-media":"","overlay-type":"","overlay-color":"","overlay-opacity":"","overlay-gradient":""},"tablet":{"background-color":"var(--ast-global-color-4)","background-image":"","background-repeat":"repeat","background-position":"center center","background-size":"auto","background-attachment":"scroll","background-type":"","background-media":"","overlay-type":"","overlay-color":"","overlay-opacity":"","overlay-gradient":""},"mobile":{"background-color":"var(--ast-global-color-4)","background-image":"","background-repeat":"repeat","background-position":"center center","background-size":"auto","background-attachment":"scroll","background-type":"","background-media":"","overlay-type":"","overlay-color":"","overlay-opacity":"","overlay-gradient":""}}},"product_brand":[114],"product_cat":[33,38,29,56,35,30,45,34,28,59],"product_tag":[],"class_list":{"0":"post-7119","1":"product","2":"type-product","3":"status-publish","4":"has-post-thumbnail","6":"product_brand-mathenw","7":"product_cat-33","8":"product_cat-38","9":"product_cat-29","10":"product_cat-56","11":"product_cat--10-12-","12":"product_cat--6-9-","13":"product_cat-45","14":"product_cat-34","15":"product_cat-28","16":"product_cat-59","17":"desktop-align-left","18":"tablet-align-left","19":"mobile-align-left","21":"first","22":"instock","23":"taxable","24":"shipping-taxable","25":"purchasable","26":"product-type-simple"},"_links":{"self":[{"href":"https:\/\/stem-eshop.gr\/hr\/wp-json\/wp\/v2\/product\/7119","targetHints":{"allow":["GET"]}}],"collection":[{"href":"https:\/\/stem-eshop.gr\/hr\/wp-json\/wp\/v2\/product"}],"about":[{"href":"https:\/\/stem-eshop.gr\/hr\/wp-json\/wp\/v2\/types\/product"}],"replies":[{"embeddable":true,"href":"https:\/\/stem-eshop.gr\/hr\/wp-json\/wp\/v2\/comments?post=7119"}],"wp:featuredmedia":[{"embeddable":true,"href":"https:\/\/stem-eshop.gr\/hr\/wp-json\/wp\/v2\/media\/7120"}],"wp:attachment":[{"href":"https:\/\/stem-eshop.gr\/hr\/wp-json\/wp\/v2\/media?parent=7119"}],"wp:term":[{"taxonomy":"product_brand","embeddable":true,"href":"https:\/\/stem-eshop.gr\/hr\/wp-json\/wp\/v2\/product_brand?post=7119"},{"taxonomy":"product_cat","embeddable":true,"href":"https:\/\/stem-eshop.gr\/hr\/wp-json\/wp\/v2\/product_cat?post=7119"},{"taxonomy":"product_tag","embeddable":true,"href":"https:\/\/stem-eshop.gr\/hr\/wp-json\/wp\/v2\/product_tag?post=7119"}],"curies":[{"name":"wp","href":"https:\/\/api.w.org\/{rel}","templated":true}]}}