{"id":7080,"date":"2025-05-19T09:32:52","date_gmt":"2025-05-19T09:32:52","guid":{"rendered":"https:\/\/stem-eshop.gr\/product\/lego-education-spike-expansion-set\/"},"modified":"2025-10-23T11:32:25","modified_gmt":"2025-10-23T08:32:25","slug":"lego-education-spike-expansion-set","status":"publish","type":"product","link":"https:\/\/stem-eshop.gr\/hr\/proizvod\/lego-education-spike-expansion-set\/","title":{"rendered":"LEGO\u00ae Education SPIKE\u2122 komplet za pro\u0161irenje"},"content":{"rendered":"<p>U\u0111ite u uzbudljivi svijet robotskih natjecanja s LEGO\u00ae Education SPIKE\u2122 Prime kompletom za pro\u0161irenje.<\/p>\n<p>Sa 603 dijela, uklju\u010duju\u0107i velike kota\u010de, zakrivljene zup\u010danike, senzor boja i veliki motor, ovaj dodatak za SPIKE\u2122 Prime Se...<a href=\"https:\/\/stem-eshop.gr\/hr\/%CF%80%CE%B1%CE%B9%CE%B4%CE%B9%CE%AC-10-12-%CE%B5%CF%84%CF%8E%CE%BD\/121-lego%C2%AE-education-spike%E2%84%A2-prime-set.html\/\" target=\"_blank\" rel=\"noreferrer noopener\">t<\/a>\u00a0sadr\u017ei preko 10 sati ciljanog STEAM u\u010denja koje \u0107e inspirirati u\u010denike i nastavnike da izra\u0111uju naprednije modele i pripreme se za zabavan i izazovan svijet natjecanja u robotici.<\/p>\n<p>Zahtijeva LEGO\u00ae Education SPIKE\u2122 Prime set<\/p>\n<p>Kod 45681<\/p>","protected":false},"excerpt":{"rendered":"<p>U\u0111ite u uzbudljivi svijet natjecanja u robotici s LEGO\u00ae Education SPIKE\u2122 Prime setom za pro\u0161irenje. Sa 603 dijela, uklju\u010duju\u0107i velike kota\u010de, zakrivljene zup\u010danike, senzor boja i veliki motor, ovaj dodatak SPIKE\u2122 Prime setu nudi preko 10 sati ciljanog STEAM u\u010denja koje \u0107e inspirirati u\u010denike i u\u010ditelje da grade naprednije modele i pripreme se za zabavan i izazovan svijet natjecanja u robotici.<\/p>","protected":false},"featured_media":7081,"comment_status":"open","ping_status":"closed","template":"","meta":{"site-sidebar-layout":"default","site-content-layout":"","ast-site-content-layout":"default","site-content-style":"default","site-sidebar-style":"default","ast-global-header-display":"","ast-banner-title-visibility":"","ast-main-header-display":"","ast-hfb-above-header-display":"","ast-hfb-below-header-display":"","ast-hfb-mobile-header-display":"","site-post-title":"","ast-breadcrumbs-content":"","ast-featured-img":"","footer-sml-layout":"","ast-disable-related-posts":"","theme-transparent-header-meta":"default","adv-header-id-meta":"","stick-header-meta":"","header-above-stick-meta":"","header-main-stick-meta":"","header-below-stick-meta":"","astra-migrate-meta-layouts":"set","ast-page-background-enabled":"default","ast-page-background-meta":{"desktop":{"background-color":"var(--ast-global-color-5)","background-image":"","background-repeat":"repeat","background-position":"center center","background-size":"auto","background-attachment":"scroll","background-type":"","background-media":"","overlay-type":"","overlay-color":"","overlay-opacity":"","overlay-gradient":""},"tablet":{"background-color":"","background-image":"","background-repeat":"repeat","background-position":"center center","background-size":"auto","background-attachment":"scroll","background-type":"","background-media":"","overlay-type":"","overlay-color":"","overlay-opacity":"","overlay-gradient":""},"mobile":{"background-color":"","background-image":"","background-repeat":"repeat","background-position":"center center","background-size":"auto","background-attachment":"scroll","background-type":"","background-media":"","overlay-type":"","overlay-color":"","overlay-opacity":"","overlay-gradient":""}},"ast-content-background-meta":{"desktop":{"background-color":"var(--ast-global-color-4)","background-image":"","background-repeat":"repeat","background-position":"center center","background-size":"auto","background-attachment":"scroll","background-type":"","background-media":"","overlay-type":"","overlay-color":"","overlay-opacity":"","overlay-gradient":""},"tablet":{"background-color":"var(--ast-global-color-4)","background-image":"","background-repeat":"repeat","background-position":"center center","background-size":"auto","background-attachment":"scroll","background-type":"","background-media":"","overlay-type":"","overlay-color":"","overlay-opacity":"","overlay-gradient":""},"mobile":{"background-color":"var(--ast-global-color-4)","background-image":"","background-repeat":"repeat","background-position":"center center","background-size":"auto","background-attachment":"scroll","background-type":"","background-media":"","overlay-type":"","overlay-color":"","overlay-opacity":"","overlay-gradient":""}}},"product_brand":[105],"product_cat":[33,38,29,32,35,40,45,34,28,48],"product_tag":[],"class_list":{"0":"post-7080","1":"product","2":"type-product","3":"status-publish","4":"has-post-thumbnail","6":"product_brand-lego","7":"product_cat-33","8":"product_cat-38","9":"product_cat-29","10":"product_cat-32","11":"product_cat--10-12-","12":"product_cat--12-","13":"product_cat-45","14":"product_cat-34","15":"product_cat-28","16":"product_cat-48","17":"desktop-align-left","18":"tablet-align-left","19":"mobile-align-left","21":"first","22":"instock","23":"taxable","24":"shipping-taxable","25":"purchasable","26":"product-type-simple"},"_links":{"self":[{"href":"https:\/\/stem-eshop.gr\/hr\/wp-json\/wp\/v2\/product\/7080","targetHints":{"allow":["GET"]}}],"collection":[{"href":"https:\/\/stem-eshop.gr\/hr\/wp-json\/wp\/v2\/product"}],"about":[{"href":"https:\/\/stem-eshop.gr\/hr\/wp-json\/wp\/v2\/types\/product"}],"replies":[{"embeddable":true,"href":"https:\/\/stem-eshop.gr\/hr\/wp-json\/wp\/v2\/comments?post=7080"}],"wp:featuredmedia":[{"embeddable":true,"href":"https:\/\/stem-eshop.gr\/hr\/wp-json\/wp\/v2\/media\/7081"}],"wp:attachment":[{"href":"https:\/\/stem-eshop.gr\/hr\/wp-json\/wp\/v2\/media?parent=7080"}],"wp:term":[{"taxonomy":"product_brand","embeddable":true,"href":"https:\/\/stem-eshop.gr\/hr\/wp-json\/wp\/v2\/product_brand?post=7080"},{"taxonomy":"product_cat","embeddable":true,"href":"https:\/\/stem-eshop.gr\/hr\/wp-json\/wp\/v2\/product_cat?post=7080"},{"taxonomy":"product_tag","embeddable":true,"href":"https:\/\/stem-eshop.gr\/hr\/wp-json\/wp\/v2\/product_tag?post=7080"}],"curies":[{"name":"wp","href":"https:\/\/api.w.org\/{rel}","templated":true}]}}