{"id":6955,"date":"2025-05-19T09:10:42","date_gmt":"2025-05-19T09:10:42","guid":{"rendered":"https:\/\/stem-eshop.gr\/product\/lego-education-spike-essential-set\/"},"modified":"2025-12-29T13:08:40","modified_gmt":"2025-12-29T10:08:40","slug":"lego-education-spike-essential-set","status":"publish","type":"product","link":"https:\/\/stem-eshop.gr\/hr\/proizvod\/lego-education-spike-essential-set\/","title":{"rendered":"LEGO\u00ae Education SPIKE\u2122 Osnovni set"},"content":{"rendered":"<p>SPIKE\u2122 Essential Set od 449 gra\u0111evinskih materijala uklju\u010duje 4 minifigure koje djeluju kao protagonisti u aktivnostima i problemima koje \u0107e u\u010denici morati rije\u0161iti.<\/p>\n<p>Pametni i jednostavni hardver za kori\u0161tenje koji uklju\u010duje 2 motora, Hub (Mozak) s 2 ulazno\/izlazna priklju\u010dka, Matrix svjetlosnu plo\u010du (3X3) i senzor boja. Programski jezik s ikonama - blokovima olak\u0161ava u\u010denicima o\u017eivljavanje svojih konstrukcija.<\/p>\n<p>Set uklju\u010duje poznate LEGO kockice u raznim bojama, kutiju rezervnih dijelova, sve u plasti\u010dnoj kutiji za pohranu s 2 ladice za sortiranje i naljepnicama za bolje upravljanje.<\/p>\n<p>Kao dio LEGO sustava, SPIKE\u2122 Essential nudi 5 modula s 8 lekcija od 45 minuta, u potpunosti uskla\u0111enih sa STEAM standardima. Svaka lekcija uklju\u010duje cjelovite online lekcije, s pro\u0161irenjima iz jezika i matematike. Procjene i videozapisi za podr\u0161ku nastavnicima.<\/p>\n<p>Kako bi se dodatno pove\u0107alo samopouzdanje u\u010ditelja i bolje ih pripremilo za uspje\u0161nu nastavu, SPIKE\u2122 Essential podr\u017ean je sveobuhvatnim programom profesionalnog razvoja, kako online tako i u\u017eivo.<\/p>","protected":false},"excerpt":{"rendered":"<p>Sveobuhvatan alat za profesionalni razvoj koji \u0107e pomo\u0107i u\u010denicima osnovne \u0161kole da se upoznaju s pisanjem, \u010ditanjem, matematikom te socijalnim i emocionalnim vje\u0161tinama.<\/p>\n<p>Set uklju\u010duje minifigure s razli\u010ditim osobnostima, motore, \u0161arenu svjetlosnu matricu i senzore koji o\u017eivljavaju dje\u010dje kreacije. To je iskustvo u\u010denja koje djecu \u010dini samostalnima, u\u010dinkovitima i postupno ih razvija.<\/p>","protected":false},"featured_media":6956,"comment_status":"open","ping_status":"closed","template":"","meta":{"site-sidebar-layout":"default","site-content-layout":"","ast-site-content-layout":"default","site-content-style":"default","site-sidebar-style":"default","ast-global-header-display":"","ast-banner-title-visibility":"","ast-main-header-display":"","ast-hfb-above-header-display":"","ast-hfb-below-header-display":"","ast-hfb-mobile-header-display":"","site-post-title":"","ast-breadcrumbs-content":"","ast-featured-img":"","footer-sml-layout":"","ast-disable-related-posts":"","theme-transparent-header-meta":"default","adv-header-id-meta":"","stick-header-meta":"","header-above-stick-meta":"","header-main-stick-meta":"","header-below-stick-meta":"","astra-migrate-meta-layouts":"set","ast-page-background-enabled":"default","ast-page-background-meta":{"desktop":{"background-color":"var(--ast-global-color-5)","background-image":"","background-repeat":"repeat","background-position":"center center","background-size":"auto","background-attachment":"scroll","background-type":"","background-media":"","overlay-type":"","overlay-color":"","overlay-opacity":"","overlay-gradient":""},"tablet":{"background-color":"","background-image":"","background-repeat":"repeat","background-position":"center center","background-size":"auto","background-attachment":"scroll","background-type":"","background-media":"","overlay-type":"","overlay-color":"","overlay-opacity":"","overlay-gradient":""},"mobile":{"background-color":"","background-image":"","background-repeat":"repeat","background-position":"center center","background-size":"auto","background-attachment":"scroll","background-type":"","background-media":"","overlay-type":"","overlay-color":"","overlay-opacity":"","overlay-gradient":""}},"ast-content-background-meta":{"desktop":{"background-color":"var(--ast-global-color-4)","background-image":"","background-repeat":"repeat","background-position":"center center","background-size":"auto","background-attachment":"scroll","background-type":"","background-media":"","overlay-type":"","overlay-color":"","overlay-opacity":"","overlay-gradient":""},"tablet":{"background-color":"var(--ast-global-color-4)","background-image":"","background-repeat":"repeat","background-position":"center center","background-size":"auto","background-attachment":"scroll","background-type":"","background-media":"","overlay-type":"","overlay-color":"","overlay-opacity":"","overlay-gradient":""},"mobile":{"background-color":"var(--ast-global-color-4)","background-image":"","background-repeat":"repeat","background-position":"center center","background-size":"auto","background-attachment":"scroll","background-type":"","background-media":"","overlay-type":"","overlay-color":"","overlay-opacity":"","overlay-gradient":""}}},"product_brand":[105],"product_cat":[43,33,29,56,30,45,34,28,59],"product_tag":[],"class_list":{"0":"post-6955","1":"product","2":"type-product","3":"status-publish","4":"has-post-thumbnail","6":"product_brand-lego","7":"product_cat-43","8":"product_cat-33","9":"product_cat-29","10":"product_cat-56","11":"product_cat--6-9-","12":"product_cat-45","13":"product_cat-34","14":"product_cat-28","15":"product_cat-59","16":"desktop-align-left","17":"tablet-align-left","18":"mobile-align-left","20":"first","21":"outofstock","22":"taxable","23":"shipping-taxable","24":"purchasable","25":"product-type-simple"},"_links":{"self":[{"href":"https:\/\/stem-eshop.gr\/hr\/wp-json\/wp\/v2\/product\/6955","targetHints":{"allow":["GET"]}}],"collection":[{"href":"https:\/\/stem-eshop.gr\/hr\/wp-json\/wp\/v2\/product"}],"about":[{"href":"https:\/\/stem-eshop.gr\/hr\/wp-json\/wp\/v2\/types\/product"}],"replies":[{"embeddable":true,"href":"https:\/\/stem-eshop.gr\/hr\/wp-json\/wp\/v2\/comments?post=6955"}],"wp:featuredmedia":[{"embeddable":true,"href":"https:\/\/stem-eshop.gr\/hr\/wp-json\/wp\/v2\/media\/6956"}],"wp:attachment":[{"href":"https:\/\/stem-eshop.gr\/hr\/wp-json\/wp\/v2\/media?parent=6955"}],"wp:term":[{"taxonomy":"product_brand","embeddable":true,"href":"https:\/\/stem-eshop.gr\/hr\/wp-json\/wp\/v2\/product_brand?post=6955"},{"taxonomy":"product_cat","embeddable":true,"href":"https:\/\/stem-eshop.gr\/hr\/wp-json\/wp\/v2\/product_cat?post=6955"},{"taxonomy":"product_tag","embeddable":true,"href":"https:\/\/stem-eshop.gr\/hr\/wp-json\/wp\/v2\/product_tag?post=6955"}],"curies":[{"name":"wp","href":"https:\/\/api.w.org\/{rel}","templated":true}]}}