{"id":6908,"date":"2025-05-19T09:08:58","date_gmt":"2025-05-19T09:08:58","guid":{"rendered":"https:\/\/stem-eshop.gr\/product\/%ce%bc%ce%b1%ce%b8%ce%b1%ce%af%ce%bd%cf%89-%ce%ba%ce%b1%ce%b9-%ce%b4%ce%b7%ce%bc%ce%b9%ce%bf%cf%85%cf%81%ce%b3%cf%8e-lab-%ce%b5%ce%ba%cf%80%ce%b1%ce%b9%ce%b4%ce%b5%cf%85%cf%84%ce%b9%ce%ba%cf%8c-5\/"},"modified":"2025-10-06T10:09:09","modified_gmt":"2025-10-06T07:09:09","slug":"%ce%bc%ce%b1%ce%b8%ce%b1%ce%af%ce%bd%cf%89-%ce%ba%ce%b1%ce%b9-%ce%b4%ce%b7%ce%bc%ce%b9%ce%bf%cf%85%cf%81%ce%b3%cf%8e-lab-%ce%b5%ce%ba%cf%80%ce%b1%ce%b9%ce%b4%ce%b5%cf%85%cf%84%ce%b9%ce%ba%cf%8c-5","status":"publish","type":"product","link":"https:\/\/stem-eshop.gr\/hr\/proizvod\/%ce%bc%ce%b1%ce%b8%ce%b1%ce%af%ce%bd%cf%89-%ce%ba%ce%b1%ce%b9-%ce%b4%ce%b7%ce%bc%ce%b9%ce%bf%cf%85%cf%81%ce%b3%cf%8e-lab-%ce%b5%ce%ba%cf%80%ce%b1%ce%b9%ce%b4%ce%b5%cf%85%cf%84%ce%b9%ce%ba%cf%8c-5\/","title":{"rendered":"U\u010dim i stvaram laboratorijske edukativne igra\u010dke biolo\u0161ki staklenik ve\u0107 7+ godina."},"content":{"rendered":"<p class=\"MsoNormal\">Igra uklju\u010duje:<\/p>\n<p>Baza<\/p>\n<p>Kolumne<\/p>\n<p>Prozirni zidovi<\/p>\n<p>Skloni\u0161te<\/p>\n<p>Biorazgradive posude za cvije\u0107e<\/p>\n<p>Vre\u0107ica organskog sjemena<\/p>\n<p>Treset<\/p>\n<p>\u0160alica s poklopcem<\/p>\n<p>Vre\u0107ica sjemena<\/p>\n<p>Kapaljka<\/p>\n<p>Lopatica<\/p>\n<p>Klije\u0161ta<\/p>\n<p>Ilustrirani priru\u010dnik s uputama<\/p>\n<p class=\"MsoNormal\">Pogodno za djecu od 7 godina i stariju<\/p>\n<p class=\"MsoNormal\" style=\"text-align: justify\">Proizvedeno u Italiji<\/p>\n<p class=\"MsoNormal\" style=\"text-align: justify\">Serija igra\u010daka &quot;U\u010di i stvaraj&quot; vode\u0107a je u kategoriji znanstvenih igra\u010daka, pru\u017eaju\u0107i bogatu opremu, detaljne informacije i upute za provo\u0111enje impresivnih sigurnih eksperimenata i konstrukcija, daju\u0107i tako djeci priliku da u\u010de o znanosti. Rije\u010d je o inovativnoj seriji igra\u010daka s kojima \u0107e se djeca zabaviti provode\u0107i eksperimente, koriste\u0107i znanstvene alate, otkrivaju\u0107i fiziku, kemiju, astronomiju, biologiju, botaniku, kao i glavne znanstvene i prirodne pojave. Igra\u010dke &quot;U\u010di i stvaraj&quot; najkreativniji su, ugodniji i najsigurniji na\u010din za djecu da nau\u010de tajne znanosti!<\/p>","protected":false},"excerpt":{"rendered":"<p class=\"MsoNormal\">Otkrijte tajne organske poljoprivrede i izgradite vlastiti prirodni staklenik!<\/p>\n<p class=\"MsoNormal\">Jeste li se ikada zapitali za\u0161to se tako zove?<\/p>\n<p class=\"MsoNormal\">S ovim organskim staklenikom nau\u010dit \u0107ete, uz zabavu, puno informacija o uzgoju povr\u0107a i kako ga mo\u017eete natjerati da nikne i raste bez upotrebe \u0161tetnih tvari! Isprobajte svoje vrtlarske vje\u0161tine sa posebnim posudama i organskim sjemenkama! Uklju\u010duje ilustrirane upute za uporabu s bogatim sadr\u017eajem o znanosti organske poljoprivrede, organskom sjemenu, uzgoju i sastavu tla, sustavu navodnjavanja kap po kap i mnogim drugim tajnama!<\/p>","protected":false},"featured_media":6909,"comment_status":"open","ping_status":"closed","template":"","meta":{"site-sidebar-layout":"default","site-content-layout":"","ast-site-content-layout":"default","site-content-style":"default","site-sidebar-style":"default","ast-global-header-display":"","ast-banner-title-visibility":"","ast-main-header-display":"","ast-hfb-above-header-display":"","ast-hfb-below-header-display":"","ast-hfb-mobile-header-display":"","site-post-title":"","ast-breadcrumbs-content":"","ast-featured-img":"","footer-sml-layout":"","ast-disable-related-posts":"","theme-transparent-header-meta":"default","adv-header-id-meta":"","stick-header-meta":"","header-above-stick-meta":"","header-main-stick-meta":"","header-below-stick-meta":"","astra-migrate-meta-layouts":"set","ast-page-background-enabled":"default","ast-page-background-meta":{"desktop":{"background-color":"var(--ast-global-color-5)","background-image":"","background-repeat":"repeat","background-position":"center center","background-size":"auto","background-attachment":"scroll","background-type":"","background-media":"","overlay-type":"","overlay-color":"","overlay-opacity":"","overlay-gradient":""},"tablet":{"background-color":"","background-image":"","background-repeat":"repeat","background-position":"center center","background-size":"auto","background-attachment":"scroll","background-type":"","background-media":"","overlay-type":"","overlay-color":"","overlay-opacity":"","overlay-gradient":""},"mobile":{"background-color":"","background-image":"","background-repeat":"repeat","background-position":"center center","background-size":"auto","background-attachment":"scroll","background-type":"","background-media":"","overlay-type":"","overlay-color":"","overlay-opacity":"","overlay-gradient":""}},"ast-content-background-meta":{"desktop":{"background-color":"var(--ast-global-color-4)","background-image":"","background-repeat":"repeat","background-position":"center center","background-size":"auto","background-attachment":"scroll","background-type":"","background-media":"","overlay-type":"","overlay-color":"","overlay-opacity":"","overlay-gradient":""},"tablet":{"background-color":"var(--ast-global-color-4)","background-image":"","background-repeat":"repeat","background-position":"center center","background-size":"auto","background-attachment":"scroll","background-type":"","background-media":"","overlay-type":"","overlay-color":"","overlay-opacity":"","overlay-gradient":""},"mobile":{"background-color":"var(--ast-global-color-4)","background-image":"","background-repeat":"repeat","background-position":"center center","background-size":"auto","background-attachment":"scroll","background-type":"","background-media":"","overlay-type":"","overlay-color":"","overlay-opacity":"","overlay-gradient":""}}},"product_brand":[114],"product_cat":[39,38,56,35,30,54,58,51],"product_tag":[],"class_list":{"0":"post-6908","1":"product","2":"type-product","3":"status-publish","4":"has-post-thumbnail","6":"product_brand-mathenw","7":"product_cat-39","8":"product_cat-38","9":"product_cat-56","10":"product_cat--10-12-","11":"product_cat--6-9-","12":"product_cat-54","13":"product_cat-58","14":"product_cat-51","15":"desktop-align-left","16":"tablet-align-left","17":"mobile-align-left","19":"first","20":"instock","21":"taxable","22":"shipping-taxable","23":"purchasable","24":"product-type-simple"},"_links":{"self":[{"href":"https:\/\/stem-eshop.gr\/hr\/wp-json\/wp\/v2\/product\/6908","targetHints":{"allow":["GET"]}}],"collection":[{"href":"https:\/\/stem-eshop.gr\/hr\/wp-json\/wp\/v2\/product"}],"about":[{"href":"https:\/\/stem-eshop.gr\/hr\/wp-json\/wp\/v2\/types\/product"}],"replies":[{"embeddable":true,"href":"https:\/\/stem-eshop.gr\/hr\/wp-json\/wp\/v2\/comments?post=6908"}],"wp:featuredmedia":[{"embeddable":true,"href":"https:\/\/stem-eshop.gr\/hr\/wp-json\/wp\/v2\/media\/6909"}],"wp:attachment":[{"href":"https:\/\/stem-eshop.gr\/hr\/wp-json\/wp\/v2\/media?parent=6908"}],"wp:term":[{"taxonomy":"product_brand","embeddable":true,"href":"https:\/\/stem-eshop.gr\/hr\/wp-json\/wp\/v2\/product_brand?post=6908"},{"taxonomy":"product_cat","embeddable":true,"href":"https:\/\/stem-eshop.gr\/hr\/wp-json\/wp\/v2\/product_cat?post=6908"},{"taxonomy":"product_tag","embeddable":true,"href":"https:\/\/stem-eshop.gr\/hr\/wp-json\/wp\/v2\/product_tag?post=6908"}],"curies":[{"name":"wp","href":"https:\/\/api.w.org\/{rel}","templated":true}]}}