{"id":6879,"date":"2025-05-19T08:54:50","date_gmt":"2025-05-19T08:54:50","guid":{"rendered":"https:\/\/stem-eshop.gr\/product\/dr-stem-t%ce%bf-%ce%ad%ce%be%cf%85%cf%80%ce%bd%ce%bf-%cf%83%cf%80%ce%af%cf%84%ce%b9-%cf%83%cf%84%ce%bf-%ce%b5%cf%81%ce%b3%ce%b1%cf%83%cf%84%ce%ae%cf%81%ce%b9%ce%bf-%ce%b4%ce%b5%ce%be%ce%b9%ce%bf\/"},"modified":"2025-12-31T09:06:27","modified_gmt":"2025-12-31T06:06:27","slug":"dr-stem-t%ce%bf-%ce%ad%ce%be%cf%85%cf%80%ce%bd%ce%bf-%cf%83%cf%80%ce%af%cf%84%ce%b9-%cf%83%cf%84%ce%bf-%ce%b5%cf%81%ce%b3%ce%b1%cf%83%cf%84%ce%ae%cf%81%ce%b9%ce%bf-%ce%b4%ce%b5%ce%be%ce%b9%ce%bf","status":"publish","type":"product","link":"https:\/\/stem-eshop.gr\/hr\/proizvod\/dr-stem-t%ce%bf-%ce%ad%ce%be%cf%85%cf%80%ce%bd%ce%bf-%cf%83%cf%80%ce%af%cf%84%ce%b9-%cf%83%cf%84%ce%bf-%ce%b5%cf%81%ce%b3%ce%b1%cf%83%cf%84%ce%ae%cf%81%ce%b9%ce%bf-%ce%b4%ce%b5%ce%be%ce%b9%ce%bf\/","title":{"rendered":"Dr. STEM \u2013 Pametni dom u laboratoriju vje\u0161tina \u2013 Knjiga 2"},"content":{"rendered":"<p class=\"MsoNormal\">Predlo\u017eene obrazovne aktivnosti predstavljene u drugoj knjizi serije Pametni dom u laboratoriju vje\u0161tina provode se kroz holisti\u010dki STE(A)M pristup s ciljevima:<\/p>\n<p class=\"MsoNormal\">razumijevanje koncepta automatizacije,<\/p>\n<p class=\"MsoNormal\">\n<p>kori\u0161tenje Arduino ra\u010dunalne platforme,<\/p>\n<p class=\"MsoNormal\">kori\u0161tenje senzora i aktuatora u izgradnji pametnog doma,<\/p>\n<p class=\"MsoNormal\">razvoj koda,<\/p>\n<p class=\"MsoNormal\">poznavanje procesa prou\u010davanja, dizajniranja, razvoja i evaluacije.<\/p>\n<p class=\"MsoNormal\">\n<p class=\"MsoNormal\"><span lang=\"en-us\" xml:lang=\"en-us\">The<\/span>\u00a0akronim\u00a0<span lang=\"en-us\" xml:lang=\"en-us\">ST<\/span>A<span lang=\"en-us\" xml:lang=\"en-us\">M<\/span>\u00a0(<span lang=\"en-us\" xml:lang=\"en-us\">Znanost<\/span>,\u00a0<span lang=\"en-us\" xml:lang=\"en-us\">Tehnologija<\/span>,\u00a0<span lang=\"en-us\" xml:lang=\"en-us\">In\u017eenjering<\/span>,\u00a0<span lang=\"en-us\" xml:lang=\"en-us\">Umjetnost<\/span>,\u00a0\u00a0<span lang=\"en-us\" xml:lang=\"en-us\">Matematika<\/span>\u00a0\u2013 znanost, tehnologija, in\u017eenjerstvo, umjetnost, matematika) koristi se za definiranje koncepta holisti\u010dkog pristupa u\u010denju kroz pet disciplina: znanost, tehnologiju, in\u017eenjerstvo, umjetnost i matematiku.<\/p>\n<p class=\"MsoNormal\">Umjetnost u svojim razli\u010ditim oblicima postaje va\u017ean dio obrazovanja\u00a0<span lang=\"en-us\" xml:lang=\"en-us\">ST<\/span>A<span lang=\"en-us\" xml:lang=\"en-us\">M<\/span>, jer ma\u0161ta i kreativnost \u010dine osnovu za nastanak inovacija, a istovremeno doprinose razvoju kriti\u010dkog mi\u0161ljenja.<\/p>\n<p class=\"MsoNormal\">The\u00a0<span lang=\"en-us\" xml:lang=\"en-us\">ST<\/span>A<span lang=\"en-us\" xml:lang=\"en-us\">M<\/span>\u00a0Uokviruje na\u010din na koji dje\u010dji um u\u010di dok istra\u017euje svijet, a istovremeno doprinosi razvoju ra\u010dunalnog mi\u0161ljenja!<\/p>\n<p class=\"MsoNormal\">Svima nam je jasno da rijetko rje\u0161avanje problema zahtijeva samo jedan skup znanja, poput matematike ili fizike ili kemije. Na primjer, zamislite arhitekta koji, kako bi projektirao slo\u017eene i sigurne zgrade, koristi kombinaciju mnogih znanosti, poput tehnologije, in\u017eenjerstva, umjetnosti i matematike!<\/p>\n<p class=\"MsoNormal\">Stoga,\u00a0<span lang=\"en-us\" xml:lang=\"en-us\">PARA<\/span>\u00a0je integracija i uklju\u010divanje razli\u010ditih znanja i znanstvenih podru\u010dja.<\/p>\n<p class=\"MsoNormal\">Kroz obrazovni pristup\u00a0\u00a0<span lang=\"en-us\" xml:lang=\"en-us\">ST<\/span>A<span lang=\"en-us\" xml:lang=\"en-us\">M<\/span>\u00a0Studenti primjenjuju prirodne znanosti, tehnologiju, in\u017eenjerstvo, umjetnost i matematiku, s ciljem: prona\u0107i rje\u0161enje za stvarni problem, razumjeti prirodne pojave ili razviti odgovaraju\u0107e vje\u0161tine koje \u0107e im pomo\u0107i da budu konkurentni na stalno promjenjivom tr\u017ei\u0161tu rada 21. stolje\u0107a.<\/p>\n<p class=\"MsoNormal\">Stoga\u00a0<span lang=\"en-us\" xml:lang=\"en-us\">PARA<\/span>\u00a0Sadr\u017ei \u010detiri elementa koja su prepoznata kao temeljna za obrazovanje 21. stolje\u0107a:<\/p>\n<p class=\"MsoNormal\">Kreativnost, kriti\u010dko razmi\u0161ljanje, suradnja i komunikacija<\/p>\n<p class=\"MsoNormal\">Obrazovanje\u00a0<span lang=\"en-us\" xml:lang=\"en-us\">ST<\/span>A<span lang=\"en-us\" xml:lang=\"en-us\">M<\/span>\u00a0sada je klju\u010dno, jer \u0107e vi\u0161e od 30 profesija zahtijevati znanje\u00a0<span lang=\"en-us\" xml:lang=\"en-us\">ST<\/span>A<span lang=\"en-us\" xml:lang=\"en-us\">M<\/span>\u00a0u bliskoj budu\u0107nosti!<\/p>\n<p class=\"MsoNormal\">Autori: Konstantinos Kalovrektis, Sarantos Psycharis<\/p>\n<p class=\"MsoNormal\">Dimenzija: 21 x 29 cm.<\/p>\n<p class=\"MsoNormal\">Stranice: 104<\/p>\n<p class=\"MsoNormal\">BARKOD: 9789605634506<\/p>\n<p class=\"MsoNormal\">ISBN: 978-960-563-450-6<\/p>\n<p class=\"MsoNormal\">Naslovnica: Meki uvez<\/p>\n<p class=\"MsoNormal\">Datum objave: 18.11.2021.<\/p>","protected":false},"excerpt":{"rendered":"<p class=\"MsoNormal\">Obrazovna serija Dr. STEM ima za cilj pomo\u0107i u\u010diteljima i u\u010denicima (u dobi od 8 godina i vi\u0161e) da se uklju\u010de u \u201eSTE(A)M vje\u0161tine\u201c, kako to zahtijeva gospodarstvo 21. stolje\u0107a i \u010detvrta industrijska revolucija, te da razviju mentalne vje\u0161tine s naglaskom na ra\u010dunalnom razmi\u0161ljanju.<\/p>","protected":false},"featured_media":5062,"comment_status":"open","ping_status":"closed","template":"","meta":{"site-sidebar-layout":"default","site-content-layout":"","ast-site-content-layout":"default","site-content-style":"default","site-sidebar-style":"default","ast-global-header-display":"","ast-banner-title-visibility":"","ast-main-header-display":"","ast-hfb-above-header-display":"","ast-hfb-below-header-display":"","ast-hfb-mobile-header-display":"","site-post-title":"","ast-breadcrumbs-content":"","ast-featured-img":"","footer-sml-layout":"","ast-disable-related-posts":"","theme-transparent-header-meta":"default","adv-header-id-meta":"","stick-header-meta":"","header-above-stick-meta":"","header-main-stick-meta":"","header-below-stick-meta":"","astra-migrate-meta-layouts":"set","ast-page-background-enabled":"default","ast-page-background-meta":{"desktop":{"background-color":"var(--ast-global-color-5)","background-image":"","background-repeat":"repeat","background-position":"center center","background-size":"auto","background-attachment":"scroll","background-type":"","background-media":"","overlay-type":"","overlay-color":"","overlay-opacity":"","overlay-gradient":""},"tablet":{"background-color":"","background-image":"","background-repeat":"repeat","background-position":"center center","background-size":"auto","background-attachment":"scroll","background-type":"","background-media":"","overlay-type":"","overlay-color":"","overlay-opacity":"","overlay-gradient":""},"mobile":{"background-color":"","background-image":"","background-repeat":"repeat","background-position":"center center","background-size":"auto","background-attachment":"scroll","background-type":"","background-media":"","overlay-type":"","overlay-color":"","overlay-opacity":"","overlay-gradient":""}},"ast-content-background-meta":{"desktop":{"background-color":"var(--ast-global-color-4)","background-image":"","background-repeat":"repeat","background-position":"center center","background-size":"auto","background-attachment":"scroll","background-type":"","background-media":"","overlay-type":"","overlay-color":"","overlay-opacity":"","overlay-gradient":""},"tablet":{"background-color":"var(--ast-global-color-4)","background-image":"","background-repeat":"repeat","background-position":"center center","background-size":"auto","background-attachment":"scroll","background-type":"","background-media":"","overlay-type":"","overlay-color":"","overlay-opacity":"","overlay-gradient":""},"mobile":{"background-color":"var(--ast-global-color-4)","background-image":"","background-repeat":"repeat","background-position":"center center","background-size":"auto","background-attachment":"scroll","background-type":"","background-media":"","overlay-type":"","overlay-color":"","overlay-opacity":"","overlay-gradient":""}}},"product_brand":[111],"product_cat":[25],"product_tag":[],"class_list":{"0":"post-6879","1":"product","2":"type-product","3":"status-publish","4":"has-post-thumbnail","6":"product_brand-ellinoekdotiki","7":"product_cat--steam","8":"desktop-align-left","9":"tablet-align-left","10":"mobile-align-left","12":"first","13":"instock","14":"taxable","15":"shipping-taxable","16":"purchasable","17":"product-type-simple"},"_links":{"self":[{"href":"https:\/\/stem-eshop.gr\/hr\/wp-json\/wp\/v2\/product\/6879","targetHints":{"allow":["GET"]}}],"collection":[{"href":"https:\/\/stem-eshop.gr\/hr\/wp-json\/wp\/v2\/product"}],"about":[{"href":"https:\/\/stem-eshop.gr\/hr\/wp-json\/wp\/v2\/types\/product"}],"replies":[{"embeddable":true,"href":"https:\/\/stem-eshop.gr\/hr\/wp-json\/wp\/v2\/comments?post=6879"}],"wp:featuredmedia":[{"embeddable":true,"href":"https:\/\/stem-eshop.gr\/hr\/wp-json\/wp\/v2\/media\/5062"}],"wp:attachment":[{"href":"https:\/\/stem-eshop.gr\/hr\/wp-json\/wp\/v2\/media?parent=6879"}],"wp:term":[{"taxonomy":"product_brand","embeddable":true,"href":"https:\/\/stem-eshop.gr\/hr\/wp-json\/wp\/v2\/product_brand?post=6879"},{"taxonomy":"product_cat","embeddable":true,"href":"https:\/\/stem-eshop.gr\/hr\/wp-json\/wp\/v2\/product_cat?post=6879"},{"taxonomy":"product_tag","embeddable":true,"href":"https:\/\/stem-eshop.gr\/hr\/wp-json\/wp\/v2\/product_tag?post=6879"}],"curies":[{"name":"wp","href":"https:\/\/api.w.org\/{rel}","templated":true}]}}