{"id":6875,"date":"2025-05-19T08:54:49","date_gmt":"2025-05-19T08:54:49","guid":{"rendered":"https:\/\/stem-eshop.gr\/product\/%ce%b5%ce%ba%cf%80%ce%b1%ce%b9%ce%b4%ce%b5%cf%85%cf%84%ce%b9%ce%ba%ce%ae-%cf%81%ce%bf%ce%bc%cf%80%ce%bf%cf%84%ce%b9%ce%ba%ce%ae-%ce%bc%ce%b5-spike-prime-%cf%84%cf%8c%ce%bc%ce%bf%cf%82-3\/"},"modified":"2025-10-23T13:09:52","modified_gmt":"2025-10-23T10:09:52","slug":"%ce%b5%ce%ba%cf%80%ce%b1%ce%b9%ce%b4%ce%b5%cf%85%cf%84%ce%b9%ce%ba%ce%ae-%cf%81%ce%bf%ce%bc%cf%80%ce%bf%cf%84%ce%b9%ce%ba%ce%ae-%ce%bc%ce%b5-spike-prime-%cf%84%cf%8c%ce%bc%ce%bf%cf%82-3","status":"publish","type":"product","link":"https:\/\/stem-eshop.gr\/hr\/proizvod\/%ce%b5%ce%ba%cf%80%ce%b1%ce%b9%ce%b4%ce%b5%cf%85%cf%84%ce%b9%ce%ba%ce%ae-%cf%81%ce%bf%ce%bc%cf%80%ce%bf%cf%84%ce%b9%ce%ba%ce%ae-%ce%bc%ce%b5-spike-prime-%cf%84%cf%8c%ce%bc%ce%bf%cf%82-3\/","title":{"rendered":"Obrazovna robotika sa Spikeom Primeom (3. svezak)"},"content":{"rendered":"<p class=\"MsoNormal\">Posebnost ove knjige je u tome \u0161to su svi programski kodovi koji su razvijeni i analizirani napisani u Python programskom jeziku visoke razine, a ne tradicionalnim Words Blocks. Karakteristika Pythona je njegova jednostavnost, jer nema slo\u017eenu sintaksu ili te\u0161ko razumljiva pravila, \u0161to po\u010detnicima programerima olak\u0161ava uklju\u010divanje u njegovo u\u010denje. Zapravo, budu\u0107i da su sve upute analizirane korak po korak, s mnogo slika za bolje razumijevanje, ovu knjigu mogu koristiti i nastavnici razli\u010ditih specijalnosti koji su stekli potrebno znanje i poznavanje Spike Primea kroz prva dva sveska.<\/p>\n<p class=\"MsoNormal\">Prekrasno putovanje u svijet robotike bli\u017ei se kraju...<\/p>\n<p class=\"MsoNormal\">Autori: Argyris Koureas, Konstantinos Natsikas, Alkiviadis Tsimiris<\/p>\n<p class=\"MsoNormal\">Te\u017eina: 0,242 kg.<\/p>\n<p class=\"MsoNormal\">Stranice: 112<\/p>\n<p class=\"MsoNormal\">ISBN: 9786182021255<\/p>\n<p class=\"MsoNormal\">Godina izdanja: 2023<\/p>\n<p class=\"MsoNormal\">Dimenzije: 17\u00d724 cm<\/p>\n<p class=\"MsoNormal\">Unutra\u0161njost knjige: Obojena<\/p>\n<p class=\"MsoNormal\">Jezik: gr\u010dki<\/p>","protected":false},"excerpt":{"rendered":"<p class=\"MsoNormal\">Tre\u0107i dio nove serije knjiga Educational Robotics, temeljen na Spike Primeu (verzija 2.+.+), novom obrazovnom paketu tvrtke Lego Education, namijenjen je i u\u010denicima i odraslima koji su stekli sva potrebna znanja programiranja iz prva dva dijela.<\/p>","protected":false},"featured_media":5047,"comment_status":"open","ping_status":"closed","template":"","meta":{"site-sidebar-layout":"default","site-content-layout":"","ast-site-content-layout":"default","site-content-style":"default","site-sidebar-style":"default","ast-global-header-display":"","ast-banner-title-visibility":"","ast-main-header-display":"","ast-hfb-above-header-display":"","ast-hfb-below-header-display":"","ast-hfb-mobile-header-display":"","site-post-title":"","ast-breadcrumbs-content":"","ast-featured-img":"","footer-sml-layout":"","ast-disable-related-posts":"","theme-transparent-header-meta":"default","adv-header-id-meta":"","stick-header-meta":"","header-above-stick-meta":"","header-main-stick-meta":"","header-below-stick-meta":"","astra-migrate-meta-layouts":"set","ast-page-background-enabled":"default","ast-page-background-meta":{"desktop":{"background-color":"var(--ast-global-color-5)","background-image":"","background-repeat":"repeat","background-position":"center center","background-size":"auto","background-attachment":"scroll","background-type":"","background-media":"","overlay-type":"","overlay-color":"","overlay-opacity":"","overlay-gradient":""},"tablet":{"background-color":"","background-image":"","background-repeat":"repeat","background-position":"center center","background-size":"auto","background-attachment":"scroll","background-type":"","background-media":"","overlay-type":"","overlay-color":"","overlay-opacity":"","overlay-gradient":""},"mobile":{"background-color":"","background-image":"","background-repeat":"repeat","background-position":"center center","background-size":"auto","background-attachment":"scroll","background-type":"","background-media":"","overlay-type":"","overlay-color":"","overlay-opacity":"","overlay-gradient":""}},"ast-content-background-meta":{"desktop":{"background-color":"var(--ast-global-color-4)","background-image":"","background-repeat":"repeat","background-position":"center center","background-size":"auto","background-attachment":"scroll","background-type":"","background-media":"","overlay-type":"","overlay-color":"","overlay-opacity":"","overlay-gradient":""},"tablet":{"background-color":"var(--ast-global-color-4)","background-image":"","background-repeat":"repeat","background-position":"center center","background-size":"auto","background-attachment":"scroll","background-type":"","background-media":"","overlay-type":"","overlay-color":"","overlay-opacity":"","overlay-gradient":""},"mobile":{"background-color":"var(--ast-global-color-4)","background-image":"","background-repeat":"repeat","background-position":"center center","background-size":"auto","background-attachment":"scroll","background-type":"","background-media":"","overlay-type":"","overlay-color":"","overlay-opacity":"","overlay-gradient":""}}},"product_brand":[108],"product_cat":[25],"product_tag":[],"class_list":{"0":"post-6875","1":"product","2":"type-product","3":"status-publish","4":"has-post-thumbnail","6":"product_brand-disigma","7":"product_cat--steam","8":"desktop-align-left","9":"tablet-align-left","10":"mobile-align-left","12":"first","13":"instock","14":"taxable","15":"shipping-taxable","16":"purchasable","17":"product-type-simple"},"_links":{"self":[{"href":"https:\/\/stem-eshop.gr\/hr\/wp-json\/wp\/v2\/product\/6875","targetHints":{"allow":["GET"]}}],"collection":[{"href":"https:\/\/stem-eshop.gr\/hr\/wp-json\/wp\/v2\/product"}],"about":[{"href":"https:\/\/stem-eshop.gr\/hr\/wp-json\/wp\/v2\/types\/product"}],"replies":[{"embeddable":true,"href":"https:\/\/stem-eshop.gr\/hr\/wp-json\/wp\/v2\/comments?post=6875"}],"wp:featuredmedia":[{"embeddable":true,"href":"https:\/\/stem-eshop.gr\/hr\/wp-json\/wp\/v2\/media\/5047"}],"wp:attachment":[{"href":"https:\/\/stem-eshop.gr\/hr\/wp-json\/wp\/v2\/media?parent=6875"}],"wp:term":[{"taxonomy":"product_brand","embeddable":true,"href":"https:\/\/stem-eshop.gr\/hr\/wp-json\/wp\/v2\/product_brand?post=6875"},{"taxonomy":"product_cat","embeddable":true,"href":"https:\/\/stem-eshop.gr\/hr\/wp-json\/wp\/v2\/product_cat?post=6875"},{"taxonomy":"product_tag","embeddable":true,"href":"https:\/\/stem-eshop.gr\/hr\/wp-json\/wp\/v2\/product_tag?post=6875"}],"curies":[{"name":"wp","href":"https:\/\/api.w.org\/{rel}","templated":true}]}}