{"id":6867,"date":"2025-05-19T08:54:46","date_gmt":"2025-05-19T08:54:46","guid":{"rendered":"https:\/\/stem-eshop.gr\/product\/%ce%bc%ce%b9%ce%ba%cf%81%ce%ae-%ce%b2%ce%b9%ce%b2%ce%bb%ce%b9%ce%bf%ce%b8%ce%ae%ce%ba%ce%b7-%ce%b3%ce%b9%ce%b1-%ce%bd%ce%b5%ce%b1%cf%81%ce%ac-%ce%b1%ce%bd%ce%ae%cf%83%cf%85%cf%87%ce%b1-%cf%80%ce%bd\/"},"modified":"2025-05-22T21:13:35","modified_gmt":"2025-05-22T18:13:35","slug":"%ce%bc%ce%b9%ce%ba%cf%81%ce%ae-%ce%b2%ce%b9%ce%b2%ce%bb%ce%b9%ce%bf%ce%b8%ce%ae%ce%ba%ce%b7-%ce%b3%ce%b9%ce%b1-%ce%bd%ce%b5%ce%b1%cf%81%ce%ac-%ce%b1%ce%bd%ce%ae%cf%83%cf%85%cf%87%ce%b1-%cf%80%ce%bd","status":"publish","type":"product","link":"https:\/\/stem-eshop.gr\/hr\/proizvod\/%ce%bc%ce%b9%ce%ba%cf%81%ce%ae-%ce%b2%ce%b9%ce%b2%ce%bb%ce%b9%ce%bf%ce%b8%ce%ae%ce%ba%ce%b7-%ce%b3%ce%b9%ce%b1-%ce%bd%ce%b5%ce%b1%cf%81%ce%ac-%ce%b1%ce%bd%ce%ae%cf%83%cf%85%cf%87%ce%b1-%cf%80%ce%bd\/","title":{"rendered":"Mala knji\u017enica za mlade nemirne du\u0161e 3: Roboti, gadgeti i umjetna inteligencija\u2026 i kako mijenjaju na\u0161 svijet"},"content":{"rendered":"<p><span style=\"color:#222222;font-family:Commissioner, sans-serif;font-size:16px;background-color:#ffffff\">Jeste li se ikada pitali \u0161to je umjetna inteligencija? \u017delite li nau\u010diti kako roboti rade? Ova knjiga \u0107e vas nau\u010diti svemu \u0161to trebate znati!<\/span><br style=\"margin:0px;padding:0px;font-family:Commissioner, sans-serif;line-height:normal;color:#222222;font-size:16px;background-color:#ffffff\" \/><span style=\"color:#222222;font-family:Commissioner, sans-serif;font-size:16px;background-color:#ffffff\">Otkrit \u0107e vam tajne umjetne inteligencije i informacije o robotima pro\u0161losti i budu\u0107nosti.<\/span><br style=\"margin:0px;padding:0px;font-family:Commissioner, sans-serif;line-height:normal;color:#222222;font-size:16px;background-color:#ffffff\" \/><span style=\"color:#222222;font-family:Commissioner, sans-serif;font-size:16px;background-color:#ffffff\">Pru\u017eit \u0107e vam \u010dinjenice, brojke i terminologiju potrebnu da biste govorili kao znanstvenik.<\/span><br style=\"margin:0px;padding:0px;font-family:Commissioner, sans-serif;line-height:normal;color:#222222;font-size:16px;background-color:#ffffff\" \/><span style=\"color:#222222;font-family:Commissioner, sans-serif;font-size:16px;background-color:#ffffff\">Inspirirat \u0107e vas fotografijama, slikama, skicama i pri\u010dama o robotskim herojima.<\/span><br style=\"margin:0px;padding:0px;font-family:Commissioner, sans-serif;line-height:normal;color:#222222;font-size:16px;background-color:#ffffff\" \/><br style=\"margin:0px;padding:0px;font-family:Commissioner, sans-serif;line-height:normal;color:#222222;font-size:16px;background-color:#ffffff\" \/><span style=\"color:#222222;font-family:Commissioner, sans-serif;font-size:16px;background-color:#ffffff\">Svaka knjiga sadr\u017ei 150-200 slika u boji (stripovi, fotografije i dijagrami), kao i glosar i kazalo pojmova.<\/span><\/p>\n<p><span style=\"color:#222222;font-family:Commissioner, sans-serif;font-size:16px;background-color:#ffffff\">Serija se temelji na originalnim engleskim izdanjima Oxford University Pressa i predstavlja pro\u0161irenje uspje\u0161ne istoimene serije za odrasle (koja sada broji preko 700 naslova i prevedena je na 51 jezik).<\/span><br style=\"margin:0px;padding:0px;font-family:Commissioner, sans-serif;line-height:normal;color:#222222;font-size:16px;background-color:#ffffff\" \/><br style=\"margin:0px;padding:0px;font-family:Commissioner, sans-serif;line-height:normal;color:#222222;font-size:16px;background-color:#ffffff\" \/><img decoding=\"async\" src=\"https:\/\/api.metaixmio.gr\/data\/manager\/blogs\/oxford_university_press_logo.jpg\" alt=\"Oxford University Press\" style=\"margin:0px;padding:0px;max-width:none;vertical-align:middle;font-family:Commissioner, sans-serif;line-height:normal;color:#222222;font-size:16px;background-color:#ffffff;height:104px;width:300px\" \/><span style=\"color:#222222;font-family:Commissioner, sans-serif;font-size:16px;background-color:#ffffff\"><\/span><\/p>\n<p class=\"MsoNormal\"><span lang=\"en-us\" xml:lang=\"en-us\">Ja<\/span>SBN<span lang=\"en-us\" xml:lang=\"en-us\">: <\/span>978-618-03-3019-9<\/p>\n<\/p>\n<p class=\"MsoNormal\">Datum izdavanja<span lang=\"en-us\" xml:lang=\"en-us\">: <\/span>13\/10\/2022<\/p>\n<\/p>\n<p class=\"MsoNormal\">Autor: <a href=\"https:\/\/www.metaixmio.gr\/el\/contributor\/tom-jackson?code=author\" rel=\"noopener\"><span style=\"text-decoration:none\">Tom Jackson<\/span><\/a><\/p>\n<\/p>\n<p class=\"MsoNormal\">Prijevod: Irini Paidousi<\/p>\n<\/p>\n<p class=\"MsoNormal\">Ilustracija<span lang=\"en-us\" xml:lang=\"en-us\">: <\/span><a href=\"https:\/\/www.metaixmio.gr\/el\/contributor\/ana-seixas?code=illustrator\" rel=\"noopener\"><span lang=\"en-us\" style=\"text-decoration:none\" xml:lang=\"en-us\">Ana Seixas,\u00a0<\/span><\/a><a href=\"https:\/\/www.metaixmio.gr\/el\/contributor\/adam-quest?code=illustrator\" rel=\"noopener\"><span lang=\"en-us\" style=\"text-decoration:none\" xml:lang=\"en-us\">Adam Quest<\/span><\/a><span lang=\"en-us\" xml:lang=\"en-us\"><\/span><\/p>\n<\/p>\n<p class=\"MsoNormal\">Dobna kategorija: <a href=\"https:\/\/www.metaixmio.gr\/categories\/catalog?q=attr:%CE%97%CE%BB%CE%B9%CE%BA%CE%B9%CE%B1%CE%BA%CE%AE%20%CE%BA%CE%B1%CF%84%CE%B7%CE%B3%CE%BF%CF%81%CE%AF%CE%B1;%CE%93%CE%B9%CE%B1%20%CF%80%CE%B1%CE%B9%CE%B4%CE%B9%CE%AC%20%CE%B1%CF%80%CF%8C%209%20%CE%B5%CF%84%CF%8E%CE%BD\" rel=\"noopener\"><span style=\"text-decoration:none\">Za djecu od 9 godina<\/span><\/a><\/p>\n<\/p>\n<p class=\"MsoNormal\">Broj serije knjiga: 3<\/p>\n<\/p>\n<p class=\"MsoNormal\">Stranice: 96<\/p>\n<\/p>\n<p class=\"MsoNormal\">Vrsta korica: Meki uvez<\/p>\n<\/p>\n<p class=\"MsoNormal\">Dimenzije: 11,1 x 17,4<\/p>\n<\/p>\n<p class=\"MsoNormal\">Naslov na stranom jeziku: <span lang=\"en-us\" xml:lang=\"en-us\">Roboti<\/span>, <span lang=\"en-us\" xml:lang=\"en-us\">Gadgeti<\/span><span lang=\"en-us\" xml:lang=\"en-us\"> <\/span><span lang=\"en-us\" xml:lang=\"en-us\">i<\/span><span lang=\"en-us\" xml:lang=\"en-us\"> <\/span><span lang=\"en-us\" xml:lang=\"en-us\">Umjetno<\/span><span lang=\"en-us\" xml:lang=\"en-us\"> <\/span><span lang=\"en-us\" xml:lang=\"en-us\">Inteligencija<\/span><\/p><\/p>","protected":false},"excerpt":{"rendered":"<p><span style=\"color:#222222;font-family:Commissioner, sans-serif;font-size:16px;background-color:#ffffff\">Nova serija knjiga znanja, vrijedan enciklopedijski alat koji jam\u010di Oxford University Press. Stru\u010dnjaci u svakom podru\u010dju pi\u0161u na razumljiv na\u010din koji djecu upoznaje sa svakom temom na samo nekoliko stranica.<\/span><\/p>","protected":false},"featured_media":5029,"comment_status":"open","ping_status":"closed","template":"","meta":{"site-sidebar-layout":"default","site-content-layout":"","ast-site-content-layout":"default","site-content-style":"default","site-sidebar-style":"default","ast-global-header-display":"","ast-banner-title-visibility":"","ast-main-header-display":"","ast-hfb-above-header-display":"","ast-hfb-below-header-display":"","ast-hfb-mobile-header-display":"","site-post-title":"","ast-breadcrumbs-content":"","ast-featured-img":"","footer-sml-layout":"","ast-disable-related-posts":"","theme-transparent-header-meta":"","adv-header-id-meta":"","stick-header-meta":"","header-above-stick-meta":"","header-main-stick-meta":"","header-below-stick-meta":"","astra-migrate-meta-layouts":"default","ast-page-background-enabled":"default","ast-page-background-meta":{"desktop":{"background-color":"var(--ast-global-color-5)","background-image":"","background-repeat":"repeat","background-position":"center center","background-size":"auto","background-attachment":"scroll","background-type":"","background-media":"","overlay-type":"","overlay-color":"","overlay-opacity":"","overlay-gradient":""},"tablet":{"background-color":"","background-image":"","background-repeat":"repeat","background-position":"center center","background-size":"auto","background-attachment":"scroll","background-type":"","background-media":"","overlay-type":"","overlay-color":"","overlay-opacity":"","overlay-gradient":""},"mobile":{"background-color":"","background-image":"","background-repeat":"repeat","background-position":"center center","background-size":"auto","background-attachment":"scroll","background-type":"","background-media":"","overlay-type":"","overlay-color":"","overlay-opacity":"","overlay-gradient":""}},"ast-content-background-meta":{"desktop":{"background-color":"var(--ast-global-color-4)","background-image":"","background-repeat":"repeat","background-position":"center center","background-size":"auto","background-attachment":"scroll","background-type":"","background-media":"","overlay-type":"","overlay-color":"","overlay-opacity":"","overlay-gradient":""},"tablet":{"background-color":"var(--ast-global-color-4)","background-image":"","background-repeat":"repeat","background-position":"center center","background-size":"auto","background-attachment":"scroll","background-type":"","background-media":"","overlay-type":"","overlay-color":"","overlay-opacity":"","overlay-gradient":""},"mobile":{"background-color":"var(--ast-global-color-4)","background-image":"","background-repeat":"repeat","background-position":"center center","background-size":"auto","background-attachment":"scroll","background-type":"","background-media":"","overlay-type":"","overlay-color":"","overlay-opacity":"","overlay-gradient":""}}},"product_brand":[115],"product_cat":[25],"product_tag":[],"class_list":{"0":"post-6867","1":"product","2":"type-product","3":"status-publish","4":"has-post-thumbnail","6":"product_brand-metaixmio","7":"product_cat--steam","8":"desktop-align-left","9":"tablet-align-left","10":"mobile-align-left","12":"first","13":"instock","14":"taxable","15":"shipping-taxable","16":"purchasable","17":"product-type-simple"},"_links":{"self":[{"href":"https:\/\/stem-eshop.gr\/hr\/wp-json\/wp\/v2\/product\/6867","targetHints":{"allow":["GET"]}}],"collection":[{"href":"https:\/\/stem-eshop.gr\/hr\/wp-json\/wp\/v2\/product"}],"about":[{"href":"https:\/\/stem-eshop.gr\/hr\/wp-json\/wp\/v2\/types\/product"}],"replies":[{"embeddable":true,"href":"https:\/\/stem-eshop.gr\/hr\/wp-json\/wp\/v2\/comments?post=6867"}],"wp:featuredmedia":[{"embeddable":true,"href":"https:\/\/stem-eshop.gr\/hr\/wp-json\/wp\/v2\/media\/5029"}],"wp:attachment":[{"href":"https:\/\/stem-eshop.gr\/hr\/wp-json\/wp\/v2\/media?parent=6867"}],"wp:term":[{"taxonomy":"product_brand","embeddable":true,"href":"https:\/\/stem-eshop.gr\/hr\/wp-json\/wp\/v2\/product_brand?post=6867"},{"taxonomy":"product_cat","embeddable":true,"href":"https:\/\/stem-eshop.gr\/hr\/wp-json\/wp\/v2\/product_cat?post=6867"},{"taxonomy":"product_tag","embeddable":true,"href":"https:\/\/stem-eshop.gr\/hr\/wp-json\/wp\/v2\/product_tag?post=6867"}],"curies":[{"name":"wp","href":"https:\/\/api.w.org\/{rel}","templated":true}]}}