{"id":6864,"date":"2025-05-19T08:54:45","date_gmt":"2025-05-19T08:54:45","guid":{"rendered":"https:\/\/stem-eshop.gr\/product\/%ce%b4%ce%b9%ce%b4%ce%b1%ce%ba%cf%84%ce%b9%ce%ba%ce%b7-%cf%83%cf%87%ce%b5%ce%b4%ce%b9%ce%b1%cf%83%ce%bc%ce%bf%cf%83-%ce%b5%ce%ba%cf%80%ce%b1%ce%b9%ce%b4%ce%b5%cf%85%cf%84%ce%b9%ce%ba%cf%89%ce%bd\/"},"modified":"2025-05-22T21:13:35","modified_gmt":"2025-05-22T18:13:35","slug":"%ce%b4%ce%b9%ce%b4%ce%b1%ce%ba%cf%84%ce%b9%ce%ba%ce%b7-%cf%83%cf%87%ce%b5%ce%b4%ce%b9%ce%b1%cf%83%ce%bc%ce%bf%cf%83-%ce%b5%ce%ba%cf%80%ce%b1%ce%b9%ce%b4%ce%b5%cf%85%cf%84%ce%b9%ce%ba%cf%89%ce%bd","status":"publish","type":"product","link":"https:\/\/stem-eshop.gr\/hr\/proizvod\/%ce%b4%ce%b9%ce%b4%ce%b1%ce%ba%cf%84%ce%b9%ce%ba%ce%b7-%cf%83%cf%87%ce%b5%ce%b4%ce%b9%ce%b1%cf%83%ce%bc%ce%bf%cf%83-%ce%b5%ce%ba%cf%80%ce%b1%ce%b9%ce%b4%ce%b5%cf%85%cf%84%ce%b9%ce%ba%cf%89%ce%bd\/","title":{"rendered":"POU\u010cAVANJE I DIZAJN STEM I IKT OBRAZOVNIH AKTIVNOSTI"},"content":{"rendered":"<p><span style=\"font-family:'Open Sans';font-size:14px;text-align:justify;background-color:#ffffff\">\u201eRa\u010dunarstvo\u201c i STEM su puno vi\u0161e od ra\u010dunalne znanosti i u biti su metoda koja uklju\u010duje u\u010denike - na svim razinama obrazovanja - u znanstveno razmi\u0161ljanje, dok se istovremeno smatra nastavnom intervencijom za rje\u0161avanje problema koji uklju\u010duju ra\u010dunalnu znanost. Nije slu\u010dajno da instituti za obrazovnu politiku u razvijenim zemljama sura\u0111uju sa sveu\u010dili\u0161tima, ali i s Googleom i Microsoftom, kako bi stvorili nove nastavne planove i programe za sljede\u0107u generaciju studenata, dok se veliki broj preddiplomskih i poslijediplomskih odjela sada poziva na ra\u010dunalnu znanost. Ova je knjiga korisna za studente preddiplomskih i poslijediplomskih studija na obrazovnim odjelima koji se bave novim tehnologijama i \u017eele dublje istra\u017eiti teme poput ra\u010dunalnog razmi\u0161ljanja, STEM-a, ra\u010dunalne znanosti, koncepta modela itd. Tako\u0111er je namijenjena studentima preddiplomskih i poslijediplomskih studija znanosti i in\u017eenjerstva, koji bi trebali biti upoznati s ra\u010dunalnim razmi\u0161ljanjem i njegovim karakteristikama, jer \u0107e, bilo kao edukatori ili kao znanstvenici\/in\u017eenjeri, biti pozvani da se s njim bave i primjenjuju ga izravno ili neizravno. Kona\u010dno, namijenjena je i edukatorima koji se \u017eele obrazovati o pitanjima ra\u010dunalnog razmi\u0161ljanja i sami razvijati simulacijske modele, tako da se razvoj modela ne smatra crnom kutijom.<\/span><\/p>\n<p><span style=\"font-family:'Open Sans';font-size:14px;text-align:justify;background-color:#ffffff\"><\/span><\/p>\n<p>Sadr\u017ei:<span style=\"font-family:'Open Sans';font-size:14px;text-align:justify;background-color:#ffffff\">\u00a0DIO I: POU\u010cAVANJE, Teorije u\u010denja, Modeli pou\u010davanja, DIO II: RA\u010cUNALNO RAZMI\u0160LJANJE, STEM I SCENARIJI POU\u010cAVANJA, Ra\u010dunalna znanost i ra\u010dunalno razmi\u0161ljanje u obrazovanju \/ Epistemolo\u0161ka i metodolo\u0161ka perspektiva, STEM i ra\u010dunalno razmi\u0161ljanje u nastavi \/ Uvod u STEM teoriju i metodologiju, Dizajn STEM i ICT scenarija pou\u010davanja, STEM bez ra\u010dunala, Posebne obrazovne aktivnosti i STEM, DIO III: MATERIJALI, Materijali za STEM obrazovne aktivnosti, STEM softver za podr\u0161ku, DIO IV: PLATFORME ZA RAZVOJ STEM OBRAZOVNIH AKTIVNOSTI, ARDUINO platforma za STEM obrazovne aktivnosti, Raspberry Pi platforma za razvoj STEM aktivnosti sa Scratchom i Pythonom, Obrazovna robotika, LabVIEW za STEM obrazovne aktivnosti, Razvoj obrazovnih aplikacija s EJS-om, Bibliografija, Kazalo.<\/span><span style=\"font-family:'Open Sans';font-size:14px;text-align:justify;background-color:#ffffff\"><\/span><\/p>\n<p><span style=\"font-family:'Open Sans';font-size:14px;text-align:justify;background-color:#ffffff\"><\/span><\/p>\n<p>ISBN<span style=\"font-family:'Open Sans';font-size:14px;background-color:#ffffff\">: 978-960-418-706-5<\/span><br style=\"font-family:'Open Sans';font-size:14px;background-color:#ffffff\" \/>Eudoksov zakonik<span style=\"font-family:'Open Sans';font-size:14px;background-color:#ffffff\">: 68374254<\/span><br style=\"font-family:'Open Sans';font-size:14px;background-color:#ffffff\" \/>Izdati<span style=\"font-family:'Open Sans';font-size:14px;background-color:#ffffff\">: 1. izdanje<\/span><br style=\"font-family:'Open Sans';font-size:14px;background-color:#ffffff\" \/>Godina izdanja<span style=\"font-family:'Open Sans';font-size:14px;background-color:#ffffff\">: 2017<\/span><br style=\"font-family:'Open Sans';font-size:14px;background-color:#ffffff\" \/>Stranice<span style=\"font-family:'Open Sans';font-size:14px;background-color:#ffffff\">: 608<\/span><br style=\"font-family:'Open Sans';font-size:14px;background-color:#ffffff\" \/>Tisak<span style=\"font-family:'Open Sans';font-size:14px;background-color:#ffffff\">\u010cetverobojni<\/span><br style=\"font-family:'Open Sans';font-size:14px;background-color:#ffffff\" \/>Dimenzije<span style=\"font-family:'Open Sans';font-size:14px;background-color:#ffffff\">21 x 29<\/span><br style=\"font-family:'Open Sans';font-size:14px;background-color:#ffffff\" \/>Poklopac<span style=\"font-family:'Open Sans';font-size:14px;background-color:#ffffff\">Te\u0161ko<\/span><br style=\"font-family:'Open Sans';font-size:14px;background-color:#ffffff\" \/>Izdava\u010d<span style=\"font-family:'Open Sans';font-size:14px;background-color:#ffffff\">: TZIOLA Publications<\/span><span style=\"font-family:'Open Sans';font-size:14px;text-align:justify;background-color:#ffffff\"><\/span><\/p>","protected":false},"excerpt":{"rendered":"<p><span style=\"font-family:'Open Sans';font-size:14px;text-align:justify;background-color:#ffffff\">Ova je knjiga napisana s ciljem da studentima Pedago\u0161kih odsjeka i drugih odsjeka pozitivnog smjera koji se bave didaktikom, te suvremenom pedagogu, predstavlja cjeloviti vodi\u010d za razvoj obrazovnih aktivnosti koje \u201eintegriraju\u201c STEM s obrazovanjem na interdisciplinarni na\u010din. Ova je knjiga u biti prva knjiga koja analizira teoriju i metodologiju STEM-a, dok se kroz primjere primjenjuje tzv. \u201era\u010dunalstvo\u201c koje pro\u017eima informacijske i komunikacijske tehnologije (IKT) prema aktualnim trendovima u Europi i Americi.<\/span><\/p>","protected":false},"featured_media":5021,"comment_status":"open","ping_status":"closed","template":"","meta":{"site-sidebar-layout":"default","site-content-layout":"","ast-site-content-layout":"default","site-content-style":"default","site-sidebar-style":"default","ast-global-header-display":"","ast-banner-title-visibility":"","ast-main-header-display":"","ast-hfb-above-header-display":"","ast-hfb-below-header-display":"","ast-hfb-mobile-header-display":"","site-post-title":"","ast-breadcrumbs-content":"","ast-featured-img":"","footer-sml-layout":"","ast-disable-related-posts":"","theme-transparent-header-meta":"","adv-header-id-meta":"","stick-header-meta":"","header-above-stick-meta":"","header-main-stick-meta":"","header-below-stick-meta":"","astra-migrate-meta-layouts":"default","ast-page-background-enabled":"default","ast-page-background-meta":{"desktop":{"background-color":"var(--ast-global-color-5)","background-image":"","background-repeat":"repeat","background-position":"center center","background-size":"auto","background-attachment":"scroll","background-type":"","background-media":"","overlay-type":"","overlay-color":"","overlay-opacity":"","overlay-gradient":""},"tablet":{"background-color":"","background-image":"","background-repeat":"repeat","background-position":"center center","background-size":"auto","background-attachment":"scroll","background-type":"","background-media":"","overlay-type":"","overlay-color":"","overlay-opacity":"","overlay-gradient":""},"mobile":{"background-color":"","background-image":"","background-repeat":"repeat","background-position":"center center","background-size":"auto","background-attachment":"scroll","background-type":"","background-media":"","overlay-type":"","overlay-color":"","overlay-opacity":"","overlay-gradient":""}},"ast-content-background-meta":{"desktop":{"background-color":"var(--ast-global-color-4)","background-image":"","background-repeat":"repeat","background-position":"center center","background-size":"auto","background-attachment":"scroll","background-type":"","background-media":"","overlay-type":"","overlay-color":"","overlay-opacity":"","overlay-gradient":""},"tablet":{"background-color":"var(--ast-global-color-4)","background-image":"","background-repeat":"repeat","background-position":"center center","background-size":"auto","background-attachment":"scroll","background-type":"","background-media":"","overlay-type":"","overlay-color":"","overlay-opacity":"","overlay-gradient":""},"mobile":{"background-color":"var(--ast-global-color-4)","background-image":"","background-repeat":"repeat","background-position":"center center","background-size":"auto","background-attachment":"scroll","background-type":"","background-media":"","overlay-type":"","overlay-color":"","overlay-opacity":"","overlay-gradient":""}}},"product_brand":[110],"product_cat":[25],"product_tag":[],"class_list":{"0":"post-6864","1":"product","2":"type-product","3":"status-publish","4":"has-post-thumbnail","6":"product_brand-tziola","7":"product_cat--steam","8":"desktop-align-left","9":"tablet-align-left","10":"mobile-align-left","12":"first","13":"instock","14":"taxable","15":"shipping-taxable","16":"purchasable","17":"product-type-simple"},"_links":{"self":[{"href":"https:\/\/stem-eshop.gr\/hr\/wp-json\/wp\/v2\/product\/6864","targetHints":{"allow":["GET"]}}],"collection":[{"href":"https:\/\/stem-eshop.gr\/hr\/wp-json\/wp\/v2\/product"}],"about":[{"href":"https:\/\/stem-eshop.gr\/hr\/wp-json\/wp\/v2\/types\/product"}],"replies":[{"embeddable":true,"href":"https:\/\/stem-eshop.gr\/hr\/wp-json\/wp\/v2\/comments?post=6864"}],"wp:featuredmedia":[{"embeddable":true,"href":"https:\/\/stem-eshop.gr\/hr\/wp-json\/wp\/v2\/media\/5021"}],"wp:attachment":[{"href":"https:\/\/stem-eshop.gr\/hr\/wp-json\/wp\/v2\/media?parent=6864"}],"wp:term":[{"taxonomy":"product_brand","embeddable":true,"href":"https:\/\/stem-eshop.gr\/hr\/wp-json\/wp\/v2\/product_brand?post=6864"},{"taxonomy":"product_cat","embeddable":true,"href":"https:\/\/stem-eshop.gr\/hr\/wp-json\/wp\/v2\/product_cat?post=6864"},{"taxonomy":"product_tag","embeddable":true,"href":"https:\/\/stem-eshop.gr\/hr\/wp-json\/wp\/v2\/product_tag?post=6864"}],"curies":[{"name":"wp","href":"https:\/\/api.w.org\/{rel}","templated":true}]}}