{"id":6850,"date":"2025-05-19T08:54:28","date_gmt":"2025-05-19T08:54:28","guid":{"rendered":"https:\/\/stem-eshop.gr\/product\/%ce%bc%ce%b1%ce%b8%ce%b1%ce%af%ce%bd%ce%bf%ce%bd%cf%84%ce%b1%cf%82-%ce%b3%ce%b9%ce%b1-%cf%84%ce%b9%cf%82-%ce%b8%ce%b1%ce%bb%ce%ac%cf%83%cf%83%ce%b9%ce%b5%cf%82-%cf%80%ce%b5%cf%81%ce%b9%cf%80%ce%ad\/"},"modified":"2025-05-22T21:13:28","modified_gmt":"2025-05-22T18:13:28","slug":"%ce%bc%ce%b1%ce%b8%ce%b1%ce%af%ce%bd%ce%bf%ce%bd%cf%84%ce%b1%cf%82-%ce%b3%ce%b9%ce%b1-%cf%84%ce%b9%cf%82-%ce%b8%ce%b1%ce%bb%ce%ac%cf%83%cf%83%ce%b9%ce%b5%cf%82-%cf%80%ce%b5%cf%81%ce%b9%cf%80%ce%ad","status":"publish","type":"product","link":"https:\/\/stem-eshop.gr\/hr\/proizvod\/%ce%bc%ce%b1%ce%b8%ce%b1%ce%af%ce%bd%ce%bf%ce%bd%cf%84%ce%b1%cf%82-%ce%b3%ce%b9%ce%b1-%cf%84%ce%b9%cf%82-%ce%b8%ce%b1%ce%bb%ce%ac%cf%83%cf%83%ce%b9%ce%b5%cf%82-%cf%80%ce%b5%cf%81%ce%b9%cf%80%ce%ad\/","title":{"rendered":"U\u010denje o morskim avanturama"},"content":{"rendered":"<p>Proizvodi su pozicionirani kao knjige-igra\u010dke, kombiniraju\u0107i kutiju s knjigom i pakiraju\u0107i ih zajedno plasti\u010dnom folijom.<\/p>\n<p>Uz pomo\u0107 odrasle osobe, pred\u0161kolci mogu nau\u010diti zanimljive \u010dinjenice o svakoj temi dok grade svoj model slijede\u0107i detaljne upute. Slijede dodatne aktivnosti, poput bojanja slika, povezivanja to\u010daka i precrtavanja brojeva ili slova abecede.<\/p>\n<p>Uklju\u010dene su dodatne aktivnosti koje poma\u017eu djeci da u\u010de o oblicima, bojama i matematici! Ove knjige dolaze s besplatnom aplikacijom pro\u0161irene stvarnosti (AR) koja sadr\u017eaj \u010dini mnogo zanimljivijim i zabavnijim!<\/p>","protected":false},"excerpt":{"rendered":"<p>Nova serija pod nazivom STEAM LABS JUNIOR\u2122 razvijena je za pred\u0161kolsku djecu, dje\u010dake i djevoj\u010dice.<\/p>\n<p>Cilj je nau\u010diti djecu osnovnim vje\u0161tinama.<\/p>\n<p>Serija pokriva 4 razli\u010dite teme koje su privla\u010dne djeci ove dobi.<\/p>","protected":false},"featured_media":4944,"comment_status":"open","ping_status":"closed","template":"","meta":{"site-sidebar-layout":"default","site-content-layout":"","ast-site-content-layout":"default","site-content-style":"default","site-sidebar-style":"default","ast-global-header-display":"","ast-banner-title-visibility":"","ast-main-header-display":"","ast-hfb-above-header-display":"","ast-hfb-below-header-display":"","ast-hfb-mobile-header-display":"","site-post-title":"","ast-breadcrumbs-content":"","ast-featured-img":"","footer-sml-layout":"","ast-disable-related-posts":"","theme-transparent-header-meta":"default","adv-header-id-meta":"","stick-header-meta":"","header-above-stick-meta":"","header-main-stick-meta":"","header-below-stick-meta":"","astra-migrate-meta-layouts":"set","ast-page-background-enabled":"default","ast-page-background-meta":{"desktop":{"background-color":"var(--ast-global-color-5)","background-image":"","background-repeat":"repeat","background-position":"center center","background-size":"auto","background-attachment":"scroll","background-type":"","background-media":"","overlay-type":"","overlay-color":"","overlay-opacity":"","overlay-gradient":""},"tablet":{"background-color":"","background-image":"","background-repeat":"repeat","background-position":"center center","background-size":"auto","background-attachment":"scroll","background-type":"","background-media":"","overlay-type":"","overlay-color":"","overlay-opacity":"","overlay-gradient":""},"mobile":{"background-color":"","background-image":"","background-repeat":"repeat","background-position":"center center","background-size":"auto","background-attachment":"scroll","background-type":"","background-media":"","overlay-type":"","overlay-color":"","overlay-opacity":"","overlay-gradient":""}},"ast-content-background-meta":{"desktop":{"background-color":"var(--ast-global-color-4)","background-image":"","background-repeat":"repeat","background-position":"center center","background-size":"auto","background-attachment":"scroll","background-type":"","background-media":"","overlay-type":"","overlay-color":"","overlay-opacity":"","overlay-gradient":""},"tablet":{"background-color":"var(--ast-global-color-4)","background-image":"","background-repeat":"repeat","background-position":"center center","background-size":"auto","background-attachment":"scroll","background-type":"","background-media":"","overlay-type":"","overlay-color":"","overlay-opacity":"","overlay-gradient":""},"mobile":{"background-color":"var(--ast-global-color-4)","background-image":"","background-repeat":"repeat","background-position":"center center","background-size":"auto","background-attachment":"scroll","background-type":"","background-media":"","overlay-type":"","overlay-color":"","overlay-opacity":"","overlay-gradient":""}}},"product_brand":[95],"product_cat":[43,44,39,38,54,26,58],"product_tag":[],"class_list":{"0":"post-6850","1":"product","2":"type-product","3":"status-publish","4":"has-post-thumbnail","6":"product_brand-engino","7":"product_cat-43","8":"product_cat-44","9":"product_cat-39","10":"product_cat-38","11":"product_cat-54","12":"product_cat-26","13":"product_cat-58","14":"desktop-align-left","15":"tablet-align-left","16":"mobile-align-left","18":"first","19":"instock","20":"taxable","21":"shipping-taxable","22":"purchasable","23":"product-type-simple"},"_links":{"self":[{"href":"https:\/\/stem-eshop.gr\/hr\/wp-json\/wp\/v2\/product\/6850","targetHints":{"allow":["GET"]}}],"collection":[{"href":"https:\/\/stem-eshop.gr\/hr\/wp-json\/wp\/v2\/product"}],"about":[{"href":"https:\/\/stem-eshop.gr\/hr\/wp-json\/wp\/v2\/types\/product"}],"replies":[{"embeddable":true,"href":"https:\/\/stem-eshop.gr\/hr\/wp-json\/wp\/v2\/comments?post=6850"}],"wp:featuredmedia":[{"embeddable":true,"href":"https:\/\/stem-eshop.gr\/hr\/wp-json\/wp\/v2\/media\/4944"}],"wp:attachment":[{"href":"https:\/\/stem-eshop.gr\/hr\/wp-json\/wp\/v2\/media?parent=6850"}],"wp:term":[{"taxonomy":"product_brand","embeddable":true,"href":"https:\/\/stem-eshop.gr\/hr\/wp-json\/wp\/v2\/product_brand?post=6850"},{"taxonomy":"product_cat","embeddable":true,"href":"https:\/\/stem-eshop.gr\/hr\/wp-json\/wp\/v2\/product_cat?post=6850"},{"taxonomy":"product_tag","embeddable":true,"href":"https:\/\/stem-eshop.gr\/hr\/wp-json\/wp\/v2\/product_tag?post=6850"}],"curies":[{"name":"wp","href":"https:\/\/api.w.org\/{rel}","templated":true}]}}