{"id":6846,"date":"2025-05-19T08:54:23","date_gmt":"2025-05-19T08:54:23","guid":{"rendered":"https:\/\/stem-eshop.gr\/product\/%ce%b5%ce%ba%cf%80%ce%b1%ce%b9%ce%b4%ce%b5%cf%85%cf%84%ce%b9%ce%ba%cf%8c-%cf%80%ce%b1%ce%b9%cf%87%ce%bd%ce%af%ce%b4%ce%b9-e%ce%be%ce%bf%ce%b9%ce%ba%ce%bf%ce%bd%cf%8c%ce%bc%ce%b7%cf%83%ce%b7-%ce%bd\/"},"modified":"2026-03-12T04:58:32","modified_gmt":"2026-03-12T01:58:32","slug":"%ce%b5%ce%ba%cf%80%ce%b1%ce%b9%ce%b4%ce%b5%cf%85%cf%84%ce%b9%ce%ba%cf%8c-%cf%80%ce%b1%ce%b9%cf%87%ce%bd%ce%af%ce%b4%ce%b9-e%ce%be%ce%bf%ce%b9%ce%ba%ce%bf%ce%bd%cf%8c%ce%bc%ce%b7%cf%83%ce%b7-%ce%bd","status":"publish","type":"product","link":"https:\/\/stem-eshop.gr\/hr\/proizvod\/%ce%b5%ce%ba%cf%80%ce%b1%ce%b9%ce%b4%ce%b5%cf%85%cf%84%ce%b9%ce%ba%cf%8c-%cf%80%ce%b1%ce%b9%cf%87%ce%bd%ce%af%ce%b4%ce%b9-e%ce%be%ce%bf%ce%b9%ce%ba%ce%bf%ce%bd%cf%8c%ce%bc%ce%b7%cf%83%ce%b7-%ce%bd\/","title":{"rendered":"Edukativna igra - \u0160tednja vode"},"content":{"rendered":"<p>Djeca se poti\u010du da prepoznaju ispravne i pogre\u0161ne prakse vezane uz kori\u0161tenje vode i nau\u010de kako njome bolje upravljati. Kroz interaktivne aktivnosti, poput povezivanja ispravnih i pogre\u0161nih postupaka, djeca razumiju posljedice rasipanja vode i kako jednostavnim svakodnevnim navikama mogu doprinijeti za\u0161titi okoli\u0161a.<\/p>\n<p class=\"MsoNormal\">Set se sastoji od 30 ilustriranih kartica (16,5 \u00d7 13,5) cm sa sustavom za samoispravljanje, a u odjeljku s prate\u0107im datotekama mo\u017eete preuzeti vodi\u010d za aktivnosti i tekstove 6 pri\u010da napisanih na gr\u010dkom jeziku. Svaka pri\u010da traje otprilike 20 minuta.<\/p><\/p>","protected":false},"excerpt":{"rendered":"<p><span style=\"font-size:11pt;line-height:107%;font-family:Calibri, sans-serif\">AKROS Educational-ova \u201e\u0160tednja vode\u201c je edukativna igra koja ima za cilj podi\u0107i svijest djece o va\u017enosti \u0161tednje vode i racionalnog kori\u0161tenja ovog vrijednog resursa.<\/span><\/p>\n<p><span style=\"font-size:11pt;line-height:107%;font-family:Calibri, sans-serif\">Korisno je <\/span><span style=\"font-size:11pt;line-height:107%;font-family:Calibri, sans-serif\">Visokokvalitetni nastavni materijali tako\u0111er su bitni u posebnom obrazovanju.<\/span><\/p>\n<p><span style=\"font-size:11pt;line-height:107%;font-family:Calibri, sans-serif\"><span style=\"font-size:11pt\">6 zabavnih pri\u010da koje govore o avanturama dva brata koji u\u010de jednostavne metode za u\u0161tedu vode. Svaka pri\u010da ilustrirana je na 5 ilustriranih kartica koje moraju biti postavljene ispravnim redoslijedom slijede\u0107i opis pri\u010de.<\/span>\u00a0<\/span><\/p>","protected":false},"featured_media":4908,"comment_status":"open","ping_status":"closed","template":"","meta":{"site-sidebar-layout":"default","site-content-layout":"","ast-site-content-layout":"default","site-content-style":"default","site-sidebar-style":"default","ast-global-header-display":"","ast-banner-title-visibility":"","ast-main-header-display":"","ast-hfb-above-header-display":"","ast-hfb-below-header-display":"","ast-hfb-mobile-header-display":"","site-post-title":"","ast-breadcrumbs-content":"","ast-featured-img":"","footer-sml-layout":"","ast-disable-related-posts":"","theme-transparent-header-meta":"","adv-header-id-meta":"","stick-header-meta":"","header-above-stick-meta":"","header-main-stick-meta":"","header-below-stick-meta":"","astra-migrate-meta-layouts":"default","ast-page-background-enabled":"default","ast-page-background-meta":{"desktop":{"background-color":"var(--ast-global-color-5)","background-image":"","background-repeat":"repeat","background-position":"center center","background-size":"auto","background-attachment":"scroll","background-type":"","background-media":"","overlay-type":"","overlay-color":"","overlay-opacity":"","overlay-gradient":""},"tablet":{"background-color":"","background-image":"","background-repeat":"repeat","background-position":"center center","background-size":"auto","background-attachment":"scroll","background-type":"","background-media":"","overlay-type":"","overlay-color":"","overlay-opacity":"","overlay-gradient":""},"mobile":{"background-color":"","background-image":"","background-repeat":"repeat","background-position":"center center","background-size":"auto","background-attachment":"scroll","background-type":"","background-media":"","overlay-type":"","overlay-color":"","overlay-opacity":"","overlay-gradient":""}},"ast-content-background-meta":{"desktop":{"background-color":"var(--ast-global-color-4)","background-image":"","background-repeat":"repeat","background-position":"center center","background-size":"auto","background-attachment":"scroll","background-type":"","background-media":"","overlay-type":"","overlay-color":"","overlay-opacity":"","overlay-gradient":""},"tablet":{"background-color":"var(--ast-global-color-4)","background-image":"","background-repeat":"repeat","background-position":"center center","background-size":"auto","background-attachment":"scroll","background-type":"","background-media":"","overlay-type":"","overlay-color":"","overlay-opacity":"","overlay-gradient":""},"mobile":{"background-color":"var(--ast-global-color-4)","background-image":"","background-repeat":"repeat","background-position":"center center","background-size":"auto","background-attachment":"scroll","background-type":"","background-media":"","overlay-type":"","overlay-color":"","overlay-opacity":"","overlay-gradient":""}}},"product_brand":[98],"product_cat":[39,38,56,30,54,26,58],"product_tag":[],"class_list":{"0":"post-6846","1":"product","2":"type-product","3":"status-publish","4":"has-post-thumbnail","6":"product_brand-akros","7":"product_cat-39","8":"product_cat-38","9":"product_cat-56","10":"product_cat--6-9-","11":"product_cat-54","12":"product_cat-26","13":"product_cat-58","14":"desktop-align-left","15":"tablet-align-left","16":"mobile-align-left","18":"first","19":"instock","20":"taxable","21":"shipping-taxable","22":"purchasable","23":"product-type-simple"},"_links":{"self":[{"href":"https:\/\/stem-eshop.gr\/hr\/wp-json\/wp\/v2\/product\/6846","targetHints":{"allow":["GET"]}}],"collection":[{"href":"https:\/\/stem-eshop.gr\/hr\/wp-json\/wp\/v2\/product"}],"about":[{"href":"https:\/\/stem-eshop.gr\/hr\/wp-json\/wp\/v2\/types\/product"}],"replies":[{"embeddable":true,"href":"https:\/\/stem-eshop.gr\/hr\/wp-json\/wp\/v2\/comments?post=6846"}],"wp:featuredmedia":[{"embeddable":true,"href":"https:\/\/stem-eshop.gr\/hr\/wp-json\/wp\/v2\/media\/4908"}],"wp:attachment":[{"href":"https:\/\/stem-eshop.gr\/hr\/wp-json\/wp\/v2\/media?parent=6846"}],"wp:term":[{"taxonomy":"product_brand","embeddable":true,"href":"https:\/\/stem-eshop.gr\/hr\/wp-json\/wp\/v2\/product_brand?post=6846"},{"taxonomy":"product_cat","embeddable":true,"href":"https:\/\/stem-eshop.gr\/hr\/wp-json\/wp\/v2\/product_cat?post=6846"},{"taxonomy":"product_tag","embeddable":true,"href":"https:\/\/stem-eshop.gr\/hr\/wp-json\/wp\/v2\/product_tag?post=6846"}],"curies":[{"name":"wp","href":"https:\/\/api.w.org\/{rel}","templated":true}]}}