{"id":6817,"date":"2025-05-19T08:52:05","date_gmt":"2025-05-19T08:52:05","guid":{"rendered":"https:\/\/stem-eshop.gr\/product\/%cf%83%ce%b5%cf%84-%cf%80%ce%b1%ce%b6%ce%bb-%ce%ba%ce%bb%ce%b5%ce%b9%ce%b4%ce%b1%cf%81%ce%b9%ce%ac%cf%82-%ce%ba%ce%bf%ce%bd%ce%b3%ce%ba%ce%bc%ce%b9%ce%bd%ce%b3%ce%ba-9-%cf%84%ce%b5%ce%bc%ce%ac%cf%87\/"},"modified":"2025-05-22T07:40:45","modified_gmt":"2025-05-22T07:40:45","slug":"%cf%83%ce%b5%cf%84-%cf%80%ce%b1%ce%b6%ce%bb-%ce%ba%ce%bb%ce%b5%ce%b9%ce%b4%ce%b1%cf%81%ce%b9%ce%ac%cf%82-%ce%ba%ce%bf%ce%bd%ce%b3%ce%ba%ce%bc%ce%b9%ce%bd%ce%b3%ce%ba-9-%cf%84%ce%b5%ce%bc%ce%ac%cf%87","status":"publish","type":"product","link":"https:\/\/stem-eshop.gr\/hr\/proizvod\/%cf%83%ce%b5%cf%84-%cf%80%ce%b1%ce%b6%ce%bb-%ce%ba%ce%bb%ce%b5%ce%b9%ce%b4%ce%b1%cf%81%ce%b9%ce%ac%cf%82-%ce%ba%ce%bf%ce%bd%ce%b3%ce%ba%ce%bc%ce%b9%ce%bd%ce%b3%ce%ba-9-%cf%84%ce%b5%ce%bc%ce%ac%cf%87\/","title":{"rendered":"Set slagalica Kongming Lock, 9 dijelova"},"content":{"rendered":"<p>Prednosti<\/p>\n<p>Pobolj\u0161anje mentalnih vje\u0161tina: Razviti logi\u010dko razmi\u0161ljanje, kreativnost i vje\u0161tine rje\u0161avanja problema<\/p>\n<p>Opu\u0161tanje i zabava: Zabavan na\u010din za opu\u0161tanje od svakodnevne rutine uz odr\u017eavanje uma aktivnim<\/p>\n<p>Obrazovna vrijednost: Idealno za djecu, tinejd\u017eere i odrasle koji \u017eele pobolj\u0161ati strpljenje, pa\u017enju prema detaljima i upornost.<\/p>\n<p>Idealno za<\/p>\n<p>Pokloni za ljubitelje zagonetki i rukotvorina.<\/p>\n<p>Obiteljske aktivnosti i grupne igre.<\/p>\n<p>Obrazovna upotreba u \u0161kolama i centrima za kreativno zapo\u0161ljavanje.<\/p>\n<p>Set slagalica Kongming Lock nudi jedinstvenu kombinaciju tradicije, tehnike i zabave, \u0161to ga \u010dini idealnim za sve uzraste i prigode. Otklju\u010dajte svoju mudrost i domi\u0161ljatost!<\/p>","protected":false},"excerpt":{"rendered":"<p>Otkrijte drevnu umjetnost mozgalica uz Kongming Lock Puzzle Set, kolekciju drvenih zagonetki inspiriranih tradicionalnom kineskom filozofijom i domi\u0161ljato\u0161\u0107u. Idealan za sve uzraste, ovaj set izazvat \u0107e va\u0161 um i pru\u017eiti sate zabave i koncentracije.<\/p>","protected":false},"featured_media":4884,"comment_status":"open","ping_status":"closed","template":"","meta":{"site-sidebar-layout":"default","site-content-layout":"","ast-site-content-layout":"default","site-content-style":"default","site-sidebar-style":"default","ast-global-header-display":"","ast-banner-title-visibility":"","ast-main-header-display":"","ast-hfb-above-header-display":"","ast-hfb-below-header-display":"","ast-hfb-mobile-header-display":"","site-post-title":"","ast-breadcrumbs-content":"","ast-featured-img":"","footer-sml-layout":"","ast-disable-related-posts":"","theme-transparent-header-meta":"","adv-header-id-meta":"","stick-header-meta":"","header-above-stick-meta":"","header-main-stick-meta":"","header-below-stick-meta":"","astra-migrate-meta-layouts":"default","ast-page-background-enabled":"default","ast-page-background-meta":{"desktop":{"background-color":"var(--ast-global-color-5)","background-image":"","background-repeat":"repeat","background-position":"center center","background-size":"auto","background-attachment":"scroll","background-type":"","background-media":"","overlay-type":"","overlay-color":"","overlay-opacity":"","overlay-gradient":""},"tablet":{"background-color":"","background-image":"","background-repeat":"repeat","background-position":"center center","background-size":"auto","background-attachment":"scroll","background-type":"","background-media":"","overlay-type":"","overlay-color":"","overlay-opacity":"","overlay-gradient":""},"mobile":{"background-color":"","background-image":"","background-repeat":"repeat","background-position":"center center","background-size":"auto","background-attachment":"scroll","background-type":"","background-media":"","overlay-type":"","overlay-color":"","overlay-opacity":"","overlay-gradient":""}},"ast-content-background-meta":{"desktop":{"background-color":"var(--ast-global-color-4)","background-image":"","background-repeat":"repeat","background-position":"center center","background-size":"auto","background-attachment":"scroll","background-type":"","background-media":"","overlay-type":"","overlay-color":"","overlay-opacity":"","overlay-gradient":""},"tablet":{"background-color":"var(--ast-global-color-4)","background-image":"","background-repeat":"repeat","background-position":"center center","background-size":"auto","background-attachment":"scroll","background-type":"","background-media":"","overlay-type":"","overlay-color":"","overlay-opacity":"","overlay-gradient":""},"mobile":{"background-color":"var(--ast-global-color-4)","background-image":"","background-repeat":"repeat","background-position":"center center","background-size":"auto","background-attachment":"scroll","background-type":"","background-media":"","overlay-type":"","overlay-color":"","overlay-opacity":"","overlay-gradient":""}}},"product_brand":[107],"product_cat":[43,56,47,35,40,30,55],"product_tag":[],"class_list":{"0":"post-6817","1":"product","2":"type-product","3":"status-publish","4":"has-post-thumbnail","6":"product_brand-ngs","7":"product_cat-43","8":"product_cat-56","9":"product_cat-47","10":"product_cat--10-12-","11":"product_cat--12-","12":"product_cat--6-9-","13":"product_cat-55","14":"desktop-align-left","15":"tablet-align-left","16":"mobile-align-left","18":"first","19":"instock","20":"taxable","21":"shipping-taxable","22":"purchasable","23":"product-type-simple"},"_links":{"self":[{"href":"https:\/\/stem-eshop.gr\/hr\/wp-json\/wp\/v2\/product\/6817","targetHints":{"allow":["GET"]}}],"collection":[{"href":"https:\/\/stem-eshop.gr\/hr\/wp-json\/wp\/v2\/product"}],"about":[{"href":"https:\/\/stem-eshop.gr\/hr\/wp-json\/wp\/v2\/types\/product"}],"replies":[{"embeddable":true,"href":"https:\/\/stem-eshop.gr\/hr\/wp-json\/wp\/v2\/comments?post=6817"}],"wp:featuredmedia":[{"embeddable":true,"href":"https:\/\/stem-eshop.gr\/hr\/wp-json\/wp\/v2\/media\/4884"}],"wp:attachment":[{"href":"https:\/\/stem-eshop.gr\/hr\/wp-json\/wp\/v2\/media?parent=6817"}],"wp:term":[{"taxonomy":"product_brand","embeddable":true,"href":"https:\/\/stem-eshop.gr\/hr\/wp-json\/wp\/v2\/product_brand?post=6817"},{"taxonomy":"product_cat","embeddable":true,"href":"https:\/\/stem-eshop.gr\/hr\/wp-json\/wp\/v2\/product_cat?post=6817"},{"taxonomy":"product_tag","embeddable":true,"href":"https:\/\/stem-eshop.gr\/hr\/wp-json\/wp\/v2\/product_tag?post=6817"}],"curies":[{"name":"wp","href":"https:\/\/api.w.org\/{rel}","templated":true}]}}