{"id":6812,"date":"2025-05-19T08:51:55","date_gmt":"2025-05-19T08:51:55","guid":{"rendered":"https:\/\/stem-eshop.gr\/product\/3d-fidget-spinner\/"},"modified":"2025-12-31T09:06:27","modified_gmt":"2025-12-31T06:06:27","slug":"3d-fidget-spinner","status":"publish","type":"product","link":"https:\/\/stem-eshop.gr\/hr\/proizvod\/3d-fidget-spinner\/","title":{"rendered":"3D Fidget Spinner"},"content":{"rendered":"<p class=\"MsoNormal\">Opis slijedi:<\/p>\n<p class=\"MsoNormal\">Revolucionarni dizajn:<\/p>\n<p class=\"MsoNormal\">Izra\u0111en s geometrijskim 3D beskona\u010dnim dizajnom, nude\u0107i impresivno vizualno kretanje prilikom rotacije.<\/p>\n<p class=\"MsoNormal\">Idealno za one koji vole moderne gadgete s futuristi\u010dkom estetikom.<\/p>\n<p class=\"MsoNormal\">Visokokvalitetni materijali:<\/p>\n<p class=\"MsoNormal\">Izra\u0111en od izdr\u017eljivog metala ili visokokvalitetne plastike, za trajnost i nesmetan rad.<\/p>\n<p class=\"MsoNormal\">Glatki i sigurni rubovi za udobnu upotrebu.<\/p>\n<p class=\"MsoNormal\">Visoke performanse:<\/p>\n<p class=\"MsoNormal\">Opremljen preciznim mehanizmom i visokokvalitetnim le\u017eajevima za brzu, tihu i glatku rotaciju.<\/p>\n<p class=\"MsoNormal\">Produ\u017eeno trajanje rotacije za maksimalno u\u017eivanje.<\/p>\n<p class=\"MsoNormal\">Prijenosni i lagani:<\/p>\n<p class=\"MsoNormal\">Kompaktna veli\u010dina i lagana konstrukcija, idealno za no\u0161enje u torbi ili d\u017eepu.<\/p>\n<p class=\"MsoNormal\">Mo\u017ee se koristiti bilo gdje, od ureda do svakodnevnog \u017eivota.<\/p>\n<p class=\"MsoNormal\">Prednosti:<\/p>\n<p class=\"MsoNormal\">Ubla\u017eava stres i poma\u017ee kod opu\u0161tanja.<\/p>\n<p class=\"MsoNormal\">Pobolj\u0161ava koncentraciju i fokus tijekom u\u010denja ili rada.<\/p>\n<p class=\"MsoNormal\">Izvrstan alat za posao i zabavu.<\/p>\n<p class=\"MsoNormal\">3D Fidget Spinner je jedinstven izbor za poklon ili osobnu upotrebu, kombiniraju\u0107i zabavu, stil i funkcionalnost!<\/p>","protected":false},"excerpt":{"rendered":"<p>3D Fidget Spinner je inovativna i moderna igra\u010dka za opu\u0161tanje, dizajnirana da ponudi jedinstveno iskustvo zabave i smirenosti.<\/p>","protected":false},"featured_media":4858,"comment_status":"open","ping_status":"closed","template":"","meta":{"site-sidebar-layout":"default","site-content-layout":"","ast-site-content-layout":"default","site-content-style":"default","site-sidebar-style":"default","ast-global-header-display":"","ast-banner-title-visibility":"","ast-main-header-display":"","ast-hfb-above-header-display":"","ast-hfb-below-header-display":"","ast-hfb-mobile-header-display":"","site-post-title":"","ast-breadcrumbs-content":"","ast-featured-img":"","footer-sml-layout":"","ast-disable-related-posts":"","theme-transparent-header-meta":"default","adv-header-id-meta":"","stick-header-meta":"","header-above-stick-meta":"","header-main-stick-meta":"","header-below-stick-meta":"","astra-migrate-meta-layouts":"set","ast-page-background-enabled":"default","ast-page-background-meta":{"desktop":{"background-color":"var(--ast-global-color-5)","background-image":"","background-repeat":"repeat","background-position":"center center","background-size":"auto","background-attachment":"scroll","background-type":"","background-media":"","overlay-type":"","overlay-color":"","overlay-opacity":"","overlay-gradient":""},"tablet":{"background-color":"","background-image":"","background-repeat":"repeat","background-position":"center center","background-size":"auto","background-attachment":"scroll","background-type":"","background-media":"","overlay-type":"","overlay-color":"","overlay-opacity":"","overlay-gradient":""},"mobile":{"background-color":"","background-image":"","background-repeat":"repeat","background-position":"center center","background-size":"auto","background-attachment":"scroll","background-type":"","background-media":"","overlay-type":"","overlay-color":"","overlay-opacity":"","overlay-gradient":""}},"ast-content-background-meta":{"desktop":{"background-color":"var(--ast-global-color-4)","background-image":"","background-repeat":"repeat","background-position":"center center","background-size":"auto","background-attachment":"scroll","background-type":"","background-media":"","overlay-type":"","overlay-color":"","overlay-opacity":"","overlay-gradient":""},"tablet":{"background-color":"var(--ast-global-color-4)","background-image":"","background-repeat":"repeat","background-position":"center center","background-size":"auto","background-attachment":"scroll","background-type":"","background-media":"","overlay-type":"","overlay-color":"","overlay-opacity":"","overlay-gradient":""},"mobile":{"background-color":"var(--ast-global-color-4)","background-image":"","background-repeat":"repeat","background-position":"center center","background-size":"auto","background-attachment":"scroll","background-type":"","background-media":"","overlay-type":"","overlay-color":"","overlay-opacity":"","overlay-gradient":""}}},"product_brand":[107],"product_cat":[126,50,56,47,37,35,40,30,55],"product_tag":[],"class_list":{"0":"post-6812","1":"product","2":"type-product","3":"status-publish","4":"has-post-thumbnail","6":"product_brand-ngs","7":"product_cat-126","8":"product_cat-50","9":"product_cat-56","10":"product_cat-47","11":"product_cat-37","12":"product_cat--10-12-","13":"product_cat--12-","14":"product_cat--6-9-","15":"product_cat-55","16":"desktop-align-left","17":"tablet-align-left","18":"mobile-align-left","20":"first","21":"outofstock","22":"taxable","23":"shipping-taxable","24":"purchasable","25":"product-type-simple"},"_links":{"self":[{"href":"https:\/\/stem-eshop.gr\/hr\/wp-json\/wp\/v2\/product\/6812","targetHints":{"allow":["GET"]}}],"collection":[{"href":"https:\/\/stem-eshop.gr\/hr\/wp-json\/wp\/v2\/product"}],"about":[{"href":"https:\/\/stem-eshop.gr\/hr\/wp-json\/wp\/v2\/types\/product"}],"replies":[{"embeddable":true,"href":"https:\/\/stem-eshop.gr\/hr\/wp-json\/wp\/v2\/comments?post=6812"}],"wp:featuredmedia":[{"embeddable":true,"href":"https:\/\/stem-eshop.gr\/hr\/wp-json\/wp\/v2\/media\/4858"}],"wp:attachment":[{"href":"https:\/\/stem-eshop.gr\/hr\/wp-json\/wp\/v2\/media?parent=6812"}],"wp:term":[{"taxonomy":"product_brand","embeddable":true,"href":"https:\/\/stem-eshop.gr\/hr\/wp-json\/wp\/v2\/product_brand?post=6812"},{"taxonomy":"product_cat","embeddable":true,"href":"https:\/\/stem-eshop.gr\/hr\/wp-json\/wp\/v2\/product_cat?post=6812"},{"taxonomy":"product_tag","embeddable":true,"href":"https:\/\/stem-eshop.gr\/hr\/wp-json\/wp\/v2\/product_tag?post=6812"}],"curies":[{"name":"wp","href":"https:\/\/api.w.org\/{rel}","templated":true}]}}