{"id":6810,"date":"2025-05-19T08:51:52","date_gmt":"2025-05-19T08:51:52","guid":{"rendered":"https:\/\/stem-eshop.gr\/product\/%ce%bc%ce%af%ce%bd%ce%b9-%ce%bc%cf%80%cf%81%ce%b5%ce%bb%cf%8c%ce%ba-%ce%ba%cf%8d%ce%b2%ce%bf%cf%82-%cf%84%ce%bf%cf%85-rubik-3x3\/"},"modified":"2025-05-22T07:40:45","modified_gmt":"2025-05-22T07:40:45","slug":"%ce%bc%ce%af%ce%bd%ce%b9-%ce%bc%cf%80%cf%81%ce%b5%ce%bb%cf%8c%ce%ba-%ce%ba%cf%8d%ce%b2%ce%bf%cf%82-%cf%84%ce%bf%cf%85-rubik-3x3","status":"publish","type":"product","link":"https:\/\/stem-eshop.gr\/hr\/proizvod\/%ce%bc%ce%af%ce%bd%ce%b9-%ce%bc%cf%80%cf%81%ce%b5%ce%bb%cf%8c%ce%ba-%ce%ba%cf%8d%ce%b2%ce%bf%cf%82-%cf%84%ce%bf%cf%85-rubik-3x3\/","title":{"rendered":"Mini privjesak za klju\u010deve Rubikova kocka 3\u00d73"},"content":{"rendered":"<p class=\"MsoNormal\">Dimenzije: Obi\u010dno manje od 3 cm sa svake strane, tako da je lako nositi.<\/p>\n<\/p>\n<p class=\"MsoNormal\">Funkcionalnost: Unato\u010d maloj veli\u010dini, potpuno je funkcionalna, s mogu\u0107no\u0161\u0107u rotiranja stranica, poput obi\u010dne kocke 3\u00d73.<\/p>\n<\/p>\n<p class=\"MsoNormal\">Materijal izrade: Izra\u0111eno od izdr\u017eljive plastike s istaknutim, jasno vidljivim stranicama u boji.<\/p>\n<\/p>\n<p class=\"MsoNormal\">Pri\u010dvr\u0161\u0107ivanje: Uklju\u010duje lan\u010di\u0107 ili privjesak za klju\u010deve za jednostavno pri\u010dvr\u0161\u0107ivanje na klju\u010deve, torbe ili patentne zatvara\u010de.<\/p>\n<\/p>\n<p class=\"MsoNormal\">Primjena: Idealno za kolekcionare, ljubitelje Rubikove kocke ili bilo koga tko \u017eeli malu, zabavnu slagalicu sa sobom u svakom trenutku.<\/p>\n<\/p>\n<p class=\"MsoNormal\">Te\u017eina: Lagan, pogodan za svakodnevnu upotrebu.<\/p>\n<\/p>\n<p class=\"MsoNormal\">Ovaj mini privjesak za klju\u010deve jedinstvena je kombinacija upotrebe i igre, nude\u0107i zabavan izazov u maloj veli\u010dini!<\/p><\/p>","protected":false},"excerpt":{"rendered":"<p>Privjesak za klju\u010deve Mini Rubikova kocka 3\u00d73 je minijaturna verzija klasi\u010dne Rubikove kocke, dizajnirana za zabavu u pokretu.<\/p>","protected":false},"featured_media":4849,"comment_status":"open","ping_status":"closed","template":"","meta":{"site-sidebar-layout":"default","site-content-layout":"","ast-site-content-layout":"default","site-content-style":"default","site-sidebar-style":"default","ast-global-header-display":"","ast-banner-title-visibility":"","ast-main-header-display":"","ast-hfb-above-header-display":"","ast-hfb-below-header-display":"","ast-hfb-mobile-header-display":"","site-post-title":"","ast-breadcrumbs-content":"","ast-featured-img":"","footer-sml-layout":"","ast-disable-related-posts":"","theme-transparent-header-meta":"","adv-header-id-meta":"","stick-header-meta":"","header-above-stick-meta":"","header-main-stick-meta":"","header-below-stick-meta":"","astra-migrate-meta-layouts":"default","ast-page-background-enabled":"default","ast-page-background-meta":{"desktop":{"background-color":"var(--ast-global-color-5)","background-image":"","background-repeat":"repeat","background-position":"center center","background-size":"auto","background-attachment":"scroll","background-type":"","background-media":"","overlay-type":"","overlay-color":"","overlay-opacity":"","overlay-gradient":""},"tablet":{"background-color":"","background-image":"","background-repeat":"repeat","background-position":"center center","background-size":"auto","background-attachment":"scroll","background-type":"","background-media":"","overlay-type":"","overlay-color":"","overlay-opacity":"","overlay-gradient":""},"mobile":{"background-color":"","background-image":"","background-repeat":"repeat","background-position":"center center","background-size":"auto","background-attachment":"scroll","background-type":"","background-media":"","overlay-type":"","overlay-color":"","overlay-opacity":"","overlay-gradient":""}},"ast-content-background-meta":{"desktop":{"background-color":"var(--ast-global-color-4)","background-image":"","background-repeat":"repeat","background-position":"center center","background-size":"auto","background-attachment":"scroll","background-type":"","background-media":"","overlay-type":"","overlay-color":"","overlay-opacity":"","overlay-gradient":""},"tablet":{"background-color":"var(--ast-global-color-4)","background-image":"","background-repeat":"repeat","background-position":"center center","background-size":"auto","background-attachment":"scroll","background-type":"","background-media":"","overlay-type":"","overlay-color":"","overlay-opacity":"","overlay-gradient":""},"mobile":{"background-color":"var(--ast-global-color-4)","background-image":"","background-repeat":"repeat","background-position":"center center","background-size":"auto","background-attachment":"scroll","background-type":"","background-media":"","overlay-type":"","overlay-color":"","overlay-opacity":"","overlay-gradient":""}}},"product_brand":[107],"product_cat":[126,50,56,47,37,35,40,30,55],"product_tag":[],"class_list":{"0":"post-6810","1":"product","2":"type-product","3":"status-publish","4":"has-post-thumbnail","6":"product_brand-ngs","7":"product_cat-126","8":"product_cat-50","9":"product_cat-56","10":"product_cat-47","11":"product_cat-37","12":"product_cat--10-12-","13":"product_cat--12-","14":"product_cat--6-9-","15":"product_cat-55","16":"desktop-align-left","17":"tablet-align-left","18":"mobile-align-left","20":"first","21":"instock","22":"taxable","23":"shipping-taxable","24":"purchasable","25":"product-type-simple"},"_links":{"self":[{"href":"https:\/\/stem-eshop.gr\/hr\/wp-json\/wp\/v2\/product\/6810","targetHints":{"allow":["GET"]}}],"collection":[{"href":"https:\/\/stem-eshop.gr\/hr\/wp-json\/wp\/v2\/product"}],"about":[{"href":"https:\/\/stem-eshop.gr\/hr\/wp-json\/wp\/v2\/types\/product"}],"replies":[{"embeddable":true,"href":"https:\/\/stem-eshop.gr\/hr\/wp-json\/wp\/v2\/comments?post=6810"}],"wp:featuredmedia":[{"embeddable":true,"href":"https:\/\/stem-eshop.gr\/hr\/wp-json\/wp\/v2\/media\/4849"}],"wp:attachment":[{"href":"https:\/\/stem-eshop.gr\/hr\/wp-json\/wp\/v2\/media?parent=6810"}],"wp:term":[{"taxonomy":"product_brand","embeddable":true,"href":"https:\/\/stem-eshop.gr\/hr\/wp-json\/wp\/v2\/product_brand?post=6810"},{"taxonomy":"product_cat","embeddable":true,"href":"https:\/\/stem-eshop.gr\/hr\/wp-json\/wp\/v2\/product_cat?post=6810"},{"taxonomy":"product_tag","embeddable":true,"href":"https:\/\/stem-eshop.gr\/hr\/wp-json\/wp\/v2\/product_tag?post=6810"}],"curies":[{"name":"wp","href":"https:\/\/api.w.org\/{rel}","templated":true}]}}