{"id":6804,"date":"2025-05-19T08:51:42","date_gmt":"2025-05-19T08:51:42","guid":{"rendered":"https:\/\/stem-eshop.gr\/product\/windmill-magic-cube-2x3-alien-series\/"},"modified":"2025-05-22T07:40:46","modified_gmt":"2025-05-22T07:40:46","slug":"windmill-magic-cube-2x3-alien-series","status":"publish","type":"product","link":"https:\/\/stem-eshop.gr\/hr\/proizvod\/windmill-magic-cube-2x3-alien-series\/","title":{"rendered":"\u010carobna kocka vjetrenja\u010de 2\u00d73 \u2013 Alien serija"},"content":{"rendered":"<p class=\"MsoNormal\">Zna\u010dajke:<\/p>\n<\/p>\n<p class=\"MsoNormal\">Jedinstveni dizajn: Njegov asimetri\u010dni dizajn &quot;vjetrenja\u010de&quot; nudi jedinstveno iskustvo rje\u0161avanja zagonetki, idealno za one koji \u017eele isprobati ne\u0161to druga\u010dije.<\/p>\n<\/p>\n<p class=\"MsoNormal\">Pogodno za po\u010detnike: Idealno za djecu i one koji tek po\u010dinju s kockicama za slaganje, s razinom te\u017eine koja ne obeshrabruje, ve\u0107 odr\u017eava interes.<\/p>\n<\/p>\n<p class=\"MsoNormal\">Visokokvalitetni materijali: Izra\u0111eno od izdr\u017eljive i netoksi\u010dne plastike, s glatkim rubovima i glatkim mehanizmom rotacije.<\/p>\n<\/p>\n<p class=\"MsoNormal\">Obrazovna vrijednost: Pobolj\u0161ava rje\u0161avanje problema, strate\u0161ko razmi\u0161ljanje i koordinaciju ruku i o\u010diju.<\/p>\n<\/p>\n<p class=\"MsoNormal\">Lagan i prenosiv: Pogodan za kori\u0161tenje kod ku\u0107e, u \u0161koli ili u pokretu.<\/p>\n<\/p>\n<p class=\"MsoNormal\">\n<p>\u00a0<\/p>\n<p class=\"MsoNormal\">Prednosti:<\/p>\n<\/p>\n<p class=\"MsoNormal\">Razvija logi\u010dko razmi\u0161ljanje i strpljenje.<\/p>\n<\/p>\n<p class=\"MsoNormal\">Pru\u017ea zabavu uz pobolj\u0161anje koncentracije.<\/p>\n<\/p>\n<p class=\"MsoNormal\">Pogodan je i za igru i za edukativnu upotrebu.<\/p>\n<\/p>\n<p class=\"MsoNormal\">\n<p>\u00a0<\/p>\n<p class=\"MsoNormal\">\u010carobna kocka Vjetrenja\u010da 2\u00d73 idealan je poklon za djecu koja \u017eele istra\u017eiti izazov zagonetki na kreativan i zabavan na\u010din!<\/p><\/p>","protected":false},"excerpt":{"rendered":"<p>Magi\u010dna kocka Alien Windmill 2\u00d73 jedinstvena je i zabavna slagalica dizajnirana za po\u010detnike i djecu. Svojim prepoznatljivim dizajnom &quot;vjetrenja\u010de&quot; nudi uzbudljivu varijaciju klasi\u010dne kocke, kombiniraju\u0107i izazov s estetikom.<\/p>","protected":false},"featured_media":4808,"comment_status":"open","ping_status":"closed","template":"","meta":{"site-sidebar-layout":"default","site-content-layout":"","ast-site-content-layout":"default","site-content-style":"default","site-sidebar-style":"default","ast-global-header-display":"","ast-banner-title-visibility":"","ast-main-header-display":"","ast-hfb-above-header-display":"","ast-hfb-below-header-display":"","ast-hfb-mobile-header-display":"","site-post-title":"","ast-breadcrumbs-content":"","ast-featured-img":"","footer-sml-layout":"","ast-disable-related-posts":"","theme-transparent-header-meta":"","adv-header-id-meta":"","stick-header-meta":"","header-above-stick-meta":"","header-main-stick-meta":"","header-below-stick-meta":"","astra-migrate-meta-layouts":"default","ast-page-background-enabled":"default","ast-page-background-meta":{"desktop":{"background-color":"var(--ast-global-color-5)","background-image":"","background-repeat":"repeat","background-position":"center center","background-size":"auto","background-attachment":"scroll","background-type":"","background-media":"","overlay-type":"","overlay-color":"","overlay-opacity":"","overlay-gradient":""},"tablet":{"background-color":"","background-image":"","background-repeat":"repeat","background-position":"center center","background-size":"auto","background-attachment":"scroll","background-type":"","background-media":"","overlay-type":"","overlay-color":"","overlay-opacity":"","overlay-gradient":""},"mobile":{"background-color":"","background-image":"","background-repeat":"repeat","background-position":"center center","background-size":"auto","background-attachment":"scroll","background-type":"","background-media":"","overlay-type":"","overlay-color":"","overlay-opacity":"","overlay-gradient":""}},"ast-content-background-meta":{"desktop":{"background-color":"var(--ast-global-color-4)","background-image":"","background-repeat":"repeat","background-position":"center center","background-size":"auto","background-attachment":"scroll","background-type":"","background-media":"","overlay-type":"","overlay-color":"","overlay-opacity":"","overlay-gradient":""},"tablet":{"background-color":"var(--ast-global-color-4)","background-image":"","background-repeat":"repeat","background-position":"center center","background-size":"auto","background-attachment":"scroll","background-type":"","background-media":"","overlay-type":"","overlay-color":"","overlay-opacity":"","overlay-gradient":""},"mobile":{"background-color":"var(--ast-global-color-4)","background-image":"","background-repeat":"repeat","background-position":"center center","background-size":"auto","background-attachment":"scroll","background-type":"","background-media":"","overlay-type":"","overlay-color":"","overlay-opacity":"","overlay-gradient":""}}},"product_brand":[107],"product_cat":[126,50,56,47,37,35,40,55],"product_tag":[],"class_list":{"0":"post-6804","1":"product","2":"type-product","3":"status-publish","4":"has-post-thumbnail","6":"product_brand-ngs","7":"product_cat-126","8":"product_cat-50","9":"product_cat-56","10":"product_cat-47","11":"product_cat-37","12":"product_cat--10-12-","13":"product_cat--12-","14":"product_cat-55","15":"desktop-align-left","16":"tablet-align-left","17":"mobile-align-left","19":"first","20":"instock","21":"taxable","22":"shipping-taxable","23":"purchasable","24":"product-type-simple"},"_links":{"self":[{"href":"https:\/\/stem-eshop.gr\/hr\/wp-json\/wp\/v2\/product\/6804","targetHints":{"allow":["GET"]}}],"collection":[{"href":"https:\/\/stem-eshop.gr\/hr\/wp-json\/wp\/v2\/product"}],"about":[{"href":"https:\/\/stem-eshop.gr\/hr\/wp-json\/wp\/v2\/types\/product"}],"replies":[{"embeddable":true,"href":"https:\/\/stem-eshop.gr\/hr\/wp-json\/wp\/v2\/comments?post=6804"}],"wp:featuredmedia":[{"embeddable":true,"href":"https:\/\/stem-eshop.gr\/hr\/wp-json\/wp\/v2\/media\/4808"}],"wp:attachment":[{"href":"https:\/\/stem-eshop.gr\/hr\/wp-json\/wp\/v2\/media?parent=6804"}],"wp:term":[{"taxonomy":"product_brand","embeddable":true,"href":"https:\/\/stem-eshop.gr\/hr\/wp-json\/wp\/v2\/product_brand?post=6804"},{"taxonomy":"product_cat","embeddable":true,"href":"https:\/\/stem-eshop.gr\/hr\/wp-json\/wp\/v2\/product_cat?post=6804"},{"taxonomy":"product_tag","embeddable":true,"href":"https:\/\/stem-eshop.gr\/hr\/wp-json\/wp\/v2\/product_tag?post=6804"}],"curies":[{"name":"wp","href":"https:\/\/api.w.org\/{rel}","templated":true}]}}