{"id":6803,"date":"2025-05-19T08:51:41","date_gmt":"2025-05-19T08:51:41","guid":{"rendered":"https:\/\/stem-eshop.gr\/product\/%ce%ba%cf%8d%ce%b2%ce%bf%cf%82-%cf%84%ce%bf%cf%85-rubik-5x5\/"},"modified":"2025-05-22T07:40:46","modified_gmt":"2025-05-22T07:40:46","slug":"%ce%ba%cf%8d%ce%b2%ce%bf%cf%82-%cf%84%ce%bf%cf%85-rubik-5x5","status":"publish","type":"product","link":"https:\/\/stem-eshop.gr\/hr\/proizvod\/%ce%ba%cf%8d%ce%b2%ce%bf%cf%82-%cf%84%ce%bf%cf%85-rubik-5x5\/","title":{"rendered":"Rubikova kocka 5\u00d75"},"content":{"rendered":"<p class=\"MsoNormal\">Zna\u010dajke:<\/p>\n<\/p>\n<p>Napredni dizajn: Kocka 5\u00d75 nudi vi\u0161e izazova od klasi\u010dnih kocki, \u0161to je \u010dini idealnom za napredne korisnike.<\/p>\n<\/p>\n<p>Visokokvalitetni materijali: Izra\u0111eno od izdr\u017eljive plastike s glatkom rotacijom za jednostavnu upotrebu.<\/p>\n<\/p>\n<p>Senzorna stimulacija: Poma\u017ee u pobolj\u0161anju koordinacije ruku i o\u010diju te fine motorike.<\/p>\n<\/p>\n<p>Prijenosan i lagan: Idealan za no\u0161enje i zabavu bilo gdje.<\/p>\n<\/p>\n<p class=\"MsoNormal\">\n<p>\u00a0<\/p>\n<p class=\"MsoNormal\">Prednosti:<\/p>\n<\/p>\n<p>Mentalni razvoj: Razvija logi\u010dko razmi\u0161ljanje, rje\u0161avanje problema i strpljenje.<\/p>\n<\/p>\n<p>Zabavno u\u010denje: Na\u010din da se djeca zaokupe dok u\u010de va\u017ene vje\u0161tine.<\/p>\n<\/p>\n<p>Pogodno za sve uzraste: Nudi izazov i za djecu i za odrasle koji vole zagonetke.<\/p>\n<\/p>\n<p class=\"MsoNormal\">\n<p>\u00a0<\/p>\n<p class=\"MsoNormal\">Njegova kocka\u00a0<span lang=\"en-us\" xml:lang=\"en-us\">Rubik<\/span> 5\u00d75 je odli\u010dan poklon za djecu koja u\u017eivaju u rje\u0161avanju zagonetki i \u017eele usavr\u0161iti svoje vje\u0161tine, a ujedno pru\u017eaju i zabavu i edukativnu vrijednost!<\/p><\/p>","protected":false},"excerpt":{"rendered":"<p>Rubikova kocka 5\u00d75 je edukativna igra\u010dka osmi\u0161ljena za intelektualni razvoj djece, poti\u010du\u0107i strate\u0161ko razmi\u0161ljanje, strpljenje i vje\u0161tine rje\u0161avanja problema. S 5 razina slo\u017eenosti, predstavlja izazov \u010dak i za najiskusnije ljubitelje slagalica s kockama.<\/p>","protected":false},"featured_media":4805,"comment_status":"open","ping_status":"closed","template":"","meta":{"site-sidebar-layout":"default","site-content-layout":"","ast-site-content-layout":"default","site-content-style":"default","site-sidebar-style":"default","ast-global-header-display":"","ast-banner-title-visibility":"","ast-main-header-display":"","ast-hfb-above-header-display":"","ast-hfb-below-header-display":"","ast-hfb-mobile-header-display":"","site-post-title":"","ast-breadcrumbs-content":"","ast-featured-img":"","footer-sml-layout":"","ast-disable-related-posts":"","theme-transparent-header-meta":"","adv-header-id-meta":"","stick-header-meta":"","header-above-stick-meta":"","header-main-stick-meta":"","header-below-stick-meta":"","astra-migrate-meta-layouts":"default","ast-page-background-enabled":"default","ast-page-background-meta":{"desktop":{"background-color":"var(--ast-global-color-5)","background-image":"","background-repeat":"repeat","background-position":"center center","background-size":"auto","background-attachment":"scroll","background-type":"","background-media":"","overlay-type":"","overlay-color":"","overlay-opacity":"","overlay-gradient":""},"tablet":{"background-color":"","background-image":"","background-repeat":"repeat","background-position":"center center","background-size":"auto","background-attachment":"scroll","background-type":"","background-media":"","overlay-type":"","overlay-color":"","overlay-opacity":"","overlay-gradient":""},"mobile":{"background-color":"","background-image":"","background-repeat":"repeat","background-position":"center center","background-size":"auto","background-attachment":"scroll","background-type":"","background-media":"","overlay-type":"","overlay-color":"","overlay-opacity":"","overlay-gradient":""}},"ast-content-background-meta":{"desktop":{"background-color":"var(--ast-global-color-4)","background-image":"","background-repeat":"repeat","background-position":"center center","background-size":"auto","background-attachment":"scroll","background-type":"","background-media":"","overlay-type":"","overlay-color":"","overlay-opacity":"","overlay-gradient":""},"tablet":{"background-color":"var(--ast-global-color-4)","background-image":"","background-repeat":"repeat","background-position":"center center","background-size":"auto","background-attachment":"scroll","background-type":"","background-media":"","overlay-type":"","overlay-color":"","overlay-opacity":"","overlay-gradient":""},"mobile":{"background-color":"var(--ast-global-color-4)","background-image":"","background-repeat":"repeat","background-position":"center center","background-size":"auto","background-attachment":"scroll","background-type":"","background-media":"","overlay-type":"","overlay-color":"","overlay-opacity":"","overlay-gradient":""}}},"product_brand":[107],"product_cat":[126,50,56,47,37,35,40,30,55],"product_tag":[],"class_list":{"0":"post-6803","1":"product","2":"type-product","3":"status-publish","4":"has-post-thumbnail","6":"product_brand-ngs","7":"product_cat-126","8":"product_cat-50","9":"product_cat-56","10":"product_cat-47","11":"product_cat-37","12":"product_cat--10-12-","13":"product_cat--12-","14":"product_cat--6-9-","15":"product_cat-55","16":"desktop-align-left","17":"tablet-align-left","18":"mobile-align-left","20":"first","21":"instock","22":"taxable","23":"shipping-taxable","24":"purchasable","25":"product-type-simple"},"_links":{"self":[{"href":"https:\/\/stem-eshop.gr\/hr\/wp-json\/wp\/v2\/product\/6803","targetHints":{"allow":["GET"]}}],"collection":[{"href":"https:\/\/stem-eshop.gr\/hr\/wp-json\/wp\/v2\/product"}],"about":[{"href":"https:\/\/stem-eshop.gr\/hr\/wp-json\/wp\/v2\/types\/product"}],"replies":[{"embeddable":true,"href":"https:\/\/stem-eshop.gr\/hr\/wp-json\/wp\/v2\/comments?post=6803"}],"wp:featuredmedia":[{"embeddable":true,"href":"https:\/\/stem-eshop.gr\/hr\/wp-json\/wp\/v2\/media\/4805"}],"wp:attachment":[{"href":"https:\/\/stem-eshop.gr\/hr\/wp-json\/wp\/v2\/media?parent=6803"}],"wp:term":[{"taxonomy":"product_brand","embeddable":true,"href":"https:\/\/stem-eshop.gr\/hr\/wp-json\/wp\/v2\/product_brand?post=6803"},{"taxonomy":"product_cat","embeddable":true,"href":"https:\/\/stem-eshop.gr\/hr\/wp-json\/wp\/v2\/product_cat?post=6803"},{"taxonomy":"product_tag","embeddable":true,"href":"https:\/\/stem-eshop.gr\/hr\/wp-json\/wp\/v2\/product_tag?post=6803"}],"curies":[{"name":"wp","href":"https:\/\/api.w.org\/{rel}","templated":true}]}}