{"id":6802,"date":"2025-05-19T08:51:40","date_gmt":"2025-05-19T08:51:40","guid":{"rendered":"https:\/\/stem-eshop.gr\/product\/%ce%ba%cf%8d%ce%b2%ce%bf%cf%82-%cf%84%ce%bf%cf%85-rubik-6x6\/"},"modified":"2025-05-22T07:50:33","modified_gmt":"2025-05-22T07:50:33","slug":"%ce%ba%cf%8d%ce%b2%ce%bf%cf%82-%cf%84%ce%bf%cf%85-rubik-6x6","status":"publish","type":"product","link":"https:\/\/stem-eshop.gr\/hr\/proizvod\/%ce%ba%cf%8d%ce%b2%ce%bf%cf%82-%cf%84%ce%bf%cf%85-rubik-6x6\/","title":{"rendered":"Rubikova kocka 6\u00d76"},"content":{"rendered":"<p class=\"MsoNormal\">Zna\u010dajke:<\/p>\n<p>\u03a0\u03c1\u03bf\u03b7\u03b3\u03bc\u03ad\u03bd\u03bf\u03c2 \u03a3\u03c7\u03b5\u03b4\u03b9\u03b1\u03c3\u03bc\u03cc\u03c2: \u039f \u03ba\u03cd\u03b2\u03bf\u03c2 6&#215;6 \u03c0\u03c1\u03bf\u03c3\u03c6\u03ad\u03c1\u03b5\u03b9 \u03c0\u03b5\u03c1\u03b9\u03c3\u03c3\u03cc\u03c4\u03b5\u03c1\u03b5\u03c2 \u03c0\u03c1\u03bf\u03ba\u03bb\u03ae\u03c3\u03b5\u03b9\u03c2 \u03b1\u03c0\u03cc \u03c4\u03bf\u03c5\u03c2 \u03ba\u03bb\u03b1\u03c3\u03b9\u03ba\u03bf\u03cd\u03c2 \u03ba\u03cd\u03b2\u03bf\u03c5\u03c2, \u03ba\u03ac\u03bd\u03bf\u03bd\u03c4\u03ac\u03c2 \u03c4\u03bf\u03bd \u03b9\u03b4\u03b1\u03bd\u03b9\u03ba\u03cc \u03b3\u03b9\u03b1 \u03c0\u03c1\u03bf\u03c7\u03c9\u03c1\u03b7\u03bc\u03ad\u03bd\u03bf\u03c5\u03c2 \u03c7\u03c1\u03ae\u03c3\u03c4\u03b5\u03c2.<\/p>\n<p>Visokokvalitetni materijali: Izra\u0111eno od izdr\u017eljive plastike s glatkom rotacijom za jednostavnu upotrebu.<\/p>\n<p>Senzorna stimulacija: Poma\u017ee u pobolj\u0161anju koordinacije ruku i o\u010diju te fine motorike.<\/p>\n<p>Prijenosan i lagan: Idealan za no\u0161enje i zabavu bilo gdje.<\/p>\n<p class=\"MsoNormal\">Prednosti:<\/p>\n<p>Mentalni razvoj: Razvija logi\u010dko razmi\u0161ljanje, rje\u0161avanje problema i strpljenje.<\/p>\n<p>Zabavno u\u010denje: Na\u010din da se djeca zaokupe dok u\u010de va\u017ene vje\u0161tine.<\/p>\n<p>Pogodno za sve uzraste: Nudi izazov i za djecu i za odrasle koji vole zagonetke.<\/p>\n<p class=\"MsoNormal\">Njegova kocka\u00a0<span lang=\"en-us\" xml:lang=\"en-us\">Rubik<\/span> 6&#215;6 \u03b5\u03af\u03bd\u03b1\u03b9 \u03ad\u03bd\u03b1 \u03b5\u03be\u03b1\u03b9\u03c1\u03b5\u03c4\u03b9\u03ba\u03cc \u03b4\u03ce\u03c1\u03bf \u03b3\u03b9\u03b1 \u03c0\u03b1\u03b9\u03b4\u03b9\u03ac \u03c0\u03bf\u03c5 \u03b1\u03c0\u03bf\u03bb\u03b1\u03bc\u03b2\u03ac\u03bd\u03bf\u03c5\u03bd \u03bd\u03b1 \u03bb\u03cd\u03bd\u03bf\u03c5\u03bd \u03b3\u03c1\u03af\u03c6\u03bf\u03c5\u03c2 \u03ba\u03b1\u03b9 \u03b5\u03c0\u03b9\u03b8\u03c5\u03bc\u03bf\u03cd\u03bd \u03bd\u03b1 \u03b1\u03ba\u03bf\u03bd\u03af\u03c3\u03bf\u03c5\u03bd \u03c4\u03b9\u03c2 \u03b4\u03b5\u03be\u03b9\u03cc\u03c4\u03b7\u03c4\u03ad\u03c2 \u03c4\u03bf\u03c5\u03c2, \u03b5\u03bd\u03ce \u03c0\u03b1\u03c1\u03ac\u03bb\u03bb\u03b7\u03bb\u03b1 \u03c0\u03c1\u03bf\u03c3\u03c6\u03ad\u03c1\u03b5\u03b9 \u03c8\u03c5\u03c7\u03b1\u03b3\u03c9\u03b3\u03af\u03b1 \u03ba\u03b1\u03b9 \u03b5\u03ba\u03c0\u03b1\u03b9\u03b4\u03b5\u03c5\u03c4\u03b9\u03ba\u03ae \u03b1\u03be\u03af\u03b1!<\/p>","protected":false},"excerpt":{"rendered":"<p>\u039f\u00a0\u039a\u03cd\u03b2\u03bf\u03c2 \u03c4\u03bf\u03c5 Rubik 6&#215;6\u00a0\u03b5\u03af\u03bd\u03b1\u03b9 \u03ad\u03bd\u03b1 \u03b5\u03ba\u03c0\u03b1\u03b9\u03b4\u03b5\u03c5\u03c4\u03b9\u03ba\u03cc \u03c0\u03b1\u03b9\u03c7\u03bd\u03af\u03b4\u03b9 \u03c3\u03c7\u03b5\u03b4\u03b9\u03b1\u03c3\u03bc\u03ad\u03bd\u03bf \u03b3\u03b9\u03b1 \u03c4\u03b7\u03bd \u03c0\u03bd\u03b5\u03c5\u03bc\u03b1\u03c4\u03b9\u03ba\u03ae \u03b1\u03bd\u03ac\u03c0\u03c4\u03c5\u03be\u03b7 \u03c4\u03c9\u03bd \u03c0\u03b1\u03b9\u03b4\u03b9\u03ce\u03bd, \u03c0\u03c1\u03bf\u03ac\u03b3\u03bf\u03bd\u03c4\u03b1\u03c2 \u03c4\u03b7 \u03c3\u03c4\u03c1\u03b1\u03c4\u03b7\u03b3\u03b9\u03ba\u03ae \u03c3\u03ba\u03ad\u03c8\u03b7, \u03c4\u03b7\u03bd \u03c5\u03c0\u03bf\u03bc\u03bf\u03bd\u03ae \u03ba\u03b1\u03b9 \u03c4\u03b7\u03bd \u03b9\u03ba\u03b1\u03bd\u03cc\u03c4\u03b7\u03c4\u03b1 \u03b5\u03c0\u03af\u03bb\u03c5\u03c3\u03b7\u03c2 \u03c0\u03c1\u03bf\u03b2\u03bb\u03b7\u03bc\u03ac\u03c4\u03c9\u03bd. \u039c\u03b5 \u03c4\u03b7\u03bd \u03c0\u03bf\u03bb\u03c5\u03c0\u03bb\u03bf\u03ba\u03cc\u03c4\u03b7\u03c4\u03b1 \u03c4\u03c9\u03bd 6 \u03b5\u03c0\u03b9\u03c0\u03ad\u03b4\u03c9\u03bd, \u03b1\u03c0\u03bf\u03c4\u03b5\u03bb\u03b5\u03af \u03c0\u03c1\u03cc\u03ba\u03bb\u03b7\u03c3\u03b7 \u03b1\u03ba\u03cc\u03bc\u03b1 \u03ba\u03b1\u03b9 \u03b3\u03b9\u03b1 \u03c4\u03bf\u03c5\u03c2 \u03c0\u03b9\u03bf \u03ad\u03bc\u03c0\u03b5\u03b9\u03c1\u03bf\u03c5\u03c2 \u03bb\u03ac\u03c4\u03c1\u03b5\u03b9\u03c2 \u03c4\u03c9\u03bd \u03ba\u03cd\u03b2\u03c9\u03bd \u03c0\u03b1\u03b6\u03bb.<\/p>","protected":false},"featured_media":4803,"comment_status":"open","ping_status":"closed","template":"","meta":{"site-sidebar-layout":"default","site-content-layout":"","ast-site-content-layout":"default","site-content-style":"default","site-sidebar-style":"default","ast-global-header-display":"","ast-banner-title-visibility":"","ast-main-header-display":"","ast-hfb-above-header-display":"","ast-hfb-below-header-display":"","ast-hfb-mobile-header-display":"","site-post-title":"","ast-breadcrumbs-content":"","ast-featured-img":"","footer-sml-layout":"","ast-disable-related-posts":"","theme-transparent-header-meta":"default","adv-header-id-meta":"","stick-header-meta":"","header-above-stick-meta":"","header-main-stick-meta":"","header-below-stick-meta":"","astra-migrate-meta-layouts":"set","ast-page-background-enabled":"default","ast-page-background-meta":{"desktop":{"background-color":"var(--ast-global-color-5)","background-image":"","background-repeat":"repeat","background-position":"center center","background-size":"auto","background-attachment":"scroll","background-type":"","background-media":"","overlay-type":"","overlay-color":"","overlay-opacity":"","overlay-gradient":""},"tablet":{"background-color":"","background-image":"","background-repeat":"repeat","background-position":"center center","background-size":"auto","background-attachment":"scroll","background-type":"","background-media":"","overlay-type":"","overlay-color":"","overlay-opacity":"","overlay-gradient":""},"mobile":{"background-color":"","background-image":"","background-repeat":"repeat","background-position":"center center","background-size":"auto","background-attachment":"scroll","background-type":"","background-media":"","overlay-type":"","overlay-color":"","overlay-opacity":"","overlay-gradient":""}},"ast-content-background-meta":{"desktop":{"background-color":"var(--ast-global-color-4)","background-image":"","background-repeat":"repeat","background-position":"center center","background-size":"auto","background-attachment":"scroll","background-type":"","background-media":"","overlay-type":"","overlay-color":"","overlay-opacity":"","overlay-gradient":""},"tablet":{"background-color":"var(--ast-global-color-4)","background-image":"","background-repeat":"repeat","background-position":"center center","background-size":"auto","background-attachment":"scroll","background-type":"","background-media":"","overlay-type":"","overlay-color":"","overlay-opacity":"","overlay-gradient":""},"mobile":{"background-color":"var(--ast-global-color-4)","background-image":"","background-repeat":"repeat","background-position":"center center","background-size":"auto","background-attachment":"scroll","background-type":"","background-media":"","overlay-type":"","overlay-color":"","overlay-opacity":"","overlay-gradient":""}}},"product_brand":[107],"product_cat":[126,50,56,47,37,35,40,55],"product_tag":[],"class_list":{"0":"post-6802","1":"product","2":"type-product","3":"status-publish","4":"has-post-thumbnail","6":"product_brand-ngs","7":"product_cat-126","8":"product_cat-50","9":"product_cat-56","10":"product_cat-47","11":"product_cat-37","12":"product_cat--10-12-","13":"product_cat--12-","14":"product_cat-55","15":"desktop-align-left","16":"tablet-align-left","17":"mobile-align-left","19":"first","20":"instock","21":"taxable","22":"shipping-taxable","23":"purchasable","24":"product-type-simple"},"_links":{"self":[{"href":"https:\/\/stem-eshop.gr\/hr\/wp-json\/wp\/v2\/product\/6802","targetHints":{"allow":["GET"]}}],"collection":[{"href":"https:\/\/stem-eshop.gr\/hr\/wp-json\/wp\/v2\/product"}],"about":[{"href":"https:\/\/stem-eshop.gr\/hr\/wp-json\/wp\/v2\/types\/product"}],"replies":[{"embeddable":true,"href":"https:\/\/stem-eshop.gr\/hr\/wp-json\/wp\/v2\/comments?post=6802"}],"wp:featuredmedia":[{"embeddable":true,"href":"https:\/\/stem-eshop.gr\/hr\/wp-json\/wp\/v2\/media\/4803"}],"wp:attachment":[{"href":"https:\/\/stem-eshop.gr\/hr\/wp-json\/wp\/v2\/media?parent=6802"}],"wp:term":[{"taxonomy":"product_brand","embeddable":true,"href":"https:\/\/stem-eshop.gr\/hr\/wp-json\/wp\/v2\/product_brand?post=6802"},{"taxonomy":"product_cat","embeddable":true,"href":"https:\/\/stem-eshop.gr\/hr\/wp-json\/wp\/v2\/product_cat?post=6802"},{"taxonomy":"product_tag","embeddable":true,"href":"https:\/\/stem-eshop.gr\/hr\/wp-json\/wp\/v2\/product_tag?post=6802"}],"curies":[{"name":"wp","href":"https:\/\/api.w.org\/{rel}","templated":true}]}}