{"id":6799,"date":"2025-05-19T08:51:34","date_gmt":"2025-05-19T08:51:34","guid":{"rendered":"https:\/\/stem-eshop.gr\/product\/%cf%80%ce%b5%cf%81%ce%b9%cf%83%cf%84%cf%81%ce%b5%cf%86%cf%8c%ce%bc%ce%b5%ce%bd%ce%bf-%cf%80%ce%b1%ce%b9%cf%87%ce%bd%ce%af%ce%b4%ce%b9-%cf%80%ce%b1%ce%b6%ce%bb-finger-cube-fidget-%cf%83%ce%b5-%cf%81\/"},"modified":"2025-05-22T07:50:54","modified_gmt":"2025-05-22T07:50:54","slug":"%cf%80%ce%b5%cf%81%ce%b9%cf%83%cf%84%cf%81%ce%b5%cf%86%cf%8c%ce%bc%ce%b5%ce%bd%ce%bf-%cf%80%ce%b1%ce%b9%cf%87%ce%bd%ce%af%ce%b4%ce%b9-%cf%80%ce%b1%ce%b6%ce%bb-finger-cube-fidget-%cf%83%ce%b5-%cf%81","status":"publish","type":"product","link":"https:\/\/stem-eshop.gr\/hr\/proizvod\/%cf%80%ce%b5%cf%81%ce%b9%cf%83%cf%84%cf%81%ce%b5%cf%86%cf%8c%ce%bc%ce%b5%ce%bd%ce%bf-%cf%80%ce%b1%ce%b9%cf%87%ce%bd%ce%af%ce%b4%ce%b9-%cf%80%ce%b1%ce%b6%ce%bb-finger-cube-fidget-%cf%83%ce%b5-%cf%81\/","title":{"rendered":"Rotiraju\u0107a kocka za prste Fidget puzzle igra u ru\u017ei\u010dastoj ili plavoj boji"},"content":{"rendered":"<p class=\"MsoNormal\">Zna\u010dajke:<\/p>\n<p class=\"MsoNormal\">Rotiraju\u0107i mehanizam: Dizajniran za beskrajno okretanje i okretanje, nudi osje\u0107aj zadovoljstva i zabave.<\/p>\n<p class=\"MsoNormal\">Senzorna stimulacija: Idealno za pobolj\u0161anje koncentracije i fine motorike, a ujedno i smanjenje stresa.<\/p>\n<p class=\"MsoNormal\">Lagan i prenosiv: Male veli\u010dine za jednostavno no\u0161enje, tako da ga uvijek mo\u017eete imati sa sobom.<\/p>\n<p class=\"MsoNormal\">Visokokvalitetni materijali: Izra\u0111eno od izdr\u017eljivog, netoksi\u010dnog materijala, sigurno za djecu.<\/p>\n<p class=\"MsoNormal\">Vi\u0161estruka upotreba: Koristi se kao igra\u010dka za ubla\u017eavanje stresa, alat za pobolj\u0161anje koncentracije ili jednostavno za opu\u0161taju\u0107u zabavu.<\/p>\n<p class=\"MsoNormal\">Prednosti:<\/p>\n<p class=\"MsoNormal\">Ubla\u017eava stres i napetost.<\/p>\n<p class=\"MsoNormal\">Pobolj\u0161ava koncentraciju i poma\u017ee u odr\u017eavanju fokusa.<\/p>\n<p class=\"MsoNormal\">Poma\u017ee u osloba\u0111anju energije, posebno kod djece s anksiozno\u0161\u0107u ili hiperaktivno\u0161\u0107u.<\/p>","protected":false},"excerpt":{"rendered":"<p>Fidget igra\u010dka za prste Finger Cube je zabavna i korisna senzorna igra\u010dka osmi\u0161ljena za opu\u0161tanje, koncentraciju i ubla\u017eavanje stresa. Idealna za djecu i odrasle, kombinira funkcionalnost igra\u010dke za nered s izazovom slagalice.<\/p>","protected":false},"featured_media":4790,"comment_status":"open","ping_status":"closed","template":"","meta":{"site-sidebar-layout":"default","site-content-layout":"","ast-site-content-layout":"default","site-content-style":"default","site-sidebar-style":"default","ast-global-header-display":"","ast-banner-title-visibility":"","ast-main-header-display":"","ast-hfb-above-header-display":"","ast-hfb-below-header-display":"","ast-hfb-mobile-header-display":"","site-post-title":"","ast-breadcrumbs-content":"","ast-featured-img":"","footer-sml-layout":"","ast-disable-related-posts":"","theme-transparent-header-meta":"default","adv-header-id-meta":"","stick-header-meta":"","header-above-stick-meta":"","header-main-stick-meta":"","header-below-stick-meta":"","astra-migrate-meta-layouts":"set","ast-page-background-enabled":"default","ast-page-background-meta":{"desktop":{"background-color":"var(--ast-global-color-5)","background-image":"","background-repeat":"repeat","background-position":"center center","background-size":"auto","background-attachment":"scroll","background-type":"","background-media":"","overlay-type":"","overlay-color":"","overlay-opacity":"","overlay-gradient":""},"tablet":{"background-color":"","background-image":"","background-repeat":"repeat","background-position":"center center","background-size":"auto","background-attachment":"scroll","background-type":"","background-media":"","overlay-type":"","overlay-color":"","overlay-opacity":"","overlay-gradient":""},"mobile":{"background-color":"","background-image":"","background-repeat":"repeat","background-position":"center center","background-size":"auto","background-attachment":"scroll","background-type":"","background-media":"","overlay-type":"","overlay-color":"","overlay-opacity":"","overlay-gradient":""}},"ast-content-background-meta":{"desktop":{"background-color":"var(--ast-global-color-4)","background-image":"","background-repeat":"repeat","background-position":"center center","background-size":"auto","background-attachment":"scroll","background-type":"","background-media":"","overlay-type":"","overlay-color":"","overlay-opacity":"","overlay-gradient":""},"tablet":{"background-color":"var(--ast-global-color-4)","background-image":"","background-repeat":"repeat","background-position":"center center","background-size":"auto","background-attachment":"scroll","background-type":"","background-media":"","overlay-type":"","overlay-color":"","overlay-opacity":"","overlay-gradient":""},"mobile":{"background-color":"var(--ast-global-color-4)","background-image":"","background-repeat":"repeat","background-position":"center center","background-size":"auto","background-attachment":"scroll","background-type":"","background-media":"","overlay-type":"","overlay-color":"","overlay-opacity":"","overlay-gradient":""}}},"product_brand":[107],"product_cat":[126,43,56,47,30,55,26],"product_tag":[],"class_list":{"0":"post-6799","1":"product","2":"type-product","3":"status-publish","4":"has-post-thumbnail","6":"product_brand-ngs","7":"product_cat-126","8":"product_cat-43","9":"product_cat-56","10":"product_cat-47","11":"product_cat--6-9-","12":"product_cat-55","13":"product_cat-26","14":"desktop-align-left","15":"tablet-align-left","16":"mobile-align-left","18":"first","19":"instock","20":"taxable","21":"shipping-taxable","22":"purchasable","23":"product-type-simple"},"_links":{"self":[{"href":"https:\/\/stem-eshop.gr\/hr\/wp-json\/wp\/v2\/product\/6799","targetHints":{"allow":["GET"]}}],"collection":[{"href":"https:\/\/stem-eshop.gr\/hr\/wp-json\/wp\/v2\/product"}],"about":[{"href":"https:\/\/stem-eshop.gr\/hr\/wp-json\/wp\/v2\/types\/product"}],"replies":[{"embeddable":true,"href":"https:\/\/stem-eshop.gr\/hr\/wp-json\/wp\/v2\/comments?post=6799"}],"wp:featuredmedia":[{"embeddable":true,"href":"https:\/\/stem-eshop.gr\/hr\/wp-json\/wp\/v2\/media\/4790"}],"wp:attachment":[{"href":"https:\/\/stem-eshop.gr\/hr\/wp-json\/wp\/v2\/media?parent=6799"}],"wp:term":[{"taxonomy":"product_brand","embeddable":true,"href":"https:\/\/stem-eshop.gr\/hr\/wp-json\/wp\/v2\/product_brand?post=6799"},{"taxonomy":"product_cat","embeddable":true,"href":"https:\/\/stem-eshop.gr\/hr\/wp-json\/wp\/v2\/product_cat?post=6799"},{"taxonomy":"product_tag","embeddable":true,"href":"https:\/\/stem-eshop.gr\/hr\/wp-json\/wp\/v2\/product_tag?post=6799"}],"curies":[{"name":"wp","href":"https:\/\/api.w.org\/{rel}","templated":true}]}}