{"id":6695,"date":"2025-05-19T08:33:27","date_gmt":"2025-05-19T08:33:27","guid":{"rendered":"https:\/\/stem-eshop.gr\/product\/funduino-starter-kit-uno-r3-ultimate-education-%ce%b3%ce%b9%ce%b1-arduino-%ce%bc%ce%b5-%ce%b2%ce%b9%ce%b2%ce%bb%ce%af%ce%bf-%ce%b5%cf%81%ce%b3%ce%b1%cf%83%ce%af%ce%b1%cf%82\/"},"modified":"2025-12-24T10:46:43","modified_gmt":"2025-12-24T07:46:43","slug":"funduino-starter-kit-uno-r3-ultimate-education-%ce%b3%ce%b9%ce%b1-arduino-%ce%bc%ce%b5-%ce%b2%ce%b9%ce%b2%ce%bb%ce%af%ce%bf-%ce%b5%cf%81%ce%b3%ce%b1%cf%83%ce%af%ce%b1%cf%82","status":"publish","type":"product","link":"https:\/\/stem-eshop.gr\/hr\/proizvod\/funduino-starter-kit-uno-r3-ultimate-education-%ce%b3%ce%b9%ce%b1-arduino-%ce%bc%ce%b5-%ce%b2%ce%b9%ce%b2%ce%bb%ce%af%ce%bf-%ce%b5%cf%81%ce%b3%ce%b1%cf%83%ce%af%ce%b1%cf%82\/","title":{"rendered":"Funduino po\u010detni\u010dki komplet - UNO R3 - Ultimativni edukacijski program za Arduino s radnom bilje\u017enicom"},"content":{"rendered":"<p class=\"MsoNormal\">Uklju\u010duje prate\u0107u knji\u017eicu\/radnu bilje\u017enicu (130+ stranica, 29 projekata)<\/p>\n<p class=\"MsoNormal\">Sadr\u017ei primjere raznih projekata, npr. upravljanje LED diodama, mjerenje temperature i upravljanje motorima<\/p>\n<p class=\"MsoNormal\">Sve komponente se lako spajaju i koriste (plug-and-play)<\/p>\n<p class=\"MsoNormal\">S izdr\u017eljivom plasti\u010dnom kutijom za sortiranje, \u0161to ga \u010dini posebno odr\u017eivim u upotrebi<\/p>\n<p>Svatko mo\u017ee nau\u010diti programirati uz Funduino Starter Kit za Arduino<\/p>\n<p>Na\u0161 po\u010detni\u010dki komplet za Arduino ne zahtijeva predznanje i posebno je dizajniran za po\u010detnike.<\/p>\n<p>Od samog po\u010detka zajedno u\u010dimo osnove mikroelektronike \u2013 i progresivno se usavr\u0161avamo!<\/p>\n<p>Kada je Funduino stvorio Starter Kit za Arduino, imao je dva glavna cilja:<\/p>\n<p>Umjesto nasumi\u010dno odabranih elektroni\u010dkih komponenti, Funduino se oslanja na savr\u0161eno koordiniran odabir komponenti koje se mogu me\u0111usobno kombinirati kako bi se stvorili sjajni projekti. Zato u po\u010detnom kompletu ne\u0107ete prona\u0107i beskorisne komponente, samo korisne i uzbudljive!<\/p>\n<p>Jedinstvena zna\u010dajka: Svaki komplet dolazi s primjerkom knjige \u201eARDUINO u\u010denje \u2013 Radna knjiga za u\u010denje razvoja Arduina\u201c. Na vi\u0161e od 130 stranica i kroz 29 projekata detaljno obja\u0161njava svaku elektroni\u010dku komponentu kompleta. Osim informacija o komponentama, uklju\u010duje i popis materijala, dijagrame strujnih krugova i primjere programa.<\/p>\n<\/p>\n<p class=\"MsoNormal\">Izdanje \u201eUltimate Education\u201c<\/p>\n<\/p>\n<p class=\"MsoNormal\">Sva djela izdanja \u201eOsnovno\u201c i \u201eObrazovanje\u201c<\/p>\n<\/p>\n<p class=\"MsoNormal\">Mjerenje temperature okoline pomo\u0107u TMP36 senzora<\/p>\n<\/p>\n<p class=\"MsoNormal\">Kori\u0161tenje joysticka<\/p>\n<\/p>\n<p class=\"MsoNormal\">Vi\u0161ebojna svjetla \u2013 LED WS2812B<\/p>\n<\/p>\n<p class=\"MsoNormal\">Odre\u0111ivanje polo\u017eaja pomo\u0107u \u017eiroskopa i senzora ubrzanja<\/p>\n<\/p>\n<p class=\"MsoNormal\">Fotoelektri\u010dni senzor (svjetlosna barijera)<\/p>\n<\/p>\n<p class=\"MsoNormal\">Tranzistori i elektromotori<\/p>\n<\/p>\n<p class=\"MsoNormal\">Tranzistorska kontrola ventilatora<\/p><\/p>","protected":false},"excerpt":{"rendered":"<p class=\"MsoNormal\">Va\u0161 ulaz u svijet mikroelektronike!!!<\/p>\n<p class=\"MsoNormal\">Po\u010detni komplet s najva\u017enijim elektroni\u010dkim komponentama za Arduino mikrokontrolere<\/p>\n<p class=\"MsoNormal\">Neprestano se razvija u bliskoj suradnji s nastavnicima i profesorima<\/p>\n<p class=\"MsoNormal\">Idealno za po\u010detnike u podru\u010dju elektronike i IT-a<\/p>","protected":false},"featured_media":5626,"comment_status":"open","ping_status":"closed","template":"","meta":{"site-sidebar-layout":"default","site-content-layout":"","ast-site-content-layout":"default","site-content-style":"default","site-sidebar-style":"default","ast-global-header-display":"","ast-banner-title-visibility":"","ast-main-header-display":"","ast-hfb-above-header-display":"","ast-hfb-below-header-display":"","ast-hfb-mobile-header-display":"","site-post-title":"","ast-breadcrumbs-content":"","ast-featured-img":"","footer-sml-layout":"","ast-disable-related-posts":"","theme-transparent-header-meta":"","adv-header-id-meta":"","stick-header-meta":"","header-above-stick-meta":"","header-main-stick-meta":"","header-below-stick-meta":"","astra-migrate-meta-layouts":"default","ast-page-background-enabled":"default","ast-page-background-meta":{"desktop":{"background-color":"var(--ast-global-color-5)","background-image":"","background-repeat":"repeat","background-position":"center center","background-size":"auto","background-attachment":"scroll","background-type":"","background-media":"","overlay-type":"","overlay-color":"","overlay-opacity":"","overlay-gradient":""},"tablet":{"background-color":"","background-image":"","background-repeat":"repeat","background-position":"center center","background-size":"auto","background-attachment":"scroll","background-type":"","background-media":"","overlay-type":"","overlay-color":"","overlay-opacity":"","overlay-gradient":""},"mobile":{"background-color":"","background-image":"","background-repeat":"repeat","background-position":"center center","background-size":"auto","background-attachment":"scroll","background-type":"","background-media":"","overlay-type":"","overlay-color":"","overlay-opacity":"","overlay-gradient":""}},"ast-content-background-meta":{"desktop":{"background-color":"var(--ast-global-color-4)","background-image":"","background-repeat":"repeat","background-position":"center center","background-size":"auto","background-attachment":"scroll","background-type":"","background-media":"","overlay-type":"","overlay-color":"","overlay-opacity":"","overlay-gradient":""},"tablet":{"background-color":"var(--ast-global-color-4)","background-image":"","background-repeat":"repeat","background-position":"center center","background-size":"auto","background-attachment":"scroll","background-type":"","background-media":"","overlay-type":"","overlay-color":"","overlay-opacity":"","overlay-gradient":""},"mobile":{"background-color":"var(--ast-global-color-4)","background-image":"","background-repeat":"repeat","background-position":"center center","background-size":"auto","background-attachment":"scroll","background-type":"","background-media":"","overlay-type":"","overlay-color":"","overlay-opacity":"","overlay-gradient":""}}},"product_brand":[103],"product_cat":[33,52,29,32,57,35,40,45,59],"product_tag":[],"class_list":{"0":"post-6695","1":"product","2":"type-product","3":"status-publish","4":"has-post-thumbnail","6":"product_brand-funduino","7":"product_cat-33","8":"product_cat-52","9":"product_cat-29","10":"product_cat-32","11":"product_cat-57","12":"product_cat--10-12-","13":"product_cat--12-","14":"product_cat-45","15":"product_cat-59","16":"desktop-align-left","17":"tablet-align-left","18":"mobile-align-left","20":"first","21":"instock","22":"taxable","23":"shipping-taxable","24":"purchasable","25":"product-type-simple"},"_links":{"self":[{"href":"https:\/\/stem-eshop.gr\/hr\/wp-json\/wp\/v2\/product\/6695","targetHints":{"allow":["GET"]}}],"collection":[{"href":"https:\/\/stem-eshop.gr\/hr\/wp-json\/wp\/v2\/product"}],"about":[{"href":"https:\/\/stem-eshop.gr\/hr\/wp-json\/wp\/v2\/types\/product"}],"replies":[{"embeddable":true,"href":"https:\/\/stem-eshop.gr\/hr\/wp-json\/wp\/v2\/comments?post=6695"}],"wp:featuredmedia":[{"embeddable":true,"href":"https:\/\/stem-eshop.gr\/hr\/wp-json\/wp\/v2\/media\/5626"}],"wp:attachment":[{"href":"https:\/\/stem-eshop.gr\/hr\/wp-json\/wp\/v2\/media?parent=6695"}],"wp:term":[{"taxonomy":"product_brand","embeddable":true,"href":"https:\/\/stem-eshop.gr\/hr\/wp-json\/wp\/v2\/product_brand?post=6695"},{"taxonomy":"product_cat","embeddable":true,"href":"https:\/\/stem-eshop.gr\/hr\/wp-json\/wp\/v2\/product_cat?post=6695"},{"taxonomy":"product_tag","embeddable":true,"href":"https:\/\/stem-eshop.gr\/hr\/wp-json\/wp\/v2\/product_tag?post=6695"}],"curies":[{"name":"wp","href":"https:\/\/api.w.org\/{rel}","templated":true}]}}