{"id":6673,"date":"2025-05-19T08:31:38","date_gmt":"2025-05-19T08:31:38","guid":{"rendered":"https:\/\/stem-eshop.gr\/product\/%ce%b1%ce%bd%ce%b9%cf%87%ce%bd%ce%b5%cf%85%cf%84%ce%ae%cf%82-%ce%ba%ce%af%ce%bd%ce%b7%cf%83%ce%b7%cf%82-sr602-mini-pir-%ce%b1%ce%b9%cf%83%ce%b8%ce%b7%cf%84%ce%ae%cf%81%ce%b1%cf%82-%ce%b1%ce%bd%ce%af\/"},"modified":"2025-05-22T21:13:34","modified_gmt":"2025-05-22T18:13:34","slug":"%ce%b1%ce%bd%ce%b9%cf%87%ce%bd%ce%b5%cf%85%cf%84%ce%ae%cf%82-%ce%ba%ce%af%ce%bd%ce%b7%cf%83%ce%b7%cf%82-sr602-mini-pir-%ce%b1%ce%b9%cf%83%ce%b8%ce%b7%cf%84%ce%ae%cf%81%ce%b1%cf%82-%ce%b1%ce%bd%ce%af","status":"publish","type":"product","link":"https:\/\/stem-eshop.gr\/hr\/proizvod\/%ce%b1%ce%bd%ce%b9%cf%87%ce%bd%ce%b5%cf%85%cf%84%ce%ae%cf%82-%ce%ba%ce%af%ce%bd%ce%b7%cf%83%ce%b7%cf%82-sr602-mini-pir-%ce%b1%ce%b9%cf%83%ce%b8%ce%b7%cf%84%ce%ae%cf%81%ce%b1%cf%82-%ce%b1%ce%bd%ce%af\/","title":{"rendered":"Detektor pokreta SR602 MINI PIR senzor za detekciju pokreta."},"content":{"rendered":"<p>Ovaj model ima visoku osjetljivost, brzi odziv, nisku potro\u0161nju energije u stanju pripravnosti, malu veli\u010dinu i jednostavnu instalaciju. Le\u0107a i glava igle su ve\u0107 zalemljene, a napajanje je osigurano bez ikakvih problema.<\/p>\n<p>Mo\u017ee se koristiti za rasvjetu s tjelesnim senzorima, alarme, sigurnost, kontrolu pristupa. Vrijeme visoke razine izlaza ovog proizvoda je podesivo, s tvorni\u010dki postavljenim vremenom izlaza od 2,5 sekundi do 1 sata.<\/p>\n<p>Zadano vrijeme je oko 3 sekunde. Ovo vrijeme se mo\u017ee promijeniti lemljenjem otpornika, iako je to rijetko korisno za kori\u0161tenje s Arduinom.<\/p>\n<p>Napon napajanja modela je od 3,3 V do 15 V, a ograni\u010denje napona je od 2,8 V do 18 V.<\/p>\n<p>Izlaz senzora je sljede\u0107i: proizvodi visoku razinu 2 sekunde nakon uklju\u010divanja, zatim prelazi na nisku razinu i ulazi u stanje pripravnosti.<\/p>\n<p>Ovaj model je vrlo osjetljiv, stoga obratite pozornost na mjesto ugradnje, izbjegavaju\u0107i izvore topline (npr. zra\u010dne kanale ili izravnu sun\u010devu svjetlost). Osjetljivost se tako\u0111er mo\u017ee promijeniti pomo\u0107u otpornika (plo\u010de).<\/p>\n<\/p>\n<p>Tehni\u010dke specifikacije:<\/p>\n<p>Model: SR-602 (Piroelektri\u010dni infracrveni senzor za ljudsko tijelo)<\/p>\n<p>Udaljenost detekcije: do 5 metara (preporu\u010dena udaljenost: 0-3,5 m)<\/p>\n<p>Izlaz: Visoki = 3,3 V, Niski = 0 V<\/p>\n<p>Napajanje: DC 3,3 V \u2013 15 V<\/p>\n<p>Struja u stanju pripravnosti: 20 \u03bcA<\/p>\n<p>Promjer senzora: 13,5 mm<\/p>\n<p>Promjer le\u0107e: 10 mm<\/p><\/p>","protected":false},"excerpt":{"rendered":"<p>Ovaj detektor pokreta je novija i kompaktnija verzija takozvanog PIR senzora (detektora pokreta).<\/p>\n<p>Senzor ima prednost \u0161to se mo\u017ee montirati na plo\u010du za testiranje pomo\u0107u pinova okrenutih prema dolje. Me\u0111utim, detaljna pode\u0161avanja, poput osjetljivosti, su slo\u017eenija i posti\u017eu se lemljenjem otpornika.<\/p>","protected":false},"featured_media":5578,"comment_status":"open","ping_status":"closed","template":"","meta":{"site-sidebar-layout":"default","site-content-layout":"","ast-site-content-layout":"default","site-content-style":"default","site-sidebar-style":"default","ast-global-header-display":"","ast-banner-title-visibility":"","ast-main-header-display":"","ast-hfb-above-header-display":"","ast-hfb-below-header-display":"","ast-hfb-mobile-header-display":"","site-post-title":"","ast-breadcrumbs-content":"","ast-featured-img":"","footer-sml-layout":"","ast-disable-related-posts":"","theme-transparent-header-meta":"","adv-header-id-meta":"","stick-header-meta":"","header-above-stick-meta":"","header-main-stick-meta":"","header-below-stick-meta":"","astra-migrate-meta-layouts":"default","ast-page-background-enabled":"default","ast-page-background-meta":{"desktop":{"background-color":"var(--ast-global-color-5)","background-image":"","background-repeat":"repeat","background-position":"center center","background-size":"auto","background-attachment":"scroll","background-type":"","background-media":"","overlay-type":"","overlay-color":"","overlay-opacity":"","overlay-gradient":""},"tablet":{"background-color":"","background-image":"","background-repeat":"repeat","background-position":"center center","background-size":"auto","background-attachment":"scroll","background-type":"","background-media":"","overlay-type":"","overlay-color":"","overlay-opacity":"","overlay-gradient":""},"mobile":{"background-color":"","background-image":"","background-repeat":"repeat","background-position":"center center","background-size":"auto","background-attachment":"scroll","background-type":"","background-media":"","overlay-type":"","overlay-color":"","overlay-opacity":"","overlay-gradient":""}},"ast-content-background-meta":{"desktop":{"background-color":"var(--ast-global-color-4)","background-image":"","background-repeat":"repeat","background-position":"center center","background-size":"auto","background-attachment":"scroll","background-type":"","background-media":"","overlay-type":"","overlay-color":"","overlay-opacity":"","overlay-gradient":""},"tablet":{"background-color":"var(--ast-global-color-4)","background-image":"","background-repeat":"repeat","background-position":"center center","background-size":"auto","background-attachment":"scroll","background-type":"","background-media":"","overlay-type":"","overlay-color":"","overlay-opacity":"","overlay-gradient":""},"mobile":{"background-color":"var(--ast-global-color-4)","background-image":"","background-repeat":"repeat","background-position":"center center","background-size":"auto","background-attachment":"scroll","background-type":"","background-media":"","overlay-type":"","overlay-color":"","overlay-opacity":"","overlay-gradient":""}}},"product_brand":[103],"product_cat":[52,29,32,57,35,40,59],"product_tag":[],"class_list":{"0":"post-6673","1":"product","2":"type-product","3":"status-publish","4":"has-post-thumbnail","6":"product_brand-funduino","7":"product_cat-52","8":"product_cat-29","9":"product_cat-32","10":"product_cat-57","11":"product_cat--10-12-","12":"product_cat--12-","13":"product_cat-59","14":"desktop-align-left","15":"tablet-align-left","16":"mobile-align-left","18":"first","19":"instock","20":"taxable","21":"shipping-taxable","22":"purchasable","23":"product-type-simple"},"_links":{"self":[{"href":"https:\/\/stem-eshop.gr\/hr\/wp-json\/wp\/v2\/product\/6673","targetHints":{"allow":["GET"]}}],"collection":[{"href":"https:\/\/stem-eshop.gr\/hr\/wp-json\/wp\/v2\/product"}],"about":[{"href":"https:\/\/stem-eshop.gr\/hr\/wp-json\/wp\/v2\/types\/product"}],"replies":[{"embeddable":true,"href":"https:\/\/stem-eshop.gr\/hr\/wp-json\/wp\/v2\/comments?post=6673"}],"wp:featuredmedia":[{"embeddable":true,"href":"https:\/\/stem-eshop.gr\/hr\/wp-json\/wp\/v2\/media\/5578"}],"wp:attachment":[{"href":"https:\/\/stem-eshop.gr\/hr\/wp-json\/wp\/v2\/media?parent=6673"}],"wp:term":[{"taxonomy":"product_brand","embeddable":true,"href":"https:\/\/stem-eshop.gr\/hr\/wp-json\/wp\/v2\/product_brand?post=6673"},{"taxonomy":"product_cat","embeddable":true,"href":"https:\/\/stem-eshop.gr\/hr\/wp-json\/wp\/v2\/product_cat?post=6673"},{"taxonomy":"product_tag","embeddable":true,"href":"https:\/\/stem-eshop.gr\/hr\/wp-json\/wp\/v2\/product_tag?post=6673"}],"curies":[{"name":"wp","href":"https:\/\/api.w.org\/{rel}","templated":true}]}}