{"id":6670,"date":"2025-05-19T08:31:34","date_gmt":"2025-05-19T08:31:34","guid":{"rendered":"https:\/\/stem-eshop.gr\/product\/%ce%b1%ce%bd%ce%b5%ce%bc%ce%b9%cf%83%cf%84%ce%ae%cf%81%ce%b1%cf%82-12v-%ce%bc%ce%b5-%cf%83%cf%8d%ce%bd%ce%b4%ce%b5%cf%83%ce%bc%ce%bf-jst-2p-30-x-30-x-10-mm\/"},"modified":"2026-02-06T14:42:36","modified_gmt":"2026-02-06T11:42:36","slug":"%ce%b1%ce%bd%ce%b5%ce%bc%ce%b9%cf%83%cf%84%ce%ae%cf%81%ce%b1%cf%82-12v-%ce%bc%ce%b5-%cf%83%cf%8d%ce%bd%ce%b4%ce%b5%cf%83%ce%bc%ce%bf-jst-2p-30-x-30-x-10-mm","status":"publish","type":"product","link":"https:\/\/stem-eshop.gr\/hr\/proizvod\/%ce%b1%ce%bd%ce%b5%ce%bc%ce%b9%cf%83%cf%84%ce%ae%cf%81%ce%b1%cf%82-12v-%ce%bc%ce%b5-%cf%83%cf%8d%ce%bd%ce%b4%ce%b5%cf%83%ce%bc%ce%bf-jst-2p-30-x-30-x-10-mm\/","title":{"rendered":"12V ventilator s JST-2P konektorom \u2013 30 x 30 x 10 mm"},"content":{"rendered":"<p class=\"MsoNormal\">12V ventilator s JST-2P konektorom se uglavnom koristi za:<\/p>\n<\/p>\n<p class=\"MsoNormal\">Hla\u0111enje elektroni\u010dkih sklopova \u2013 Koristi se u malim ra\u010dunalima, napajanjima, senzorima i drugim elektroni\u010dkim komponentama kako bi se sprije\u010dilo pregrijavanje.<\/p>\n<\/p>\n<p class=\"MsoNormal\">3D pisa\u010di \u2013 \u010cesto se koriste za hla\u0111enje ekstrudera ili elektroni\u010dkih plo\u010da 3D pisa\u010da.<\/p>\n<\/p>\n<p class=\"MsoNormal\">Projekti za mini ra\u010dunala, Raspberry Pi i Arduino \u2013 Poma\u017ee u odr\u017eavanju konstantne temperature u DIY elektroni\u010dkim projektima.<\/p>\n<\/p>\n<p class=\"MsoNormal\">Napajanja i mali ku\u0107anski aparati \u2013 Poma\u017ee u odr\u017eavanju niskih temperatura u napajanjima ili drugim ure\u0111ajima koji rade dulje vrijeme.<\/p>\n<\/p>\n<p class=\"MsoNormal\">Industrijska primjena \u2013 Koristi se u automatizaciji ili upravlja\u010dkim sustavima gdje je potrebna kontinuirana ventilacija.<\/p>\n<\/p>\n<p class=\"MsoNormal\">Priklju\u010dak: Ventilator se jednostavno spaja putem JST-2P konektora, \u0161to osigurava stabilnu i sigurnu vezu s napajanjem.<\/p>\n<\/p>\n<p>Radni napon: 12V<br \/>Struja: 0,08 A<\/p>","protected":false},"excerpt":{"rendered":"<p>12V ventilator s JST-2P konektorom se uglavnom koristi za hla\u0111enje elektroni\u010dkih sklopova<\/p>","protected":false},"featured_media":5567,"comment_status":"open","ping_status":"closed","template":"","meta":{"site-sidebar-layout":"default","site-content-layout":"","ast-site-content-layout":"default","site-content-style":"default","site-sidebar-style":"default","ast-global-header-display":"","ast-banner-title-visibility":"","ast-main-header-display":"","ast-hfb-above-header-display":"","ast-hfb-below-header-display":"","ast-hfb-mobile-header-display":"","site-post-title":"","ast-breadcrumbs-content":"","ast-featured-img":"","footer-sml-layout":"","ast-disable-related-posts":"","theme-transparent-header-meta":"","adv-header-id-meta":"","stick-header-meta":"","header-above-stick-meta":"","header-main-stick-meta":"","header-below-stick-meta":"","astra-migrate-meta-layouts":"default","ast-page-background-enabled":"default","ast-page-background-meta":{"desktop":{"background-color":"var(--ast-global-color-5)","background-image":"","background-repeat":"repeat","background-position":"center center","background-size":"auto","background-attachment":"scroll","background-type":"","background-media":"","overlay-type":"","overlay-color":"","overlay-opacity":"","overlay-gradient":""},"tablet":{"background-color":"","background-image":"","background-repeat":"repeat","background-position":"center center","background-size":"auto","background-attachment":"scroll","background-type":"","background-media":"","overlay-type":"","overlay-color":"","overlay-opacity":"","overlay-gradient":""},"mobile":{"background-color":"","background-image":"","background-repeat":"repeat","background-position":"center center","background-size":"auto","background-attachment":"scroll","background-type":"","background-media":"","overlay-type":"","overlay-color":"","overlay-opacity":"","overlay-gradient":""}},"ast-content-background-meta":{"desktop":{"background-color":"var(--ast-global-color-4)","background-image":"","background-repeat":"repeat","background-position":"center center","background-size":"auto","background-attachment":"scroll","background-type":"","background-media":"","overlay-type":"","overlay-color":"","overlay-opacity":"","overlay-gradient":""},"tablet":{"background-color":"var(--ast-global-color-4)","background-image":"","background-repeat":"repeat","background-position":"center center","background-size":"auto","background-attachment":"scroll","background-type":"","background-media":"","overlay-type":"","overlay-color":"","overlay-opacity":"","overlay-gradient":""},"mobile":{"background-color":"var(--ast-global-color-4)","background-image":"","background-repeat":"repeat","background-position":"center center","background-size":"auto","background-attachment":"scroll","background-type":"","background-media":"","overlay-type":"","overlay-color":"","overlay-opacity":"","overlay-gradient":""}}},"product_brand":[103],"product_cat":[52,29,32,57,35,40,59],"product_tag":[],"class_list":{"0":"post-6670","1":"product","2":"type-product","3":"status-publish","4":"has-post-thumbnail","6":"product_brand-funduino","7":"product_cat-52","8":"product_cat-29","9":"product_cat-32","10":"product_cat-57","11":"product_cat--10-12-","12":"product_cat--12-","13":"product_cat-59","14":"desktop-align-left","15":"tablet-align-left","16":"mobile-align-left","18":"first","19":"instock","20":"taxable","21":"shipping-taxable","22":"purchasable","23":"product-type-simple"},"_links":{"self":[{"href":"https:\/\/stem-eshop.gr\/hr\/wp-json\/wp\/v2\/product\/6670","targetHints":{"allow":["GET"]}}],"collection":[{"href":"https:\/\/stem-eshop.gr\/hr\/wp-json\/wp\/v2\/product"}],"about":[{"href":"https:\/\/stem-eshop.gr\/hr\/wp-json\/wp\/v2\/types\/product"}],"replies":[{"embeddable":true,"href":"https:\/\/stem-eshop.gr\/hr\/wp-json\/wp\/v2\/comments?post=6670"}],"wp:featuredmedia":[{"embeddable":true,"href":"https:\/\/stem-eshop.gr\/hr\/wp-json\/wp\/v2\/media\/5567"}],"wp:attachment":[{"href":"https:\/\/stem-eshop.gr\/hr\/wp-json\/wp\/v2\/media?parent=6670"}],"wp:term":[{"taxonomy":"product_brand","embeddable":true,"href":"https:\/\/stem-eshop.gr\/hr\/wp-json\/wp\/v2\/product_brand?post=6670"},{"taxonomy":"product_cat","embeddable":true,"href":"https:\/\/stem-eshop.gr\/hr\/wp-json\/wp\/v2\/product_cat?post=6670"},{"taxonomy":"product_tag","embeddable":true,"href":"https:\/\/stem-eshop.gr\/hr\/wp-json\/wp\/v2\/product_tag?post=6670"}],"curies":[{"name":"wp","href":"https:\/\/api.w.org\/{rel}","templated":true}]}}