{"id":6647,"date":"2025-05-19T08:31:07","date_gmt":"2025-05-19T08:31:07","guid":{"rendered":"https:\/\/stem-eshop.gr\/product\/%cf%83%ce%b5%cf%84-%ce%bc%ce%b1%ce%b3%ce%bd%ce%b7%cf%84%ce%b9%ce%ba%ce%ac-%ce%b4%ce%bf%ce%bc%ce%b9%ce%ba%ce%ac-%cf%83%cf%84%ce%bf%ce%b9%cf%87%ce%b5%ce%af%ce%b1-47-%cf%84%ce%bc%cf%87\/"},"modified":"2025-05-22T07:41:12","modified_gmt":"2025-05-22T07:41:12","slug":"%cf%83%ce%b5%cf%84-%ce%bc%ce%b1%ce%b3%ce%bd%ce%b7%cf%84%ce%b9%ce%ba%ce%ac-%ce%b4%ce%bf%ce%bc%ce%b9%ce%ba%ce%ac-%cf%83%cf%84%ce%bf%ce%b9%cf%87%ce%b5%ce%af%ce%b1-47-%cf%84%ce%bc%cf%87","status":"publish","type":"product","link":"https:\/\/stem-eshop.gr\/hr\/proizvod\/%cf%83%ce%b5%cf%84-%ce%bc%ce%b1%ce%b3%ce%bd%ce%b7%cf%84%ce%b9%ce%ba%ce%ac-%ce%b4%ce%bf%ce%bc%ce%b9%ce%ba%ce%ac-%cf%83%cf%84%ce%bf%ce%b9%cf%87%ce%b5%ce%af%ce%b1-47-%cf%84%ce%bc%cf%87\/","title":{"rendered":"Set magnetskih gra\u0111evinskih blokova, 47 komada"},"content":{"rendered":"<p class=\"MsoNormal\">Zna\u010dajke:<\/p>\n<p class=\"MsoNormal\">47 dijelova razli\u010ditih oblika i boja: Uklju\u010duje trokute, kvadrate i druge geometrijske oblike za beskrajne kombinacije.<\/p>\n<p class=\"MsoNormal\">Jaki magneti: Cigle se lako spajaju, pru\u017eaju\u0107i stabilnost konstrukcijama.<\/p>\n<p class=\"MsoNormal\">Siguran materijal: Izra\u0111en od netoksi\u010dne, visokokvalitetne ABS plastike, otporne na udarce.<\/p>\n<p class=\"MsoNormal\">Vi\u0161estruke mogu\u0107nosti konstrukcije: Omogu\u0107uje djeci stvaranje raznih geometrijskih oblika i jo\u0161 mnogo toga.<\/p>\n<p class=\"MsoNormal\">\n<p class=\"MsoNormal\">Obrazovne koristi:<\/p>\n<p class=\"MsoNormal\">Razvoj STEM vje\u0161tina: Upoznaje djecu s konceptima in\u017eenjerstva, geometrije i fizike.<\/p>\n<p class=\"MsoNormal\">Kreativnost i ma\u0161ta: Djeca se poti\u010du na stvaranje jedinstvenih konstrukcija, \u0161to razvija njihovu ma\u0161tu.<\/p>\n<p class=\"MsoNormal\">Koordinacija oko-ruka: Pobolj\u0161ava motori\u010dke sposobnosti i finu motoriku.<\/p>\n<p class=\"MsoNormal\">Suradnja i dru\u0161tvenost: Idealno za timski rad, pobolj\u0161ava suradnju.<\/p>\n<p class=\"MsoNormal\">\n<p class=\"MsoNormal\">Idealno za:<\/p>\n<p class=\"MsoNormal\">Djeca u dobi od 3 godine i vi\u0161e.<\/p>\n<p class=\"MsoNormal\">Obrazovna upotreba u u\u010dionicama ili kreativna igra kod ku\u0107e.<\/p>\n<p class=\"MsoNormal\">\n<p class=\"MsoNormal\">Set magnetskih gra\u0111evinskih blokova od 47 dijelova savr\u0161en je alat za upoznavanje djece sa svijetom znanosti i in\u017eenjerstva, nude\u0107i sate kreativne i edukativne zabave!<\/p>","protected":false},"excerpt":{"rendered":"<p>Set magnetskih gra\u0111evinskih blokova od 47 dijelova u jedinstvenim, mekim bojama nudi kreativno iskustvo igre za djecu.<\/p>\n<p>Osmi\u0161ljen za poticanje ma\u0161te i obrazovanja, ovaj set idealan je za razvoj STEM (znanost, tehnologija, in\u017eenjerstvo, matematika) vje\u0161tina.<\/p>","protected":false},"featured_media":5493,"comment_status":"open","ping_status":"closed","template":"","meta":{"site-sidebar-layout":"default","site-content-layout":"","ast-site-content-layout":"default","site-content-style":"default","site-sidebar-style":"default","ast-global-header-display":"","ast-banner-title-visibility":"","ast-main-header-display":"","ast-hfb-above-header-display":"","ast-hfb-below-header-display":"","ast-hfb-mobile-header-display":"","site-post-title":"","ast-breadcrumbs-content":"","ast-featured-img":"","footer-sml-layout":"","ast-disable-related-posts":"","theme-transparent-header-meta":"","adv-header-id-meta":"","stick-header-meta":"","header-above-stick-meta":"","header-main-stick-meta":"","header-below-stick-meta":"","astra-migrate-meta-layouts":"default","ast-page-background-enabled":"default","ast-page-background-meta":{"desktop":{"background-color":"var(--ast-global-color-5)","background-image":"","background-repeat":"repeat","background-position":"center center","background-size":"auto","background-attachment":"scroll","background-type":"","background-media":"","overlay-type":"","overlay-color":"","overlay-opacity":"","overlay-gradient":""},"tablet":{"background-color":"","background-image":"","background-repeat":"repeat","background-position":"center center","background-size":"auto","background-attachment":"scroll","background-type":"","background-media":"","overlay-type":"","overlay-color":"","overlay-opacity":"","overlay-gradient":""},"mobile":{"background-color":"","background-image":"","background-repeat":"repeat","background-position":"center center","background-size":"auto","background-attachment":"scroll","background-type":"","background-media":"","overlay-type":"","overlay-color":"","overlay-opacity":"","overlay-gradient":""}},"ast-content-background-meta":{"desktop":{"background-color":"var(--ast-global-color-4)","background-image":"","background-repeat":"repeat","background-position":"center center","background-size":"auto","background-attachment":"scroll","background-type":"","background-media":"","overlay-type":"","overlay-color":"","overlay-opacity":"","overlay-gradient":""},"tablet":{"background-color":"var(--ast-global-color-4)","background-image":"","background-repeat":"repeat","background-position":"center center","background-size":"auto","background-attachment":"scroll","background-type":"","background-media":"","overlay-type":"","overlay-color":"","overlay-opacity":"","overlay-gradient":""},"mobile":{"background-color":"var(--ast-global-color-4)","background-image":"","background-repeat":"repeat","background-position":"center center","background-size":"auto","background-attachment":"scroll","background-type":"","background-media":"","overlay-type":"","overlay-color":"","overlay-opacity":"","overlay-gradient":""}}},"product_brand":[107],"product_cat":[126,43,29,32,57,30,26,59],"product_tag":[],"class_list":{"0":"post-6647","1":"product","2":"type-product","3":"status-publish","4":"has-post-thumbnail","6":"product_brand-ngs","7":"product_cat-126","8":"product_cat-43","9":"product_cat-29","10":"product_cat-32","11":"product_cat-57","12":"product_cat--6-9-","13":"product_cat-26","14":"product_cat-59","15":"desktop-align-left","16":"tablet-align-left","17":"mobile-align-left","19":"first","20":"instock","21":"taxable","22":"shipping-taxable","23":"purchasable","24":"product-type-simple"},"_links":{"self":[{"href":"https:\/\/stem-eshop.gr\/hr\/wp-json\/wp\/v2\/product\/6647","targetHints":{"allow":["GET"]}}],"collection":[{"href":"https:\/\/stem-eshop.gr\/hr\/wp-json\/wp\/v2\/product"}],"about":[{"href":"https:\/\/stem-eshop.gr\/hr\/wp-json\/wp\/v2\/types\/product"}],"replies":[{"embeddable":true,"href":"https:\/\/stem-eshop.gr\/hr\/wp-json\/wp\/v2\/comments?post=6647"}],"wp:featuredmedia":[{"embeddable":true,"href":"https:\/\/stem-eshop.gr\/hr\/wp-json\/wp\/v2\/media\/5493"}],"wp:attachment":[{"href":"https:\/\/stem-eshop.gr\/hr\/wp-json\/wp\/v2\/media?parent=6647"}],"wp:term":[{"taxonomy":"product_brand","embeddable":true,"href":"https:\/\/stem-eshop.gr\/hr\/wp-json\/wp\/v2\/product_brand?post=6647"},{"taxonomy":"product_cat","embeddable":true,"href":"https:\/\/stem-eshop.gr\/hr\/wp-json\/wp\/v2\/product_cat?post=6647"},{"taxonomy":"product_tag","embeddable":true,"href":"https:\/\/stem-eshop.gr\/hr\/wp-json\/wp\/v2\/product_tag?post=6647"}],"curies":[{"name":"wp","href":"https:\/\/api.w.org\/{rel}","templated":true}]}}