{"id":6568,"date":"2025-05-19T08:13:32","date_gmt":"2025-05-19T08:13:32","guid":{"rendered":"https:\/\/stem-eshop.gr\/product\/gigo-wall-climbing-geckobot\/"},"modified":"2025-12-24T16:20:02","modified_gmt":"2025-12-24T13:20:02","slug":"gigo-wall-climbing-geckobot","status":"publish","type":"product","link":"https:\/\/stem-eshop.gr\/hr\/proizvod\/gigo-wall-climbing-geckobot\/","title":{"rendered":"Gigo Geckobot za penjanje po zidu"},"content":{"rendered":"<p>Zabavno u\u010denje: Kombinira zabavu s obrazovanjem o principima fizike i in\u017eenjerstva.<\/p>\n<p>Kineti\u010dka mehanika: Mehanizam uklju\u010duje motore, zup\u010danike i vakuumske \u010da\u0161ice koje rade zajedno kako bi robotu omogu\u0107ile kretanje po vertikalnim povr\u0161inama.<\/p>\n<p>Istra\u017eivanje biomimikrije: Djeca u\u010de kako priroda inspirira in\u017eenjere za razvoj robotskih tehnologija.<\/p>\n<p>Alternativne konstrukcije: Set uklju\u010duje upute za sastavljanje dodatnih modela, pru\u017eaju\u0107i korisnicima razne mogu\u0107nosti i pro\u0161iruju\u0107i njihovu kreativnost.<\/p>","protected":false},"excerpt":{"rendered":"<p>Gigo Geckobot za penjanje po zidu je edukativni robotski set koji djeci omogu\u0107uje istra\u017eivanje robotike i in\u017eenjerstva dok se zabavljaju grade\u0107i robota inspiriranog prirodom. Glavna zna\u010dajka Geckobota je njegova sposobnost penjanja po glatkim povr\u0161inama, poput stakla, zahvaljuju\u0107i posebnom mehanizmu s vakuumskom \u010da\u0161icom koji opona\u0161a adhezivnu silu stopala gekonovog gu\u0161tera.<\/p>","protected":false},"featured_media":4470,"comment_status":"open","ping_status":"closed","template":"","meta":{"site-sidebar-layout":"default","site-content-layout":"","ast-site-content-layout":"default","site-content-style":"default","site-sidebar-style":"default","ast-global-header-display":"","ast-banner-title-visibility":"","ast-main-header-display":"","ast-hfb-above-header-display":"","ast-hfb-below-header-display":"","ast-hfb-mobile-header-display":"","site-post-title":"","ast-breadcrumbs-content":"","ast-featured-img":"","footer-sml-layout":"","ast-disable-related-posts":"","theme-transparent-header-meta":"","adv-header-id-meta":"","stick-header-meta":"","header-above-stick-meta":"","header-main-stick-meta":"","header-below-stick-meta":"","astra-migrate-meta-layouts":"default","ast-page-background-enabled":"default","ast-page-background-meta":{"desktop":{"background-color":"var(--ast-global-color-5)","background-image":"","background-repeat":"repeat","background-position":"center center","background-size":"auto","background-attachment":"scroll","background-type":"","background-media":"","overlay-type":"","overlay-color":"","overlay-opacity":"","overlay-gradient":""},"tablet":{"background-color":"","background-image":"","background-repeat":"repeat","background-position":"center center","background-size":"auto","background-attachment":"scroll","background-type":"","background-media":"","overlay-type":"","overlay-color":"","overlay-opacity":"","overlay-gradient":""},"mobile":{"background-color":"","background-image":"","background-repeat":"repeat","background-position":"center center","background-size":"auto","background-attachment":"scroll","background-type":"","background-media":"","overlay-type":"","overlay-color":"","overlay-opacity":"","overlay-gradient":""}},"ast-content-background-meta":{"desktop":{"background-color":"var(--ast-global-color-4)","background-image":"","background-repeat":"repeat","background-position":"center center","background-size":"auto","background-attachment":"scroll","background-type":"","background-media":"","overlay-type":"","overlay-color":"","overlay-opacity":"","overlay-gradient":""},"tablet":{"background-color":"var(--ast-global-color-4)","background-image":"","background-repeat":"repeat","background-position":"center center","background-size":"auto","background-attachment":"scroll","background-type":"","background-media":"","overlay-type":"","overlay-color":"","overlay-opacity":"","overlay-gradient":""},"mobile":{"background-color":"var(--ast-global-color-4)","background-image":"","background-repeat":"repeat","background-position":"center center","background-size":"auto","background-attachment":"scroll","background-type":"","background-media":"","overlay-type":"","overlay-color":"","overlay-opacity":"","overlay-gradient":""}}},"product_brand":[104],"product_cat":[33,38,29,32,57,35,30,34,28],"product_tag":[],"class_list":{"0":"post-6568","1":"product","2":"type-product","3":"status-publish","4":"has-post-thumbnail","6":"product_brand-gigo","7":"product_cat-33","8":"product_cat-38","9":"product_cat-29","10":"product_cat-32","11":"product_cat-57","12":"product_cat--10-12-","13":"product_cat--6-9-","14":"product_cat-34","15":"product_cat-28","16":"desktop-align-left","17":"tablet-align-left","18":"mobile-align-left","20":"first","21":"instock","22":"taxable","23":"shipping-taxable","24":"purchasable","25":"product-type-simple"},"_links":{"self":[{"href":"https:\/\/stem-eshop.gr\/hr\/wp-json\/wp\/v2\/product\/6568","targetHints":{"allow":["GET"]}}],"collection":[{"href":"https:\/\/stem-eshop.gr\/hr\/wp-json\/wp\/v2\/product"}],"about":[{"href":"https:\/\/stem-eshop.gr\/hr\/wp-json\/wp\/v2\/types\/product"}],"replies":[{"embeddable":true,"href":"https:\/\/stem-eshop.gr\/hr\/wp-json\/wp\/v2\/comments?post=6568"}],"wp:featuredmedia":[{"embeddable":true,"href":"https:\/\/stem-eshop.gr\/hr\/wp-json\/wp\/v2\/media\/4470"}],"wp:attachment":[{"href":"https:\/\/stem-eshop.gr\/hr\/wp-json\/wp\/v2\/media?parent=6568"}],"wp:term":[{"taxonomy":"product_brand","embeddable":true,"href":"https:\/\/stem-eshop.gr\/hr\/wp-json\/wp\/v2\/product_brand?post=6568"},{"taxonomy":"product_cat","embeddable":true,"href":"https:\/\/stem-eshop.gr\/hr\/wp-json\/wp\/v2\/product_cat?post=6568"},{"taxonomy":"product_tag","embeddable":true,"href":"https:\/\/stem-eshop.gr\/hr\/wp-json\/wp\/v2\/product_tag?post=6568"}],"curies":[{"name":"wp","href":"https:\/\/api.w.org\/{rel}","templated":true}]}}