{"id":6567,"date":"2025-05-19T08:13:18","date_gmt":"2025-05-19T08:13:18","guid":{"rendered":"https:\/\/stem-eshop.gr\/product\/creative-engineering-100-in1-robotized-maker-pro\/"},"modified":"2025-05-22T21:13:31","modified_gmt":"2025-05-22T18:13:31","slug":"creative-engineering-100-in1-robotized-maker-pro","status":"publish","type":"product","link":"https:\/\/stem-eshop.gr\/hr\/proizvod\/creative-engineering-100-in1-robotized-maker-pro\/","title":{"rendered":"KREATIVNI IN\u017dENJERING 100 u 1 ROBOTIZIRANI: MAKER PRO"},"content":{"rendered":"<p>Svaki set dolazi u plasti\u010dnoj posudi za jednostavno spremanje i daljnju upotrebu. Set \u201eMaker Junior\u201c namijenjen je pred\u0161kolcima u dobi od 4 do 6 godina, a koristi nagra\u0111ivani Qboidz\u00ae sustav, dok je \u201eMaker Master\u201c idealno rje\u0161enje za djecu u dobi od 7 do 12+ godina. Setovi \u201eMaker Master\u201c po\u010dinju s posudom \u201e20 modela u 1\u201c i skaliraju u slo\u017eenosti i kreativnom potencijalu s posudom \u201e60 modela u 1\u201c, koja tako\u0111er uklju\u010duje motorizirano upravljanje.<\/p>\n<p>Iako je ENGINO\u00ae sustav prikladan za dje\u010dake i djevoj\u010dice, dostupna je i posebna verzija pod nazivom \u201eMaker Girl\u201c, namijenjena aktivnijem anga\u017eiranju djevoj\u010dica sa STEM-om.<\/p>","protected":false},"excerpt":{"rendered":"<p>Nova serija CREATIVE ENGINEERING najkompaktnija je prezentacija ENGINO\u00ae sustava, idealna za online trgovine, jer \u0161tedi prostor za pohranu i smanjuje tro\u0161kove prijevoza. U ovim su setovima kombinirani najpopularniji modeli iz tradicionalne ENGINO\u00ae serije, pru\u017eaju\u0107i djeci priliku da postanu mladi in\u017eenjeri i izumitelji. Serija stavlja poseban naglasak na kreativnost, omogu\u0107uju\u0107i izgradnju vi\u0161e modela iz istog seta. Modeli imaju STEMIFIED\u2122 sadr\u017eaj, koji aktivira novi, pedago\u0161ki napredni digitalni materijal koji pokriva osnovne STEM principe s teorijom i eksperimentalnim aktivnostima.<\/p>","protected":false},"featured_media":5719,"comment_status":"open","ping_status":"closed","template":"","meta":{"site-sidebar-layout":"default","site-content-layout":"","ast-site-content-layout":"default","site-content-style":"default","site-sidebar-style":"default","ast-global-header-display":"","ast-banner-title-visibility":"","ast-main-header-display":"","ast-hfb-above-header-display":"","ast-hfb-below-header-display":"","ast-hfb-mobile-header-display":"","site-post-title":"","ast-breadcrumbs-content":"","ast-featured-img":"","footer-sml-layout":"","ast-disable-related-posts":"","theme-transparent-header-meta":"default","adv-header-id-meta":"","stick-header-meta":"","header-above-stick-meta":"","header-main-stick-meta":"","header-below-stick-meta":"","astra-migrate-meta-layouts":"set","ast-page-background-enabled":"default","ast-page-background-meta":{"desktop":{"background-color":"var(--ast-global-color-5)","background-image":"","background-repeat":"repeat","background-position":"center center","background-size":"auto","background-attachment":"scroll","background-type":"","background-media":"","overlay-type":"","overlay-color":"","overlay-opacity":"","overlay-gradient":""},"tablet":{"background-color":"","background-image":"","background-repeat":"repeat","background-position":"center center","background-size":"auto","background-attachment":"scroll","background-type":"","background-media":"","overlay-type":"","overlay-color":"","overlay-opacity":"","overlay-gradient":""},"mobile":{"background-color":"","background-image":"","background-repeat":"repeat","background-position":"center center","background-size":"auto","background-attachment":"scroll","background-type":"","background-media":"","overlay-type":"","overlay-color":"","overlay-opacity":"","overlay-gradient":""}},"ast-content-background-meta":{"desktop":{"background-color":"var(--ast-global-color-4)","background-image":"","background-repeat":"repeat","background-position":"center center","background-size":"auto","background-attachment":"scroll","background-type":"","background-media":"","overlay-type":"","overlay-color":"","overlay-opacity":"","overlay-gradient":""},"tablet":{"background-color":"var(--ast-global-color-4)","background-image":"","background-repeat":"repeat","background-position":"center center","background-size":"auto","background-attachment":"scroll","background-type":"","background-media":"","overlay-type":"","overlay-color":"","overlay-opacity":"","overlay-gradient":""},"mobile":{"background-color":"var(--ast-global-color-4)","background-image":"","background-repeat":"repeat","background-position":"center center","background-size":"auto","background-attachment":"scroll","background-type":"","background-media":"","overlay-type":"","overlay-color":"","overlay-opacity":"","overlay-gradient":""}}},"product_brand":[95],"product_cat":[143,33,29,32,57,35,40,34,28,59],"product_tag":[],"class_list":{"0":"post-6567","1":"product","2":"type-product","3":"status-publish","4":"has-post-thumbnail","6":"product_brand-engino","7":"product_cat-143","8":"product_cat-33","9":"product_cat-29","10":"product_cat-32","11":"product_cat-57","12":"product_cat--10-12-","13":"product_cat--12-","14":"product_cat-34","15":"product_cat-28","16":"product_cat-59","17":"desktop-align-left","18":"tablet-align-left","19":"mobile-align-left","21":"first","22":"instock","23":"taxable","24":"shipping-taxable","25":"purchasable","26":"product-type-simple"},"_links":{"self":[{"href":"https:\/\/stem-eshop.gr\/hr\/wp-json\/wp\/v2\/product\/6567","targetHints":{"allow":["GET"]}}],"collection":[{"href":"https:\/\/stem-eshop.gr\/hr\/wp-json\/wp\/v2\/product"}],"about":[{"href":"https:\/\/stem-eshop.gr\/hr\/wp-json\/wp\/v2\/types\/product"}],"replies":[{"embeddable":true,"href":"https:\/\/stem-eshop.gr\/hr\/wp-json\/wp\/v2\/comments?post=6567"}],"wp:featuredmedia":[{"embeddable":true,"href":"https:\/\/stem-eshop.gr\/hr\/wp-json\/wp\/v2\/media\/5719"}],"wp:attachment":[{"href":"https:\/\/stem-eshop.gr\/hr\/wp-json\/wp\/v2\/media?parent=6567"}],"wp:term":[{"taxonomy":"product_brand","embeddable":true,"href":"https:\/\/stem-eshop.gr\/hr\/wp-json\/wp\/v2\/product_brand?post=6567"},{"taxonomy":"product_cat","embeddable":true,"href":"https:\/\/stem-eshop.gr\/hr\/wp-json\/wp\/v2\/product_cat?post=6567"},{"taxonomy":"product_tag","embeddable":true,"href":"https:\/\/stem-eshop.gr\/hr\/wp-json\/wp\/v2\/product_tag?post=6567"}],"curies":[{"name":"wp","href":"https:\/\/api.w.org\/{rel}","templated":true}]}}