{"id":6538,"date":"2025-05-19T08:12:06","date_gmt":"2025-05-19T08:12:06","guid":{"rendered":"https:\/\/stem-eshop.gr\/product\/gigo-mechanical-engineering-robotic-arms\/"},"modified":"2025-05-22T21:13:18","modified_gmt":"2025-05-22T18:13:18","slug":"gigo-mechanical-engineering-robotic-arms","status":"publish","type":"product","link":"https:\/\/stem-eshop.gr\/hr\/proizvod\/gigo-mechanical-engineering-robotic-arms\/","title":{"rendered":"Gigo Strojarstvo Robotske ruke"},"content":{"rendered":"<p>Komplet hidropneumatske robotske ruke povezan je s naprednim robotskim kretanjem koje pokre\u0107e komprimirani zrak. Ovaj komplet ima sna\u017enu zra\u010dnu pumpu za stvaranje tlaka zraka u posebnom spremniku. Nakon \u0161to komprimirate zrak unutar spremnika, imate spremnik zraka koji mo\u017eete koristiti za nekoliko pritisaka klipa. Pomo\u0107u pneumatskog prekida\u010da za uklju\u010divanje\/isklju\u010divanje, zrak se usmjerava na klip koji se vrlo dinami\u010dno kre\u0107e u smjeru koji odre\u0111uje zra\u010dni ventil.<\/p>\n<p>Skup realisti\u010dnih robotskih ruku koji vam omogu\u0107uje stvaranje mnogih razli\u010ditih struktura i funkcija. Dvostruka hvataljka hvata \u010dak i male predmete s velikom precizno\u0161\u0107u. Trostruka hvataljka mo\u017ee uhvatiti mekane i te\u0161ke predmete poput lopte itd. Laboratorijska robotska ruka pru\u017ea vam vrlo izravno, kontrolirano i fleksibilno rukovanje za podizanje predmeta. Iznimno velika robotska ruka poma\u017ee vam da dosegnete i podignete predmete koje je te\u0161ko dosegnuti vlastitom rukom. Vertikalna robotska ruka pomalo podsje\u0107a na robotski stroj s dvostrukom stezaljkom u klasi\u010dnim zabavnim parkovima.<\/p>\n<\/p>\n<div class=\"wd-tab-wrapper woodmart-tab-wrapper\">\n<div class=\"woocommerce-Tabs-panel woocommerce-Tabs-panel--description panel entry-content wc-tab\" id=\"tab-description\">\n<div class=\"wc-tab-inner\">\n<p>- Jednostavne upute za izradu 6 hidropneumatskih modela.<\/p>\n<p>-Uklju\u010duje spremnik zraka pod tlakom s ugra\u0111enom pumpom za komprimirani zrak, zra\u010dni klip, crijeva za zrak i preklopni ventil za zrak.<\/p>\n<p>- \u010celjust ima vi\u0161e funkcija.<\/p>\n<p>- Lijevani okviri daju robotskoj ruci realisti\u010dan izgled i osje\u0107aj.<\/p>\n<p>Kreativne igre za djecu<\/p>\n<p dir=\"ltr\" style=\"text-align:center\"><span xml:lang=\"el\" lang=\"el\">Priru\u010dnik<\/span><\/p>\n<p dir=\"ltr\"><span xml:lang=\"el\" lang=\"el\"><a href=\"https:\/\/issuu.com\/gigotoys\/docs\/_7411-en\" rel=\"noopener\"><img decoding=\"async\" src=\"https:\/\/stem-eshop.gr\/img\/cms\/manual.png\" alt=\"\" width=\"40\" height=\"31\" style=\"margin-left:auto;margin-right:auto\" \/><\/a><\/span><\/p>\n<\/div>\n<\/div>\n<\/div>","protected":false},"excerpt":{"rendered":"<p>Hidropneumatski set robotske ruke povezan je s naprednim robotskim pokretima koji se pokre\u0107u komprimiranim zrakom. Robotski pokreti su sjajni, a djeca u\u010de o tome kako oni zapravo rade dok se igraju!<\/p>","protected":false},"featured_media":6115,"comment_status":"open","ping_status":"closed","template":"","meta":{"site-sidebar-layout":"default","site-content-layout":"","ast-site-content-layout":"default","site-content-style":"default","site-sidebar-style":"default","ast-global-header-display":"","ast-banner-title-visibility":"","ast-main-header-display":"","ast-hfb-above-header-display":"","ast-hfb-below-header-display":"","ast-hfb-mobile-header-display":"","site-post-title":"","ast-breadcrumbs-content":"","ast-featured-img":"","footer-sml-layout":"","ast-disable-related-posts":"","theme-transparent-header-meta":"","adv-header-id-meta":"","stick-header-meta":"","header-above-stick-meta":"","header-main-stick-meta":"","header-below-stick-meta":"","astra-migrate-meta-layouts":"default","ast-page-background-enabled":"default","ast-page-background-meta":{"desktop":{"background-color":"var(--ast-global-color-5)","background-image":"","background-repeat":"repeat","background-position":"center center","background-size":"auto","background-attachment":"scroll","background-type":"","background-media":"","overlay-type":"","overlay-color":"","overlay-opacity":"","overlay-gradient":""},"tablet":{"background-color":"","background-image":"","background-repeat":"repeat","background-position":"center center","background-size":"auto","background-attachment":"scroll","background-type":"","background-media":"","overlay-type":"","overlay-color":"","overlay-opacity":"","overlay-gradient":""},"mobile":{"background-color":"","background-image":"","background-repeat":"repeat","background-position":"center center","background-size":"auto","background-attachment":"scroll","background-type":"","background-media":"","overlay-type":"","overlay-color":"","overlay-opacity":"","overlay-gradient":""}},"ast-content-background-meta":{"desktop":{"background-color":"var(--ast-global-color-4)","background-image":"","background-repeat":"repeat","background-position":"center center","background-size":"auto","background-attachment":"scroll","background-type":"","background-media":"","overlay-type":"","overlay-color":"","overlay-opacity":"","overlay-gradient":""},"tablet":{"background-color":"var(--ast-global-color-4)","background-image":"","background-repeat":"repeat","background-position":"center center","background-size":"auto","background-attachment":"scroll","background-type":"","background-media":"","overlay-type":"","overlay-color":"","overlay-opacity":"","overlay-gradient":""},"mobile":{"background-color":"var(--ast-global-color-4)","background-image":"","background-repeat":"repeat","background-position":"center center","background-size":"auto","background-attachment":"scroll","background-type":"","background-media":"","overlay-type":"","overlay-color":"","overlay-opacity":"","overlay-gradient":""}}},"product_brand":[104],"product_cat":[38,29,56,32,57,35,30,34,28],"product_tag":[],"class_list":{"0":"post-6538","1":"product","2":"type-product","3":"status-publish","4":"has-post-thumbnail","6":"product_brand-gigo","7":"product_cat-38","8":"product_cat-29","9":"product_cat-56","10":"product_cat-32","11":"product_cat-57","12":"product_cat--10-12-","13":"product_cat--6-9-","14":"product_cat-34","15":"product_cat-28","16":"desktop-align-left","17":"tablet-align-left","18":"mobile-align-left","20":"first","21":"instock","22":"taxable","23":"shipping-taxable","24":"purchasable","25":"product-type-simple"},"_links":{"self":[{"href":"https:\/\/stem-eshop.gr\/hr\/wp-json\/wp\/v2\/product\/6538","targetHints":{"allow":["GET"]}}],"collection":[{"href":"https:\/\/stem-eshop.gr\/hr\/wp-json\/wp\/v2\/product"}],"about":[{"href":"https:\/\/stem-eshop.gr\/hr\/wp-json\/wp\/v2\/types\/product"}],"replies":[{"embeddable":true,"href":"https:\/\/stem-eshop.gr\/hr\/wp-json\/wp\/v2\/comments?post=6538"}],"wp:featuredmedia":[{"embeddable":true,"href":"https:\/\/stem-eshop.gr\/hr\/wp-json\/wp\/v2\/media\/6115"}],"wp:attachment":[{"href":"https:\/\/stem-eshop.gr\/hr\/wp-json\/wp\/v2\/media?parent=6538"}],"wp:term":[{"taxonomy":"product_brand","embeddable":true,"href":"https:\/\/stem-eshop.gr\/hr\/wp-json\/wp\/v2\/product_brand?post=6538"},{"taxonomy":"product_cat","embeddable":true,"href":"https:\/\/stem-eshop.gr\/hr\/wp-json\/wp\/v2\/product_cat?post=6538"},{"taxonomy":"product_tag","embeddable":true,"href":"https:\/\/stem-eshop.gr\/hr\/wp-json\/wp\/v2\/product_tag?post=6538"}],"curies":[{"name":"wp","href":"https:\/\/api.w.org\/{rel}","templated":true}]}}