{"id":6536,"date":"2025-05-19T08:12:05","date_gmt":"2025-05-19T08:12:05","guid":{"rendered":"https:\/\/stem-eshop.gr\/product\/%cf%80%ce%b1%ce%ba%ce%ad%cf%84%ce%bf-%ce%b3%ce%b9%ce%b1-%ce%b2%cf%81%ce%b5%cf%86%ce%b9%ce%ba%cf%8c-%cf%83%cf%84%ce%b1%ce%b8%ce%bc%cf%8c\/"},"modified":"2025-05-24T12:11:48","modified_gmt":"2025-05-24T09:11:48","slug":"%cf%80%ce%b1%ce%ba%ce%ad%cf%84%ce%bf-%ce%b3%ce%b9%ce%b1-%ce%b2%cf%81%ce%b5%cf%86%ce%b9%ce%ba%cf%8c-%cf%83%cf%84%ce%b1%ce%b8%ce%bc%cf%8c","status":"publish","type":"product","link":"https:\/\/stem-eshop.gr\/hr\/proizvod\/%cf%80%ce%b1%ce%ba%ce%ad%cf%84%ce%bf-%ce%b3%ce%b9%ce%b1-%ce%b2%cf%81%ce%b5%cf%86%ce%b9%ce%ba%cf%8c-%cf%83%cf%84%ce%b1%ce%b8%ce%bc%cf%8c\/","title":{"rendered":"Paket za vrti\u0107"},"content":{"rendered":"<p class=\"MsoNormal\">Detaljnije, paket uklju\u010duje:<\/p>\n<p class=\"MsoNormal\">-Montessori drvene edukativne igra\u010dke s geometrijskim oblicima koji se podudaraju: ove igra\u010dke su interaktivni i edukativni alati koji kombiniraju zabavu s u\u010denjem, pobolj\u0161avaju\u0107i dje\u010dje vje\u0161tine kroz igru.<\/p>\n<p class=\"MsoNormal\">\n<p class=\"MsoNormal\">-8 u 1 Montessori drveni set edukativnih igra\u010daka - vi\u0161enamjenska kutija: Set uklju\u010duje 8 razli\u010ditih edukativnih igra\u010daka u jednoj kutiji, koje pokrivaju razli\u010dite aspekte dje\u010djeg razvoja. Aktivnosti uklju\u010duju: udaranje loptom, spajanje \u017eivotinja, ribolov, prepoznavanje oblika i boja, formacije i uzorke.<\/p>\n<p class=\"MsoNormal\">\n<p class=\"MsoNormal\">-Set drvenih \u0161arenih zve\u010dki za bebe: Set drvenih \u0161arenih zve\u010dki za bebe je sigurna edukativna igra\u010dka dizajnirana posebno za dojen\u010dad i malu djecu. Uklju\u010duje zve\u010dke razli\u010ditih dizajna.<\/p>\n<p class=\"MsoNormal\">\n<p class=\"MsoNormal\">-Drvena edukativna igra\u010dka, aktivna plo\u010da: Plo\u010da sadr\u017ei niz aktivnosti, uklju\u010duju\u0107i kop\u010de, patentne zatvara\u010de, brave, prekida\u010de i druge mehanizme koje djeca mogu istra\u017eivati. Ove aktivnosti poma\u017eu u razvoju motori\u010dkih sposobnosti i logi\u010dkog razmi\u0161ljanja.<\/p>","protected":false},"excerpt":{"rendered":"<p>Ovaj set drvenih edukativnih igra\u010daka osmi\u0161ljen je kako bi pobolj\u0161ao razvoj dje\u010djeg u\u010denja nude\u0107i zabavne i edukativne aktivnosti koje poti\u010du razvoj vje\u0161tina poput logi\u010dkog razmi\u0161ljanja, motori\u010dkog razvoja, prepoznavanja oblika i boja, koordiniranog pokreta i kreativnosti. Idealne za djecu svih uzrasta, ove igra\u010dke kombiniraju u\u010denje sa zabavom.<\/p>","protected":false},"featured_media":6113,"comment_status":"open","ping_status":"closed","template":"","meta":{"site-sidebar-layout":"default","site-content-layout":"","ast-site-content-layout":"default","site-content-style":"default","site-sidebar-style":"default","ast-global-header-display":"","ast-banner-title-visibility":"","ast-main-header-display":"","ast-hfb-above-header-display":"","ast-hfb-below-header-display":"","ast-hfb-mobile-header-display":"","site-post-title":"","ast-breadcrumbs-content":"","ast-featured-img":"","footer-sml-layout":"","ast-disable-related-posts":"","theme-transparent-header-meta":"default","adv-header-id-meta":"","stick-header-meta":"","header-above-stick-meta":"","header-main-stick-meta":"","header-below-stick-meta":"","astra-migrate-meta-layouts":"set","ast-page-background-enabled":"default","ast-page-background-meta":{"desktop":{"background-color":"var(--ast-global-color-5)","background-image":"","background-repeat":"repeat","background-position":"center center","background-size":"auto","background-attachment":"scroll","background-type":"","background-media":"","overlay-type":"","overlay-color":"","overlay-opacity":"","overlay-gradient":""},"tablet":{"background-color":"","background-image":"","background-repeat":"repeat","background-position":"center center","background-size":"auto","background-attachment":"scroll","background-type":"","background-media":"","overlay-type":"","overlay-color":"","overlay-opacity":"","overlay-gradient":""},"mobile":{"background-color":"","background-image":"","background-repeat":"repeat","background-position":"center center","background-size":"auto","background-attachment":"scroll","background-type":"","background-media":"","overlay-type":"","overlay-color":"","overlay-opacity":"","overlay-gradient":""}},"ast-content-background-meta":{"desktop":{"background-color":"var(--ast-global-color-4)","background-image":"","background-repeat":"repeat","background-position":"center center","background-size":"auto","background-attachment":"scroll","background-type":"","background-media":"","overlay-type":"","overlay-color":"","overlay-opacity":"","overlay-gradient":""},"tablet":{"background-color":"var(--ast-global-color-4)","background-image":"","background-repeat":"repeat","background-position":"center center","background-size":"auto","background-attachment":"scroll","background-type":"","background-media":"","overlay-type":"","overlay-color":"","overlay-opacity":"","overlay-gradient":""},"mobile":{"background-color":"var(--ast-global-color-4)","background-image":"","background-repeat":"repeat","background-position":"center center","background-size":"auto","background-attachment":"scroll","background-type":"","background-media":"","overlay-type":"","overlay-color":"","overlay-opacity":"","overlay-gradient":""}}},"product_brand":[],"product_cat":[21,20],"product_tag":[],"class_list":{"0":"post-6536","1":"product","2":"type-product","3":"status-publish","4":"has-post-thumbnail","6":"product_cat-stem--","7":"product_cat-20","8":"desktop-align-left","9":"tablet-align-left","10":"mobile-align-left","12":"first","13":"instock","14":"sale","15":"taxable","16":"shipping-taxable","17":"purchasable","18":"product-type-simple"},"_links":{"self":[{"href":"https:\/\/stem-eshop.gr\/hr\/wp-json\/wp\/v2\/product\/6536","targetHints":{"allow":["GET"]}}],"collection":[{"href":"https:\/\/stem-eshop.gr\/hr\/wp-json\/wp\/v2\/product"}],"about":[{"href":"https:\/\/stem-eshop.gr\/hr\/wp-json\/wp\/v2\/types\/product"}],"replies":[{"embeddable":true,"href":"https:\/\/stem-eshop.gr\/hr\/wp-json\/wp\/v2\/comments?post=6536"}],"wp:featuredmedia":[{"embeddable":true,"href":"https:\/\/stem-eshop.gr\/hr\/wp-json\/wp\/v2\/media\/6113"}],"wp:attachment":[{"href":"https:\/\/stem-eshop.gr\/hr\/wp-json\/wp\/v2\/media?parent=6536"}],"wp:term":[{"taxonomy":"product_brand","embeddable":true,"href":"https:\/\/stem-eshop.gr\/hr\/wp-json\/wp\/v2\/product_brand?post=6536"},{"taxonomy":"product_cat","embeddable":true,"href":"https:\/\/stem-eshop.gr\/hr\/wp-json\/wp\/v2\/product_cat?post=6536"},{"taxonomy":"product_tag","embeddable":true,"href":"https:\/\/stem-eshop.gr\/hr\/wp-json\/wp\/v2\/product_tag?post=6536"}],"curies":[{"name":"wp","href":"https:\/\/api.w.org\/{rel}","templated":true}]}}