{"id":6529,"date":"2025-05-19T08:12:00","date_gmt":"2025-05-19T08:12:00","guid":{"rendered":"https:\/\/stem-eshop.gr\/product\/%cf%80%ce%b1%ce%ba%ce%ad%cf%84%ce%bf-%ce%b3%ce%b9%ce%b1-%cf%84%ce%b7%ce%bd-%ce%b1-%ce%b4%ce%b7%ce%bc%ce%bf%cf%84%ce%b9%ce%ba%ce%bf%cf%8d\/"},"modified":"2025-05-22T07:56:14","modified_gmt":"2025-05-22T07:56:14","slug":"%cf%80%ce%b1%ce%ba%ce%ad%cf%84%ce%bf-%ce%b3%ce%b9%ce%b1-%cf%84%ce%b7%ce%bd-%ce%b1-%ce%b4%ce%b7%ce%bc%ce%bf%cf%84%ce%b9%ce%ba%ce%bf%cf%8d","status":"publish","type":"product","link":"https:\/\/stem-eshop.gr\/hr\/proizvod\/%cf%80%ce%b1%ce%ba%ce%ad%cf%84%ce%bf-%ce%b3%ce%b9%ce%b1-%cf%84%ce%b7%ce%bd-%ce%b1-%ce%b4%ce%b7%ce%bc%ce%bf%cf%84%ce%b9%ce%ba%ce%bf%cf%8d\/","title":{"rendered":"Paket za u\u010denike prvog razreda"},"content":{"rendered":"<p>Detaljno, uklju\u010duje sljede\u0107e:<\/p>\n<ol>\n<li>Pametno u\u010denje pisanja: Progresivna edukativna igra sa \u0161arenim karticama za pisanje koja poma\u017ee djeci da naprave prve korake u pisanju i \u010ditanju. Kartice pru\u017eaju upute i formate za djecu, njeguju\u0107i njihovo samopouzdanje u kori\u0161tenju pisane rije\u010di.<\/li>\n<li>Montessori Ljudsko tijelo: Interaktivna igra koja djeci obja\u0161njava strukturu ljudskog tijela. Sastoji se od odvojivih slagalica koje se nalaze na plo\u010di, omogu\u0107uju\u0107i djeci da na razumljiv i zabavan na\u010din otkriju unutarnje i vanjske dijelove tijela, poput organa i udova.<\/li>\n<li>Pametni mjeseci i godi\u0161nja doba: Poma\u017ee djeci da nau\u010de \u010detiri godi\u0161nja doba i mjesece koji ih \u010dine, kao i da prepoznaju plodove i aktivnosti koje karakteriziraju svako godi\u0161nje doba, nude\u0107i vrijedan uvod u ciklus vremena.<\/li>\n<li>BrainBox Learn English: Dru\u0161tvena igra koja pobolj\u0161ava dje\u010dje pam\u0107enje i vokabular na engleskom jeziku. Kartice sadr\u017ee slike s rije\u010dima na engleskom i gr\u010dkom jeziku, kao i pitanja koja pobolj\u0161avaju dje\u010dje zapa\u017eanje i samopouzdanje u kori\u0161tenju stranog jezika.<\/li>\n<li>50\/50 Igre za u\u010denje vremena: Ovo je interaktivna magnetska plo\u010da s magnetskim komponentama i kazaljkama sata koja djeci omogu\u0107uje u\u010denje sati, minuta i pojmova poput &quot;pola i pet&quot;. Prikladna je za djecu koja \u010dine prve korake u razumijevanju vremena.<\/li>\n<li>AS Magnetna kutija za u\u010denje pisanja 72 edukativna papirnata magneta: Magnetna igra\u010dka koja omogu\u0107uje djeci vje\u017ebanje pisanja postavljanjem i kombiniranjem magnetskih slova na plo\u010du, \u010dine\u0107i je zabavnom i privla\u010dnom.<\/li>\n<li>Montessori Brojevi: Edukativna igra koja poti\u010de ra\u010dunalno razmi\u0161ljanje putem karata i numeri\u010dkih simbola. Djeca u\u010de prepoznavati parne i neparne brojeve, upoznaju\u0107i ih s konceptom matematike i numeri\u010dkog razmi\u0161ljanja.<\/li>\n<li>AS Magnetna kutija Emocije: Set za emocionalno u\u010denje s 42 magneta koji u\u010di djecu kako prepoznati razli\u010dite izraze lica i razumjeti emocionalne izraze. Uklju\u010duje ilustrirani vodi\u010d koji poma\u017ee djeci povezati izraze lica s emocijama, razvijaju\u0107i njihovu emocionalnu inteligenciju.<\/li>\n<li>Engino 25 modela: Konstrukcijski setovi serije Engino sastoje se od 25, odnosno 30 razli\u010ditih modela i nude djeci priliku za izgradnju kreativnih konstrukcija. Prikladni su za djecu u dobi od 6+ godina i poti\u010du njihov interes za STEM znanosti kroz in\u017eenjerstvo i kreativnost. Set od 30 modela tako\u0111er uklju\u010duje dvobrzinski motor koji omogu\u0107uje pomicanje struktura poput automobila, dizalica i dinosaura.<\/li>\n<li>Modeli motora 30: Set s 30 modela tako\u0111er uklju\u010duje motor s dvije brzine, \u0161to omogu\u0107uje pomicanje struktura poput automobila, dizalica i dinosaura.<\/li>\n<\/ol>\n<p>Ovaj paket nudi sveobuhvatno i vi\u0161edimenzionalno iskustvo u\u010denja za u\u010denike prvog razreda, poti\u010du\u0107i u\u010denje kroz igru i pobolj\u0161avaju\u0107i razvoj kognitivnih, emocionalnih i motori\u010dkih sposobnosti djece.<\/p>","protected":false},"excerpt":{"rendered":"<p>Obrazovni paket za prvi razred sveobuhvatan je skup alata za u\u010denje koji ima za cilj podr\u017eati i razviti osnovna znanja i vje\u0161tine za djecu u dobi od 5 do 7 godina, kombiniraju\u0107i obrazovnu vrijednost sa zabavom.<\/p>","protected":false},"featured_media":5391,"comment_status":"open","ping_status":"closed","template":"","meta":{"site-sidebar-layout":"default","site-content-layout":"","ast-site-content-layout":"default","site-content-style":"default","site-sidebar-style":"default","ast-global-header-display":"","ast-banner-title-visibility":"","ast-main-header-display":"","ast-hfb-above-header-display":"","ast-hfb-below-header-display":"","ast-hfb-mobile-header-display":"","site-post-title":"","ast-breadcrumbs-content":"","ast-featured-img":"","footer-sml-layout":"","ast-disable-related-posts":"","theme-transparent-header-meta":"default","adv-header-id-meta":"","stick-header-meta":"","header-above-stick-meta":"","header-main-stick-meta":"","header-below-stick-meta":"","astra-migrate-meta-layouts":"set","ast-page-background-enabled":"default","ast-page-background-meta":{"desktop":{"background-color":"var(--ast-global-color-5)","background-image":"","background-repeat":"repeat","background-position":"center center","background-size":"auto","background-attachment":"scroll","background-type":"","background-media":"","overlay-type":"","overlay-color":"","overlay-opacity":"","overlay-gradient":""},"tablet":{"background-color":"","background-image":"","background-repeat":"repeat","background-position":"center center","background-size":"auto","background-attachment":"scroll","background-type":"","background-media":"","overlay-type":"","overlay-color":"","overlay-opacity":"","overlay-gradient":""},"mobile":{"background-color":"","background-image":"","background-repeat":"repeat","background-position":"center center","background-size":"auto","background-attachment":"scroll","background-type":"","background-media":"","overlay-type":"","overlay-color":"","overlay-opacity":"","overlay-gradient":""}},"ast-content-background-meta":{"desktop":{"background-color":"var(--ast-global-color-4)","background-image":"","background-repeat":"repeat","background-position":"center center","background-size":"auto","background-attachment":"scroll","background-type":"","background-media":"","overlay-type":"","overlay-color":"","overlay-opacity":"","overlay-gradient":""},"tablet":{"background-color":"var(--ast-global-color-4)","background-image":"","background-repeat":"repeat","background-position":"center center","background-size":"auto","background-attachment":"scroll","background-type":"","background-media":"","overlay-type":"","overlay-color":"","overlay-opacity":"","overlay-gradient":""},"mobile":{"background-color":"var(--ast-global-color-4)","background-image":"","background-repeat":"repeat","background-position":"center center","background-size":"auto","background-attachment":"scroll","background-type":"","background-media":"","overlay-type":"","overlay-color":"","overlay-opacity":"","overlay-gradient":""}}},"product_brand":[],"product_cat":[21,20],"product_tag":[],"class_list":{"0":"post-6529","1":"product","2":"type-product","3":"status-publish","4":"has-post-thumbnail","6":"product_cat-stem--","7":"product_cat-20","8":"desktop-align-left","9":"tablet-align-left","10":"mobile-align-left","12":"first","13":"instock","14":"taxable","15":"shipping-taxable","16":"purchasable","17":"product-type-simple"},"_links":{"self":[{"href":"https:\/\/stem-eshop.gr\/hr\/wp-json\/wp\/v2\/product\/6529","targetHints":{"allow":["GET"]}}],"collection":[{"href":"https:\/\/stem-eshop.gr\/hr\/wp-json\/wp\/v2\/product"}],"about":[{"href":"https:\/\/stem-eshop.gr\/hr\/wp-json\/wp\/v2\/types\/product"}],"replies":[{"embeddable":true,"href":"https:\/\/stem-eshop.gr\/hr\/wp-json\/wp\/v2\/comments?post=6529"}],"wp:featuredmedia":[{"embeddable":true,"href":"https:\/\/stem-eshop.gr\/hr\/wp-json\/wp\/v2\/media\/5391"}],"wp:attachment":[{"href":"https:\/\/stem-eshop.gr\/hr\/wp-json\/wp\/v2\/media?parent=6529"}],"wp:term":[{"taxonomy":"product_brand","embeddable":true,"href":"https:\/\/stem-eshop.gr\/hr\/wp-json\/wp\/v2\/product_brand?post=6529"},{"taxonomy":"product_cat","embeddable":true,"href":"https:\/\/stem-eshop.gr\/hr\/wp-json\/wp\/v2\/product_cat?post=6529"},{"taxonomy":"product_tag","embeddable":true,"href":"https:\/\/stem-eshop.gr\/hr\/wp-json\/wp\/v2\/product_tag?post=6529"}],"curies":[{"name":"wp","href":"https:\/\/api.w.org\/{rel}","templated":true}]}}