{"id":6520,"date":"2025-05-19T08:11:46","date_gmt":"2025-05-19T08:11:46","guid":{"rendered":"https:\/\/stem-eshop.gr\/product\/ngs-%ce%bc%ce%bf%ce%bd%cf%84%ce%ad%ce%bb%ce%bf-dna\/"},"modified":"2025-10-21T10:58:04","modified_gmt":"2025-10-21T07:58:04","slug":"ngs-%ce%bc%ce%bf%ce%bd%cf%84%ce%ad%ce%bb%ce%bf-dna","status":"publish","type":"product","link":"https:\/\/stem-eshop.gr\/hr\/proizvod\/ngs-%ce%bc%ce%bf%ce%bd%cf%84%ce%ad%ce%bb%ce%bf-dna\/","title":{"rendered":"NGS DNK model"},"content":{"rendered":"<p>Zamislite to kao ljestve koje su uvijene u spiralni oblik. Ove ljestve imaju dvije strane i &quot;pre\u010dke&quot;. Stranice ljestava su napravljene od \u0161e\u0107era i fosfata, a &quot;pre\u010dke&quot; su napravljene od parova malih dijelova koji se nazivaju baze.<\/p>\n<p>Postoje \u010detiri vrste baza:<\/p>\n<ol>\n<li>Adenin (A),<\/li>\n<li>Timin (T),<\/li>\n<li>Citozin (C),<\/li>\n<li>Gvanin (G).<\/li>\n<\/ol>\n<p>Adenin se uvijek ve\u017ee na timin (AT), a citozin na gvanin (CG).<\/p>\n<p>DNK je poput koda koji govori na\u0161em tijelu \u0161to treba u\u010diniti. Zamislite DNK kao \u201enacrt\u201c koji govori stanicama kako stvarati proteine, koji su \u201egradivni blokovi\u201c na\u0161eg tijela.<\/p>\n<p>DNK je va\u017ean jer sadr\u017ei sve informacije o tome tko smo! Upravlja na\u010dinom na koji se razvijamo, kako izgledamo, pa \u010dak i nekim sposobnostima koje imamo.<\/p><\/p>","protected":false},"excerpt":{"rendered":"<p>Istra\u017eivanje DNK za djecu mo\u017ee se provesti jednostavnim primjerima i slikama kako bi bolje razumjeli njezinu strukturu i funkciju.<\/p>\n<p>DNK je poput velikog &quot;vodi\u010da&quot; ili &quot;knjige&quot; unutar stanica koja govori na\u0161em tijelu kako funkcionirati.<\/p>\n<p>Sadr\u017ei sve potrebne informacije o tome kako \u0107emo izgledati i kako \u0107e na\u0161i organi funkcionirati.<\/p>","protected":false},"featured_media":4465,"comment_status":"open","ping_status":"closed","template":"","meta":{"site-sidebar-layout":"default","site-content-layout":"","ast-site-content-layout":"default","site-content-style":"default","site-sidebar-style":"default","ast-global-header-display":"","ast-banner-title-visibility":"","ast-main-header-display":"","ast-hfb-above-header-display":"","ast-hfb-below-header-display":"","ast-hfb-mobile-header-display":"","site-post-title":"","ast-breadcrumbs-content":"","ast-featured-img":"","footer-sml-layout":"","ast-disable-related-posts":"","theme-transparent-header-meta":"","adv-header-id-meta":"","stick-header-meta":"","header-above-stick-meta":"","header-main-stick-meta":"","header-below-stick-meta":"","astra-migrate-meta-layouts":"default","ast-page-background-enabled":"default","ast-page-background-meta":{"desktop":{"background-color":"var(--ast-global-color-5)","background-image":"","background-repeat":"repeat","background-position":"center center","background-size":"auto","background-attachment":"scroll","background-type":"","background-media":"","overlay-type":"","overlay-color":"","overlay-opacity":"","overlay-gradient":""},"tablet":{"background-color":"","background-image":"","background-repeat":"repeat","background-position":"center center","background-size":"auto","background-attachment":"scroll","background-type":"","background-media":"","overlay-type":"","overlay-color":"","overlay-opacity":"","overlay-gradient":""},"mobile":{"background-color":"","background-image":"","background-repeat":"repeat","background-position":"center center","background-size":"auto","background-attachment":"scroll","background-type":"","background-media":"","overlay-type":"","overlay-color":"","overlay-opacity":"","overlay-gradient":""}},"ast-content-background-meta":{"desktop":{"background-color":"var(--ast-global-color-4)","background-image":"","background-repeat":"repeat","background-position":"center center","background-size":"auto","background-attachment":"scroll","background-type":"","background-media":"","overlay-type":"","overlay-color":"","overlay-opacity":"","overlay-gradient":""},"tablet":{"background-color":"var(--ast-global-color-4)","background-image":"","background-repeat":"repeat","background-position":"center center","background-size":"auto","background-attachment":"scroll","background-type":"","background-media":"","overlay-type":"","overlay-color":"","overlay-opacity":"","overlay-gradient":""},"mobile":{"background-color":"var(--ast-global-color-4)","background-image":"","background-repeat":"repeat","background-position":"center center","background-size":"auto","background-attachment":"scroll","background-type":"","background-media":"","overlay-type":"","overlay-color":"","overlay-opacity":"","overlay-gradient":""}}},"product_brand":[107],"product_cat":[53,43,44,39,38,56,35,30,51],"product_tag":[],"class_list":{"0":"post-6520","1":"product","2":"type-product","3":"status-publish","4":"has-post-thumbnail","6":"product_brand-ngs","7":"product_cat-53","8":"product_cat-43","9":"product_cat-44","10":"product_cat-39","11":"product_cat-38","12":"product_cat-56","13":"product_cat--10-12-","14":"product_cat--6-9-","15":"product_cat-51","16":"desktop-align-left","17":"tablet-align-left","18":"mobile-align-left","20":"first","21":"instock","22":"taxable","23":"shipping-taxable","24":"purchasable","25":"product-type-simple"},"_links":{"self":[{"href":"https:\/\/stem-eshop.gr\/hr\/wp-json\/wp\/v2\/product\/6520","targetHints":{"allow":["GET"]}}],"collection":[{"href":"https:\/\/stem-eshop.gr\/hr\/wp-json\/wp\/v2\/product"}],"about":[{"href":"https:\/\/stem-eshop.gr\/hr\/wp-json\/wp\/v2\/types\/product"}],"replies":[{"embeddable":true,"href":"https:\/\/stem-eshop.gr\/hr\/wp-json\/wp\/v2\/comments?post=6520"}],"wp:featuredmedia":[{"embeddable":true,"href":"https:\/\/stem-eshop.gr\/hr\/wp-json\/wp\/v2\/media\/4465"}],"wp:attachment":[{"href":"https:\/\/stem-eshop.gr\/hr\/wp-json\/wp\/v2\/media?parent=6520"}],"wp:term":[{"taxonomy":"product_brand","embeddable":true,"href":"https:\/\/stem-eshop.gr\/hr\/wp-json\/wp\/v2\/product_brand?post=6520"},{"taxonomy":"product_cat","embeddable":true,"href":"https:\/\/stem-eshop.gr\/hr\/wp-json\/wp\/v2\/product_cat?post=6520"},{"taxonomy":"product_tag","embeddable":true,"href":"https:\/\/stem-eshop.gr\/hr\/wp-json\/wp\/v2\/product_tag?post=6520"}],"curies":[{"name":"wp","href":"https:\/\/api.w.org\/{rel}","templated":true}]}}