{"id":6518,"date":"2025-05-19T08:11:43","date_gmt":"2025-05-19T08:11:43","guid":{"rendered":"https:\/\/stem-eshop.gr\/product\/ngs-%ce%ba%ce%b9%cf%84-%cf%83%cf%85%ce%bd%ce%b1%cf%81%ce%bc%ce%bf%ce%bb%cf%8c%ce%b3%ce%b7%cf%83%ce%b7%cf%82-bluetooth-%ce%b7%cf%87%ce%b5%ce%af%ce%bf%cf%85\/"},"modified":"2025-05-22T07:41:18","modified_gmt":"2025-05-22T07:41:18","slug":"ngs-%ce%ba%ce%b9%cf%84-%cf%83%cf%85%ce%bd%ce%b1%cf%81%ce%bc%ce%bf%ce%bb%cf%8c%ce%b3%ce%b7%cf%83%ce%b7%cf%82-bluetooth-%ce%b7%cf%87%ce%b5%ce%af%ce%bf%cf%85","status":"publish","type":"product","link":"https:\/\/stem-eshop.gr\/hr\/proizvod\/ngs-%ce%ba%ce%b9%cf%84-%cf%83%cf%85%ce%bd%ce%b1%cf%81%ce%bc%ce%bf%ce%bb%cf%8c%ce%b3%ce%b7%cf%83%ce%b7%cf%82-bluetooth-%ce%b7%cf%87%ce%b5%ce%af%ce%bf%cf%85\/","title":{"rendered":"NGS komplet za sastavljanje Bluetooth zvu\u010dnika"},"content":{"rendered":"<p>Set uklju\u010duje sve potrebne komponente za izgradnju potpuno funkcionalnog Bluetooth zvu\u010dnika. Djeca slijede upute i sama sastavljaju zvu\u010dnik, u\u010de\u0107i kako se razli\u010diti elektroni\u010dki dijelovi spajaju i rade.<\/p>\n<p>Kroz proces sastavljanja, u\u010denici se upoznaju s principima fizike, kao \u0161to su elektromagnetska energija, zvuk i elektri\u010dni krugovi. To im poma\u017ee u razvijanju interesa za znanost, tehnologiju, in\u017eenjerstvo i matematiku.<\/p>\n<p>Nakon zavr\u0161etka konstrukcije, djeca mogu spojiti zvu\u010dnik s ure\u0111ajima putem Bluetootha i slu\u0161ati glazbu, razumjev\u0161i kako be\u017ei\u010dne tehnologije funkcioniraju.<\/p>","protected":false},"excerpt":{"rendered":"<p>NGS Bluetooth zvu\u010dnik je edukativna igra\u010dka dizajnirana za djecu koja kombinira zabavu sa znano\u0161\u0107u i tehnologijom. Ova igra\u010dka omogu\u0107uje djeci da izgrade vlastiti Bluetooth zvu\u010dnik dok u\u010de osnovne principe fizike i elektronike.<\/p>","protected":false},"featured_media":4457,"comment_status":"open","ping_status":"closed","template":"","meta":{"site-sidebar-layout":"default","site-content-layout":"","ast-site-content-layout":"default","site-content-style":"default","site-sidebar-style":"default","ast-global-header-display":"","ast-banner-title-visibility":"","ast-main-header-display":"","ast-hfb-above-header-display":"","ast-hfb-below-header-display":"","ast-hfb-mobile-header-display":"","site-post-title":"","ast-breadcrumbs-content":"","ast-featured-img":"","footer-sml-layout":"","ast-disable-related-posts":"","theme-transparent-header-meta":"","adv-header-id-meta":"","stick-header-meta":"","header-above-stick-meta":"","header-main-stick-meta":"","header-below-stick-meta":"","astra-migrate-meta-layouts":"default","ast-page-background-enabled":"default","ast-page-background-meta":{"desktop":{"background-color":"var(--ast-global-color-5)","background-image":"","background-repeat":"repeat","background-position":"center center","background-size":"auto","background-attachment":"scroll","background-type":"","background-media":"","overlay-type":"","overlay-color":"","overlay-opacity":"","overlay-gradient":""},"tablet":{"background-color":"","background-image":"","background-repeat":"repeat","background-position":"center center","background-size":"auto","background-attachment":"scroll","background-type":"","background-media":"","overlay-type":"","overlay-color":"","overlay-opacity":"","overlay-gradient":""},"mobile":{"background-color":"","background-image":"","background-repeat":"repeat","background-position":"center center","background-size":"auto","background-attachment":"scroll","background-type":"","background-media":"","overlay-type":"","overlay-color":"","overlay-opacity":"","overlay-gradient":""}},"ast-content-background-meta":{"desktop":{"background-color":"var(--ast-global-color-4)","background-image":"","background-repeat":"repeat","background-position":"center center","background-size":"auto","background-attachment":"scroll","background-type":"","background-media":"","overlay-type":"","overlay-color":"","overlay-opacity":"","overlay-gradient":""},"tablet":{"background-color":"var(--ast-global-color-4)","background-image":"","background-repeat":"repeat","background-position":"center center","background-size":"auto","background-attachment":"scroll","background-type":"","background-media":"","overlay-type":"","overlay-color":"","overlay-opacity":"","overlay-gradient":""},"mobile":{"background-color":"var(--ast-global-color-4)","background-image":"","background-repeat":"repeat","background-position":"center center","background-size":"auto","background-attachment":"scroll","background-type":"","background-media":"","overlay-type":"","overlay-color":"","overlay-opacity":"","overlay-gradient":""}}},"product_brand":[107],"product_cat":[39,52,29,56,57,35,40,59,58],"product_tag":[],"class_list":{"0":"post-6518","1":"product","2":"type-product","3":"status-publish","4":"has-post-thumbnail","6":"product_brand-ngs","7":"product_cat-39","8":"product_cat-52","9":"product_cat-29","10":"product_cat-56","11":"product_cat-57","12":"product_cat--10-12-","13":"product_cat--12-","14":"product_cat-59","15":"product_cat-58","16":"desktop-align-left","17":"tablet-align-left","18":"mobile-align-left","20":"first","21":"instock","22":"taxable","23":"shipping-taxable","24":"purchasable","25":"product-type-simple"},"_links":{"self":[{"href":"https:\/\/stem-eshop.gr\/hr\/wp-json\/wp\/v2\/product\/6518","targetHints":{"allow":["GET"]}}],"collection":[{"href":"https:\/\/stem-eshop.gr\/hr\/wp-json\/wp\/v2\/product"}],"about":[{"href":"https:\/\/stem-eshop.gr\/hr\/wp-json\/wp\/v2\/types\/product"}],"replies":[{"embeddable":true,"href":"https:\/\/stem-eshop.gr\/hr\/wp-json\/wp\/v2\/comments?post=6518"}],"wp:featuredmedia":[{"embeddable":true,"href":"https:\/\/stem-eshop.gr\/hr\/wp-json\/wp\/v2\/media\/4457"}],"wp:attachment":[{"href":"https:\/\/stem-eshop.gr\/hr\/wp-json\/wp\/v2\/media?parent=6518"}],"wp:term":[{"taxonomy":"product_brand","embeddable":true,"href":"https:\/\/stem-eshop.gr\/hr\/wp-json\/wp\/v2\/product_brand?post=6518"},{"taxonomy":"product_cat","embeddable":true,"href":"https:\/\/stem-eshop.gr\/hr\/wp-json\/wp\/v2\/product_cat?post=6518"},{"taxonomy":"product_tag","embeddable":true,"href":"https:\/\/stem-eshop.gr\/hr\/wp-json\/wp\/v2\/product_tag?post=6518"}],"curies":[{"name":"wp","href":"https:\/\/api.w.org\/{rel}","templated":true}]}}