{"id":6506,"date":"2025-05-19T08:11:17","date_gmt":"2025-05-19T08:11:17","guid":{"rendered":"https:\/\/stem-eshop.gr\/product\/%ce%bf%ce%b9%ce%ba%ce%bf%ce%bb%ce%bf%ce%b3%ce%b9%ce%ba%ce%ae-%ce%b5%cf%80%ce%b9%cf%83%cf%84%ce%ae%ce%bc%ce%b7-%ce%ba%ce%b1%cf%84%ce%b1%cf%83%ce%ba%ce%b5%cf%85%ce%ae-%ce%bc%ce%b5%cf%84%ce%b5%cf%89\/"},"modified":"2025-11-13T10:23:47","modified_gmt":"2025-11-13T07:23:47","slug":"%ce%bf%ce%b9%ce%ba%ce%bf%ce%bb%ce%bf%ce%b3%ce%b9%ce%ba%ce%ae-%ce%b5%cf%80%ce%b9%cf%83%cf%84%ce%ae%ce%bc%ce%b7-%ce%ba%ce%b1%cf%84%ce%b1%cf%83%ce%ba%ce%b5%cf%85%ce%ae-%ce%bc%ce%b5%cf%84%ce%b5%cf%89","status":"publish","type":"product","link":"https:\/\/stem-eshop.gr\/hr\/proizvod\/%ce%bf%ce%b9%ce%ba%ce%bf%ce%bb%ce%bf%ce%b3%ce%b9%ce%ba%ce%ae-%ce%b5%cf%80%ce%b9%cf%83%cf%84%ce%ae%ce%bc%ce%b7-%ce%ba%ce%b1%cf%84%ce%b1%cf%83%ce%ba%ce%b5%cf%85%ce%ae-%ce%bc%ce%b5%cf%84%ce%b5%cf%89\/","title":{"rendered":"Ekolo\u0161ka znanost: Gra\u0111evinska meteorolo\u0161ka znanost"},"content":{"rendered":"<div style=\"margin: 0px;padding: 0px;font-family: 'Open Sans', sans-serif;font-size: 15px;letter-spacing: 0.7px;background-color: #ffffff\">SADR\u017dAJ: nosa\u010d termometra x1, nosa\u010di termometra x2, termometri x2, balon x1, spirala x1, dr\u017ea\u010d za olovke x1, 1 pladanj sa sjemenkama, pH papir, pokriva\u010d za oblake x1, planinski objekt x1, poklopac s rupama x1, planinska baza x1, pumpa za oblake x1.<\/div>\n<div style=\"margin: 0px;padding: 0px;font-family: 'Open Sans', sans-serif;font-size: 15px;letter-spacing: 0.7px;background-color: #ffffff\">Upute su uklju\u010dene na gr\u010dkom jeziku.<\/div>\n<div style=\"margin: 0px;padding: 0px;font-family: 'Open Sans', sans-serif;font-size: 15px;letter-spacing: 0.7px;background-color: #ffffff\"><\/div>\n<div style=\"margin: 0px;padding: 0px;font-family: 'Open Sans', sans-serif;font-size: 15px;letter-spacing: 0.7px;background-color: #ffffff\">6\/Ministarstvo pravosu\u0111a \u2013 48\/KIB.<\/div>","protected":false},"excerpt":{"rendered":"<p><span style=\"font-family: 'Open Sans', sans-serif;font-size: 15px;letter-spacing: 0.7px;background-color: #ffffff\">Postanite mali meteorolog s vlastitim opservatorijem! Otkrijte kako nastaju vremenski fenomeni. Eksperimenti \u0107e vam pomo\u0107i da shvatite efekt staklenika, munje, oblake i jo\u0161 mnogo toga. Pro\u010ditajte zabavne \u010dinjenice uklju\u010dene u upute i nau\u010dite fascinantne \u010dinjenice o vremenu.<\/span><\/p>","protected":false},"featured_media":4375,"comment_status":"open","ping_status":"closed","template":"","meta":{"site-sidebar-layout":"default","site-content-layout":"","ast-site-content-layout":"default","site-content-style":"default","site-sidebar-style":"default","ast-global-header-display":"","ast-banner-title-visibility":"","ast-main-header-display":"","ast-hfb-above-header-display":"","ast-hfb-below-header-display":"","ast-hfb-mobile-header-display":"","site-post-title":"","ast-breadcrumbs-content":"","ast-featured-img":"","footer-sml-layout":"","ast-disable-related-posts":"","theme-transparent-header-meta":"default","adv-header-id-meta":"","stick-header-meta":"","header-above-stick-meta":"","header-main-stick-meta":"","header-below-stick-meta":"","astra-migrate-meta-layouts":"set","ast-page-background-enabled":"default","ast-page-background-meta":{"desktop":{"background-color":"var(--ast-global-color-5)","background-image":"","background-repeat":"repeat","background-position":"center center","background-size":"auto","background-attachment":"scroll","background-type":"","background-media":"","overlay-type":"","overlay-color":"","overlay-opacity":"","overlay-gradient":""},"tablet":{"background-color":"","background-image":"","background-repeat":"repeat","background-position":"center center","background-size":"auto","background-attachment":"scroll","background-type":"","background-media":"","overlay-type":"","overlay-color":"","overlay-opacity":"","overlay-gradient":""},"mobile":{"background-color":"","background-image":"","background-repeat":"repeat","background-position":"center center","background-size":"auto","background-attachment":"scroll","background-type":"","background-media":"","overlay-type":"","overlay-color":"","overlay-opacity":"","overlay-gradient":""}},"ast-content-background-meta":{"desktop":{"background-color":"var(--ast-global-color-4)","background-image":"","background-repeat":"repeat","background-position":"center center","background-size":"auto","background-attachment":"scroll","background-type":"","background-media":"","overlay-type":"","overlay-color":"","overlay-opacity":"","overlay-gradient":""},"tablet":{"background-color":"var(--ast-global-color-4)","background-image":"","background-repeat":"repeat","background-position":"center center","background-size":"auto","background-attachment":"scroll","background-type":"","background-media":"","overlay-type":"","overlay-color":"","overlay-opacity":"","overlay-gradient":""},"mobile":{"background-color":"var(--ast-global-color-4)","background-image":"","background-repeat":"repeat","background-position":"center center","background-size":"auto","background-attachment":"scroll","background-type":"","background-media":"","overlay-type":"","overlay-color":"","overlay-opacity":"","overlay-gradient":""}}},"product_brand":[96],"product_cat":[39,38,56,35,40,30,54,58],"product_tag":[],"class_list":{"0":"post-6506","1":"product","2":"type-product","3":"status-publish","4":"has-post-thumbnail","6":"product_brand-4m","7":"product_cat-39","8":"product_cat-38","9":"product_cat-56","10":"product_cat--10-12-","11":"product_cat--12-","12":"product_cat--6-9-","13":"product_cat-54","14":"product_cat-58","15":"desktop-align-left","16":"tablet-align-left","17":"mobile-align-left","19":"first","20":"instock","21":"taxable","22":"shipping-taxable","23":"purchasable","24":"product-type-simple"},"_links":{"self":[{"href":"https:\/\/stem-eshop.gr\/hr\/wp-json\/wp\/v2\/product\/6506","targetHints":{"allow":["GET"]}}],"collection":[{"href":"https:\/\/stem-eshop.gr\/hr\/wp-json\/wp\/v2\/product"}],"about":[{"href":"https:\/\/stem-eshop.gr\/hr\/wp-json\/wp\/v2\/types\/product"}],"replies":[{"embeddable":true,"href":"https:\/\/stem-eshop.gr\/hr\/wp-json\/wp\/v2\/comments?post=6506"}],"wp:featuredmedia":[{"embeddable":true,"href":"https:\/\/stem-eshop.gr\/hr\/wp-json\/wp\/v2\/media\/4375"}],"wp:attachment":[{"href":"https:\/\/stem-eshop.gr\/hr\/wp-json\/wp\/v2\/media?parent=6506"}],"wp:term":[{"taxonomy":"product_brand","embeddable":true,"href":"https:\/\/stem-eshop.gr\/hr\/wp-json\/wp\/v2\/product_brand?post=6506"},{"taxonomy":"product_cat","embeddable":true,"href":"https:\/\/stem-eshop.gr\/hr\/wp-json\/wp\/v2\/product_cat?post=6506"},{"taxonomy":"product_tag","embeddable":true,"href":"https:\/\/stem-eshop.gr\/hr\/wp-json\/wp\/v2\/product_tag?post=6506"}],"curies":[{"name":"wp","href":"https:\/\/api.w.org\/{rel}","templated":true}]}}