{"id":6503,"date":"2025-05-19T08:11:12","date_gmt":"2025-05-19T08:11:12","guid":{"rendered":"https:\/\/stem-eshop.gr\/product\/gigo-water-power\/"},"modified":"2025-05-22T21:13:23","modified_gmt":"2025-05-22T18:13:23","slug":"gigo-water-power","status":"publish","type":"product","link":"https:\/\/stem-eshop.gr\/hr\/proizvod\/gigo-water-power\/","title":{"rendered":"Gigo Water Power"},"content":{"rendered":"<p class=\"MsoNormal\">Ovaj jedinstveni set omogu\u0107uje vam izgradnju dva razli\u010dita sustava: automobila s mlaznim motorom i hidropneumatskih strojeva. Hidropneumatski sustav koristi samostalni sustav zra\u010dno-vodene turbine kao pogonsku snagu. Automobili s mlaznim motorom zabavna su aktivnost na otvorenom, dok su samostalni hidropneumatski modeli zabavni i u zatvorenom i na otvorenom. Natje\u010dite se s prijateljima kako biste vidjeli koji je model najbr\u017ei!<\/p>\n<\/p>\n<p>Ovi modeli koriste dva osnovna sustava:<\/p>\n<ol>\n<li>\n<p>Hidropneumatski sustav: Ovdje modele pokre\u0107e motor koji kombinira zrak i vodu, zadr\u017eavaju\u0107i vodu unutar sustava. Idealan je za unutarnju i vanjsku upotrebu.<\/p>\n<\/li>\n<li>\n<p>Hidropropulzijski sustav: Ova metoda koristi vodu za pogon modela, \u0161to je \u010dini prikladnom uglavnom za vanjske prostore jer se voda raspr\u0161uje prema van.<\/p>\n<\/li>\n<\/ol>\n<p>Gigo Water Power je izvrstan alat za razumijevanje osnovnih principa fizike i obnovljivih izvora energije na prakti\u010dan i zabavan na\u010din.<span><span class=\"text-token-text-secondary\"><\/span><\/span><\/p>","protected":false},"excerpt":{"rendered":"<p>Gigo Water Power igra\u010dka je STEM edukativni komplet koji kombinira u\u010denje sa zabavom i kreativnim anga\u017emanom predla\u017eu\u0107i aktivnosti temeljene na hidrauli\u010dnoj i pneumatskoj energiji. Prikladan je za djecu od 8 godina i vi\u0161e te uklju\u010duje komponente za izgradnju 15 razli\u010ditih modela.<\/p>","protected":false},"featured_media":4351,"comment_status":"open","ping_status":"closed","template":"","meta":{"site-sidebar-layout":"default","site-content-layout":"","ast-site-content-layout":"default","site-content-style":"default","site-sidebar-style":"default","ast-global-header-display":"","ast-banner-title-visibility":"","ast-main-header-display":"","ast-hfb-above-header-display":"","ast-hfb-below-header-display":"","ast-hfb-mobile-header-display":"","site-post-title":"","ast-breadcrumbs-content":"","ast-featured-img":"","footer-sml-layout":"","ast-disable-related-posts":"","theme-transparent-header-meta":"","adv-header-id-meta":"","stick-header-meta":"","header-above-stick-meta":"","header-main-stick-meta":"","header-below-stick-meta":"","astra-migrate-meta-layouts":"default","ast-page-background-enabled":"default","ast-page-background-meta":{"desktop":{"background-color":"var(--ast-global-color-5)","background-image":"","background-repeat":"repeat","background-position":"center center","background-size":"auto","background-attachment":"scroll","background-type":"","background-media":"","overlay-type":"","overlay-color":"","overlay-opacity":"","overlay-gradient":""},"tablet":{"background-color":"","background-image":"","background-repeat":"repeat","background-position":"center center","background-size":"auto","background-attachment":"scroll","background-type":"","background-media":"","overlay-type":"","overlay-color":"","overlay-opacity":"","overlay-gradient":""},"mobile":{"background-color":"","background-image":"","background-repeat":"repeat","background-position":"center center","background-size":"auto","background-attachment":"scroll","background-type":"","background-media":"","overlay-type":"","overlay-color":"","overlay-opacity":"","overlay-gradient":""}},"ast-content-background-meta":{"desktop":{"background-color":"var(--ast-global-color-4)","background-image":"","background-repeat":"repeat","background-position":"center center","background-size":"auto","background-attachment":"scroll","background-type":"","background-media":"","overlay-type":"","overlay-color":"","overlay-opacity":"","overlay-gradient":""},"tablet":{"background-color":"var(--ast-global-color-4)","background-image":"","background-repeat":"repeat","background-position":"center center","background-size":"auto","background-attachment":"scroll","background-type":"","background-media":"","overlay-type":"","overlay-color":"","overlay-opacity":"","overlay-gradient":""},"mobile":{"background-color":"var(--ast-global-color-4)","background-image":"","background-repeat":"repeat","background-position":"center center","background-size":"auto","background-attachment":"scroll","background-type":"","background-media":"","overlay-type":"","overlay-color":"","overlay-opacity":"","overlay-gradient":""}}},"product_brand":[104],"product_cat":[46,39,38,29,35,30,54,59,58],"product_tag":[],"class_list":{"0":"post-6503","1":"product","2":"type-product","3":"status-publish","4":"has-post-thumbnail","6":"product_brand-gigo","7":"product_cat-46","8":"product_cat-39","9":"product_cat-38","10":"product_cat-29","11":"product_cat--10-12-","12":"product_cat--6-9-","13":"product_cat-54","14":"product_cat-59","15":"product_cat-58","16":"desktop-align-left","17":"tablet-align-left","18":"mobile-align-left","20":"first","21":"instock","22":"taxable","23":"shipping-taxable","24":"purchasable","25":"product-type-simple"},"_links":{"self":[{"href":"https:\/\/stem-eshop.gr\/hr\/wp-json\/wp\/v2\/product\/6503","targetHints":{"allow":["GET"]}}],"collection":[{"href":"https:\/\/stem-eshop.gr\/hr\/wp-json\/wp\/v2\/product"}],"about":[{"href":"https:\/\/stem-eshop.gr\/hr\/wp-json\/wp\/v2\/types\/product"}],"replies":[{"embeddable":true,"href":"https:\/\/stem-eshop.gr\/hr\/wp-json\/wp\/v2\/comments?post=6503"}],"wp:featuredmedia":[{"embeddable":true,"href":"https:\/\/stem-eshop.gr\/hr\/wp-json\/wp\/v2\/media\/4351"}],"wp:attachment":[{"href":"https:\/\/stem-eshop.gr\/hr\/wp-json\/wp\/v2\/media?parent=6503"}],"wp:term":[{"taxonomy":"product_brand","embeddable":true,"href":"https:\/\/stem-eshop.gr\/hr\/wp-json\/wp\/v2\/product_brand?post=6503"},{"taxonomy":"product_cat","embeddable":true,"href":"https:\/\/stem-eshop.gr\/hr\/wp-json\/wp\/v2\/product_cat?post=6503"},{"taxonomy":"product_tag","embeddable":true,"href":"https:\/\/stem-eshop.gr\/hr\/wp-json\/wp\/v2\/product_tag?post=6503"}],"curies":[{"name":"wp","href":"https:\/\/api.w.org\/{rel}","templated":true}]}}