{"id":6496,"date":"2025-05-19T08:11:02","date_gmt":"2025-05-19T08:11:02","guid":{"rendered":"https:\/\/stem-eshop.gr\/product\/lego-technic-distance-sensor\/"},"modified":"2025-10-23T11:21:36","modified_gmt":"2025-10-23T08:21:36","slug":"lego-technic-distance-sensor","status":"publish","type":"product","link":"https:\/\/stem-eshop.gr\/hr\/proizvod\/lego-technic-distance-sensor\/","title":{"rendered":"LEGO\u00ae Technic\u2122 senzor udaljenosti"},"content":{"rendered":"<p class=\"MsoNormal\" style=\"text-align: justify\">Zna\u010dajke:<\/p>\n<p class=\"MsoNormal\" style=\"text-align: justify\">Detekcija udaljenosti: Precizno mjeri udaljenosti od 1 do 200 centimetara.<\/p>\n<p class=\"MsoNormal\" style=\"text-align: justify\">Svjetlosna indikacija: Ima ugra\u0111ene vi\u0161ebojne LED diode koje se mogu programirati za razli\u010dite indikacije i povratne informacije.<\/p>\n<p class=\"MsoNormal\" style=\"text-align: justify\">Visoka osjetljivost: Detektira objekte na razli\u010ditim udaljenostima i mo\u017ee se koristiti za izbjegavanje prepreka, mjerenje udaljenosti i detekciju pokreta.<\/p>\n<p class=\"MsoNormal\" style=\"text-align: justify\">Kompatibilnost: Besprijekorno radi s LEGO\u00ae Technic\u2122 Large Hub i drugim SPIKE\u2122 Prime sustavima, \u0161to omogu\u0107uje jednostavnu integraciju u konstrukcije.<\/p>\n<p class=\"MsoNormal\" style=\"text-align: justify\">Programiranje: Podr\u017eava programiranje putem LEGO\u00ae Education SPIKE\u2122 Prime okru\u017eenja, koje je bazirano na Scratchu i Pythonu.<\/p>\n<p class=\"MsoNormal\" style=\"text-align: justify\">","protected":false},"excerpt":{"rendered":"<p class=\"MsoNormal\" style=\"text-align: justify\">LEGO\u00ae Technic\u2122 senzor udaljenosti je senzor udaljenosti dizajniran za kori\u0161tenje s LEGO\u00ae Education SPIKE\u2122 Prime i drugim LEGO\u00ae Technic setovima. Ovaj senzor omogu\u0107uje detekciju udaljenosti i interakciju s okolinom, dodaju\u0107i inteligenciju gra\u0111evinskim i robotskim projektima.<\/p>","protected":false},"featured_media":4320,"comment_status":"open","ping_status":"closed","template":"","meta":{"site-sidebar-layout":"default","site-content-layout":"","ast-site-content-layout":"default","site-content-style":"default","site-sidebar-style":"default","ast-global-header-display":"","ast-banner-title-visibility":"","ast-main-header-display":"","ast-hfb-above-header-display":"","ast-hfb-below-header-display":"","ast-hfb-mobile-header-display":"","site-post-title":"","ast-breadcrumbs-content":"","ast-featured-img":"","footer-sml-layout":"","ast-disable-related-posts":"","theme-transparent-header-meta":"default","adv-header-id-meta":"","stick-header-meta":"","header-above-stick-meta":"","header-main-stick-meta":"","header-below-stick-meta":"","astra-migrate-meta-layouts":"set","ast-page-background-enabled":"default","ast-page-background-meta":{"desktop":{"background-color":"var(--ast-global-color-5)","background-image":"","background-repeat":"repeat","background-position":"center center","background-size":"auto","background-attachment":"scroll","background-type":"","background-media":"","overlay-type":"","overlay-color":"","overlay-opacity":"","overlay-gradient":""},"tablet":{"background-color":"","background-image":"","background-repeat":"repeat","background-position":"center center","background-size":"auto","background-attachment":"scroll","background-type":"","background-media":"","overlay-type":"","overlay-color":"","overlay-opacity":"","overlay-gradient":""},"mobile":{"background-color":"","background-image":"","background-repeat":"repeat","background-position":"center center","background-size":"auto","background-attachment":"scroll","background-type":"","background-media":"","overlay-type":"","overlay-color":"","overlay-opacity":"","overlay-gradient":""}},"ast-content-background-meta":{"desktop":{"background-color":"var(--ast-global-color-4)","background-image":"","background-repeat":"repeat","background-position":"center center","background-size":"auto","background-attachment":"scroll","background-type":"","background-media":"","overlay-type":"","overlay-color":"","overlay-opacity":"","overlay-gradient":""},"tablet":{"background-color":"var(--ast-global-color-4)","background-image":"","background-repeat":"repeat","background-position":"center center","background-size":"auto","background-attachment":"scroll","background-type":"","background-media":"","overlay-type":"","overlay-color":"","overlay-opacity":"","overlay-gradient":""},"mobile":{"background-color":"var(--ast-global-color-4)","background-image":"","background-repeat":"repeat","background-position":"center center","background-size":"auto","background-attachment":"scroll","background-type":"","background-media":"","overlay-type":"","overlay-color":"","overlay-opacity":"","overlay-gradient":""}}},"product_brand":[105],"product_cat":[52,29,56,57,35,40,34,28,59,58],"product_tag":[],"class_list":{"0":"post-6496","1":"product","2":"type-product","3":"status-publish","4":"has-post-thumbnail","6":"product_brand-lego","7":"product_cat-52","8":"product_cat-29","9":"product_cat-56","10":"product_cat-57","11":"product_cat--10-12-","12":"product_cat--12-","13":"product_cat-34","14":"product_cat-28","15":"product_cat-59","16":"product_cat-58","17":"desktop-align-left","18":"tablet-align-left","19":"mobile-align-left","21":"first","22":"instock","23":"taxable","24":"shipping-taxable","25":"purchasable","26":"product-type-simple"},"_links":{"self":[{"href":"https:\/\/stem-eshop.gr\/hr\/wp-json\/wp\/v2\/product\/6496","targetHints":{"allow":["GET"]}}],"collection":[{"href":"https:\/\/stem-eshop.gr\/hr\/wp-json\/wp\/v2\/product"}],"about":[{"href":"https:\/\/stem-eshop.gr\/hr\/wp-json\/wp\/v2\/types\/product"}],"replies":[{"embeddable":true,"href":"https:\/\/stem-eshop.gr\/hr\/wp-json\/wp\/v2\/comments?post=6496"}],"wp:featuredmedia":[{"embeddable":true,"href":"https:\/\/stem-eshop.gr\/hr\/wp-json\/wp\/v2\/media\/4320"}],"wp:attachment":[{"href":"https:\/\/stem-eshop.gr\/hr\/wp-json\/wp\/v2\/media?parent=6496"}],"wp:term":[{"taxonomy":"product_brand","embeddable":true,"href":"https:\/\/stem-eshop.gr\/hr\/wp-json\/wp\/v2\/product_brand?post=6496"},{"taxonomy":"product_cat","embeddable":true,"href":"https:\/\/stem-eshop.gr\/hr\/wp-json\/wp\/v2\/product_cat?post=6496"},{"taxonomy":"product_tag","embeddable":true,"href":"https:\/\/stem-eshop.gr\/hr\/wp-json\/wp\/v2\/product_tag?post=6496"}],"curies":[{"name":"wp","href":"https:\/\/api.w.org\/{rel}","templated":true}]}}