{"id":6446,"date":"2025-05-19T07:52:15","date_gmt":"2025-05-19T07:52:15","guid":{"rendered":"https:\/\/stem-eshop.gr\/product\/4m-toys-%ce%b5%cf%80%ce%b9%cf%83%cf%84%ce%ae%ce%bc%ce%b7-%ce%ba%ce%b1%cf%84%ce%b1%cf%83%ce%ba%ce%b5%cf%85%ce%b7-%ce%bc%ce%b1%ce%b3%ce%bd%ce%b7%cf%84%ce%b9%ce%ba%ce%b7-%cf%80%cf%85%ce%be%ce%b9\/"},"modified":"2025-05-22T21:13:31","modified_gmt":"2025-05-22T18:13:31","slug":"4m-toys-%ce%b5%cf%80%ce%b9%cf%83%cf%84%ce%ae%ce%bc%ce%b7-%ce%ba%ce%b1%cf%84%ce%b1%cf%83%ce%ba%ce%b5%cf%85%ce%b7-%ce%bc%ce%b1%ce%b3%ce%bd%ce%b7%cf%84%ce%b9%ce%ba%ce%b7-%cf%80%cf%85%ce%be%ce%b9","status":"publish","type":"product","link":"https:\/\/stem-eshop.gr\/hr\/proizvod\/4m-toys-%ce%b5%cf%80%ce%b9%cf%83%cf%84%ce%ae%ce%bc%ce%b7-%ce%ba%ce%b1%cf%84%ce%b1%cf%83%ce%ba%ce%b5%cf%85%ce%b7-%ce%bc%ce%b1%ce%b3%ce%bd%ce%b7%cf%84%ce%b9%ce%ba%ce%b7-%cf%80%cf%85%ce%be%ce%b9\/","title":{"rendered":"4M Toys \u2013 Znanost: IZRADA VELIKE MAGNETSKE KUTIJE"},"content":{"rendered":"<p style=\"margin:0px 0px 10px;padding:0px;font-family:'Open Sans', sans-serif;font-size:15px;line-height:1.3;letter-spacing:0.7px;background-color:#ffffff\">NA\u010cIN RADA:<br \/>Dvokraki magneti imaju dvije to\u010dke gdje je magnetska sila najja\u010da. Ta se mjesta nazivaju polovima. Zemlja se tako\u0111er pona\u0161a kao magnet. Kao da se u sredi\u0161tu Zemlje nalazi divovski \u0161tapni magnet, s dva magnetska pola blizu Zemljinog sjevernog i ju\u017enog geografskog pola. Crveni polovi magneta privla\u010de se Zemljinom magnetskom polu, koji se nalazi blizu sjevernog geografskog pola. Ovi crveni polovi nazivaju se sjeverni polovi jer pokazuju prema sjeveru. Plavi polovi privla\u010de se Zemljinom ju\u017enom magnetskom polu i stoga se nazivaju ju\u017enim polovima. Krak kompasa uvijek se okre\u0107e tako da pokazuje prema polovima. Ve\u0107ina kompasa radi poput divovskog magnetskog kompasa. Igla kompasa je magnetizirana na oba kraja i pokazuje smjer kada je privla\u010di Zemljina magnetska sila.<\/p>\n<p style=\"margin:0px 0px 10px;padding:0px;font-family:'Open Sans', sans-serif;font-size:15px;line-height:1.3;letter-spacing:0.7px;background-color:#ffffff\">Upute su uklju\u010dene na gr\u010dkom jeziku.<\/p>\n<p style=\"margin:0px 0px 10px;padding:0px;font-family:'Open Sans', sans-serif;font-size:15px;line-height:1.3;letter-spacing:0.7px;background-color:#ffffff\">Dimenzije: 17 x 22 x 6 cm.<\/p>\n<p style=\"margin:0px 0px 10px;padding:0px;font-family:'Open Sans', sans-serif;font-size:15px;line-height:1.3;letter-spacing:0.7px;background-color:#ffffff\">6\/Ministarstvo pravosu\u0111a \u2013 36\/KIB.<\/p>","protected":false},"excerpt":{"rendered":"<p><span style=\"font-family:'Open Sans', sans-serif;font-size:15px;letter-spacing:0.7px;background-color:#ffffff\">Otkrijte magnetsku mo\u0107 Zemlje! Impresionirajte svoje prijatelje ovim ogromnim kompasom, koji je u sastavljenom stanju \u0161irok 30 cm. Idealan je za znanstvene projekte u \u0161koli!<\/span><\/p>","protected":false},"featured_media":4254,"comment_status":"open","ping_status":"closed","template":"","meta":{"site-sidebar-layout":"default","site-content-layout":"","ast-site-content-layout":"default","site-content-style":"default","site-sidebar-style":"default","ast-global-header-display":"","ast-banner-title-visibility":"","ast-main-header-display":"","ast-hfb-above-header-display":"","ast-hfb-below-header-display":"","ast-hfb-mobile-header-display":"","site-post-title":"","ast-breadcrumbs-content":"","ast-featured-img":"","footer-sml-layout":"","ast-disable-related-posts":"","theme-transparent-header-meta":"","adv-header-id-meta":"","stick-header-meta":"","header-above-stick-meta":"","header-main-stick-meta":"","header-below-stick-meta":"","astra-migrate-meta-layouts":"default","ast-page-background-enabled":"default","ast-page-background-meta":{"desktop":{"background-color":"var(--ast-global-color-5)","background-image":"","background-repeat":"repeat","background-position":"center center","background-size":"auto","background-attachment":"scroll","background-type":"","background-media":"","overlay-type":"","overlay-color":"","overlay-opacity":"","overlay-gradient":""},"tablet":{"background-color":"","background-image":"","background-repeat":"repeat","background-position":"center center","background-size":"auto","background-attachment":"scroll","background-type":"","background-media":"","overlay-type":"","overlay-color":"","overlay-opacity":"","overlay-gradient":""},"mobile":{"background-color":"","background-image":"","background-repeat":"repeat","background-position":"center center","background-size":"auto","background-attachment":"scroll","background-type":"","background-media":"","overlay-type":"","overlay-color":"","overlay-opacity":"","overlay-gradient":""}},"ast-content-background-meta":{"desktop":{"background-color":"var(--ast-global-color-4)","background-image":"","background-repeat":"repeat","background-position":"center center","background-size":"auto","background-attachment":"scroll","background-type":"","background-media":"","overlay-type":"","overlay-color":"","overlay-opacity":"","overlay-gradient":""},"tablet":{"background-color":"var(--ast-global-color-4)","background-image":"","background-repeat":"repeat","background-position":"center center","background-size":"auto","background-attachment":"scroll","background-type":"","background-media":"","overlay-type":"","overlay-color":"","overlay-opacity":"","overlay-gradient":""},"mobile":{"background-color":"var(--ast-global-color-4)","background-image":"","background-repeat":"repeat","background-position":"center center","background-size":"auto","background-attachment":"scroll","background-type":"","background-media":"","overlay-type":"","overlay-color":"","overlay-opacity":"","overlay-gradient":""}}},"product_brand":[96],"product_cat":[43,39,52,38,29,30,26,58],"product_tag":[],"class_list":{"0":"post-6446","1":"product","2":"type-product","3":"status-publish","4":"has-post-thumbnail","6":"product_brand-4m","7":"product_cat-43","8":"product_cat-39","9":"product_cat-52","10":"product_cat-38","11":"product_cat-29","12":"product_cat--6-9-","13":"product_cat-26","14":"product_cat-58","15":"desktop-align-left","16":"tablet-align-left","17":"mobile-align-left","19":"first","20":"instock","21":"taxable","22":"shipping-taxable","23":"purchasable","24":"product-type-simple"},"_links":{"self":[{"href":"https:\/\/stem-eshop.gr\/hr\/wp-json\/wp\/v2\/product\/6446","targetHints":{"allow":["GET"]}}],"collection":[{"href":"https:\/\/stem-eshop.gr\/hr\/wp-json\/wp\/v2\/product"}],"about":[{"href":"https:\/\/stem-eshop.gr\/hr\/wp-json\/wp\/v2\/types\/product"}],"replies":[{"embeddable":true,"href":"https:\/\/stem-eshop.gr\/hr\/wp-json\/wp\/v2\/comments?post=6446"}],"wp:featuredmedia":[{"embeddable":true,"href":"https:\/\/stem-eshop.gr\/hr\/wp-json\/wp\/v2\/media\/4254"}],"wp:attachment":[{"href":"https:\/\/stem-eshop.gr\/hr\/wp-json\/wp\/v2\/media?parent=6446"}],"wp:term":[{"taxonomy":"product_brand","embeddable":true,"href":"https:\/\/stem-eshop.gr\/hr\/wp-json\/wp\/v2\/product_brand?post=6446"},{"taxonomy":"product_cat","embeddable":true,"href":"https:\/\/stem-eshop.gr\/hr\/wp-json\/wp\/v2\/product_cat?post=6446"},{"taxonomy":"product_tag","embeddable":true,"href":"https:\/\/stem-eshop.gr\/hr\/wp-json\/wp\/v2\/product_tag?post=6446"}],"curies":[{"name":"wp","href":"https:\/\/api.w.org\/{rel}","templated":true}]}}