{"id":6349,"date":"2025-05-19T07:29:41","date_gmt":"2025-05-19T07:29:41","guid":{"rendered":"https:\/\/stem-eshop.gr\/product\/4m-toys-%ce%b5%cf%80%ce%b9%cf%83%cf%84%ce%ae%ce%bc%ce%b7-%ce%bc%ce%bf%cf%85%cf%83%ce%b9%ce%ba%ce%bf-%ce%ba%cf%85%ce%ba%ce%bb%cf%89%ce%bc%ce%b1\/"},"modified":"2025-10-17T14:55:23","modified_gmt":"2025-10-17T11:55:23","slug":"4m-toys-%ce%b5%cf%80%ce%b9%cf%83%cf%84%ce%ae%ce%bc%ce%b7-%ce%bc%ce%bf%cf%85%cf%83%ce%b9%ce%ba%ce%bf-%ce%ba%cf%85%ce%ba%ce%bb%cf%89%ce%bc%ce%b1","status":"publish","type":"product","link":"https:\/\/stem-eshop.gr\/hr\/proizvod\/4m-toys-%ce%b5%cf%80%ce%b9%cf%83%cf%84%ce%ae%ce%bc%ce%b7-%ce%bc%ce%bf%cf%85%cf%83%ce%b9%ce%ba%ce%bf-%ce%ba%cf%85%ce%ba%ce%bb%cf%89%ce%bc%ce%b1\/","title":{"rendered":"4M Toys \u2013 Znanost: GLAZBENI KRUG"},"content":{"rendered":"<p><span style=\"font-family:'Open Sans', sans-serif;font-size:15px;letter-spacing:0.7px;background-color:#ffffff\">KAKO RADI: Posebno dizajniran glazbeni mehanizam aktivira se zatvaranjem strujnog kruga, koji se sastoji od produ\u017enog kabela i elektri\u010dne tipkovnice mehanizma. Za stvaranje strujnog kruga u ovom eksperimentu koriste se mnogi razli\u010diti vodi\u010di. Me\u0111u njima su izolacijska traka, grafit olovke, voda, aluminijska folija, krumpir i ljudsko tijelo. Kada se strujni krug zatvori dovo\u0111enjem vodi\u010da u kontakt, struja prolazi kroz strujni krug i mehanizam proizvodi zvuk. Svaki pin na tipkama ima svoju notu, koja je programirana u ugra\u0111eni strujni krug.\u00a0<\/span><\/p>\n<p style=\"margin:0px 0px 10px;padding:0px;font-family:'Open Sans', sans-serif;font-size:15px;line-height:1.3;letter-spacing:0.7px;background-color:#ffffff\">SADR\u017dAJ: Dio A: Mehanizam za klavir s produ\u017enim kabelom x1, Dio B: Podloga za olovku x1, Dio C: Dvostrana ljepljiva traka x1, Dio D: Kartonska klavijatura 1, Dio E: Gotov kartonski list za &quot;klavir&quot; x1, Dio F: Glazbene tipke za olovku x1, Dio G: Olovka 2B x1, Dio H: Izolacijska traka x1.\u00a0<\/p>\n<p style=\"margin:0px 0px 10px;padding:0px;font-family:'Open Sans', sans-serif;font-size:15px;line-height:1.3;letter-spacing:0.7px;background-color:#ffffff\">","protected":false},"excerpt":{"rendered":"<p style=\"margin:0px 0px 10px;padding:0px;font-family:'Open Sans', sans-serif;font-size:15px;line-height:1.3;letter-spacing:0.7px;background-color:#ffffff\">Izradite vlastite zanimljive strujne krugove i svirajte razli\u010dite melodije izra\u0111uju\u0107i vlastite originalne glazbene skladbe! Pro\u010ditajte zabavne \u010dinjenice uklju\u010dene u upute i nau\u010dite fascinantne informacije o dobrim vodi\u010dima elektri\u010dne energije.\u00a0<\/p>\n<p style=\"margin:0px 0px 10px;padding:0px;font-family:'Open Sans', sans-serif;font-size:15px;line-height:1.3;letter-spacing:0.7px;background-color:#ffffff\">","protected":false},"featured_media":3973,"comment_status":"open","ping_status":"closed","template":"","meta":{"site-sidebar-layout":"default","site-content-layout":"","ast-site-content-layout":"default","site-content-style":"default","site-sidebar-style":"default","ast-global-header-display":"","ast-banner-title-visibility":"","ast-main-header-display":"","ast-hfb-above-header-display":"","ast-hfb-below-header-display":"","ast-hfb-mobile-header-display":"","site-post-title":"","ast-breadcrumbs-content":"","ast-featured-img":"","footer-sml-layout":"","ast-disable-related-posts":"","theme-transparent-header-meta":"","adv-header-id-meta":"","stick-header-meta":"","header-above-stick-meta":"","header-main-stick-meta":"","header-below-stick-meta":"","astra-migrate-meta-layouts":"default","ast-page-background-enabled":"default","ast-page-background-meta":{"desktop":{"background-color":"var(--ast-global-color-5)","background-image":"","background-repeat":"repeat","background-position":"center center","background-size":"auto","background-attachment":"scroll","background-type":"","background-media":"","overlay-type":"","overlay-color":"","overlay-opacity":"","overlay-gradient":""},"tablet":{"background-color":"","background-image":"","background-repeat":"repeat","background-position":"center center","background-size":"auto","background-attachment":"scroll","background-type":"","background-media":"","overlay-type":"","overlay-color":"","overlay-opacity":"","overlay-gradient":""},"mobile":{"background-color":"","background-image":"","background-repeat":"repeat","background-position":"center center","background-size":"auto","background-attachment":"scroll","background-type":"","background-media":"","overlay-type":"","overlay-color":"","overlay-opacity":"","overlay-gradient":""}},"ast-content-background-meta":{"desktop":{"background-color":"var(--ast-global-color-4)","background-image":"","background-repeat":"repeat","background-position":"center center","background-size":"auto","background-attachment":"scroll","background-type":"","background-media":"","overlay-type":"","overlay-color":"","overlay-opacity":"","overlay-gradient":""},"tablet":{"background-color":"var(--ast-global-color-4)","background-image":"","background-repeat":"repeat","background-position":"center center","background-size":"auto","background-attachment":"scroll","background-type":"","background-media":"","overlay-type":"","overlay-color":"","overlay-opacity":"","overlay-gradient":""},"mobile":{"background-color":"var(--ast-global-color-4)","background-image":"","background-repeat":"repeat","background-position":"center center","background-size":"auto","background-attachment":"scroll","background-type":"","background-media":"","overlay-type":"","overlay-color":"","overlay-opacity":"","overlay-gradient":""}}},"product_brand":[96],"product_cat":[126,43,39,52,29,30,26,59,58],"product_tag":[],"class_list":{"0":"post-6349","1":"product","2":"type-product","3":"status-publish","4":"has-post-thumbnail","6":"product_brand-4m","7":"product_cat-126","8":"product_cat-43","9":"product_cat-39","10":"product_cat-52","11":"product_cat-29","12":"product_cat--6-9-","13":"product_cat-26","14":"product_cat-59","15":"product_cat-58","16":"desktop-align-left","17":"tablet-align-left","18":"mobile-align-left","20":"first","21":"instock","22":"taxable","23":"shipping-taxable","24":"purchasable","25":"product-type-simple"},"_links":{"self":[{"href":"https:\/\/stem-eshop.gr\/hr\/wp-json\/wp\/v2\/product\/6349","targetHints":{"allow":["GET"]}}],"collection":[{"href":"https:\/\/stem-eshop.gr\/hr\/wp-json\/wp\/v2\/product"}],"about":[{"href":"https:\/\/stem-eshop.gr\/hr\/wp-json\/wp\/v2\/types\/product"}],"replies":[{"embeddable":true,"href":"https:\/\/stem-eshop.gr\/hr\/wp-json\/wp\/v2\/comments?post=6349"}],"wp:featuredmedia":[{"embeddable":true,"href":"https:\/\/stem-eshop.gr\/hr\/wp-json\/wp\/v2\/media\/3973"}],"wp:attachment":[{"href":"https:\/\/stem-eshop.gr\/hr\/wp-json\/wp\/v2\/media?parent=6349"}],"wp:term":[{"taxonomy":"product_brand","embeddable":true,"href":"https:\/\/stem-eshop.gr\/hr\/wp-json\/wp\/v2\/product_brand?post=6349"},{"taxonomy":"product_cat","embeddable":true,"href":"https:\/\/stem-eshop.gr\/hr\/wp-json\/wp\/v2\/product_cat?post=6349"},{"taxonomy":"product_tag","embeddable":true,"href":"https:\/\/stem-eshop.gr\/hr\/wp-json\/wp\/v2\/product_tag?post=6349"}],"curies":[{"name":"wp","href":"https:\/\/api.w.org\/{rel}","templated":true}]}}