{"id":6341,"date":"2025-05-19T07:29:29","date_gmt":"2025-05-19T07:29:29","guid":{"rendered":"https:\/\/stem-eshop.gr\/product\/ngs-%ce%be%cf%8d%ce%bb%ce%b9%ce%bd%ce%bf%cf%82-%ce%b4%ce%af%cf%83%ce%ba%ce%bf%cf%82-%ce%ba%cf%8d%ce%ba%ce%bb%ce%bf%cf%85-%ce%b6%cf%89%ce%ae%cf%82\/"},"modified":"2025-05-22T07:41:41","modified_gmt":"2025-05-22T07:41:41","slug":"ngs-%ce%be%cf%8d%ce%bb%ce%b9%ce%bd%ce%bf%cf%82-%ce%b4%ce%af%cf%83%ce%ba%ce%bf%cf%82-%ce%ba%cf%8d%ce%ba%ce%bb%ce%bf%cf%85-%ce%b6%cf%89%ce%ae%cf%82","status":"publish","type":"product","link":"https:\/\/stem-eshop.gr\/hr\/proizvod\/ngs-%ce%be%cf%8d%ce%bb%ce%b9%ce%bd%ce%bf%cf%82-%ce%b4%ce%af%cf%83%ce%ba%ce%bf%cf%82-%ce%ba%cf%8d%ce%ba%ce%bb%ce%bf%cf%85-%ce%b6%cf%89%ce%ae%cf%82\/","title":{"rendered":"Drveni pladanj \u017eivotnog ciklusa NGS-a"},"content":{"rendered":"<p>Djeca u\u010de o \u017eivotnim ciklusima raznih organizama, poput leptira, \u017eabe, biljke ili koko\u0161i, kroz pravilno postavljanje dijelova u ispravnom redoslijedu ciklusa rasta.<\/p>\n<p>Slagalica uklju\u010duje razli\u010dite dijelove koji prikazuju faze \u017eivotnog ciklusa, koje djeca postavljaju na ispravne polo\u017eaje na pladnju ili plo\u010di, \u010dime razvijaju opa\u017eanje i razumijevanje slijeda doga\u0111aja.<\/p>","protected":false},"excerpt":{"rendered":"<p>Drvena plo\u010da za \u017eivotni ciklus je Montessori edukativna igra\u010dka, osmi\u0161ljena kako bi pomogla djeci da razumiju \u017eivotni ciklus \u017eivotinja, biljaka ili drugih organizama kroz interaktivno iskustvo u\u010denja. Ove vrste drvenih slagalica i plo\u010da idealne su za razvoj logi\u010dkog razmi\u0161ljanja, promatranja i rje\u0161avanja problema kod male djece.<\/p>","protected":false},"featured_media":3934,"comment_status":"open","ping_status":"closed","template":"","meta":{"site-sidebar-layout":"default","site-content-layout":"","ast-site-content-layout":"default","site-content-style":"default","site-sidebar-style":"default","ast-global-header-display":"","ast-banner-title-visibility":"","ast-main-header-display":"","ast-hfb-above-header-display":"","ast-hfb-below-header-display":"","ast-hfb-mobile-header-display":"","site-post-title":"","ast-breadcrumbs-content":"","ast-featured-img":"","footer-sml-layout":"","ast-disable-related-posts":"","theme-transparent-header-meta":"","adv-header-id-meta":"","stick-header-meta":"","header-above-stick-meta":"","header-main-stick-meta":"","header-below-stick-meta":"","astra-migrate-meta-layouts":"default","ast-page-background-enabled":"default","ast-page-background-meta":{"desktop":{"background-color":"var(--ast-global-color-5)","background-image":"","background-repeat":"repeat","background-position":"center center","background-size":"auto","background-attachment":"scroll","background-type":"","background-media":"","overlay-type":"","overlay-color":"","overlay-opacity":"","overlay-gradient":""},"tablet":{"background-color":"","background-image":"","background-repeat":"repeat","background-position":"center center","background-size":"auto","background-attachment":"scroll","background-type":"","background-media":"","overlay-type":"","overlay-color":"","overlay-opacity":"","overlay-gradient":""},"mobile":{"background-color":"","background-image":"","background-repeat":"repeat","background-position":"center center","background-size":"auto","background-attachment":"scroll","background-type":"","background-media":"","overlay-type":"","overlay-color":"","overlay-opacity":"","overlay-gradient":""}},"ast-content-background-meta":{"desktop":{"background-color":"var(--ast-global-color-4)","background-image":"","background-repeat":"repeat","background-position":"center center","background-size":"auto","background-attachment":"scroll","background-type":"","background-media":"","overlay-type":"","overlay-color":"","overlay-opacity":"","overlay-gradient":""},"tablet":{"background-color":"var(--ast-global-color-4)","background-image":"","background-repeat":"repeat","background-position":"center center","background-size":"auto","background-attachment":"scroll","background-type":"","background-media":"","overlay-type":"","overlay-color":"","overlay-opacity":"","overlay-gradient":""},"mobile":{"background-color":"var(--ast-global-color-4)","background-image":"","background-repeat":"repeat","background-position":"center center","background-size":"auto","background-attachment":"scroll","background-type":"","background-media":"","overlay-type":"","overlay-color":"","overlay-opacity":"","overlay-gradient":""}}},"product_brand":[107],"product_cat":[39,38,56,30,54,26,58],"product_tag":[],"class_list":{"0":"post-6341","1":"product","2":"type-product","3":"status-publish","4":"has-post-thumbnail","6":"product_brand-ngs","7":"product_cat-39","8":"product_cat-38","9":"product_cat-56","10":"product_cat--6-9-","11":"product_cat-54","12":"product_cat-26","13":"product_cat-58","14":"desktop-align-left","15":"tablet-align-left","16":"mobile-align-left","18":"first","19":"instock","20":"taxable","21":"shipping-taxable","22":"purchasable","23":"product-type-simple"},"_links":{"self":[{"href":"https:\/\/stem-eshop.gr\/hr\/wp-json\/wp\/v2\/product\/6341","targetHints":{"allow":["GET"]}}],"collection":[{"href":"https:\/\/stem-eshop.gr\/hr\/wp-json\/wp\/v2\/product"}],"about":[{"href":"https:\/\/stem-eshop.gr\/hr\/wp-json\/wp\/v2\/types\/product"}],"replies":[{"embeddable":true,"href":"https:\/\/stem-eshop.gr\/hr\/wp-json\/wp\/v2\/comments?post=6341"}],"wp:featuredmedia":[{"embeddable":true,"href":"https:\/\/stem-eshop.gr\/hr\/wp-json\/wp\/v2\/media\/3934"}],"wp:attachment":[{"href":"https:\/\/stem-eshop.gr\/hr\/wp-json\/wp\/v2\/media?parent=6341"}],"wp:term":[{"taxonomy":"product_brand","embeddable":true,"href":"https:\/\/stem-eshop.gr\/hr\/wp-json\/wp\/v2\/product_brand?post=6341"},{"taxonomy":"product_cat","embeddable":true,"href":"https:\/\/stem-eshop.gr\/hr\/wp-json\/wp\/v2\/product_cat?post=6341"},{"taxonomy":"product_tag","embeddable":true,"href":"https:\/\/stem-eshop.gr\/hr\/wp-json\/wp\/v2\/product_tag?post=6341"}],"curies":[{"name":"wp","href":"https:\/\/api.w.org\/{rel}","templated":true}]}}