{"id":6304,"date":"2025-05-19T07:28:24","date_gmt":"2025-05-19T07:28:24","guid":{"rendered":"https:\/\/stem-eshop.gr\/product\/lego-education-animals\/"},"modified":"2025-05-22T21:13:21","modified_gmt":"2025-05-22T18:13:21","slug":"lego-education-animals","status":"publish","type":"product","link":"https:\/\/stem-eshop.gr\/hr\/proizvod\/lego-education-animals\/","title":{"rendered":"LEGO\u00ae Education \u017divotinje"},"content":{"rendered":"<p><span style=\"color: #0d0d0d;font-family: 'ui-sans-serif', '-apple-system', 'system-ui', 'Segoe UI', Roboto, Ubuntu, Cantarell, 'Noto Sans', sans-serif, Helvetica, 'Apple Color Emoji', Arial, 'Segoe UI Emoji', 'Segoe UI Symbol';font-size: 16px;background-color: #ffffff\">LEGO\u00ae Education Animals je set koji uklju\u010duje razne LEGO\u00ae kockice i figure \u017eivotinja, kao i dodatne elemente poput drve\u0107a i biljaka. <\/span><\/p>\n<p><span style=\"background-color: #ffffff\"><span style=\"color: #0d0d0d;font-family: 'ui-sans-serif', '-apple-system', 'system-ui', 'Segoe UI', Roboto, Ubuntu, Cantarell, 'Noto Sans', sans-serif, Helvetica, 'Apple Color Emoji', Arial, 'Segoe UI Emoji', 'Segoe UI Symbol'\"><span style=\"font-size: 16px\">Ovaj paket sadr\u017ei 90 LEGO\u00ae DUPLO\u00ae dijelova, uklju\u010duju\u0107i 40 divljih, doma\u0107ih i doma\u0107ih \u017eivotinja, plus 4 dvostrane edukativne kartice koje prikazuju 8 razli\u010ditih stani\u0161ta, \u0161to \u0107e djeci pomo\u0107i da nau\u010de \u0161to je \u017eivotinjama potrebno za pre\u017eivljavanje i kako se me\u0111usobno razlikuju. <\/span><\/span><\/span><\/p>\n<p><span style=\"background-color: #ffffff\"><span style=\"color: #0d0d0d;font-family: 'ui-sans-serif', '-apple-system', 'system-ui', 'Segoe UI', Roboto, Ubuntu, Cantarell, 'Noto Sans', sans-serif, Helvetica, 'Apple Color Emoji', Arial, 'Segoe UI Emoji', 'Segoe UI Symbol'\"><span style=\"font-size: 16px\">Sadr\u017ei 5 kartica s idejama za razne aktivnosti usmjerene na djetetov socijalni i emocionalni razvoj kao i razvoj prvih matemati\u010dkih vje\u0161tina dok se djeca igraju i zabavljaju.<\/span><\/span><\/span><\/p>","protected":false},"excerpt":{"rendered":"<p><span style=\"color: #0d0d0d;font-family: 'ui-sans-serif', '-apple-system', 'system-ui', 'Segoe UI', Roboto, Ubuntu, Cantarell, 'Noto Sans', sans-serif, Helvetica, 'Apple Color Emoji', Arial, 'Segoe UI Emoji', 'Segoe UI Symbol';font-size: 16px;background-color: #ffffff\">LEGO\u00ae Education Animals je edukativni set namijenjen pred\u0161kolcima koji nudi zabavan i interaktivan pristup u\u010denju o \u017eivotinjama i njihovim karakteristikama. Kroz igru s LEGO\u00ae kockicama, djeca razvijaju svoje znanje o \u017eivotinjama, njihovim stani\u0161tima i navikama, a istovremeno ja\u010daju svoje kreativne i dru\u0161tvene vje\u0161tine.<\/span><\/p>","protected":false},"featured_media":3751,"comment_status":"open","ping_status":"closed","template":"","meta":{"site-sidebar-layout":"default","site-content-layout":"","ast-site-content-layout":"default","site-content-style":"default","site-sidebar-style":"default","ast-global-header-display":"","ast-banner-title-visibility":"","ast-main-header-display":"","ast-hfb-above-header-display":"","ast-hfb-below-header-display":"","ast-hfb-mobile-header-display":"","site-post-title":"","ast-breadcrumbs-content":"","ast-featured-img":"","footer-sml-layout":"","ast-disable-related-posts":"","theme-transparent-header-meta":"default","adv-header-id-meta":"","stick-header-meta":"","header-above-stick-meta":"","header-main-stick-meta":"","header-below-stick-meta":"","astra-migrate-meta-layouts":"set","ast-page-background-enabled":"default","ast-page-background-meta":{"desktop":{"background-color":"var(--ast-global-color-5)","background-image":"","background-repeat":"repeat","background-position":"center center","background-size":"auto","background-attachment":"scroll","background-type":"","background-media":"","overlay-type":"","overlay-color":"","overlay-opacity":"","overlay-gradient":""},"tablet":{"background-color":"","background-image":"","background-repeat":"repeat","background-position":"center center","background-size":"auto","background-attachment":"scroll","background-type":"","background-media":"","overlay-type":"","overlay-color":"","overlay-opacity":"","overlay-gradient":""},"mobile":{"background-color":"","background-image":"","background-repeat":"repeat","background-position":"center center","background-size":"auto","background-attachment":"scroll","background-type":"","background-media":"","overlay-type":"","overlay-color":"","overlay-opacity":"","overlay-gradient":""}},"ast-content-background-meta":{"desktop":{"background-color":"var(--ast-global-color-4)","background-image":"","background-repeat":"repeat","background-position":"center center","background-size":"auto","background-attachment":"scroll","background-type":"","background-media":"","overlay-type":"","overlay-color":"","overlay-opacity":"","overlay-gradient":""},"tablet":{"background-color":"var(--ast-global-color-4)","background-image":"","background-repeat":"repeat","background-position":"center center","background-size":"auto","background-attachment":"scroll","background-type":"","background-media":"","overlay-type":"","overlay-color":"","overlay-opacity":"","overlay-gradient":""},"mobile":{"background-color":"var(--ast-global-color-4)","background-image":"","background-repeat":"repeat","background-position":"center center","background-size":"auto","background-attachment":"scroll","background-type":"","background-media":"","overlay-type":"","overlay-color":"","overlay-opacity":"","overlay-gradient":""}}},"product_brand":[105],"product_cat":[53,42,43,29,30,54,26],"product_tag":[],"class_list":{"0":"post-6304","1":"product","2":"type-product","3":"status-publish","4":"has-post-thumbnail","6":"product_brand-lego","7":"product_cat-53","8":"product_cat-42","9":"product_cat-43","10":"product_cat-29","11":"product_cat--6-9-","12":"product_cat-54","13":"product_cat-26","14":"desktop-align-left","15":"tablet-align-left","16":"mobile-align-left","18":"first","19":"instock","20":"taxable","21":"shipping-taxable","22":"purchasable","23":"product-type-simple"},"_links":{"self":[{"href":"https:\/\/stem-eshop.gr\/hr\/wp-json\/wp\/v2\/product\/6304","targetHints":{"allow":["GET"]}}],"collection":[{"href":"https:\/\/stem-eshop.gr\/hr\/wp-json\/wp\/v2\/product"}],"about":[{"href":"https:\/\/stem-eshop.gr\/hr\/wp-json\/wp\/v2\/types\/product"}],"replies":[{"embeddable":true,"href":"https:\/\/stem-eshop.gr\/hr\/wp-json\/wp\/v2\/comments?post=6304"}],"wp:featuredmedia":[{"embeddable":true,"href":"https:\/\/stem-eshop.gr\/hr\/wp-json\/wp\/v2\/media\/3751"}],"wp:attachment":[{"href":"https:\/\/stem-eshop.gr\/hr\/wp-json\/wp\/v2\/media?parent=6304"}],"wp:term":[{"taxonomy":"product_brand","embeddable":true,"href":"https:\/\/stem-eshop.gr\/hr\/wp-json\/wp\/v2\/product_brand?post=6304"},{"taxonomy":"product_cat","embeddable":true,"href":"https:\/\/stem-eshop.gr\/hr\/wp-json\/wp\/v2\/product_cat?post=6304"},{"taxonomy":"product_tag","embeddable":true,"href":"https:\/\/stem-eshop.gr\/hr\/wp-json\/wp\/v2\/product_tag?post=6304"}],"curies":[{"name":"wp","href":"https:\/\/api.w.org\/{rel}","templated":true}]}}