{"id":6299,"date":"2025-05-19T07:28:17","date_gmt":"2025-05-19T07:28:17","guid":{"rendered":"https:\/\/stem-eshop.gr\/product\/lego-education-steam-park\/"},"modified":"2025-10-23T11:12:06","modified_gmt":"2025-10-23T08:12:06","slug":"lego-education-steam-park","status":"publish","type":"product","link":"https:\/\/stem-eshop.gr\/hr\/proizvod\/lego-education-steam-park\/","title":{"rendered":"LEGO\u00ae Education STEAM park"},"content":{"rendered":"<p><span style=\"background-color: #ffffff\"><span style=\"color: #0d0d0d;font-family: 'ui-sans-serif', '-apple-system', 'system-ui', 'Segoe UI', Roboto, Ubuntu, Cantarell, 'Noto Sans', sans-serif, Helvetica, 'Apple Color Emoji', Arial, 'Segoe UI Emoji', 'Segoe UI Symbol'\"><span style=\"font-size: 16px\">Svaki komplet uklju\u010duje: 295 LEGO DUPLO kockica, uklju\u010duju\u0107i zup\u010danike, remenice, brodove i figure 8 dvostranih kartica s uputama za izgradnju 16 modela Vodi\u010d za u\u010ditelje s 8 lekcija 5 kartica s aktivnostima za kreativnu igru<\/span><\/span><\/span><\/p>\n<p style=\"text-align: justify\"><span style=\"color: #0d0d0d;font-family: 'ui-sans-serif', '-apple-system', 'system-ui', 'Segoe UI', Roboto, Ubuntu, Cantarell, 'Noto Sans', sans-serif, Helvetica, 'Apple Color Emoji', Arial, 'Segoe UI Emoji', 'Segoe UI Symbol';font-size: 16px;background-color: #ffffff\">Mogu\u0107nosti koje nudi STEAM Park su beskrajne. <\/span><\/p>\n<p style=\"text-align: justify\"><span style=\"color: #0d0d0d;font-family: 'ui-sans-serif', '-apple-system', 'system-ui', 'Segoe UI', Roboto, Ubuntu, Cantarell, 'Noto Sans', sans-serif, Helvetica, 'Apple Color Emoji', Arial, 'Segoe UI Emoji', 'Segoe UI Symbol';font-size: 16px;background-color: #ffffff\">Dok djeca rade zajedno na izgradnji parka, razvijaju razumijevanje alata, kretanja, mjerenja i rje\u0161avanja problema. To se radi na zabavan i zanimljiv na\u010din koji djecu dr\u017ei anga\u017eiranom. Svaki izlet u STEAM park prilika je za djecu da u\u010de i razvijaju va\u017ene vje\u0161tine kroz igru.<\/span><\/p>\n<p style=\"text-align: justify\">","protected":false},"excerpt":{"rendered":"<p style=\"text-align: justify\"><span style=\"color: #0d0d0d;font-family: 'ui-sans-serif', '-apple-system', 'system-ui', 'Segoe UI', Roboto, Ubuntu, Cantarell, 'Noto Sans', sans-serif, Helvetica, 'Apple Color Emoji', Arial, 'Segoe UI Emoji', 'Segoe UI Symbol';font-size: 16px;background-color: #ffffff\">STEAM Park inspirira djecu da stvaraju, istra\u017euju i otkrivaju svijet rane znanosti, tehnologije, in\u017eenjerstva, umjetnosti i matematike kroz igru. Mogu\u0107nosti su beskrajne dok grade STEAM Park s dinami\u010dnim pokretnim vo\u017enjama, zabavnim igrama i scenama, koriste\u0107i posebne LEGO\u00ae DUPLO\u00ae kockice. Svakim posjetom STEAM Parku djeca u\u010de o alatima, kretanju, mjerenju i rje\u0161avanju problema na zabavan i zanimljiv na\u010din.<\/span><\/p>","protected":false},"featured_media":3687,"comment_status":"open","ping_status":"closed","template":"","meta":{"site-sidebar-layout":"default","site-content-layout":"","ast-site-content-layout":"default","site-content-style":"default","site-sidebar-style":"default","ast-global-header-display":"","ast-banner-title-visibility":"","ast-main-header-display":"","ast-hfb-above-header-display":"","ast-hfb-below-header-display":"","ast-hfb-mobile-header-display":"","site-post-title":"","ast-breadcrumbs-content":"","ast-featured-img":"","footer-sml-layout":"","ast-disable-related-posts":"","theme-transparent-header-meta":"default","adv-header-id-meta":"","stick-header-meta":"","header-above-stick-meta":"","header-main-stick-meta":"","header-below-stick-meta":"","astra-migrate-meta-layouts":"set","ast-page-background-enabled":"default","ast-page-background-meta":{"desktop":{"background-color":"var(--ast-global-color-5)","background-image":"","background-repeat":"repeat","background-position":"center center","background-size":"auto","background-attachment":"scroll","background-type":"","background-media":"","overlay-type":"","overlay-color":"","overlay-opacity":"","overlay-gradient":""},"tablet":{"background-color":"","background-image":"","background-repeat":"repeat","background-position":"center center","background-size":"auto","background-attachment":"scroll","background-type":"","background-media":"","overlay-type":"","overlay-color":"","overlay-opacity":"","overlay-gradient":""},"mobile":{"background-color":"","background-image":"","background-repeat":"repeat","background-position":"center center","background-size":"auto","background-attachment":"scroll","background-type":"","background-media":"","overlay-type":"","overlay-color":"","overlay-opacity":"","overlay-gradient":""}},"ast-content-background-meta":{"desktop":{"background-color":"var(--ast-global-color-4)","background-image":"","background-repeat":"repeat","background-position":"center center","background-size":"auto","background-attachment":"scroll","background-type":"","background-media":"","overlay-type":"","overlay-color":"","overlay-opacity":"","overlay-gradient":""},"tablet":{"background-color":"var(--ast-global-color-4)","background-image":"","background-repeat":"repeat","background-position":"center center","background-size":"auto","background-attachment":"scroll","background-type":"","background-media":"","overlay-type":"","overlay-color":"","overlay-opacity":"","overlay-gradient":""},"mobile":{"background-color":"var(--ast-global-color-4)","background-image":"","background-repeat":"repeat","background-position":"center center","background-size":"auto","background-attachment":"scroll","background-type":"","background-media":"","overlay-type":"","overlay-color":"","overlay-opacity":"","overlay-gradient":""}}},"product_brand":[105],"product_cat":[43,38,29,37,32,26,48,59],"product_tag":[],"class_list":{"0":"post-6299","1":"product","2":"type-product","3":"status-publish","4":"has-post-thumbnail","6":"product_brand-lego","7":"product_cat-43","8":"product_cat-38","9":"product_cat-29","10":"product_cat-37","11":"product_cat-32","12":"product_cat-26","13":"product_cat-48","14":"product_cat-59","15":"desktop-align-left","16":"tablet-align-left","17":"mobile-align-left","19":"first","20":"instock","21":"taxable","22":"shipping-taxable","23":"purchasable","24":"product-type-simple"},"_links":{"self":[{"href":"https:\/\/stem-eshop.gr\/hr\/wp-json\/wp\/v2\/product\/6299","targetHints":{"allow":["GET"]}}],"collection":[{"href":"https:\/\/stem-eshop.gr\/hr\/wp-json\/wp\/v2\/product"}],"about":[{"href":"https:\/\/stem-eshop.gr\/hr\/wp-json\/wp\/v2\/types\/product"}],"replies":[{"embeddable":true,"href":"https:\/\/stem-eshop.gr\/hr\/wp-json\/wp\/v2\/comments?post=6299"}],"wp:featuredmedia":[{"embeddable":true,"href":"https:\/\/stem-eshop.gr\/hr\/wp-json\/wp\/v2\/media\/3687"}],"wp:attachment":[{"href":"https:\/\/stem-eshop.gr\/hr\/wp-json\/wp\/v2\/media?parent=6299"}],"wp:term":[{"taxonomy":"product_brand","embeddable":true,"href":"https:\/\/stem-eshop.gr\/hr\/wp-json\/wp\/v2\/product_brand?post=6299"},{"taxonomy":"product_cat","embeddable":true,"href":"https:\/\/stem-eshop.gr\/hr\/wp-json\/wp\/v2\/product_cat?post=6299"},{"taxonomy":"product_tag","embeddable":true,"href":"https:\/\/stem-eshop.gr\/hr\/wp-json\/wp\/v2\/product_tag?post=6299"}],"curies":[{"name":"wp","href":"https:\/\/api.w.org\/{rel}","templated":true}]}}