{"id":6296,"date":"2025-05-19T07:28:13","date_gmt":"2025-05-19T07:28:13","guid":{"rendered":"https:\/\/stem-eshop.gr\/product\/%ce%b5%ce%be%cf%85%cf%80%ce%bd%ce%bf%cf%8d%ce%bb%ce%b7%cf%82-montessori-%ce%b5%ce%ba%cf%80%ce%b1%ce%b9%ce%b4%ce%b5%cf%85%cf%84%ce%b9%ce%ba%cf%8c-%cf%80%ce%b1%ce%b9%cf%87%ce%bd%ce%af%ce%b4%ce%b9-%cf%84\/"},"modified":"2026-02-23T22:23:11","modified_gmt":"2026-02-23T19:23:11","slug":"%ce%b5%ce%be%cf%85%cf%80%ce%bd%ce%bf%cf%8d%ce%bb%ce%b7%cf%82-montessori-%ce%b5%ce%ba%cf%80%ce%b1%ce%b9%ce%b4%ce%b5%cf%85%cf%84%ce%b9%ce%ba%cf%8c-%cf%80%ce%b1%ce%b9%cf%87%ce%bd%ce%af%ce%b4%ce%b9-%cf%84","status":"publish","type":"product","link":"https:\/\/stem-eshop.gr\/hr\/proizvod\/%ce%b5%ce%be%cf%85%cf%80%ce%bd%ce%bf%cf%8d%ce%bb%ce%b7%cf%82-montessori-%ce%b5%ce%ba%cf%80%ce%b1%ce%b9%ce%b4%ce%b5%cf%85%cf%84%ce%b9%ce%ba%cf%8c-%cf%80%ce%b1%ce%b9%cf%87%ce%bd%ce%af%ce%b4%ce%b9-%cf%84\/","title":{"rendered":"Pametna Montessori edukativna matemati\u010dka igra\u010dka za djecu stariju od 3 godine"},"content":{"rendered":"<p class=\"MsoNormal\">Set sadr\u017ei 11 kartica za brojanje prstima, 11 kartica s koli\u010dinama, 10 kartica s brojevima, 9 kartica s parovima brojeva 10 i karticu za zbrajanje.<\/p>\n<p class=\"MsoNormal\">U po\u010detku se od djeteta tra\u017ei da kombinira kartice s rukama, kartice s koli\u010dinama i numeri\u010dke simbole kako bi nau\u010dilo brojati do 10. Zatim se, zahvaljuju\u0107i parovima kartica od 10, mo\u017ee zabaviti tra\u017ee\u0107i sve kombinacije koli\u010dina \u010diji je zbroj 10. Na taj \u0107e na\u010din spontano biti vo\u0111eno izvo\u0111enjem svojih prvih matemati\u010dkih operacija.<\/p>\n<p class=\"MsoNormal\">Proizvedeno u Italiji<\/p>\n<p class=\"MsoNormal\">Ova igra\u010dka inspirirana je obrazovnom metodom koju je razvila Maria Montessori, me\u0111unarodno priznata talijanska znanstvenica, prepoznata po svom neprocjenjivom doprinosu podru\u010dju obrazovanja. Njezin pristup temelji se na samostalnosti i po\u0161tovanju prirodnih karakteristika djece, poti\u010du\u0107i u\u010denje bez pritiska.<\/p>\n<p class=\"MsoNormal\">U skladu s tim na\u010delima, na\u0161e igra\u010dke su razvijene u suradnji s Montessori u\u010diteljima i edukatorima te nude aktivnosti osmi\u0161ljene izravno u Montessori \u0161kolama, odnosno od same Montessori. Zato su Clementoni igra\u010dke jedine istinski Montessori igra\u010dke!<\/p>\n<p class=\"MsoNormal\">Exyppnoulis edukativne igre su bezvremenska i inovativna serija, osmi\u0161ljena za podr\u0161ku razvoju u\u010denja djece pred\u0161kolske i \u0161kolske dobi. Prou\u010davali su ih stru\u010dni edukatori i psiholozi te su testirane u \u0161kolama. Pokrivaju \u0161irok raspon obrazovnih tema, poma\u017eu\u0107i djeci da razviju bitne vje\u0161tine i znanja na jednostavan i zabavan na\u010din!<\/p>","protected":false},"excerpt":{"rendered":"<p class=\"MsoNormal\">Igra inspirirana Montessori aktivno\u0161\u0107u pod nazivom Parovi od 10, kako bi se dijete nau\u010dilo brojati do 10 i praviti prva jednostavna zbrajanja.<\/p>","protected":false},"featured_media":3661,"comment_status":"open","ping_status":"closed","template":"","meta":{"site-sidebar-layout":"default","site-content-layout":"","ast-site-content-layout":"default","site-content-style":"default","site-sidebar-style":"default","ast-global-header-display":"","ast-banner-title-visibility":"","ast-main-header-display":"","ast-hfb-above-header-display":"","ast-hfb-below-header-display":"","ast-hfb-mobile-header-display":"","site-post-title":"","ast-breadcrumbs-content":"","ast-featured-img":"","footer-sml-layout":"","ast-disable-related-posts":"","theme-transparent-header-meta":"default","adv-header-id-meta":"","stick-header-meta":"","header-above-stick-meta":"","header-main-stick-meta":"","header-below-stick-meta":"","astra-migrate-meta-layouts":"set","ast-page-background-enabled":"default","ast-page-background-meta":{"desktop":{"background-color":"var(--ast-global-color-5)","background-image":"","background-repeat":"repeat","background-position":"center center","background-size":"auto","background-attachment":"scroll","background-type":"","background-media":"","overlay-type":"","overlay-color":"","overlay-opacity":"","overlay-gradient":""},"tablet":{"background-color":"","background-image":"","background-repeat":"repeat","background-position":"center center","background-size":"auto","background-attachment":"scroll","background-type":"","background-media":"","overlay-type":"","overlay-color":"","overlay-opacity":"","overlay-gradient":""},"mobile":{"background-color":"","background-image":"","background-repeat":"repeat","background-position":"center center","background-size":"auto","background-attachment":"scroll","background-type":"","background-media":"","overlay-type":"","overlay-color":"","overlay-opacity":"","overlay-gradient":""}},"ast-content-background-meta":{"desktop":{"background-color":"var(--ast-global-color-4)","background-image":"","background-repeat":"repeat","background-position":"center center","background-size":"auto","background-attachment":"scroll","background-type":"","background-media":"","overlay-type":"","overlay-color":"","overlay-opacity":"","overlay-gradient":""},"tablet":{"background-color":"var(--ast-global-color-4)","background-image":"","background-repeat":"repeat","background-position":"center center","background-size":"auto","background-attachment":"scroll","background-type":"","background-media":"","overlay-type":"","overlay-color":"","overlay-opacity":"","overlay-gradient":""},"mobile":{"background-color":"var(--ast-global-color-4)","background-image":"","background-repeat":"repeat","background-position":"center center","background-size":"auto","background-attachment":"scroll","background-type":"","background-media":"","overlay-type":"","overlay-color":"","overlay-opacity":"","overlay-gradient":""}}},"product_brand":[112],"product_cat":[126,43,39,50,47,37,30,26],"product_tag":[],"class_list":{"0":"post-6296","1":"product","2":"type-product","3":"status-publish","4":"has-post-thumbnail","6":"product_brand-eksipnoulis","7":"product_cat-126","8":"product_cat-43","9":"product_cat-39","10":"product_cat-50","11":"product_cat-47","12":"product_cat-37","13":"product_cat--6-9-","14":"product_cat-26","15":"desktop-align-left","16":"tablet-align-left","17":"mobile-align-left","19":"first","20":"instock","21":"taxable","22":"shipping-taxable","23":"purchasable","24":"product-type-simple"},"_links":{"self":[{"href":"https:\/\/stem-eshop.gr\/hr\/wp-json\/wp\/v2\/product\/6296","targetHints":{"allow":["GET"]}}],"collection":[{"href":"https:\/\/stem-eshop.gr\/hr\/wp-json\/wp\/v2\/product"}],"about":[{"href":"https:\/\/stem-eshop.gr\/hr\/wp-json\/wp\/v2\/types\/product"}],"replies":[{"embeddable":true,"href":"https:\/\/stem-eshop.gr\/hr\/wp-json\/wp\/v2\/comments?post=6296"}],"wp:featuredmedia":[{"embeddable":true,"href":"https:\/\/stem-eshop.gr\/hr\/wp-json\/wp\/v2\/media\/3661"}],"wp:attachment":[{"href":"https:\/\/stem-eshop.gr\/hr\/wp-json\/wp\/v2\/media?parent=6296"}],"wp:term":[{"taxonomy":"product_brand","embeddable":true,"href":"https:\/\/stem-eshop.gr\/hr\/wp-json\/wp\/v2\/product_brand?post=6296"},{"taxonomy":"product_cat","embeddable":true,"href":"https:\/\/stem-eshop.gr\/hr\/wp-json\/wp\/v2\/product_cat?post=6296"},{"taxonomy":"product_tag","embeddable":true,"href":"https:\/\/stem-eshop.gr\/hr\/wp-json\/wp\/v2\/product_tag?post=6296"}],"curies":[{"name":"wp","href":"https:\/\/api.w.org\/{rel}","templated":true}]}}