{"id":5798,"date":"2025-05-09T10:33:50","date_gmt":"2025-05-09T10:33:50","guid":{"rendered":"https:\/\/stem-eshop.gr\/?page_id=5798"},"modified":"2025-05-16T10:46:16","modified_gmt":"2025-05-16T10:46:16","slug":"%cf%84%cf%81%cf%8c%cf%80%ce%bf%ce%b9-%ce%b1%cf%80%ce%bf%cf%83%cf%84%ce%bf%ce%bb%ce%ae%cf%82","status":"publish","type":"page","link":"https:\/\/stem-eshop.gr\/hr\/%cf%84%cf%81%cf%8c%cf%80%ce%bf%ce%b9-%ce%b1%cf%80%ce%bf%cf%83%cf%84%ce%bf%ce%bb%ce%ae%cf%82\/","title":{"rendered":"Na\u010dini dostave"},"content":{"rendered":"<div data-elementor-type=\"wp-page\" data-elementor-id=\"5798\" class=\"elementor elementor-5798\" data-elementor-post-type=\"page\">\n\t\t\t\t<div class=\"elementor-element elementor-element-09d3dd8 e-flex e-con-boxed e-con e-parent\" data-id=\"09d3dd8\" data-element_type=\"container\" data-e-type=\"container\">\n\t\t\t\t\t<div class=\"e-con-inner\">\n\t\t\t\t<div class=\"elementor-element elementor-element-8b7be85 elementor-widget elementor-widget-text-editor\" data-id=\"8b7be85\" data-element_type=\"widget\" data-e-type=\"widget\" data-widget_type=\"text-editor.default\">\n\t\t\t\t<div class=\"elementor-widget-container\">\n\t\t\t\t\t\t\t\t\t<p style=\"font-weight: 400;\"><b><strong>Dostava proizvoda \u2013 Na\u010dini dostave<\/strong><\/b><\/p><p style=\"font-weight: 400;\">Vrijeme isporuke odabranih proizvoda ovisi o dostupnosti naru\u010denih proizvoda i podru\u010dju koje ste odabrali za dostavu. U slu\u010daju pla\u0107anja kreditnom karticom, potrebna je va\u0161a osobna prisutnost prilikom primitka narud\u017ebe, pri \u010demu \u0107ete dostavlja\u010du pokazati svoj identitet.<\/p><p style=\"font-weight: 400;\">ILI\u00a0<a href=\"https:\/\/stem-eshop.gr\/hr\/\">stem-eshop.gr<\/a> nije odgovorna za bilo kakva ka\u0161njenja uzrokovana vi\u0161om silom ili doga\u0111ajima izvan njezine kontrole. Indikativno, ali ne ograni\u010davaju\u0107i se na, na\u0161a tvrtka nije odgovorna za uzroke ka\u0161njenja isporuke zbog ka\u0161njenja na carini, me\u0111uprostorima utovara i istovara, zabrana plovidbe, \u0161trajkova prijevoznih sredstava ili drugih vrsta \u0161trajkova koji utje\u010du na isporuku proizvoda u skladi\u0161ta na\u0161e tvrtke od strane na\u0161ih dobavlja\u010da itd.<\/p><p style=\"font-weight: 400;\">U slu\u010daju bilo kakvog ka\u0161njenja, na\u0161a tvrtka \u0107e ulo\u017eiti sve napore da vas kontaktira na podatke koje ste naveli, kako bismo vas obavijestili i dogovorili s vama novu isporuku ili isporuku drugog proizvoda. Iako na\u0161a tvrtka poduzima sve mogu\u0107e mjere kako bi odgovorila na va\u0161u potrebu za informacijama u vezi s mogu\u0107im nedostatkom dostupnosti proizvoda, postoji mogu\u0107nost da \u0107e do\u0107i do neo\u010dekivanog nedostatka ili nedostupnosti proizvoda od na\u0161ih dobavlja\u010da \u010dak i nakon potvrde va\u0161e narud\u017ebe. U tom slu\u010daju, na\u0161a tvrtka \u0107e ponovno ulo\u017eiti sve napore da vas kontaktira na podatke koje ste naveli kako bismo vas obavijestili o mogu\u0107oj potpunosti i dogovorili s vama novu isporuku ili isporuku drugog proizvoda ili otkazivanje narud\u017ebe bez kazne za obje strane i uz povrat novca bez kamata, bez kamata, koji ste eventualno uplatili u razumnom roku.<\/p><p style=\"font-weight: 400;\">Dostava proizvoda unutar Gr\u010dke vr\u0161i se putem ELTA Couriera i BOXNOW-a.<\/p>\t\t\t\t\t\t\t\t<\/div>\n\t\t\t\t<\/div>\n\t\t\t\t\t<\/div>\n\t\t\t\t<\/div>\n\t\t\t\t<\/div>","protected":false},"excerpt":{"rendered":"<p>\u03a0\u03b1\u03c1\u03ac\u03b4\u03bf\u03c3\u03b7 \u03a0\u03c1\u03bf\u03ca\u03cc\u03bd\u03c4\u03c9\u03bd \u2013 \u03a4\u03c1\u03cc\u03c0\u03bf\u03b9 \u0391\u03c0\u03bf\u03c3\u03c4\u03bf\u03bb\u03ae\u03c2 \u039f \u03c7\u03c1\u03cc\u03bd\u03bf\u03c2 \u03c0\u03b1\u03c1\u03ac\u03b4\u03bf\u03c3\u03b7\u03c2 \u03c4\u03c9\u03bd \u03c0\u03c1\u03bf\u03ca\u03cc\u03bd\u03c4\u03c9\u03bd \u03c0\u03bf\u03c5 \u03b5\u03c0\u03b9\u03bb\u03ad\u03be\u03b1\u03c4\u03b5, \u03b5\u03be\u03b1\u03c1\u03c4\u03ac\u03c4\u03b1\u03b9 \u03b1\u03c0\u03cc \u03c4\u03b7\u03bd \u03b4\u03b9\u03b1\u03b8\u03b5\u03c3\u03b9\u03bc\u03cc\u03c4\u03b7\u03c4\u03b1 \u03c4\u03c9\u03bd \u03c0\u03c1\u03bf\u03ca\u03cc\u03bd\u03c4\u03c9\u03bd \u03c0\u03bf\u03c5 \u03ad\u03c7\u03b5\u03c4\u03b5 [&hellip;]<\/p>\n","protected":false},"author":1,"featured_media":0,"parent":0,"menu_order":0,"comment_status":"closed","ping_status":"closed","template":"","meta":{"site-sidebar-layout":"no-sidebar","site-content-layout":"","ast-site-content-layout":"full-width-container","site-content-style":"default","site-sidebar-style":"default","ast-global-header-display":"","ast-banner-title-visibility":"","ast-main-header-display":"","ast-hfb-above-header-display":"","ast-hfb-below-header-display":"","ast-hfb-mobile-header-display":"","site-post-title":"disabled","ast-breadcrumbs-content":"","ast-featured-img":"disabled","footer-sml-layout":"","ast-disable-related-posts":"","theme-transparent-header-meta":"","adv-header-id-meta":"","stick-header-meta":"","header-above-stick-meta":"","header-main-stick-meta":"","header-below-stick-meta":"","astra-migrate-meta-layouts":"default","ast-page-background-enabled":"default","ast-page-background-meta":{"desktop":{"background-color":"var(--ast-global-color-5)","background-image":"","background-repeat":"repeat","background-position":"center center","background-size":"auto","background-attachment":"scroll","background-type":"","background-media":"","overlay-type":"","overlay-color":"","overlay-opacity":"","overlay-gradient":""},"tablet":{"background-color":"","background-image":"","background-repeat":"repeat","background-position":"center center","background-size":"auto","background-attachment":"scroll","background-type":"","background-media":"","overlay-type":"","overlay-color":"","overlay-opacity":"","overlay-gradient":""},"mobile":{"background-color":"","background-image":"","background-repeat":"repeat","background-position":"center center","background-size":"auto","background-attachment":"scroll","background-type":"","background-media":"","overlay-type":"","overlay-color":"","overlay-opacity":"","overlay-gradient":""}},"ast-content-background-meta":{"desktop":{"background-color":"var(--ast-global-color-4)","background-image":"","background-repeat":"repeat","background-position":"center center","background-size":"auto","background-attachment":"scroll","background-type":"","background-media":"","overlay-type":"","overlay-color":"","overlay-opacity":"","overlay-gradient":""},"tablet":{"background-color":"var(--ast-global-color-4)","background-image":"","background-repeat":"repeat","background-position":"center center","background-size":"auto","background-attachment":"scroll","background-type":"","background-media":"","overlay-type":"","overlay-color":"","overlay-opacity":"","overlay-gradient":""},"mobile":{"background-color":"var(--ast-global-color-4)","background-image":"","background-repeat":"repeat","background-position":"center center","background-size":"auto","background-attachment":"scroll","background-type":"","background-media":"","overlay-type":"","overlay-color":"","overlay-opacity":"","overlay-gradient":""}},"footnotes":""},"class_list":["post-5798","page","type-page","status-publish","hentry"],"_links":{"self":[{"href":"https:\/\/stem-eshop.gr\/hr\/wp-json\/wp\/v2\/pages\/5798","targetHints":{"allow":["GET"]}}],"collection":[{"href":"https:\/\/stem-eshop.gr\/hr\/wp-json\/wp\/v2\/pages"}],"about":[{"href":"https:\/\/stem-eshop.gr\/hr\/wp-json\/wp\/v2\/types\/page"}],"author":[{"embeddable":true,"href":"https:\/\/stem-eshop.gr\/hr\/wp-json\/wp\/v2\/users\/1"}],"replies":[{"embeddable":true,"href":"https:\/\/stem-eshop.gr\/hr\/wp-json\/wp\/v2\/comments?post=5798"}],"version-history":[{"count":10,"href":"https:\/\/stem-eshop.gr\/hr\/wp-json\/wp\/v2\/pages\/5798\/revisions"}],"predecessor-version":[{"id":5921,"href":"https:\/\/stem-eshop.gr\/hr\/wp-json\/wp\/v2\/pages\/5798\/revisions\/5921"}],"wp:attachment":[{"href":"https:\/\/stem-eshop.gr\/hr\/wp-json\/wp\/v2\/media?parent=5798"}],"curies":[{"name":"wp","href":"https:\/\/api.w.org\/{rel}","templated":true}]}}