{"id":9643,"date":"2025-06-16T09:52:32","date_gmt":"2025-06-16T06:52:32","guid":{"rendered":"https:\/\/stem-eshop.gr\/?post_type=product&#038;p=9643"},"modified":"2025-06-16T09:54:57","modified_gmt":"2025-06-16T06:54:57","slug":"as-magnet-box-%ce%b1%ce%bb%cf%86%ce%b1%ce%b2%ce%ae%cf%84%ce%b1-91-%ce%b5%ce%ba%cf%80%ce%b1%ce%b9%ce%b4%ce%b5%cf%85%cf%84%ce%b9%ce%ba%ce%bf%ce%af-%cf%87%ce%ac%cf%81%cf%84%ce%b9%ce%bd%ce%bf%ce%b9-%ce%bc","status":"publish","type":"product","link":"https:\/\/stem-eshop.gr\/bs\/proizvod\/as-magnet-box-%ce%b1%ce%bb%cf%86%ce%b1%ce%b2%ce%ae%cf%84%ce%b1-91-%ce%b5%ce%ba%cf%80%ce%b1%ce%b9%ce%b4%ce%b5%cf%85%cf%84%ce%b9%ce%ba%ce%bf%ce%af-%cf%87%ce%ac%cf%81%cf%84%ce%b9%ce%bd%ce%bf%ce%b9-%ce%bc\/","title":{"rendered":"AS Magnetna kutija Abeceda 91 edukativni papirni magneti za djecu od 3+ godine"},"content":{"rendered":"<p>\u0160ta su AS magnetne kutije?<\/p>\n<p>Serija Magnetna kutija koristi drvene i papirne magnete, obu\u010davaju\u0107i djecu da razvijaju svoje vje\u0161tine i istovremeno osloba\u0111aju\u0107i njihovu ma\u0161tu. Kroz igru s Magnetnom kutijom, dijete vje\u017eba finu motoriku i koordinaciju ruku i o\u010diju, dok u\u010di kombinirati magnete. Najva\u017enije je da serija poma\u017ee djetetovom socijalnom i emocionalnom razvoju kroz saradnju i njegovanje empatije. Serija je osvojila Srebrnu nagradu u kategoriji Najbolja edukativna igra\u010dka na dodjeli nagrada za igra\u010dke 2021. godine.<\/p>","protected":false},"excerpt":{"rendered":"<p>\u0388\u03bd\u03b1\u00a0\u03b5\u03ba\u03c0\u03b1\u03b9\u03b4\u03b5\u03c5\u03c4\u03b9\u03ba\u03cc \u03c0\u03b1\u03b9\u03c7\u03bd\u03af\u03b4\u03b9\u00a0\u03bc\u03b5 91 \u03c7\u03ac\u03c1\u03c4\u03b9\u03bd\u03bf\u03c5\u03c2 \u03bc\u03b1\u03b3\u03bd\u03ae\u03c4\u03b5\u03c2 \u03bc\u03b5 \u03ba\u03b5\u03c6\u03b1\u03bb\u03b1\u03af\u03b1 \u03b5\u03bb\u03bb\u03b7\u03bd\u03b9\u03ba\u03ac \u03ba\u03b1\u03b9 \u03bb\u03b1\u03c4\u03b9\u03bd\u03b9\u03ba\u03ac \u03b3\u03c1\u03ac\u03bc\u03bc\u03b1\u03c4\u03b1 \u03b1\u03bb\u03bb\u03ac \u03ba\u03b1\u03b9 \u03b5\u03b9\u03ba\u03cc\u03bd\u03b5\u03c2 \u03b6\u03ce\u03c9\u03bd \u03ba\u03b1\u03b9 \u03b1\u03bd\u03c4\u03b9\u03ba\u03b5\u03b9\u03bc\u03ad\u03bd\u03c9\u03bd, \u03c4\u03bf \u03bf\u03c0\u03bf\u03af\u03bf \u03ba\u03b1\u03b8\u03bf\u03b4\u03b7\u03b3\u03b5\u03af \u03c4\u03b1 \u03c0\u03b1\u03b9\u03b4\u03b9\u03ac \u03bd\u03b1 \u03b5\u03be\u03bf\u03b9\u03ba\u03b5\u03b9\u03c9\u03b8\u03bf\u03cd\u03bd \u03bc\u03b5 \u03c4\u03bf \u03b1\u03bb\u03c6\u03ac\u03b2\u03b7\u03c4\u03bf \u03ba\u03b1\u03b9 \u03bd\u03b1 \u03bc\u03ac\u03b8\u03bf\u03c5\u03bd \u03bd\u03b1 \u03c3\u03c7\u03b7\u03bc\u03b1\u03c4\u03af\u03b6\u03bf\u03c5\u03bd \u03b1\u03c0\u03bb\u03ad\u03c2 \u03bb\u03ad\u03be\u03b5\u03b9\u03c2. \u038c\u03bb\u03b1 \u03b1\u03c5\u03c4\u03ac \u03c4\u03bf\u03c0\u03bf\u03b8\u03b5\u03c4\u03b7\u03bc\u03ad\u03bd\u03b1 \u03c3\u03b5 \u03ad\u03bd\u03b1 \u03b1\u03bd\u03b8\u03b5\u03ba\u03c4\u03b9\u03ba\u03cc \u03ba\u03bf\u03c5\u03c4\u03af \u03c0\u03bf\u03c5 \u03c0\u03c1\u03bf\u03bf\u03c1\u03af\u03b6\u03b5\u03c4\u03b1\u03b9 \u03b3\u03b9\u03b1 \u03ba\u03b1\u03b8\u03b7\u03bc\u03b5\u03c1\u03b9\u03bd\u03ae \u03c7\u03c1\u03ae\u03c3\u03b7 \u03ba\u03b1\u03b9 \u03c7\u03c1\u03b7\u03c3\u03b9\u03bc\u03b5\u03cd\u03b5\u03b9 \u03ba\u03b1\u03b9 \u03c9\u03c2 \u03b2\u03ac\u03c3\u03b7 \u03b3\u03b9\u03b1 \u03c4\u03b7 \u03bc\u03b1\u03b3\u03bd\u03b7\u03c4\u03b9\u03ba\u03ae \u03b5\u03c0\u03b9\u03c6\u03ac\u03bd\u03b5\u03b9\u03b1 \u03c0\u03bf\u03c5 \u03c0\u03b5\u03c1\u03b9\u03bb\u03b1\u03bc\u03b2\u03ac\u03bd\u03b5\u03c4\u03b1\u03b9.<\/p>\n<p>\u03a4\u03bf \u03c3\u03b5\u03c4 \u03c0\u03b1\u03c1\u03ad\u03c7\u03b5\u03b9 \u03c3\u03c4\u03bf\u03c5\u03c2 \u03b3\u03bf\u03bd\u03b5\u03af\u03c2 \u03ba\u03b1\u03b9 \u03c4\u03b1 \u03c0\u03b1\u03b9\u03b4\u03b9\u03ac \u03c0\u03bf\u03bb\u03bb\u03b1\u03c0\u03bb\u03ad\u03c2 \u03b5\u03c5\u03ba\u03b1\u03b9\u03c1\u03af\u03b5\u03c2 \u03b3\u03b9\u03b1 \u03b4\u03b9\u03b1\u03c3\u03ba\u03b5\u03b4\u03b1\u03c3\u03c4\u03b9\u03ba\u03ad\u03c2\u00a0\u03b5\u03ba\u03c0\u03b1\u03b9\u03b4\u03b5\u03c5\u03c4\u03b9\u03ba\u03ad\u03c2 \u03b4\u03c1\u03b1\u03c3\u03c4\u03b7\u03c1\u03b9\u03cc\u03c4\u03b7\u03c4\u03b5\u03c2\u00a0\u03b3\u03cd\u03c1\u03c9 \u03b1\u03c0\u03cc \u03c4\u03bf \u03b1\u03bb\u03c6\u03ac\u03b2\u03b7\u03c4\u03bf. \u0391\u03c1\u03c7\u03b9\u03ba\u03ac \u03c4\u03b1 \u03c0\u03b1\u03b9\u03b4\u03b9\u03ac \u03be\u03b5\u03ba\u03b9\u03bd\u03bf\u03cd\u03bd \u03bd\u03b1 \u03b1\u03bd\u03b1\u03b3\u03bd\u03c9\u03c1\u03af\u03b6\u03bf\u03c5\u03bd \u03c4\u03b1 \u03b3\u03c1\u03ac\u03bc\u03bc\u03b1\u03c4\u03b1, \u03c3\u03c4\u03b7 \u03c3\u03c5\u03bd\u03ad\u03c7\u03b5\u03b9\u03b1 \u03c3\u03b5 \u03c3\u03c5\u03bd\u03b4\u03c5\u03b1\u03c3\u03bc\u03cc \u03bc\u03b5 \u03c4\u03bf\u03c5\u03c2 \u03bc\u03b1\u03b3\u03bd\u03ae\u03c4\u03b5\u03c2 \u03b6\u03ce\u03c9\u03bd \u03ba\u03b1\u03b9 \u03b1\u03bd\u03c4\u03b9\u03ba\u03b5\u03b9\u03bc\u03ad\u03bd\u03c9\u03bd \u03be\u03b5\u03ba\u03b9\u03bd\u03bf\u03cd\u03bd \u03bd\u03b1 \u03c3\u03c5\u03bb\u03bb\u03b1\u03b2\u03af\u03b6\u03bf\u03c5\u03bd \u03ba\u03b1\u03b9 \u03b1\u03c1\u03b3\u03cc\u03c4\u03b5\u03c1\u03b1 \u03bd\u03b1 \u03b3\u03c1\u03ac\u03c6\u03bf\u03c5\u03bd \u03c4\u03b9\u03c2 \u03bb\u03ad\u03be\u03b5\u03b9\u03c2, \u03bc\u03b5 \u03c4\u03b7 \u03b2\u03bf\u03ae\u03b8\u03b5\u03b9\u03b1 \u03c4\u03bf\u03c5 \u03b5\u03b9\u03ba\u03bf\u03bd\u03bf\u03b3\u03c1\u03b1\u03c6\u03b7\u03bc\u03ad\u03bd\u03bf\u03c5 \u03bf\u03b4\u03b7\u03b3\u03bf\u03cd.<\/p>","protected":false},"featured_media":9650,"comment_status":"open","ping_status":"closed","template":"","meta":{"site-sidebar-layout":"default","site-content-layout":"","ast-site-content-layout":"default","site-content-style":"default","site-sidebar-style":"default","ast-global-header-display":"","ast-banner-title-visibility":"","ast-main-header-display":"","ast-hfb-above-header-display":"","ast-hfb-below-header-display":"","ast-hfb-mobile-header-display":"","site-post-title":"","ast-breadcrumbs-content":"","ast-featured-img":"","footer-sml-layout":"","ast-disable-related-posts":"","theme-transparent-header-meta":"default","adv-header-id-meta":"","stick-header-meta":"","header-above-stick-meta":"","header-main-stick-meta":"","header-below-stick-meta":"","astra-migrate-meta-layouts":"set","ast-page-background-enabled":"default","ast-page-background-meta":{"desktop":{"background-color":"var(--ast-global-color-5)","background-image":"","background-repeat":"repeat","background-position":"center center","background-size":"auto","background-attachment":"scroll","background-type":"","background-media":"","overlay-type":"","overlay-color":"","overlay-opacity":"","overlay-gradient":""},"tablet":{"background-color":"","background-image":"","background-repeat":"repeat","background-position":"center center","background-size":"auto","background-attachment":"scroll","background-type":"","background-media":"","overlay-type":"","overlay-color":"","overlay-opacity":"","overlay-gradient":""},"mobile":{"background-color":"","background-image":"","background-repeat":"repeat","background-position":"center center","background-size":"auto","background-attachment":"scroll","background-type":"","background-media":"","overlay-type":"","overlay-color":"","overlay-opacity":"","overlay-gradient":""}},"ast-content-background-meta":{"desktop":{"background-color":"var(--ast-global-color-4)","background-image":"","background-repeat":"repeat","background-position":"center center","background-size":"auto","background-attachment":"scroll","background-type":"","background-media":"","overlay-type":"","overlay-color":"","overlay-opacity":"","overlay-gradient":""},"tablet":{"background-color":"var(--ast-global-color-4)","background-image":"","background-repeat":"repeat","background-position":"center center","background-size":"auto","background-attachment":"scroll","background-type":"","background-media":"","overlay-type":"","overlay-color":"","overlay-opacity":"","overlay-gradient":""},"mobile":{"background-color":"var(--ast-global-color-4)","background-image":"","background-repeat":"repeat","background-position":"center center","background-size":"auto","background-attachment":"scroll","background-type":"","background-media":"","overlay-type":"","overlay-color":"","overlay-opacity":"","overlay-gradient":""}}},"product_brand":[99],"product_cat":[126,42,39,26],"product_tag":[],"class_list":{"0":"post-9643","1":"product","2":"type-product","3":"status-publish","4":"has-post-thumbnail","6":"product_brand-as","7":"product_cat-126","8":"product_cat-42","9":"product_cat-39","10":"product_cat-26","11":"desktop-align-left","12":"tablet-align-left","13":"mobile-align-left","15":"first","16":"instock","17":"taxable","18":"shipping-taxable","19":"purchasable","20":"product-type-simple"},"_links":{"self":[{"href":"https:\/\/stem-eshop.gr\/bs\/wp-json\/wp\/v2\/product\/9643","targetHints":{"allow":["GET"]}}],"collection":[{"href":"https:\/\/stem-eshop.gr\/bs\/wp-json\/wp\/v2\/product"}],"about":[{"href":"https:\/\/stem-eshop.gr\/bs\/wp-json\/wp\/v2\/types\/product"}],"replies":[{"embeddable":true,"href":"https:\/\/stem-eshop.gr\/bs\/wp-json\/wp\/v2\/comments?post=9643"}],"wp:featuredmedia":[{"embeddable":true,"href":"https:\/\/stem-eshop.gr\/bs\/wp-json\/wp\/v2\/media\/9650"}],"wp:attachment":[{"href":"https:\/\/stem-eshop.gr\/bs\/wp-json\/wp\/v2\/media?parent=9643"}],"wp:term":[{"taxonomy":"product_brand","embeddable":true,"href":"https:\/\/stem-eshop.gr\/bs\/wp-json\/wp\/v2\/product_brand?post=9643"},{"taxonomy":"product_cat","embeddable":true,"href":"https:\/\/stem-eshop.gr\/bs\/wp-json\/wp\/v2\/product_cat?post=9643"},{"taxonomy":"product_tag","embeddable":true,"href":"https:\/\/stem-eshop.gr\/bs\/wp-json\/wp\/v2\/product_tag?post=9643"}],"curies":[{"name":"wp","href":"https:\/\/api.w.org\/{rel}","templated":true}]}}