{"id":9634,"date":"2025-06-16T09:43:04","date_gmt":"2025-06-16T06:43:04","guid":{"rendered":"https:\/\/stem-eshop.gr\/?post_type=product&#038;p=9634"},"modified":"2025-06-16T09:43:44","modified_gmt":"2025-06-16T06:43:44","slug":"%ce%bc%ce%b1%ce%b8%ce%b1%ce%af%ce%bd%cf%89-%ce%ba%ce%b1%ce%b9-%ce%b4%ce%b7%ce%bc%ce%b9%ce%bf%cf%85%cf%81%ce%b3%cf%8e-lab-play-for-future-%ce%b5%ce%ba%cf%80%ce%b1%ce%b9%ce%b4%ce%b5%cf%85%cf%84%ce%b9","status":"publish","type":"product","link":"https:\/\/stem-eshop.gr\/bs\/proizvod\/%ce%bc%ce%b1%ce%b8%ce%b1%ce%af%ce%bd%cf%89-%ce%ba%ce%b1%ce%b9-%ce%b4%ce%b7%ce%bc%ce%b9%ce%bf%cf%85%cf%81%ce%b3%cf%8e-lab-play-for-future-%ce%b5%ce%ba%cf%80%ce%b1%ce%b9%ce%b4%ce%b5%cf%85%cf%84%ce%b9\/","title":{"rendered":"U\u010dim i stvaram laboratorijsku igru za budu\u0107u edukativnu igru Planeta Zemlja za djecu od 7+ godina"},"content":{"rendered":"<p>Uklju\u010den je ilustrovani priru\u010dnik s detaljnim informacijama o svim fenomenima koji okru\u017euju planete i Zemlju, kao i bilje\u017enica za posmatra\u010de u koju mo\u017eete voditi sve svoje bilje\u0161ke koriste\u0107i materijale koji se nalaze u setu.<\/p>\n<p>Igra uklju\u010duje:<\/p>\n<p>Plasti\u010dna baza<\/p>\n<p>Sezonski diskovi<\/p>\n<p>Oznake za vremenske prilike<\/p>\n<p>Rotiraju\u0107a ruka<\/p>\n<p>Diskovi s mjese\u010devim fazama<\/p>\n<p>Dvostrana traka<\/p>\n<p>Zup\u010danici<\/p>\n<p>Zemlja s ilustracijama<\/p>\n<p>Sunce<\/p>\n<p>Mjesec<\/p>\n<p>Bilje\u017enica posmatra\u010da<\/p>\n<p>Ilustrovani priru\u010dnik napravljen od recikliranog papira<\/p>\n<p><em>Pogodno za upotrebu kod djece uzrasta 7 godina i starije<br \/>\nProizvedeno u Italiji<br \/>\n<\/em><\/p>\n<p>Proizvodi &quot;Play For Future&quot; su opipljiv znak Clementonijeve posve\u0107enosti odgovornijim proizvodima. S porukom po\u0161tovanja prema prirodi i logotipom lista u obliku srca koji je vidljiv na svim proizvodima napravljenim od recikliranih materijala, Clementoni je ve\u0107 krenuo naprijed sa stvaranjem nove serije ekolo\u0161ki prihvatljivih igra\u010daka. Cijene\u0107i dragocjene resurse Zemlje, \u0161tite\u0107i prirodu i preferiraju\u0107i materijale koji se recikliraju, dijete u\u010di voljeti prirodu kroz igru!<\/p>\n<p>Serija igra\u010daka &quot;U\u010di i stvaraj&quot; je vode\u0107a u kategoriji nau\u010dnih igra\u010daka, pru\u017eaju\u0107i bogatu opremu, detaljne informacije i uputstva za izvo\u0111enje impresivnih sigurnih eksperimenata i konstrukcija, pru\u017eaju\u0107i tako djeci priliku da u\u010de o nauci. To je inovativna serija igra\u010daka s kojima \u0107e se djeca zabavljati izvode\u0107i eksperimente, koriste\u0107i nau\u010dne alate, otkrivaju\u0107i fiziku, hemiju, astronomiju, biologiju, botaniku, kao i glavne nau\u010dne i prirodne fenomene. Igra\u010dke &quot;U\u010di i stvaraj&quot; su najkreativniji, ugodniji i najsigurniji na\u010din za djecu da nau\u010de tajne nauke!<\/p>","protected":false},"excerpt":{"rendered":"<p>Jeste li se ikada zapitali \u0161ta uzrokuje smjenu godi\u0161njih doba na Zemlji?<\/p>\n<p>Ovaj set \u0107e vam pomo\u0107i da otkrijete ulogu koju Sunce igra u ovom fenomenu, \u0161ta je globalno zagrijavanje i \u0161ta mi mo\u017eemo u\u010diniti na svoj mali na\u010din da pomognemo na\u0161oj planeti, Zemlji. Nau\u010dni set, napravljen od visokokvalitetnih recikliranih materijala, za istra\u017eivanje kretanja Zemlje, godi\u0161njih doba, ekologije i jo\u0161 mnogo toga! Zahvaljuju\u0107i fantasti\u010dnom 3D modelu, mo\u017eete otkriti sve o Zemljinoj rotaciji oko Sunca. Sa realisti\u010dnim planetama u boji za jo\u0161 \u017eivopisniji prikaz!<\/p>","protected":false},"featured_media":9642,"comment_status":"open","ping_status":"closed","template":"","meta":{"site-sidebar-layout":"default","site-content-layout":"","ast-site-content-layout":"default","site-content-style":"default","site-sidebar-style":"default","ast-global-header-display":"","ast-banner-title-visibility":"","ast-main-header-display":"","ast-hfb-above-header-display":"","ast-hfb-below-header-display":"","ast-hfb-mobile-header-display":"","site-post-title":"","ast-breadcrumbs-content":"","ast-featured-img":"","footer-sml-layout":"","ast-disable-related-posts":"","theme-transparent-header-meta":"default","adv-header-id-meta":"","stick-header-meta":"","header-above-stick-meta":"","header-main-stick-meta":"","header-below-stick-meta":"","astra-migrate-meta-layouts":"set","ast-page-background-enabled":"default","ast-page-background-meta":{"desktop":{"background-color":"var(--ast-global-color-5)","background-image":"","background-repeat":"repeat","background-position":"center center","background-size":"auto","background-attachment":"scroll","background-type":"","background-media":"","overlay-type":"","overlay-color":"","overlay-opacity":"","overlay-gradient":""},"tablet":{"background-color":"","background-image":"","background-repeat":"repeat","background-position":"center center","background-size":"auto","background-attachment":"scroll","background-type":"","background-media":"","overlay-type":"","overlay-color":"","overlay-opacity":"","overlay-gradient":""},"mobile":{"background-color":"","background-image":"","background-repeat":"repeat","background-position":"center center","background-size":"auto","background-attachment":"scroll","background-type":"","background-media":"","overlay-type":"","overlay-color":"","overlay-opacity":"","overlay-gradient":""}},"ast-content-background-meta":{"desktop":{"background-color":"var(--ast-global-color-4)","background-image":"","background-repeat":"repeat","background-position":"center center","background-size":"auto","background-attachment":"scroll","background-type":"","background-media":"","overlay-type":"","overlay-color":"","overlay-opacity":"","overlay-gradient":""},"tablet":{"background-color":"var(--ast-global-color-4)","background-image":"","background-repeat":"repeat","background-position":"center center","background-size":"auto","background-attachment":"scroll","background-type":"","background-media":"","overlay-type":"","overlay-color":"","overlay-opacity":"","overlay-gradient":""},"mobile":{"background-color":"var(--ast-global-color-4)","background-image":"","background-repeat":"repeat","background-position":"center center","background-size":"auto","background-attachment":"scroll","background-type":"","background-media":"","overlay-type":"","overlay-color":"","overlay-opacity":"","overlay-gradient":""}}},"product_brand":[114],"product_cat":[43,39,30,54,59,58],"product_tag":[],"class_list":{"0":"post-9634","1":"product","2":"type-product","3":"status-publish","4":"has-post-thumbnail","6":"product_brand-mathenw","7":"product_cat-43","8":"product_cat-39","9":"product_cat--6-9-","10":"product_cat-54","11":"product_cat-59","12":"product_cat-58","13":"desktop-align-left","14":"tablet-align-left","15":"mobile-align-left","17":"first","18":"instock","19":"taxable","20":"shipping-taxable","21":"purchasable","22":"product-type-simple"},"_links":{"self":[{"href":"https:\/\/stem-eshop.gr\/bs\/wp-json\/wp\/v2\/product\/9634","targetHints":{"allow":["GET"]}}],"collection":[{"href":"https:\/\/stem-eshop.gr\/bs\/wp-json\/wp\/v2\/product"}],"about":[{"href":"https:\/\/stem-eshop.gr\/bs\/wp-json\/wp\/v2\/types\/product"}],"replies":[{"embeddable":true,"href":"https:\/\/stem-eshop.gr\/bs\/wp-json\/wp\/v2\/comments?post=9634"}],"wp:featuredmedia":[{"embeddable":true,"href":"https:\/\/stem-eshop.gr\/bs\/wp-json\/wp\/v2\/media\/9642"}],"wp:attachment":[{"href":"https:\/\/stem-eshop.gr\/bs\/wp-json\/wp\/v2\/media?parent=9634"}],"wp:term":[{"taxonomy":"product_brand","embeddable":true,"href":"https:\/\/stem-eshop.gr\/bs\/wp-json\/wp\/v2\/product_brand?post=9634"},{"taxonomy":"product_cat","embeddable":true,"href":"https:\/\/stem-eshop.gr\/bs\/wp-json\/wp\/v2\/product_cat?post=9634"},{"taxonomy":"product_tag","embeddable":true,"href":"https:\/\/stem-eshop.gr\/bs\/wp-json\/wp\/v2\/product_tag?post=9634"}],"curies":[{"name":"wp","href":"https:\/\/api.w.org\/{rel}","templated":true}]}}