{"id":7373,"date":"2025-05-19T10:34:21","date_gmt":"2025-05-19T10:34:21","guid":{"rendered":"https:\/\/stem-eshop.gr\/product\/makerzoid-steam-programming-building-blocks-robot-master-standard-100-in-1\/"},"modified":"2026-01-06T14:14:48","modified_gmt":"2026-01-06T11:14:48","slug":"makerzoid-steam-programming-building-blocks-robot-master-standard-100-in-1","status":"publish","type":"product","link":"https:\/\/stem-eshop.gr\/bs\/proizvod\/makerzoid-steam-programming-building-blocks-robot-master-standard-100-in-1\/","title":{"rendered":"Makerzoid STEAM programski gra\u0111evinski blokovi Robot Master (standardni), 100 u 1"},"content":{"rendered":"<p>Ovaj set sadr\u017ei 23 lekcije robotike za djecu kako bi nau\u010dila kako graditi, kontrolirati i programirati kod ku\u0107e dok se igraju s ovom igra\u010dkom.<\/p>\n<p>Malo je jednostavnija od Premium verzije i dobra je za samostalno u\u010denje kodiranja kod djece.<\/p>\n<p>Djeca \u0107e nau\u010diti programirati i razvijati kreativne vje\u0161tine rje\u0161avanja problema dok se igraju s ovom interaktivnom edukativnom igra\u010dkom koja sadr\u017ei grafi\u010dko programiranje, jednostavno kao igra prevla\u010denja i ispu\u0161tanja. Tako\u0111er mogu o\u017eivjeti ovu tehnolo\u0161ku igra\u010dku pomo\u0107u APP kontrole.<\/p>\n<p>Priru\u010dnik u\u010di djecu kako da grade robote od jednostavnih do slo\u017eenih, tako da djeca mogu u\u017eivati u stvaranju bez uplitanja pametnih ure\u0111aja. Tako\u0111er je opremljen i APLIKACIJOM koja ih u\u010di kako da grade, kontroli\u0161u robote i pi\u0161u program.<\/p>\n<p>I djeca i roditelji \u0107e u\u017eivati u zabavi gradnje i programiranja robota. Istovremeno, to poma\u017ee u razvoju dje\u010djeg uma, sposobnosti \u201euradi sam\u201c i logi\u010dkog razmi\u0161ljanja.<\/p>","protected":false},"excerpt":{"rendered":"<p>ROBOT MASTER je razvio tim stru\u010dnjaka za robotiku kako bi djeci pru\u017eio bogato STEAM znanje \u2013 na uzbudljiv i zabavan na\u010din. Djeca u\u010de graditi, programirati i stvarati dok se zabavljaju.<\/p>\n<p>S ovim Robot Master Standard izdanjem, mo\u017eete izgraditi vi\u0161e od 100 robota, od jednostavnih do slo\u017eenih, koji sadr\u017ee mnogo znanja o robotima, kao \u0161to su ma\u0161ine, zup\u010danici, struktura, transmisija itd.<\/p>","protected":false},"featured_media":7374,"comment_status":"open","ping_status":"closed","template":"","meta":{"site-sidebar-layout":"default","site-content-layout":"","ast-site-content-layout":"default","site-content-style":"default","site-sidebar-style":"default","ast-global-header-display":"","ast-banner-title-visibility":"","ast-main-header-display":"","ast-hfb-above-header-display":"","ast-hfb-below-header-display":"","ast-hfb-mobile-header-display":"","site-post-title":"","ast-breadcrumbs-content":"","ast-featured-img":"","footer-sml-layout":"","ast-disable-related-posts":"","theme-transparent-header-meta":"default","adv-header-id-meta":"","stick-header-meta":"","header-above-stick-meta":"","header-main-stick-meta":"","header-below-stick-meta":"","astra-migrate-meta-layouts":"set","ast-page-background-enabled":"default","ast-page-background-meta":{"desktop":{"background-color":"var(--ast-global-color-5)","background-image":"","background-repeat":"repeat","background-position":"center center","background-size":"auto","background-attachment":"scroll","background-type":"","background-media":"","overlay-type":"","overlay-color":"","overlay-opacity":"","overlay-gradient":""},"tablet":{"background-color":"","background-image":"","background-repeat":"repeat","background-position":"center center","background-size":"auto","background-attachment":"scroll","background-type":"","background-media":"","overlay-type":"","overlay-color":"","overlay-opacity":"","overlay-gradient":""},"mobile":{"background-color":"","background-image":"","background-repeat":"repeat","background-position":"center center","background-size":"auto","background-attachment":"scroll","background-type":"","background-media":"","overlay-type":"","overlay-color":"","overlay-opacity":"","overlay-gradient":""}},"ast-content-background-meta":{"desktop":{"background-color":"var(--ast-global-color-4)","background-image":"","background-repeat":"repeat","background-position":"center center","background-size":"auto","background-attachment":"scroll","background-type":"","background-media":"","overlay-type":"","overlay-color":"","overlay-opacity":"","overlay-gradient":""},"tablet":{"background-color":"var(--ast-global-color-4)","background-image":"","background-repeat":"repeat","background-position":"center center","background-size":"auto","background-attachment":"scroll","background-type":"","background-media":"","overlay-type":"","overlay-color":"","overlay-opacity":"","overlay-gradient":""},"mobile":{"background-color":"var(--ast-global-color-4)","background-image":"","background-repeat":"repeat","background-position":"center center","background-size":"auto","background-attachment":"scroll","background-type":"","background-media":"","overlay-type":"","overlay-color":"","overlay-opacity":"","overlay-gradient":""}}},"product_brand":[106],"product_cat":[33,29,56,32,57,35,30,34,28,59],"product_tag":[],"class_list":{"0":"post-7373","1":"product","2":"type-product","3":"status-publish","4":"has-post-thumbnail","6":"product_brand-makerzoid","7":"product_cat-33","8":"product_cat-29","9":"product_cat-56","10":"product_cat-32","11":"product_cat-57","12":"product_cat--10-12-","13":"product_cat--6-9-","14":"product_cat-34","15":"product_cat-28","16":"product_cat-59","17":"desktop-align-left","18":"tablet-align-left","19":"mobile-align-left","21":"first","22":"instock","23":"taxable","24":"shipping-taxable","25":"purchasable","26":"product-type-simple"},"_links":{"self":[{"href":"https:\/\/stem-eshop.gr\/bs\/wp-json\/wp\/v2\/product\/7373","targetHints":{"allow":["GET"]}}],"collection":[{"href":"https:\/\/stem-eshop.gr\/bs\/wp-json\/wp\/v2\/product"}],"about":[{"href":"https:\/\/stem-eshop.gr\/bs\/wp-json\/wp\/v2\/types\/product"}],"replies":[{"embeddable":true,"href":"https:\/\/stem-eshop.gr\/bs\/wp-json\/wp\/v2\/comments?post=7373"}],"wp:featuredmedia":[{"embeddable":true,"href":"https:\/\/stem-eshop.gr\/bs\/wp-json\/wp\/v2\/media\/7374"}],"wp:attachment":[{"href":"https:\/\/stem-eshop.gr\/bs\/wp-json\/wp\/v2\/media?parent=7373"}],"wp:term":[{"taxonomy":"product_brand","embeddable":true,"href":"https:\/\/stem-eshop.gr\/bs\/wp-json\/wp\/v2\/product_brand?post=7373"},{"taxonomy":"product_cat","embeddable":true,"href":"https:\/\/stem-eshop.gr\/bs\/wp-json\/wp\/v2\/product_cat?post=7373"},{"taxonomy":"product_tag","embeddable":true,"href":"https:\/\/stem-eshop.gr\/bs\/wp-json\/wp\/v2\/product_tag?post=7373"}],"curies":[{"name":"wp","href":"https:\/\/api.w.org\/{rel}","templated":true}]}}