{"id":7306,"date":"2025-05-19T10:12:36","date_gmt":"2025-05-19T10:12:36","guid":{"rendered":"https:\/\/stem-eshop.gr\/product\/as-magnet-box-%ce%bc%ce%b1%ce%b8%ce%b1%ce%af%ce%bd%cf%89-%ce%bd%ce%b1-%ce%b3%cf%81%ce%ac%cf%86%cf%89-72-%ce%b5%ce%ba%cf%80%ce%b1%ce%b9%ce%b4%ce%b5%cf%85%cf%84%ce%b9%ce%ba%ce%bf%ce%af-%cf%87%ce%ac\/"},"modified":"2026-04-26T11:26:18","modified_gmt":"2026-04-26T08:26:18","slug":"as-magnet-box-%ce%bc%ce%b1%ce%b8%ce%b1%ce%af%ce%bd%cf%89-%ce%bd%ce%b1-%ce%b3%cf%81%ce%ac%cf%86%cf%89-72-%ce%b5%ce%ba%cf%80%ce%b1%ce%b9%ce%b4%ce%b5%cf%85%cf%84%ce%b9%ce%ba%ce%bf%ce%af-%cf%87%ce%ac","status":"publish","type":"product","link":"https:\/\/stem-eshop.gr\/bs\/proizvod\/as-magnet-box-%ce%bc%ce%b1%ce%b8%ce%b1%ce%af%ce%bd%cf%89-%ce%bd%ce%b1-%ce%b3%cf%81%ce%ac%cf%86%cf%89-72-%ce%b5%ce%ba%cf%80%ce%b1%ce%b9%ce%b4%ce%b5%cf%85%cf%84%ce%b9%ce%ba%ce%bf%ce%af-%cf%87%ce%ac\/","title":{"rendered":"AS Magnetna kutija za u\u010denje pisanja 72 edukativna papirna magneta za djecu od 4+ godine"},"content":{"rendered":"<p class=\"MsoNormal\">Igra stupnjevane te\u017eine, koja, zahvaljuju\u0107i posebnoj plo\u010di za pisanje i brisanje i prilo\u017eenom spu\u017evastom markeru, omogu\u0107ava djetetu da ponavlja vje\u017ebe onoliko puta koliko \u017eeli, kao i da pi\u0161e vlastite rije\u010di!<\/p>\n<\/p>\n<p class=\"MsoNormal\">Uklju\u010duje:<\/p>\n<\/p>\n<p>72 papirna magneta<\/p>\n<\/p>\n<p>1 marker sa spu\u017evom<\/p>\n<\/p>\n<p>1 magnetna plo\u010da<\/p>\n<\/p>\n<p>Ilustrovani vodi\u010d za u\u010denje rije\u010di i vje\u017ebe izgovora<\/p>\n<\/p>\n<p class=\"MsoNormal\">\u0160ta su AS magnetne kutije?<\/p>\n<\/p>\n<p class=\"MsoNormal\">Serija Magnetna kutija koristi drvene i papirne magnete, obu\u010davaju\u0107i djecu da razvijaju svoje vje\u0161tine i istovremeno osloba\u0111aju\u0107i njihovu ma\u0161tu. Kroz igru s Magnetnom kutijom, dijete vje\u017eba finu motoriku i koordinaciju ruku i o\u010diju, dok u\u010di kombinirati magnete. Najva\u017enije je da serija poma\u017ee djetetovom socijalnom i emocionalnom razvoju kroz saradnju i njegovanje empatije. Serija je osvojila Srebrnu nagradu u kategoriji Najbolja edukativna igra\u010dka na dodjeli nagrada za igra\u010dke 2021. godine.<\/p><\/p>","protected":false},"excerpt":{"rendered":"<p class=\"MsoNormal\">AS Magnetna kutija &quot;U\u010dim pisati&quot; je edukativna magnetna igra\u010dka koja podsti\u010de dete da nau\u010di da pi\u0161e kroz igru sa magnetima.<\/p>\n<\/p>\n<p class=\"MsoNormal\">Dijete po\u010dinje u\u010denjem slova i na\u010dina njihovog pisanja, zatim spaja magnete sa slovima i odgovaraju\u0107im slikama jednostavnih rije\u010di i na kraju vje\u017eba pisanje rije\u010di na plo\u010di prate\u0107i pravopis koji se nalazi u prilo\u017eenoj knji\u017eici.<\/p><\/p>","protected":false},"featured_media":7307,"comment_status":"open","ping_status":"closed","template":"","meta":{"site-sidebar-layout":"default","site-content-layout":"","ast-site-content-layout":"default","site-content-style":"default","site-sidebar-style":"default","ast-global-header-display":"","ast-banner-title-visibility":"","ast-main-header-display":"","ast-hfb-above-header-display":"","ast-hfb-below-header-display":"","ast-hfb-mobile-header-display":"","site-post-title":"","ast-breadcrumbs-content":"","ast-featured-img":"","footer-sml-layout":"","ast-disable-related-posts":"","theme-transparent-header-meta":"","adv-header-id-meta":"","stick-header-meta":"","header-above-stick-meta":"","header-main-stick-meta":"","header-below-stick-meta":"","astra-migrate-meta-layouts":"default","ast-page-background-enabled":"default","ast-page-background-meta":{"desktop":{"background-color":"var(--ast-global-color-5)","background-image":"","background-repeat":"repeat","background-position":"center center","background-size":"auto","background-attachment":"scroll","background-type":"","background-media":"","overlay-type":"","overlay-color":"","overlay-opacity":"","overlay-gradient":""},"tablet":{"background-color":"","background-image":"","background-repeat":"repeat","background-position":"center center","background-size":"auto","background-attachment":"scroll","background-type":"","background-media":"","overlay-type":"","overlay-color":"","overlay-opacity":"","overlay-gradient":""},"mobile":{"background-color":"","background-image":"","background-repeat":"repeat","background-position":"center center","background-size":"auto","background-attachment":"scroll","background-type":"","background-media":"","overlay-type":"","overlay-color":"","overlay-opacity":"","overlay-gradient":""}},"ast-content-background-meta":{"desktop":{"background-color":"var(--ast-global-color-4)","background-image":"","background-repeat":"repeat","background-position":"center center","background-size":"auto","background-attachment":"scroll","background-type":"","background-media":"","overlay-type":"","overlay-color":"","overlay-opacity":"","overlay-gradient":""},"tablet":{"background-color":"var(--ast-global-color-4)","background-image":"","background-repeat":"repeat","background-position":"center center","background-size":"auto","background-attachment":"scroll","background-type":"","background-media":"","overlay-type":"","overlay-color":"","overlay-opacity":"","overlay-gradient":""},"mobile":{"background-color":"var(--ast-global-color-4)","background-image":"","background-repeat":"repeat","background-position":"center center","background-size":"auto","background-attachment":"scroll","background-type":"","background-media":"","overlay-type":"","overlay-color":"","overlay-opacity":"","overlay-gradient":""}}},"product_brand":[99],"product_cat":[126,42,43,38,29,47,30,26],"product_tag":[],"class_list":{"0":"post-7306","1":"product","2":"type-product","3":"status-publish","4":"has-post-thumbnail","6":"product_brand-as","7":"product_cat-126","8":"product_cat-42","9":"product_cat-43","10":"product_cat-38","11":"product_cat-29","12":"product_cat-47","13":"product_cat--6-9-","14":"product_cat-26","15":"desktop-align-left","16":"tablet-align-left","17":"mobile-align-left","19":"first","20":"instock","21":"taxable","22":"shipping-taxable","23":"purchasable","24":"product-type-simple"},"_links":{"self":[{"href":"https:\/\/stem-eshop.gr\/bs\/wp-json\/wp\/v2\/product\/7306","targetHints":{"allow":["GET"]}}],"collection":[{"href":"https:\/\/stem-eshop.gr\/bs\/wp-json\/wp\/v2\/product"}],"about":[{"href":"https:\/\/stem-eshop.gr\/bs\/wp-json\/wp\/v2\/types\/product"}],"replies":[{"embeddable":true,"href":"https:\/\/stem-eshop.gr\/bs\/wp-json\/wp\/v2\/comments?post=7306"}],"wp:featuredmedia":[{"embeddable":true,"href":"https:\/\/stem-eshop.gr\/bs\/wp-json\/wp\/v2\/media\/7307"}],"wp:attachment":[{"href":"https:\/\/stem-eshop.gr\/bs\/wp-json\/wp\/v2\/media?parent=7306"}],"wp:term":[{"taxonomy":"product_brand","embeddable":true,"href":"https:\/\/stem-eshop.gr\/bs\/wp-json\/wp\/v2\/product_brand?post=7306"},{"taxonomy":"product_cat","embeddable":true,"href":"https:\/\/stem-eshop.gr\/bs\/wp-json\/wp\/v2\/product_cat?post=7306"},{"taxonomy":"product_tag","embeddable":true,"href":"https:\/\/stem-eshop.gr\/bs\/wp-json\/wp\/v2\/product_tag?post=7306"}],"curies":[{"name":"wp","href":"https:\/\/api.w.org\/{rel}","templated":true}]}}